{"id":46,"date":"2017-11-06T10:34:50","date_gmt":"2017-11-06T09:34:50","guid":{"rendered":"https:\/\/www.hsu-hh.de\/vorlage\/?page_id=46"},"modified":"2026-02-27T09:30:45","modified_gmt":"2026-02-27T08:30:45","slug":"team","status":"publish","type":"page","link":"https:\/\/www.hsu-hh.de\/verglreg\/team","title":{"rendered":"Team"},"content":{"rendered":"\n<div style=\"height:28px\" aria-hidden=\"true\" class=\"wp-block-spacer\"><\/div>\n\n\n\n<div class=\"wp-block-columns is-layout-flex wp-container-core-columns-is-layout-9d6595d7 wp-block-columns-is-layout-flex\">\n<div class=\"wp-block-column is-layout-flow wp-block-column-is-layout-flow\">\n<figure class=\"wp-block-image size-large is-resized\"><img loading=\"lazy\" decoding=\"async\" width=\"804\" height=\"1024\" src=\"https:\/\/www.hsu-hh.de\/verglreg\/wp-content\/uploads\/sites\/740\/2023\/02\/Foto-Grotz-804x1024.jpg\" data-credit=\"U. Schr\u00f6der\" alt=\"\" class=\"wp-image-1579\" style=\"object-fit:cover;width:230px;height:280px\" srcset=\"https:\/\/www.hsu-hh.de\/verglreg\/wp-content\/uploads\/sites\/740\/2023\/02\/Foto-Grotz-804x1024.jpg 804w, https:\/\/www.hsu-hh.de\/verglreg\/wp-content\/uploads\/sites\/740\/2023\/02\/Foto-Grotz-236x300.jpg 236w, https:\/\/www.hsu-hh.de\/verglreg\/wp-content\/uploads\/sites\/740\/2023\/02\/Foto-Grotz-768x978.jpg 768w, https:\/\/www.hsu-hh.de\/verglreg\/wp-content\/uploads\/sites\/740\/2023\/02\/Foto-Grotz-1206x1536.jpg 1206w, https:\/\/www.hsu-hh.de\/verglreg\/wp-content\/uploads\/sites\/740\/2023\/02\/Foto-Grotz-1608x2048.jpg 1608w, https:\/\/www.hsu-hh.de\/verglreg\/wp-content\/uploads\/sites\/740\/2023\/02\/Foto-Grotz-1100x1401.jpg 1100w, https:\/\/www.hsu-hh.de\/verglreg\/wp-content\/uploads\/sites\/740\/2023\/02\/Foto-Grotz-scaled.jpg 2010w\" sizes=\"auto, (max-width: 804px) 100vw, 804px\" \/><\/figure>\n<\/div>\n\n\n\n<div class=\"wp-block-column is-layout-flow wp-block-column-is-layout-flow\"><div class=\"wp-block-image\">\n<figure class=\"aligncenter size-medium is-resized\"><img loading=\"lazy\" decoding=\"async\" width=\"199\" height=\"300\" src=\"https:\/\/www.hsu-hh.de\/verglreg\/wp-content\/uploads\/sites\/740\/2025\/10\/Johanna-Schnabel-199x300.jpg\" data-credit=\"Tobias Koch\" alt=\"\" class=\"wp-image-2106\" style=\"object-fit:cover;width:230px;height:280px\" srcset=\"https:\/\/www.hsu-hh.de\/verglreg\/wp-content\/uploads\/sites\/740\/2025\/10\/Johanna-Schnabel-199x300.jpg 199w, https:\/\/www.hsu-hh.de\/verglreg\/wp-content\/uploads\/sites\/740\/2025\/10\/Johanna-Schnabel-680x1024.jpg 680w, https:\/\/www.hsu-hh.de\/verglreg\/wp-content\/uploads\/sites\/740\/2025\/10\/Johanna-Schnabel-768x1156.jpg 768w, https:\/\/www.hsu-hh.de\/verglreg\/wp-content\/uploads\/sites\/740\/2025\/10\/Johanna-Schnabel-1020x1536.jpg 1020w, https:\/\/www.hsu-hh.de\/verglreg\/wp-content\/uploads\/sites\/740\/2025\/10\/Johanna-Schnabel-1100x1656.jpg 1100w\" sizes=\"auto, (max-width: 199px) 100vw, 199px\" \/><\/figure>\n<\/div><\/div>\n\n\n\n<div class=\"wp-block-column is-layout-flow wp-block-column-is-layout-flow\"><div class=\"wp-block-image\">\n<figure class=\"aligncenter size-large is-resized\"><img loading=\"lazy\" decoding=\"async\" width=\"916\" height=\"1024\" src=\"https:\/\/www.hsu-hh.de\/verglreg\/wp-content\/uploads\/sites\/740\/2023\/10\/Kukec_photo-916x1024.png\" data-credit=\"M. Kukec\" alt=\"\" class=\"wp-image-1634\" style=\"object-fit:cover;width:230px;height:280px\" srcset=\"https:\/\/www.hsu-hh.de\/verglreg\/wp-content\/uploads\/sites\/740\/2023\/10\/Kukec_photo-916x1024.png 916w, https:\/\/www.hsu-hh.de\/verglreg\/wp-content\/uploads\/sites\/740\/2023\/10\/Kukec_photo-268x300.png 268w, https:\/\/www.hsu-hh.de\/verglreg\/wp-content\/uploads\/sites\/740\/2023\/10\/Kukec_photo-768x859.png 768w, https:\/\/www.hsu-hh.de\/verglreg\/wp-content\/uploads\/sites\/740\/2023\/10\/Kukec_photo-1100x1230.png 1100w, https:\/\/www.hsu-hh.de\/verglreg\/wp-content\/uploads\/sites\/740\/2023\/10\/Kukec_photo.png 1143w\" sizes=\"auto, (max-width: 916px) 100vw, 916px\" \/><\/figure>\n<\/div><\/div>\n\n\n\n<div class=\"wp-block-column is-layout-flow wp-block-column-is-layout-flow\"><div class=\"wp-block-image\">\n<figure class=\"aligncenter size-large is-resized\"><img loading=\"lazy\" decoding=\"async\" width=\"1024\" height=\"683\" src=\"https:\/\/www.hsu-hh.de\/verglreg\/wp-content\/uploads\/sites\/740\/2026\/02\/Sarah-Cardaun023_3342-1024x683.jpg\" data-credit=\"x\" alt=\"\" class=\"wp-image-2225\" style=\"object-fit:cover;width:230px;height:280px\" srcset=\"https:\/\/www.hsu-hh.de\/verglreg\/wp-content\/uploads\/sites\/740\/2026\/02\/Sarah-Cardaun023_3342-1024x683.jpg 1024w, https:\/\/www.hsu-hh.de\/verglreg\/wp-content\/uploads\/sites\/740\/2026\/02\/Sarah-Cardaun023_3342-300x200.jpg 300w, https:\/\/www.hsu-hh.de\/verglreg\/wp-content\/uploads\/sites\/740\/2026\/02\/Sarah-Cardaun023_3342-768x512.jpg 768w, https:\/\/www.hsu-hh.de\/verglreg\/wp-content\/uploads\/sites\/740\/2026\/02\/Sarah-Cardaun023_3342-1536x1024.jpg 1536w, https:\/\/www.hsu-hh.de\/verglreg\/wp-content\/uploads\/sites\/740\/2026\/02\/Sarah-Cardaun023_3342-2048x1365.jpg 2048w, https:\/\/www.hsu-hh.de\/verglreg\/wp-content\/uploads\/sites\/740\/2026\/02\/Sarah-Cardaun023_3342-1100x733.jpg 1100w\" sizes=\"auto, (max-width: 1024px) 100vw, 1024px\" \/><\/figure>\n<\/div><\/div>\n\n\n\n<div class=\"wp-block-column is-layout-flow wp-block-column-is-layout-flow\"><div class=\"wp-block-image\">\n<figure class=\"aligncenter size-large is-resized\"><img loading=\"lazy\" decoding=\"async\" width=\"1024\" height=\"1024\" src=\"https:\/\/www.hsu-hh.de\/verglreg\/wp-content\/uploads\/sites\/740\/2025\/10\/csm_Christina_Stremmig_2_cecb58234d-1024x1024.jpeg\" data-credit=\"privat\" alt=\"\" class=\"wp-image-2135\" style=\"object-fit:cover;width:230px;height:280px\" srcset=\"https:\/\/www.hsu-hh.de\/verglreg\/wp-content\/uploads\/sites\/740\/2025\/10\/csm_Christina_Stremmig_2_cecb58234d-1024x1024.jpeg 1024w, https:\/\/www.hsu-hh.de\/verglreg\/wp-content\/uploads\/sites\/740\/2025\/10\/csm_Christina_Stremmig_2_cecb58234d-300x300.jpeg 300w, https:\/\/www.hsu-hh.de\/verglreg\/wp-content\/uploads\/sites\/740\/2025\/10\/csm_Christina_Stremmig_2_cecb58234d-150x150.jpeg 150w, https:\/\/www.hsu-hh.de\/verglreg\/wp-content\/uploads\/sites\/740\/2025\/10\/csm_Christina_Stremmig_2_cecb58234d-768x768.jpeg 768w, https:\/\/www.hsu-hh.de\/verglreg\/wp-content\/uploads\/sites\/740\/2025\/10\/csm_Christina_Stremmig_2_cecb58234d-100x100.jpeg 100w, https:\/\/www.hsu-hh.de\/verglreg\/wp-content\/uploads\/sites\/740\/2025\/10\/csm_Christina_Stremmig_2_cecb58234d-1100x1100.jpeg 1100w, https:\/\/www.hsu-hh.de\/verglreg\/wp-content\/uploads\/sites\/740\/2025\/10\/csm_Christina_Stremmig_2_cecb58234d.jpeg 1200w\" sizes=\"auto, (max-width: 1024px) 100vw, 1024px\" \/><\/figure>\n<\/div><\/div>\n<\/div>\n\n\n\n<div style=\"height:35px\" aria-hidden=\"true\" class=\"wp-block-spacer\"><\/div>\n\n\n\n<p><strong>Professur f\u00fcr Politikwissenschaft, <abbr title=\"insbesondere\">insb.<\/abbr> Vergleichende Regierungslehre<\/strong><\/p>\n\n\n\n<p><abbr title=\"Professor\">Prof.<\/abbr> <abbr title=\"Doktor\">Dr.<\/abbr> Florian Grotz<br>Helmut Schmidt Universit\u00e4t \/ Universit\u00e4t der Bundeswehr Hamburg<br>Fakult\u00e4t f\u00fcr Wirtschafts- und Sozialwissenschaften<br>Holstenhofweg 85<br>22043 Hamburg<\/p>\n","protected":false},"excerpt":{"rendered":"<p>Professur f\u00fcr Politikwissenschaft, insb. Vergleichende Regierungslehre Prof. Dr. Florian GrotzHelmut Schmidt Universit\u00e4t \/ Universit\u00e4t der Bundeswehr HamburgFakult\u00e4t f\u00fcr Wirtschafts- und SozialwissenschaftenHolstenhofweg 8522043 Hamburg<\/p>\n","protected":false},"author":138,"featured_media":0,"parent":0,"menu_order":0,"comment_status":"closed","ping_status":"closed","template":"","meta":{"footnotes":""},"categories":[8],"tags":[66,111,64,106,74,62,113,38,85],"class_list":["post-46","page","type-page","status-publish","hentry","category-team","tag-grotz-de","tag-klausch","tag-kretschmer","tag-kukec","tag-latzel-de","tag-lewandowsky","tag-noll","tag-team","tag-weinmann"],"_links":{"self":[{"href":"https:\/\/www.hsu-hh.de\/verglreg\/wp-json\/wp\/v2\/pages\/46","targetHints":{"allow":["GET"]}}],"collection":[{"href":"https:\/\/www.hsu-hh.de\/verglreg\/wp-json\/wp\/v2\/pages"}],"about":[{"href":"https:\/\/www.hsu-hh.de\/verglreg\/wp-json\/wp\/v2\/types\/page"}],"author":[{"embeddable":true,"href":"https:\/\/www.hsu-hh.de\/verglreg\/wp-json\/wp\/v2\/users\/138"}],"replies":[{"embeddable":true,"href":"https:\/\/www.hsu-hh.de\/verglreg\/wp-json\/wp\/v2\/comments?post=46"}],"version-history":[{"count":415,"href":"https:\/\/www.hsu-hh.de\/verglreg\/wp-json\/wp\/v2\/pages\/46\/revisions"}],"predecessor-version":[{"id":2251,"href":"https:\/\/www.hsu-hh.de\/verglreg\/wp-json\/wp\/v2\/pages\/46\/revisions\/2251"}],"wp:attachment":[{"href":"https:\/\/www.hsu-hh.de\/verglreg\/wp-json\/wp\/v2\/media?parent=46"}],"wp:term":[{"taxonomy":"category","embeddable":true,"href":"https:\/\/www.hsu-hh.de\/verglreg\/wp-json\/wp\/v2\/categories?post=46"},{"taxonomy":"post_tag","embeddable":true,"href":"https:\/\/www.hsu-hh.de\/verglreg\/wp-json\/wp\/v2\/tags?post=46"}],"curies":[{"name":"wp","href":"https:\/\/api.w.org\/{rel}","templated":true}]}}