{"id":2221,"date":"2026-02-27T09:06:49","date_gmt":"2026-02-27T08:06:49","guid":{"rendered":"https:\/\/www.hsu-hh.de\/verglreg\/?page_id=2221"},"modified":"2026-02-27T10:55:06","modified_gmt":"2026-02-27T09:55:06","slug":"dr-sarah-cardaun","status":"publish","type":"page","link":"https:\/\/www.hsu-hh.de\/verglreg\/dr-sarah-cardaun","title":{"rendered":"Dr. Sarah Cardaun"},"content":{"rendered":"\n<div style=\"height:40px\" aria-hidden=\"true\" class=\"wp-block-spacer\"><\/div>\n\n\n\n<div class=\"wp-block-columns is-layout-flex wp-container-core-columns-is-layout-9d6595d7 wp-block-columns-is-layout-flex\">\n<div class=\"wp-block-column is-layout-flow wp-block-column-is-layout-flow\">\n<p>Helmut-Schmidt-Universit\u00e4t \/<br>Universit\u00e4t der Bundeswehr<br>Holstenhofweg 85<br>22043 Hamburg<\/p>\n\n\n\n<p>Geb\u00e4ude H1, Raum 1164<br>Telefon: +49 (0)40 6541 3863<br>E-Mail:&nbsp;<a href=\"mailto:cardauns@hsu-hh.de\" rel='nofollow'>cardauns@hsu-hh.de<\/a><\/p>\n<\/div>\n\n\n\n<div class=\"wp-block-column is-layout-flow wp-block-column-is-layout-flow\"><div class=\"wp-block-image\">\n<figure class=\"aligncenter size-large is-resized\"><img loading=\"lazy\" decoding=\"async\" width=\"1024\" height=\"683\" src=\"https:\/\/www.hsu-hh.de\/verglreg\/wp-content\/uploads\/sites\/740\/2026\/02\/Sarah-Cardaun023_3342-1024x683.jpg\" data-credit=\"x\" alt=\"\" class=\"wp-image-2225\" style=\"aspect-ratio:4\/3;object-fit:cover;width:350px\" srcset=\"https:\/\/www.hsu-hh.de\/verglreg\/wp-content\/uploads\/sites\/740\/2026\/02\/Sarah-Cardaun023_3342-1024x683.jpg 1024w, https:\/\/www.hsu-hh.de\/verglreg\/wp-content\/uploads\/sites\/740\/2026\/02\/Sarah-Cardaun023_3342-300x200.jpg 300w, https:\/\/www.hsu-hh.de\/verglreg\/wp-content\/uploads\/sites\/740\/2026\/02\/Sarah-Cardaun023_3342-768x512.jpg 768w, https:\/\/www.hsu-hh.de\/verglreg\/wp-content\/uploads\/sites\/740\/2026\/02\/Sarah-Cardaun023_3342-1536x1024.jpg 1536w, https:\/\/www.hsu-hh.de\/verglreg\/wp-content\/uploads\/sites\/740\/2026\/02\/Sarah-Cardaun023_3342-2048x1365.jpg 2048w, https:\/\/www.hsu-hh.de\/verglreg\/wp-content\/uploads\/sites\/740\/2026\/02\/Sarah-Cardaun023_3342-1100x733.jpg 1100w\" sizes=\"auto, (max-width: 1024px) 100vw, 1024px\" \/><\/figure>\n<\/div><\/div>\n<\/div>\n\n\n\n<div style=\"height:38px\" aria-hidden=\"true\" class=\"wp-block-spacer\"><\/div>\n\n\n\n<hr class=\"wp-block-separator has-alpha-channel-opacity\" \/>\n\n\n\n<h2 class=\"wp-block-heading\">Wissenschaftlicher Werdegang<\/h2>\n\n\n\n<ul class=\"wp-block-list\">\n<li>Seit Nov. 2025: Mitarbeiterin im Projekt \u201c<a href=\"https:\/\/www.hsu-hh.de\/verglreg\/gesamtverteidigung-foederale-koordination-und-zivil-militaerische-zusammenarbeit\">Gesamtverteidigung \u2013 F\u00f6derale Koordination und zivil-milit\u00e4rische Zusammenarbei<\/a>t\u201d, Projektleitung\u00a0<abbr title=\"Professor\">Prof.<\/abbr>\u00a0<abbr title=\"Doktor\">Dr.<\/abbr>\u00a0Florian Grotz und\u00a0<abbr title=\"Professor\">Prof.<\/abbr>\u00a0<abbr title=\"Doktor\">Dr.<\/abbr>\u00a0Sylvia Veit, Helmut-Schmidt-Universit\u00e4t Hamburg<\/li>\n\n\n\n<li>2019-2025: Wissenschaftliche Mitarbeiterin an der Professur f\u00fcr Verwaltungswissenschaft (<abbr title=\"Professor\">Prof.<\/abbr>&nbsp;<abbr title=\"Doktor\">Dr.<\/abbr>&nbsp;Tanja Klenk), Helmut-Schmidt-Universit\u00e4t Hamburg<\/li>\n\n\n\n<li>2011-2014: vollzeitliche Lehrt\u00e4tigkeit am King\u2019s College London (Lecturer)<\/li>\n\n\n\n<li>2009-2013: Promotion am King\u2019s College London in Middle Eastern Studies<\/li>\n\n\n\n<li>1999-2006: Magisterstudium an der Freien Universit\u00e4t Berlin (Publizistik- und Kommunikationswissenschaft, Politikwissenschaft und Betriebswirtschaftslehre)<\/li>\n<\/ul>\n\n\n\n<hr class=\"wp-block-separator has-alpha-channel-opacity\" \/>\n\n\n\n<h2 class=\"wp-block-heading\">Ausgew\u00e4hlte Publikationen<\/h2>\n\n\n\n<ul class=\"wp-block-list\">\n<li>Miller, R., and S. Cardaun (2025). \u201cForeign Policy Agendas and Participation in Locally Led Informal Security Coalitions: Pakistan, Sudan, and the Yemen War Coalition.\u201d&nbsp;<em>The Middle East Journal<\/em>, 78(2-3), 153\u2013174.&nbsp;<a href=\"https:\/\/doi.org\/10.3751\/78.23.12\" rel='nofollow'>https:\/\/doi.org\/10.3751\/78.23.12<\/a><\/li>\n\n\n\n<li>Cardaun, S., und S. Veit (2025). \u201eIntegrierte Sicherheit durch einen Sicherheitsrat? Ans\u00e4tze zur Institutionalisierung der Nationalen Sicherheitsstrategie.\u201c&nbsp;<em>Zeitschrift f\u00fcr Politik<\/em>, 201-220.&nbsp;<a href=\"https:\/\/doi.org\/10.5771\/9783748951094-201\" rel='nofollow'>doi.org\/10.5771\/9783748951094-201<\/a><\/li>\n\n\n\n<li>Cardaun, S. (2025). \u201cHybrid Governance Arrangements and the Protection of Jewish Communities.\u201d In&nbsp;<em>Public Policies for Hybrid Governance<\/em>, ed. by: J. Vakkuri, R. Pinheiro, J.-E. Johanson, and T. Erkkil\u00e4, S. 299\u2013311, Cheltenham: Edward Elgar.&nbsp;<a href=\"https:\/\/doi.org\/10.4337\/9781035311637.00029\" rel='nofollow'>https:\/\/doi.org\/10.4337\/9781035311637.00029<\/a><\/li>\n\n\n\n<li>Cardaun, S. (2024). \u201cRethinking Public Administration: By Marc Holzer, Cheltenham, Edward Elgar, 2023, 190 Pp., \u00a380.00.\u201d&nbsp;<em>International Journal of Public Administration<\/em>, June, 1\u20132. doi:10.1080\/01900692.2024.2360560&nbsp;<a href=\"https:\/\/www.hsu-hh.de\/vw\/dr-sarah-cardaun\"><\/a><\/li>\n\n\n\n<li>Davidovitz, M., S. Cardaun, T. Klenk, and N. Cohen (2023). \u201cHow do Different Organizational Influences Lead Street-Level Workers to Move Towards Clients? A Comparison of Care Services for the Elderly in Germany and Israel.\u201d&nbsp;<em>Public Management Review<\/em>&nbsp;25 (12), 2451\u20132468.&nbsp;<a href=\"https:\/\/doi.org\/10.1080\/14719037.2022.2098531\" rel='nofollow'>https:\/\/doi.org\/10.1080\/14719037.2022.2098531<\/a><\/li>\n\n\n\n<li>Cohen, N., T. Klenk, M. Davidovitz, and S. Cardaun (2023). \u201cVarieties of Welfare Markets from a Street-Level Perspective: Comparing Long-Term Care Services in Germany and Israel.\u201d&nbsp;<em>Public Administration Review&nbsp;<\/em>83 (2): 419\u2013428.&nbsp;<a href=\"https:\/\/doi.org\/10.1111\/puar.13549\" rel='nofollow'>https:\/\/doi.org\/10.1111\/puar.13549<\/a><\/li>\n\n\n\n<li>Miller, R., and S. Cardaun (2020). \u201cMultinational Security Coalitions and the Limits of Middle Power Activism in the Middle East: The Saudi Case.\u201d&nbsp;<em>International Affairs<\/em>&nbsp;98 (6), 1509\u20131525.&nbsp;<a href=\"https:\/\/doi.org\/10.1093\/ia\/iiaa158\" rel='nofollow'>https:\/\/doi.org\/10.1093\/ia\/iiaa158<\/a><\/li>\n\n\n\n<li>Miller, R., and S. Cardaun. (2019). \u201cNegotiating Insecurity: Small States and Multinational Security Coalitions in the Middle East\u201d, Insights (National University of Singapore) no. 2010.<\/li>\n\n\n\n<li>Cardaun, S. (2015)<em>. Countering Contemporary Antisemitism in Britain: Government and Civil society Responses between Universalism and Particularism.<\/em>&nbsp;Leiden; Boston: Brill.<\/li>\n<\/ul>\n\n\n\n<div style=\"height:82px\" aria-hidden=\"true\" class=\"wp-block-spacer\"><\/div>\n","protected":false},"excerpt":{"rendered":"<p>Helmut-Schmidt-Universit\u00e4t \/Universit\u00e4t der BundeswehrHolstenhofweg 8522043 Hamburg Geb\u00e4ude H1, Raum 1164Telefon: +49 (0)40 6541 3863E-Mail:&nbsp;cardauns@hsu-hh.de Wissenschaftlicher Werdegang Ausgew\u00e4hlte Publikationen<\/p>\n","protected":false},"author":138,"featured_media":0,"parent":0,"menu_order":0,"comment_status":"closed","ping_status":"closed","template":"","meta":{"footnotes":""},"categories":[8],"tags":[],"class_list":["post-2221","page","type-page","status-publish","hentry","category-team"],"_links":{"self":[{"href":"https:\/\/www.hsu-hh.de\/verglreg\/wp-json\/wp\/v2\/pages\/2221","targetHints":{"allow":["GET"]}}],"collection":[{"href":"https:\/\/www.hsu-hh.de\/verglreg\/wp-json\/wp\/v2\/pages"}],"about":[{"href":"https:\/\/www.hsu-hh.de\/verglreg\/wp-json\/wp\/v2\/types\/page"}],"author":[{"embeddable":true,"href":"https:\/\/www.hsu-hh.de\/verglreg\/wp-json\/wp\/v2\/users\/138"}],"replies":[{"embeddable":true,"href":"https:\/\/www.hsu-hh.de\/verglreg\/wp-json\/wp\/v2\/comments?post=2221"}],"version-history":[{"count":10,"href":"https:\/\/www.hsu-hh.de\/verglreg\/wp-json\/wp\/v2\/pages\/2221\/revisions"}],"predecessor-version":[{"id":2252,"href":"https:\/\/www.hsu-hh.de\/verglreg\/wp-json\/wp\/v2\/pages\/2221\/revisions\/2252"}],"wp:attachment":[{"href":"https:\/\/www.hsu-hh.de\/verglreg\/wp-json\/wp\/v2\/media?parent=2221"}],"wp:term":[{"taxonomy":"category","embeddable":true,"href":"https:\/\/www.hsu-hh.de\/verglreg\/wp-json\/wp\/v2\/categories?post=2221"},{"taxonomy":"post_tag","embeddable":true,"href":"https:\/\/www.hsu-hh.de\/verglreg\/wp-json\/wp\/v2\/tags?post=2221"}],"curies":[{"name":"wp","href":"https:\/\/api.w.org\/{rel}","templated":true}]}}