{"id":2103,"date":"2025-10-06T08:43:20","date_gmt":"2025-10-06T06:43:20","guid":{"rendered":"https:\/\/www.hsu-hh.de\/verglreg\/?page_id=2103"},"modified":"2025-10-07T15:23:14","modified_gmt":"2025-10-07T13:23:14","slug":"dr-johanna-schnabel","status":"publish","type":"page","link":"https:\/\/www.hsu-hh.de\/verglreg\/dr-johanna-schnabel","title":{"rendered":"Dr. Johanna Schnabel"},"content":{"rendered":"\n<div class=\"wp-block-columns is-layout-flex wp-container-core-columns-is-layout-9d6595d7 wp-block-columns-is-layout-flex\">\n<div class=\"wp-block-column is-layout-flow wp-block-column-is-layout-flow\">\n<p>Helmut-Schmidt-Universit\u00e4t \/<br>Universit\u00e4t der Bundeswehr<br>Holstenhofweg 85<br>22043 Hamburg<\/p>\n\n\n\n<p>Geb\u00e4ude H1, Raum 1166<br>Telefon: +49 (0)40 6541 2868<br>E-Mail:&nbsp;<a href=\"mailto:schnabej@hsu-hh.de\" rel='nofollow'>schnabej@hsu-hh.de<\/a><\/p>\n\n\n\n<p><strong>Sprechstunde<\/strong>:&nbsp; nach Vereinbarung<\/p>\n<\/div>\n\n\n\n<div class=\"wp-block-column is-layout-flow wp-block-column-is-layout-flow\"><div class=\"wp-block-image\">\n<figure class=\"aligncenter size-large is-resized\"><img loading=\"lazy\" decoding=\"async\" width=\"680\" height=\"1024\" src=\"https:\/\/www.hsu-hh.de\/verglreg\/wp-content\/uploads\/sites\/740\/2025\/10\/Johanna-Schnabel-680x1024.jpg\" data-credit=\"Tobias Koch\" alt=\"\" class=\"wp-image-2106\" style=\"width:200px\" srcset=\"https:\/\/www.hsu-hh.de\/verglreg\/wp-content\/uploads\/sites\/740\/2025\/10\/Johanna-Schnabel-680x1024.jpg 680w, https:\/\/www.hsu-hh.de\/verglreg\/wp-content\/uploads\/sites\/740\/2025\/10\/Johanna-Schnabel-199x300.jpg 199w, https:\/\/www.hsu-hh.de\/verglreg\/wp-content\/uploads\/sites\/740\/2025\/10\/Johanna-Schnabel-768x1156.jpg 768w, https:\/\/www.hsu-hh.de\/verglreg\/wp-content\/uploads\/sites\/740\/2025\/10\/Johanna-Schnabel-1020x1536.jpg 1020w, https:\/\/www.hsu-hh.de\/verglreg\/wp-content\/uploads\/sites\/740\/2025\/10\/Johanna-Schnabel-1100x1656.jpg 1100w\" sizes=\"auto, (max-width: 680px) 100vw, 680px\" \/><\/figure>\n<\/div><\/div>\n<\/div>\n\n\n\n<hr class=\"wp-block-separator has-alpha-channel-opacity\" \/>\n\n\n\n<h2 class=\"wp-block-heading\">Lebenslauf<\/h2>\n\n\n\n<p>2025-2026: Vertretungsprofessorin, Politikwissenschaft insbes. Vergleichende Regierungslehre, Helmut-Schmidt-Universit\u00e4t Hamburg<\/p>\n\n\n\n<p>2020-2027:&nbsp;Wissenschaftliche Mitarbeiterin&nbsp;und Habilitandin (beurlaubt), Arbeitsstelle politisches System der Bundesrepublik Deutschland, Otto-Suhr-Institut f\u00fcr Politikwissenschaft, Freie Universit\u00e4t Berlin<\/p>\n\n\n\n<p>2020-2020:&nbsp;Managing Editor,&nbsp;<em>Swiss Political Science Review<\/em>,&nbsp;Institut d\u2019Etudes Politiques, Universit\u00e9 de Lausanne, Schweiz<\/p>\n\n\n\n<p>2020-2020:&nbsp;Wissenschaftliche Mitarbeiterin&nbsp;(<em>Lecturer<\/em>) f\u00fcr&nbsp;Vergleichende Politikwissenschaft, School of Politics and International Relations, University of Kent, Gro\u00dfbritannien<\/p>\n\n\n\n<p>2018-2020: British Academy&nbsp;Newton International Fellow, Postdoc, School of Politics and International Relations, University of Kent, Gro\u00dfbritannien<\/p>\n\n\n\n<p>2013-2018:&nbsp;Wissenschaftliche Mitarbeiterin &amp; Doktorandin, Institut d\u2019Etudes Politiques, Universit\u00e9 de Lausanne, Schweiz<\/p>\n\n\n\n<p>2017-2018:&nbsp;Lehrbeauftragte,&nbsp;Institut d\u2019Etudes Politiques, Universit\u00e9 de Lausanne<\/p>\n\n\n\n<p>2009-2013: Wissenschaftliche Hilfskraft, nach 03.2012:&nbsp;Projektkoordinatorin, Herder-Institut f\u00fcr historische Ostmitteleuropaforschung, Marburg<\/p>\n\n\n\n<p>2010-2012: Wissenschaftliche Hilfskraft&nbsp;&amp;&nbsp;Lehrbeauftragte,&nbsp;Institut f\u00fcr Politikwissenschaft, Justus-Liebig-Universit\u00e4t Gie\u00dfen<\/p>\n\n\n\n<p>2008-2009: Erasmus-Auslandsjahr am Institut d\u2019Etudes Politiques, Grenoble, Frankreich<\/p>\n\n\n\n<p>2005-2011: Studium der Politikwissenschaft, Neueren Geschichte und Philosophie (Magister Artium), Justus-Liebig-Universit\u00e4t Gie\u00dfen<\/p>\n\n\n\n<hr class=\"wp-block-separator has-alpha-channel-opacity\" \/>\n\n\n\n<h2 class=\"wp-block-heading\">Forschungsschwerpunkte<\/h2>\n\n\n\n<ul class=\"wp-block-list\">\n<li>Vergleichende Politikwissenschaft<\/li>\n\n\n\n<li>Public Policy (Bildungs-, Gesundheits-, Fiskal-, Wohnungspolitik)<\/li>\n\n\n\n<li>F\u00f6deralismus<\/li>\n\n\n\n<li>Territoriale Ungleichheiten<\/li>\n<\/ul>\n\n\n\n<hr class=\"wp-block-separator has-alpha-channel-opacity\" \/>\n\n\n\n<h2 class=\"wp-block-heading\">Gremient\u00e4tigkeit<\/h2>\n\n\n\n<ul class=\"wp-block-list\">\n<li>Ko-Sprecherin der Themengruppe <em>F\u00f6deralismus <\/em>der Deutschen Vereinigung f\u00fcr Politikwissenschaft (DVPW)<\/li>\n\n\n\n<li>Mitglied des Executive Boards, RC28 Comparative Federalism and Multilevel Governance, International Political Science Association (IPSA)&nbsp;&nbsp;<\/li>\n\n\n\n<li>Non-Resident Fellow, Forum of Federations<\/li>\n<\/ul>\n\n\n\n<hr class=\"wp-block-separator has-alpha-channel-opacity\" \/>\n\n\n\n<h2 class=\"wp-block-heading\">Publikationen<\/h2>\n\n\n\n<p>Siehe <a href=\"https:\/\/scholar.google.com\/citations?user=HYcFOkUAAAAJ&amp;hl=de\" rel='nofollow'>Link <\/a>zum Google Scholar Profil<\/p>\n","protected":false},"excerpt":{"rendered":"<p>Helmut-Schmidt-Universit\u00e4t \/Universit\u00e4t der BundeswehrHolstenhofweg 8522043 Hamburg Geb\u00e4ude H1, Raum 1166Telefon: +49 (0)40 6541 2868E-Mail:&nbsp;schnabej@hsu-hh.de Sprechstunde:&nbsp; nach Vereinbarung Lebenslauf 2025-2026: Vertretungsprofessorin, Politikwissenschaft insbes. Vergleichende Regierungslehre, Helmut-Schmidt-Universit\u00e4t Hamburg 2020-2027:&nbsp;Wissenschaftliche Mitarbeiterin&nbsp;und Habilitandin (beurlaubt), [&hellip;]<\/p>\n","protected":false},"author":138,"featured_media":0,"parent":0,"menu_order":0,"comment_status":"closed","ping_status":"closed","template":"","meta":{"footnotes":""},"categories":[8],"tags":[],"class_list":["post-2103","page","type-page","status-publish","hentry","category-team"],"_links":{"self":[{"href":"https:\/\/www.hsu-hh.de\/verglreg\/wp-json\/wp\/v2\/pages\/2103","targetHints":{"allow":["GET"]}}],"collection":[{"href":"https:\/\/www.hsu-hh.de\/verglreg\/wp-json\/wp\/v2\/pages"}],"about":[{"href":"https:\/\/www.hsu-hh.de\/verglreg\/wp-json\/wp\/v2\/types\/page"}],"author":[{"embeddable":true,"href":"https:\/\/www.hsu-hh.de\/verglreg\/wp-json\/wp\/v2\/users\/138"}],"replies":[{"embeddable":true,"href":"https:\/\/www.hsu-hh.de\/verglreg\/wp-json\/wp\/v2\/comments?post=2103"}],"version-history":[{"count":6,"href":"https:\/\/www.hsu-hh.de\/verglreg\/wp-json\/wp\/v2\/pages\/2103\/revisions"}],"predecessor-version":[{"id":2154,"href":"https:\/\/www.hsu-hh.de\/verglreg\/wp-json\/wp\/v2\/pages\/2103\/revisions\/2154"}],"wp:attachment":[{"href":"https:\/\/www.hsu-hh.de\/verglreg\/wp-json\/wp\/v2\/media?parent=2103"}],"wp:term":[{"taxonomy":"category","embeddable":true,"href":"https:\/\/www.hsu-hh.de\/verglreg\/wp-json\/wp\/v2\/categories?post=2103"},{"taxonomy":"post_tag","embeddable":true,"href":"https:\/\/www.hsu-hh.de\/verglreg\/wp-json\/wp\/v2\/tags?post=2103"}],"curies":[{"name":"wp","href":"https:\/\/api.w.org\/{rel}","templated":true}]}}