{"id":207,"date":"2017-11-07T17:04:43","date_gmt":"2017-11-07T16:04:43","guid":{"rendered":"https:\/\/www.hsu-hh.de\/verglreg\/?page_id=207"},"modified":"2026-02-06T15:02:42","modified_gmt":"2026-02-06T14:02:42","slug":"lehre","status":"publish","type":"page","link":"https:\/\/www.hsu-hh.de\/verglreg\/lehre","title":{"rendered":"Lehre"},"content":{"rendered":"\n<div style=\"height:25px\" aria-hidden=\"true\" class=\"wp-block-spacer\"><\/div>\n\n\n\n<h2 class=\"wp-block-heading\">Aktuelle Lehrveranstaltungen im Wintertrimester 2026<\/h2>\n\n\n\n<div style=\"height:25px\" aria-hidden=\"true\" class=\"wp-block-spacer\"><\/div>\n\n\n\n<p><strong>(V) Vergleichende Politikwissenschaft: Einf\u00fchrung <br><abbr title=\"Doktor\">Dr.<\/abbr> Johanna Schnabel<\/strong><br><br>Montag, 14:00 &#8211; 15:30 Uhr<br>Geb. H1, HS 1<\/p>\n\n\n\n<hr class=\"wp-block-separator has-alpha-channel-opacity\" \/>\n\n\n\n<p><strong>(S) Systemtransformation: Transformationsprozesse<br><abbr title=\"Doktor\">Dr.<\/abbr> Johanna Schnabel<\/strong><br><br><strong>Blockveranstaltungen:<\/strong><br>06.01.26:    Di. 09:45\u00a0bis\u00a011:15 Uhr, Aulageb\u00e4ude, Aula Raum 2 <br>20.01.26:    Di. 14:00 bis 17:15 Uhr, Mensageb\u00e4ude, Raum 001<br>17.02.26:    Di. 09:45 bis 11:15 Uhr, Aulageb\u00e4ude, Aula Raum 2<br>03.03.26:    Di. 14:00 bis 18:00 Uhr, Mensageb\u00e4ude, Raum 001<br>10.03.26:    Di. 14:00 bis 18:00 Uhr, Containerdorf C2\/S2, Raum 113-115<br>\u00a0<\/p>\n\n\n\n<hr class=\"wp-block-separator has-alpha-channel-opacity\" \/>\n\n\n\n<p><strong>(S) Interessenvermittlung in Demokratien: Das intermedi\u00e4re System \u201eInteressenvermittlung im Mehrebenensystem\u201c<\/strong>,<strong> Gruppe 2<br><abbr title=\"Doktor\">Dr.<\/abbr> Johanna Schnabel<\/strong><br><br>Dienstag, 11:30 &#8211; 13:00 Uhr<br>H1, Raum 109<\/p>\n\n\n\n<hr class=\"wp-block-separator has-alpha-channel-opacity\" \/>\n\n\n\n<p><strong>(S) Interessenvermittlung in Demokratien: Das intermedi\u00e4re System \u201eInstitutional Design for Divided Societies\u201c, Gruppe 1<br><abbr title=\"Doktor\">Dr.<\/abbr> Marko Kukec<\/strong><\/p>\n\n\n\n<p>Montag, 11:30 &#8211; 13:00 Uhr<br>H1, Raum 109<\/p>\n\n\n\n<hr class=\"wp-block-separator has-alpha-channel-opacity\" \/>\n\n\n\n<p><strong>(S) Interessenvermittlung in Demokratien: Das intermedi\u00e4re System \u201eInstitutional Design for Divided Societies\u201c,  Gruppe 3<br><abbr title=\"Doktor\">Dr.<\/abbr> Marko Kukec<\/strong><\/p>\n\n\n\n<p>Montag, 09:45 &#8211; 11:15 Uhr<br>H1, Raum 110<\/p>\n\n\n\n<hr class=\"wp-block-separator has-alpha-channel-opacity\" \/>\n\n\n\n<p><strong>(S) Interessenvermittlung in Demokratien: Das intermedi\u00e4re System \u201eParlamente im Vergleich: <br>Strategien, Konflikte und Zusammenarbeit\u201c, Gruppe 4<br><abbr title=\"Doktor\">Dr.<\/abbr> Christina Stremming<\/strong><\/p>\n\n\n\n<p>Donnerstag, 09:45 &#8211; 11:15 Uhr<br>H1, Raum 401\/402<\/p>\n\n\n\n<hr class=\"wp-block-separator has-alpha-channel-opacity\" \/>\n\n\n\n<div style=\"height:100px\" aria-hidden=\"true\" class=\"wp-block-spacer\"><\/div>\n\n\n\n<h2 class=\"wp-block-heading\">Vergangene Lehrveranstaltungen<\/h2>\n\n\n\n<div style=\"height:25px\" aria-hidden=\"true\" class=\"wp-block-spacer\"><\/div>\n\n\n\n<h3 class=\"wp-block-heading\">Herbsttrimester 2025<\/h3>\n\n\n\n<ul class=\"wp-block-list\">\n<li>Einf\u00fchrung in die Politikwissenschaft<br><abbr title=\"Doktor\">Dr.<\/abbr> Johanna Schnabel<\/li>\n\n\n\n<li>Interessenvermittlung in Demokratien: B\u00fcrger und Staat<br><abbr title=\"Doktor\">Dr.<\/abbr> Johanna Schnabel<\/li>\n\n\n\n<li>Systemtransformation: Transformationstheorien<br><abbr title=\"Doktor\">Dr.<\/abbr> Johanna Schnabel<\/li>\n<\/ul>\n\n\n\n<hr class=\"wp-block-separator has-alpha-channel-opacity\" \/>\n\n\n\n<h3 class=\"wp-block-heading\">Fr\u00fchjahrstrimester 2025<\/h3>\n\n\n\n<ul class=\"wp-block-list\">\n<li>Vergleichende Politikwissenschaft: Vergleichende Politikforschung &#8211; Die Regierungssysteme der EU-Staaten im Vergleich (WS12P09),<br>Gruppe 3<br><abbr title=\"Professor\">Prof.<\/abbr> F. Grotz (englisch)<\/li>\n\n\n\n<li>Vergleichende Politikwissenschaft: Vergleichende Politikforschung &#8211; Die Regierungssysteme der EU-Staaten im Vergleich (WS12P09), <br>Gruppe 4<br><abbr title=\"Professor\">Prof.<\/abbr> F. Grotz<\/li>\n\n\n\n<li>BA-Kolloquium <abbr title=\"Politikwissenschaften\">POL<\/abbr> (WS16P04)<br><abbr title=\"Professor\">Prof.<\/abbr> F. Grotz<\/li>\n\n\n\n<li>Vergleichende Politikwissenschaft: Vergleichende Politikforschung &#8211; Political Systems of Central and Eastern Europe in Comparative Perspective (WS12P09), Gruppe 1 (englisch)<br><abbr title=\"Doktor\">Dr.<\/abbr> M. Kukec<\/li>\n\n\n\n<li>Vergleichende Politikwissenschaft: Vergleichende Politikforschung &#8211; Vergleichende Parlamentarismusforschung (WS12P09), Gruppe 2<br>M. Klausch, M.Ed.<\/li>\n<\/ul>\n\n\n\n<hr class=\"wp-block-separator has-alpha-channel-opacity\" \/>\n\n\n\n<h3 class=\"wp-block-heading\"><strong>Wintertrimester 202<\/strong>5<\/h3>\n\n\n\n<ul class=\"wp-block-list\">\n<li>Vergleichende Politikwissenschaft: Einf\u00fchrung (WS12P09)<br><abbr title=\"Professor\">Prof.<\/abbr> <abbr title=\"Doktor\">Dr.<\/abbr> Florian Grotz<\/li>\n\n\n\n<li>Interessenvermittlung in Demokratien: Das intermedi\u00e4re System&nbsp;\u201eParteienregierungenim parlamentarischen System\u201d (WS14P12), Gruppe 1<br><abbr title=\"Professor\">Prof.<\/abbr> <abbr title=\"Doktor\">Dr.<\/abbr> Florian Grotz<\/li>\n\n\n\n<li>Systemtransformation: Transformationsprozesse \u201cRegimetransformation in Mittel- und Osteuropa\u201d (WS23P29)<br><abbr title=\"Professor\">Prof.<\/abbr> <abbr title=\"Doktor\">Dr.<\/abbr> Florian Grotz<\/li>\n\n\n\n<li>Interessenvermittlung in Demokratien:&nbsp;&nbsp; Das intermedi\u00e4re System &nbsp;\u201eInstitutional Design for Divided Societies\u201d (WS14P12), Gruppe 2<br><abbr title=\"Doktor\">Dr.<\/abbr> Marko Kukec<\/li>\n\n\n\n<li>Interessenvermittlung in Demokratien: Das intermedi\u00e4re System \u201eInstitutional Design for Divided Societies\u201d (WS14P12), Gruppe 4<br><abbr title=\"Doktor\">Dr.<\/abbr> Marko Kukec<\/li>\n\n\n\n<li>Interessenvermittlung in Demokratien: Das intermedi\u00e4re System \u201eParteien und Parteiensysteme\u201d (WS14P12), Gruppe 3<br>Martin Klausch, M.Ed.<\/li>\n<\/ul>\n\n\n\n<hr class=\"wp-block-separator has-alpha-channel-opacity\" \/>\n\n\n\n<h3 class=\"wp-block-heading\"><strong>Herbsttrimester 2024<\/strong><\/h3>\n\n\n\n<ul class=\"wp-block-list\">\n<li>Einf\u00fchrung in die Politikwissenschaft (WS11P02)<br><abbr title=\"Professor\">Prof.<\/abbr> <abbr title=\"Doktor\">Dr.<\/abbr> Florian Grotz<\/li>\n\n\n\n<li>Interessenvermittlung in Demokratien: B\u00fcrger und Staat (WS14P12)<br><abbr title=\"Professor\">Prof.<\/abbr> <abbr title=\"Doktor\">Dr.<\/abbr> Florian Grotz<\/li>\n\n\n\n<li>Systemtransformation: Transformationstheorien (WS23P29)<br>&nbsp;<abbr title=\"Professor\">Prof.<\/abbr> <abbr title=\"Doktor\">Dr.<\/abbr> Florian Grotz<\/li>\n<\/ul>\n\n\n\n<hr class=\"wp-block-separator has-alpha-channel-opacity\" \/>\n\n\n\n<h3 class=\"wp-block-heading\"><strong>Fr\u00fchjahrstrimester 2024<\/strong><\/h3>\n\n\n\n<ul class=\"wp-block-list\">\n<li>Vergleichende Politikwissenschaft: Vergleichende Politikforschung &#8211;&nbsp;&nbsp;&nbsp;Die Regierungssysteme der EU-Staaten im Vergleich (WS12P09)<br><abbr title=\"Professor\">Prof.<\/abbr> <abbr title=\"Doktor\">Dr.<\/abbr> Florian Grotz<\/li>\n\n\n\n<li>BA-Kolloquium <abbr title=\"Politikwissenschaften\">POL<\/abbr> (WS16P04)<br><abbr title=\"Professor\">Prof.<\/abbr> <abbr title=\"Doktor\">Dr.<\/abbr> Florian Grotz<\/li>\n\n\n\n<li>Vergleichende Politikwissenschaft: Vergleichende Politikforschung &#8211;&nbsp;Political Systems of Central and Eastern Europe in Comparative Perspective<br><abbr title=\"Doktor\">Dr.<\/abbr> Marko Kukec<\/li>\n\n\n\n<li>Vergleichende Politikwissenschaft: Vergleichende Politikforschung &#8211;&nbsp;Parlamente im Vergleich (WS12P09)<br>Martin Klausch<\/li>\n<\/ul>\n\n\n\n<hr class=\"wp-block-separator has-alpha-channel-opacity\" \/>\n\n\n\n<h3 class=\"wp-block-heading\">Wintertrimester 2024<\/h3>\n\n\n\n<ul class=\"wp-block-list\">\n<li>Vergleichende Politikwissenschaft: Einf\u00fchrung (WS12P09)<br><abbr title=\"Professor\">Prof.<\/abbr> <abbr title=\"Doktor\">Dr.<\/abbr> Florian Grotz<\/li>\n\n\n\n<li>Interessenvermittlung in Demokratien: Das intermedi\u00e4re System \u201eParteienregierungen im parlamentarischen System\u201d (WS14P12)<br><abbr title=\"Professor\">Prof.<\/abbr> <abbr title=\"Doktor\">Dr.<\/abbr> Florian Grotz<\/li>\n\n\n\n<li>Systemtransformation: Transformationsprozesse (WS23P29)<br><abbr title=\"Professor\">Prof.<\/abbr> <abbr title=\"Doktor\">Dr.<\/abbr> Florian Grotz<\/li>\n\n\n\n<li>Interessenvermittlung in Demokratien:&nbsp;&nbsp;&nbsp;Das intermedi\u00e4re System &#8222;Voting Behavior&#8220; (WS14P12), Gruppe 1<br><abbr title=\"Doktor\">Dr.<\/abbr> Marko Kukec<\/li>\n\n\n\n<li>Interessenvermittlung in Demokratien:&nbsp;Das intermedi\u00e4re System&#8220;Voting Behavior&#8220; (WS14P12), Gruppe 2<br><abbr title=\"Doktor\">Dr.<\/abbr> Marko Kukec<\/li>\n\n\n\n<li>Interessenvermittlung in Demokratien:&nbsp;Das intermedi\u00e4re System\u201eParteien und Parteiensysteme\u201d (WS14P12), Gruppe 3<br>Martin Klausch<\/li>\n<\/ul>\n\n\n\n<hr class=\"wp-block-separator has-alpha-channel-opacity\" \/>\n\n\n\n<h3 class=\"wp-block-heading\">Herbsttrimester 2023<\/h3>\n\n\n\n<ul class=\"wp-block-list\">\n<li>Einf\u00fchrung in die Politikwissenschaft (WS11P02)<br><abbr title=\"Professor\">Prof.<\/abbr> <abbr title=\"Doktor\">Dr.<\/abbr> Florian Grotz<\/li>\n\n\n\n<li>Interessenvermittlung in Demokratien: B\u00fcrger und Staat (WS14P12)<br><abbr title=\"Professor\">Prof.<\/abbr> <abbr title=\"Doktor\">Dr.<\/abbr> Florian Grotz<\/li>\n\n\n\n<li>Systemtransformation: Transformationstheorien (WS23P29)<br><abbr title=\"Professor\">Prof.<\/abbr> <abbr title=\"Doktor\">Dr.<\/abbr> Florian Grotz<\/li>\n<\/ul>\n\n\n\n<hr class=\"wp-block-separator has-alpha-channel-opacity\" \/>\n\n\n\n<h3 class=\"wp-block-heading\">Fr\u00fchjahrstrimester 2023<\/h3>\n\n\n\n<ul class=\"wp-block-list\">\n<li>Vergleichende Politikwissenschaft: Vergleichende Politikforschung &#8211;&nbsp;Parlamente im Vergleich (WS12P09), Gruppe 1<br>Martin Klausch<\/li>\n\n\n\n<li>Vergleichende Politikwissenschaft: Vergleichende Politikforschung &#8211;&nbsp;Parlamente im Vergleich (WS12P09), Gruppe 2<br>Martin Klausch<\/li>\n<\/ul>\n\n\n\n<hr class=\"wp-block-separator has-alpha-channel-opacity\" \/>\n\n\n\n<h3 class=\"wp-block-heading\">Wintertrimester 2023<\/h3>\n\n\n\n<ul class=\"wp-block-list\">\n<li>Vergleichende Politikwissenschaft: Einf\u00fchrung (WS12P09)<br><abbr title=\"Doktor\">Dr.<\/abbr> Marko Kukec<\/li>\n\n\n\n<li>Interessenvermittlung in Demokratien: Das intermedi\u00e4re System \u201cVoting Behavior\u201d (WS14P12), Gruppe 2<br><abbr title=\"Doktor\">Dr.<\/abbr> Marko Kukec<\/li>\n\n\n\n<li>Systemtransformation: Transformationsprozesse (WS23P29)<br><abbr title=\"Doktor\">Dr.<\/abbr> Marko Kukec<\/li>\n\n\n\n<li>Interessenvermittlung in Demokratien: Das intermedi\u00e4re System \u201cKommunale Interessenvertretung im Mehrebenensystem\u201d (WS14P12), Gruppe 1<br>Martin Klausch<\/li>\n<\/ul>\n\n\n\n<hr class=\"wp-block-separator has-alpha-channel-opacity\" \/>\n\n\n\n<h3 class=\"wp-block-heading\">Herbsttrimester 2022 (Lehre in Pr\u00e4senz)<\/h3>\n\n\n\n<ul class=\"wp-block-list\">\n<li>Einf\u00fchrung in die Politikwissenschaft (WS11P02)<br><abbr title=\"Professor\">Prof.<\/abbr> <abbr title=\"Doktor\">Dr.<\/abbr> Florian Grotz<\/li>\n\n\n\n<li>Interessenvermittlung in Demokratien: B\u00fcrger und Staat (WS14P12)<br><abbr title=\"Professor\">Prof.<\/abbr> <abbr title=\"Doktor\">Dr.<\/abbr> Florian Grotz<\/li>\n\n\n\n<li>Systemtransformation: Transformationstheorien (WS23P29)<br><abbr title=\"Professor\">Prof.<\/abbr> <abbr title=\"Doktor\">Dr.<\/abbr> Florian Grotz<\/li>\n<\/ul>\n\n\n\n<hr class=\"wp-block-separator has-alpha-channel-opacity\" \/>\n\n\n\n<h3 class=\"wp-block-heading\">Fr\u00fchjahrstrimester 2022 (Lehre in Pr\u00e4senz)<\/h3>\n\n\n\n<ul class=\"wp-block-list\">\n<li>Vergleichende Politikwissenschaft: Vergleichende Politikforschung &#8211;&nbsp;&nbsp;Wahlen und Wahlsysteme im internationalen Vergleich (WS12P09), Gruppe 1 + Gruppe 2<br><abbr title=\"Professor\">Prof.<\/abbr> <abbr title=\"Doktor\">Dr.<\/abbr> Florian Grotz<\/li>\n\n\n\n<li>BA-Kolloquium <abbr title=\"Politikwissenschaften\">POL<\/abbr> (WS16P04)<br><abbr title=\"Professor\">Prof.<\/abbr> <abbr title=\"Doktor\">Dr.<\/abbr> FlorianGrotz<\/li>\n\n\n\n<li>Vergleichende Politikwissenschaft: Vergleichende Politikforschung (WS12P09)\/<br>\u201cPolitical Systems of Central and Eastern Europe in Comparative Perspective\u201d, Gruppe 3<br><abbr title=\"Doktor\">Dr.<\/abbr> Marko Kukec<\/li>\n\n\n\n<li>Vergleichende Politikwissenschaft: Vergleichende Politikforschung &#8211;&nbsp;Parlamente im Vergleich (WS12P09), Gruppe 4<br>Martin Klausch<\/li>\n<\/ul>\n\n\n\n<hr class=\"wp-block-separator has-alpha-channel-opacity\" \/>\n\n\n\n<h3 class=\"wp-block-heading\">Wintertrimester 2022   (Lehre in Pr\u00e4senz)<\/h3>\n\n\n\n<ul class=\"wp-block-list\">\n<li>Vergleichende Politikwissenschaft: Einf\u00fchrung (WS12P09)<br><abbr title=\"Professor\">Prof.<\/abbr> <abbr title=\"Doktor\">Dr.<\/abbr> Florian Grotz<\/li>\n\n\n\n<li>Interessenvermittlung in Demokratien:&nbsp;&nbsp;&nbsp;Das intermedi\u00e4re System \u201eParteienregierungen im parlamentarischen System\u201d<br><abbr title=\"Professor\">Prof.<\/abbr> <abbr title=\"Doktor\">Dr.<\/abbr> Florian Grotz<\/li>\n\n\n\n<li>Systemtransformation: Transformationsprozesse (WS23P29)<br><abbr title=\"Professor\">Prof.<\/abbr> <abbr title=\"Doktor\">Dr.<\/abbr> Florian Grotz<\/li>\n\n\n\n<li>Interessenvermittlung in Demokratien: Das intermedi\u00e4re System \u201cVoting Behavior\u201d<br><abbr title=\"Doktor\">Dr.<\/abbr> Marko Kukec<\/li>\n\n\n\n<li>Interessenvermittlung in Demokratien: Das intermedi\u00e4re System \u201cParteien und Parteiensysteme\u201d&nbsp;<br>Martin Klausch<\/li>\n<\/ul>\n\n\n\n<hr class=\"wp-block-separator has-alpha-channel-opacity\" \/>\n\n\n\n<p><a href=\"https:\/\/www.hsu-hh.de\/verglreg\/lehre\/archiv-lehrveranstaltungen\">Link <\/a>zum Archiv weiterer Lehrveranstaltungen<\/p>\n\n\n\n<div style=\"height:65px\" aria-hidden=\"true\" class=\"wp-block-spacer\"><\/div>\n\n\n\n<h2 class=\"wp-block-heading\">Informationen f\u00fcr Studierende<\/h2>\n\n\n\n<p>Anforderungen an Referate, Link zur <a href=\"https:\/\/www.hsu-hh.de\/verglreg\/wp-content\/uploads\/sites\/740\/2018\/02\/Referate-1.pdf\">pdf<\/a><\/p>\n\n\n\n<p>Anforderungen an Hausarbeiten, Link zur <a href=\"https:\/\/www.hsu-hh.de\/verglreg\/wp-content\/uploads\/sites\/740\/2018\/02\/Hausarbeiten-1.pdf\">pdf <\/a><\/p>\n\n\n\n<div style=\"height:100px\" aria-hidden=\"true\" class=\"wp-block-spacer\"><\/div>\n\n\n\n<div style=\"height:100px\" aria-hidden=\"true\" class=\"wp-block-spacer\"><\/div>\n","protected":false},"excerpt":{"rendered":"<p>Aktuelle Lehrveranstaltungen im Wintertrimester 2026 (V) Vergleichende Politikwissenschaft: Einf\u00fchrung Dr. Johanna Schnabel Montag, 14:00 &#8211; 15:30 UhrGeb. H1, HS 1 (S) Systemtransformation: TransformationsprozesseDr. Johanna Schnabel Blockveranstaltungen:06.01.26: Di. 09:45\u00a0bis\u00a011:15 Uhr, Aulageb\u00e4ude, [&hellip;]<\/p>\n","protected":false},"author":1,"featured_media":0,"parent":0,"menu_order":0,"comment_status":"closed","ping_status":"closed","template":"","meta":{"footnotes":""},"categories":[6],"tags":[],"class_list":["post-207","page","type-page","status-publish","hentry","category-lehre"],"_links":{"self":[{"href":"https:\/\/www.hsu-hh.de\/verglreg\/wp-json\/wp\/v2\/pages\/207","targetHints":{"allow":["GET"]}}],"collection":[{"href":"https:\/\/www.hsu-hh.de\/verglreg\/wp-json\/wp\/v2\/pages"}],"about":[{"href":"https:\/\/www.hsu-hh.de\/verglreg\/wp-json\/wp\/v2\/types\/page"}],"author":[{"embeddable":true,"href":"https:\/\/www.hsu-hh.de\/verglreg\/wp-json\/wp\/v2\/users\/1"}],"replies":[{"embeddable":true,"href":"https:\/\/www.hsu-hh.de\/verglreg\/wp-json\/wp\/v2\/comments?post=207"}],"version-history":[{"count":139,"href":"https:\/\/www.hsu-hh.de\/verglreg\/wp-json\/wp\/v2\/pages\/207\/revisions"}],"predecessor-version":[{"id":2215,"href":"https:\/\/www.hsu-hh.de\/verglreg\/wp-json\/wp\/v2\/pages\/207\/revisions\/2215"}],"wp:attachment":[{"href":"https:\/\/www.hsu-hh.de\/verglreg\/wp-json\/wp\/v2\/media?parent=207"}],"wp:term":[{"taxonomy":"category","embeddable":true,"href":"https:\/\/www.hsu-hh.de\/verglreg\/wp-json\/wp\/v2\/categories?post=207"},{"taxonomy":"post_tag","embeddable":true,"href":"https:\/\/www.hsu-hh.de\/verglreg\/wp-json\/wp\/v2\/tags?post=207"}],"curies":[{"name":"wp","href":"https:\/\/api.w.org\/{rel}","templated":true}]}}