{"id":1881,"date":"2025-01-16T12:54:32","date_gmt":"2025-01-16T11:54:32","guid":{"rendered":"https:\/\/www.hsu-hh.de\/verglreg\/?page_id=1881"},"modified":"2026-03-05T13:25:54","modified_gmt":"2026-03-05T12:25:54","slug":"promovierende-abgeschlossene-dissertationen","status":"publish","type":"page","link":"https:\/\/www.hsu-hh.de\/verglreg\/team\/promovierende-abgeschlossene-dissertationen","title":{"rendered":"Promovierende \/ Abgeschlossene Dissertationen"},"content":{"rendered":"\n<div style=\"height:30px\" aria-hidden=\"true\" class=\"wp-block-spacer\"><\/div>\n\n\n\n<h2 class=\"wp-block-heading\"><em>Laufende Promotionen:<\/em><\/h2>\n\n\n\n<div style=\"height:30px\" aria-hidden=\"true\" class=\"wp-block-spacer\"><\/div>\n\n\n\n<h2 class=\"wp-block-heading\">Leon Trothe, M.A.<\/h2>\n\n\n\n<p>Helmut-Schmidt-Universit\u00e4t \/<br>Universit\u00e4t der Bundeswehr<br>Holstenhofweg 85<br>22043 Hamburg<\/p>\n\n\n\n<p>Geb\u00e4ude H1, Raum 1164<br>Telefon: +49 (0)40 6541<br>Email: <a href=\"mailto:leon.trothe@hsu-hh.de\" rel='nofollow'>leon.trothe@hsu-hh.de<\/a><\/p>\n\n\n\n<p>Dissertationsprojekt:<br>Katastrophenschutz in den Bundesl\u00e4ndern. Rechtliche-institutionelle Varianz im f\u00f6deralen System<\/p>\n\n\n\n<h3 class=\"wp-block-heading\"><strong>Forschungsinteressen<\/strong><\/h3>\n\n\n\n<ul class=\"wp-block-list\">\n<li>Krisen- und Katastrophenmanagement<\/li>\n\n\n\n<li>Vergleichende F\u00f6deralismusforschung<\/li>\n\n\n\n<li>Katastrophenschutz in der Bundesrepublik<\/li>\n\n\n\n<li>Zivil-Milit\u00e4rische Zusammenarbeit<\/li>\n<\/ul>\n\n\n\n<h3 class=\"wp-block-heading\"><strong>Werdegang<\/strong><\/h3>\n\n\n\n<p>Seit Nov. 2025: Mitarbeiter im Projekt \u201c<a href=\"https:\/\/www.hsu-hh.de\/verglreg\/gesamtverteidigung-foederale-koordination-und-zivil-militaerische-zusammenarbeit\">Gesamtverteidigung \u2013 F\u00f6derale Koordination und zivil-milit\u00e4rische Zusammenarbeit<\/a>\u201d,<br>Projektleitung&nbsp;<abbr title=\"Professor\">Prof.<\/abbr>&nbsp;<abbr title=\"Doktor\">Dr.<\/abbr>&nbsp;Florian Grotz und&nbsp;<abbr title=\"Professor\">Prof.<\/abbr>&nbsp;<abbr title=\"Doktor\">Dr.<\/abbr>&nbsp;Sylvia Veit, Helmut-Schmidt-Universit\u00e4t Hamburg<\/p>\n\n\n\n<p>Seit Mai 2025: Lehrauftrag am Wichern-Gymnasium, Teil der Stiftung des Rauhen Hauses<\/p>\n\n\n\n<p>Seit Februar 2023: Promotion am Lehrstuhl f\u00fcr Politikwissenschaft, insbesondere Vergleichende Regierungslehre, bei <abbr title=\"Professor\">Prof.<\/abbr> <abbr title=\"Doktor\">Dr.<\/abbr> Florian Grotz.<br>Thema: Katastrophenschutz in den Bundesl\u00e4ndern. Rechtliche-institutionelle Varianz im f\u00f6deralen System.<\/p>\n\n\n\n<p>Januar 2021 bis Oktober 2022: Master of Arts in Vergleichende Demokratieforschung an der Helmut-Schmidt-Universit\u00e4t.<\/p>\n\n\n\n<p>Oktober 2018 bis Januar 2021: Bachelor of Arts in Politikwissenschaften an der Helmut-Schmidt-Universit\u00e4t. Thema der BA \u2013 \u201eCorona-Krisenmanagement im kooperativen F\u00f6deralismus\u201c<\/p>\n\n\n\n<hr class=\"wp-block-separator has-alpha-channel-opacity\" \/>\n\n\n\n<h2 class=\"wp-block-heading\">Philip S\u00f6ker<\/h2>\n\n\n\n<p>Postanschrift:<br>Helmut-Schmidt-Universit\u00e4t\/Universit\u00e4t der Bundeswehr<br>Politikwissenschaft, <abbr title=\"insbesondere\">insb.<\/abbr> Vergleichende Regierungslehre<br>Holstenhofweg 85<br>22043 Hamburg<br>E-Mail:&nbsp; philipp.soeker@ipw.uni-heidelberg.de<\/p>\n\n\n\n<p><em>Lebenslauf<br><\/em>Seit 06\/2022 Referent f\u00fcr f\u00fcr Organisationsentwicklung in der Beh\u00f6rde f\u00fcr Wissenschaft, Forschung, Gleichstellung und Bezirke der Freien und Hansestadt Hamburg<br>Seit 04\/2022 Lehrbeauftragter an der Fakult\u00e4t f\u00fcr Staatswissenschaften der Leuphana Universit\u00e4t L\u00fcneburg<br>Seit 04\/2020 Lehrbeauftragter am Institut f\u00fcr Politische Wissenschaft der Ruprecht-Karls-Universit\u00e4t Heidelberg<br>12\/2021 \u2013 04\/2022 Wissenschaftlicher Mitarbeiter am Zentrum f\u00fcr technologiegest\u00fctzte Bildung (ZtB) der Helmut-Schmidt-Universit\u00e4t \/ Universit\u00e4t der Bundeswehr Hamburg<br>10\/2019 \u2013 06\/2021 Grundsatzreferent im Umweltdezernat der Stadt Mannheim<br>10\/2017 \u2013 09\/2019 Master of Arts Politikwissenschaft mit Schwerpunkt vergleichende Konfliktanalyse und internationale Ordnungspolitik, Ruprecht-Karls-Universit\u00e4t Heidelberg<br>08\/2016 \u2013 07\/2017 Referent im Gesch\u00e4ftsbereich Politik und Kommunikation der Techniker Krankenkasse<br>10\/2012 \u2013 09\/2016 Bachelor of Arts Politikwissenschaft und Unternehmens- &amp; Wirtschaftsrecht, Leuphana Universit\u00e4t L\u00fcneburg, Abschluss \u201emit Auszeichnung\u201c<\/p>\n\n\n\n<p><em>Dissertationsprojekt<\/em><br>\u00dcber den Einfluss politischer F\u00fchrungsstile auf Verhandlungsergebnisse<\/p>\n\n\n\n<p><em>Forschungsschwerpunkte<br><\/em>\u00b7&nbsp;&nbsp;&nbsp;&nbsp;&nbsp;&nbsp;&nbsp;&nbsp; Politische Psychologie<br>\u00b7&nbsp;&nbsp;&nbsp;&nbsp;&nbsp;&nbsp;&nbsp;&nbsp; Leadership<br>\u00b7&nbsp;&nbsp;&nbsp;&nbsp;&nbsp;&nbsp;&nbsp;&nbsp; Politische Verhandlungen<br>\u00b7&nbsp;&nbsp;&nbsp;&nbsp;&nbsp;&nbsp;&nbsp;&nbsp; Vergleichende Exekutivforschung<\/p>\n\n\n\n<p><em>Publikationen<br><\/em>(K)Eine Frage des F\u00fchrungsstils?, in: Zeitschrift f\u00fcr Internationale Beziehungen 28 (1) 2021, S. 68-100. doi: 10.5771\/0946-7165-2021-1-68<\/p>\n\n\n\n<p>What kind of political leader is Kamala Harris? International Politics and Society, 17.08.2020. URL: https:\/\/www.ips-journal.eu\/regions\/north-america\/what-kind-of-political-leader-is-kamala-harris-4574\/<\/p>\n\n\n\n<hr class=\"wp-block-separator has-alpha-channel-opacity\" \/>\n\n\n\n<h2 class=\"wp-block-heading\">Angelika Kretschmer, M.A.<\/h2>\n\n\n\n<p>Postanschrift:<br>Helmut-Schmidt-Universit\u00e4t \/ Universit\u00e4t der Bundeswehr<br>Holstenhofweg 85<br>22043 Hamburg<br>E-Mail: kretschmer@hsu-hh.de<\/p>\n\n\n\n<p><em>Lebenslauf<\/em><br>April 2013 bis September 2018: Wissenschaftliche Mitarbeiterin an der Professur f\u00fcr Vergleichende Regierungslehre, Institut f\u00fcr Politikwissenschaft der Helmut Schmidt Universit\u00e4t Hamburg.<\/p>\n\n\n\n<p>Mai 2012 bis M\u00e4rz 2013: Studentische <abbr title=\"beziehungsweise\">bzw.<\/abbr> Wissenschaftliche Hilfskraft am Zentralinstitut f\u00fcr Regionenforschung, Friedrich-Alexander-Universit\u00e4t Erlangen-N\u00fcrnberg.<\/p>\n\n\n\n<p>Feburar bis April 2012: Praktikum beim Klimasekretariat der Vereinten Nationen (UNFCCC), Bonn: Adaptation Programme (Anpassung an den Klimawandel).<\/p>\n\n\n\n<p>September bis April 2011: Teilnahme an National Model United Nations mit der FAUMUN-Delegation der FAU Erlangen-N\u00fcrnberg.<\/p>\n\n\n\n<p>Oktober bis November 2010: Praktikum beim Institut f\u00fcr Friedensforschung und Sicherheitspolitik (IFSH), Hamburg (Projekt zu Menschenrechten und Terrorismusbek\u00e4mpfung).<\/p>\n\n\n\n<p>Januar bis M\u00e4rz 2010: Hospitation im ZDF-Auslandsstudio Paris.<\/p>\n\n\n\n<p>August 2009 bis Januar 2010: Auslandsaufenthalt am Institut d\u2019\u00c9tudes Politiques in Rennes, Frankreich.<\/p>\n\n\n\n<p>Februar bis April 2009: Praktikum in der Forschungsgruppe des Bundesamtes f\u00fcr Migration und Fl\u00fcchtlinge (BAMF), N\u00fcrnberg.<\/p>\n\n\n\n<p>Feburar 2007 bis September 2012: Freie Mitarbeit und diverse Praktika bei der Roth-Hilpoltsteiner Volkszeitung (Lokalausgabe der N\u00fcrnberger Nachrichten).<\/p>\n\n\n\n<p>Oktober 2006 bis August 2012: Studium der Politikwissenschaft (Diplomstudiengang) mit Studienschwerpunkt Nordamerikastudien an der Friedrich-Alexander-Universit\u00e4t Erlangen-N\u00fcrnberg.<\/p>\n\n\n\n<p><em>Dissertationsprojekt<\/em><br>Arbeitstitel: Parteien und Dezentralisierungsreformen in Mittel- und Osteuropa<\/p>\n\n\n\n<p><em>Forschungsschwerpunkte<\/em><br>Dezentralisierung und F\u00f6deralismusforschung<br>Parteien und Parteiensysteme<br>Governance-Strukturen der EU<br>Internationale\/Regionale Schwerpunkte: Europ\u00e4ische Union, Vereinte Nationen<\/p>\n\n\n\n<p><em>Publikationen<\/em><br>Facetten des deutschen Euroskeptizismus: Eine qualitative Analyse der deutschen Wahlprogramme zur Europawahl 2014, in: Zeitschrift f\u00fcr Parlamentsfragen 47 (2) 2016,&nbsp;S. 285-304 (mit J\u00f6rn Ketelhut, Marcel Lewandowsky und L\u00e9a Roger).<\/p>\n\n\n\n<p>Die Europ\u00e4ische Union, in: Grimmel, Andreas\/Jakobeit, Cord (<abbr title=\"Herausgeber\">Hrsg.<\/abbr>): Regionale Integration. Erkl\u00e4rungsans\u00e4tze und Analysen zu den wichtigsten Integrationszusammenschl\u00fcssen in der Welt. Baden-Baden: Nomos 2015, S. 111-145 (mit Florian Grotz).<\/p>\n\n\n\n<p>Hat die Klimadiplomatie ausgedient?, in: Winzer, Jan-Erik (<abbr title=\"Herausgeber\">Hrsg.<\/abbr>): Globale Klimapolitik und kommunale Initiative. Klimapartnerschaft Potsdam \u2013 Sansibar-Town. Potsdam: WeltTrends 2013, S. 15-24.<\/p>\n\n\n\n<p>Klimadiplomatie gescheitert?, in: WeltTrends, Zeitschrift f\u00fcr Internationale Politik 89, M\u00e4rz\/April 2013, S. 92-97.<\/p>\n\n\n\n<p>Konferenzpapier<br>\u201eParties and Decentralization Reforms in Central and Eastern Europe\u201c, vorgestellt auf dem 24. Weltkongress der International Political Science Association (IPSA), Posen\/Polen, 23.-18.07.2016 (gef\u00f6rdert mit einem Kongressreisen-Stipendium des DAAD).<\/p>\n\n\n\n<hr class=\"wp-block-separator has-alpha-channel-opacity\" \/>\n\n\n\n<div style=\"height:31px\" aria-hidden=\"true\" class=\"wp-block-spacer\"><\/div>\n\n\n\n<h2 class=\"wp-block-heading\">Abgeschlossene Dissertationen:<\/h2>\n\n\n\n<div style=\"height:38px\" aria-hidden=\"true\" class=\"wp-block-spacer\"><\/div>\n\n\n\n<h2 class=\"wp-block-heading\">Martin Klausch, M.Ed.<\/h2>\n\n\n\n<p>Postanschrift:<br>Helmut-Schmidt-Universit\u00e4t \/ Universit\u00e4t der Bundeswehr<br>Holstenhofweg 85<br>22043 Hamburg<\/p>\n\n\n\n<p>E-Mail: martin.klausch@hsu-hh.de<\/p>\n\n\n\n<p><em>Dissertationsprojekt:<\/em><br>\u201eKommunale Spitzenverb\u00e4nde in Gesetzgebungsprozessen\u201c<\/p>\n\n\n\n<hr class=\"wp-block-separator has-alpha-channel-opacity\" \/>\n\n\n\n<h2 class=\"wp-block-heading\">Jessica Noll, M.A.<\/h2>\n\n\n\n<p><br>E-Mail: nollj@hsu-hh.de<\/p>\n\n\n\n<p><em>Promotionsvorhaben:<\/em><br>\u201eThe Armed Forces\u2019 Enduring Power in Egypt since 1952\u201c<\/p>\n\n\n\n<p>Forschungsschwerpunkte:<br>\u2013 Zivil-milit\u00e4rische Beziehungen<br>\u2013 Naher und Mittlerer Osten, speziell \u00c4gypten<\/p>\n\n\n\n<p>Curriculum Vitae:<\/p>\n\n\n\n<p>Seit Dez. 2024 wissenschaftliche Mitarbeiterin am IFSH Hamburg im Projekt \u201eImpact Hub \u2013 Integrierte Wirkf\u00e4higkeit von integriertem Friedensengagement.\u201c<br><br>04.2020-03.2024 Leiterin des Projekts \u201e<a href=\"https:\/\/ifsh.de\/forschung\/europaeische-sicherheit\/ssr-hub\" rel='nofollow'>Forschungs- und Transferstelle Sicherheitssektorreform (SSR-Hub)<\/a>,\u201c das vom Ausw\u00e4rtigen Amt (AA) gef\u00f6rdert wurde (IFSH Hamburg)<br><br>Seit Dez 2018: Promotionsstipendiatin der FAZIT-Stiftung<\/p>\n\n\n\n<p>Okt 2017 \u2013 Mai 2018 Gastwissenschaftlerin Project on Middle East Democracy (POMED), Washington D.C. (gef\u00f6rdert durch DAAD und ZEIT-Stiftung)<\/p>\n\n\n\n<p>2017 \u2013 2018 Promotionsstipendiatin des Forums Ebenhausen der Stiftung Wissenschaft und Politik (SWP), Berlin<\/p>\n\n\n\n<p>2014 \u2013 2016 Forschungsassistentin in der Forschungsgruppe Naher\/Mittlerer Osten und Afrika der Stiftung Wissenschaft und Politik (SWP), Berlin<br>2013 M.A. Public Economics, Law and Politics, Leuphana Universit\u00e4t L\u00fcneburg<br>2013 Mitarbeit im Projekt \u00bbMittelmeersolarplan \u2013 Technologie Kooperation\u00ab, Deutsche Gesellschaft f\u00fcr Internationale Zusammenarbeit (GIZ), Berlin<br>2012 \u2013 2013 Referentin f\u00fcr Nordafrika bei der Deutsch-Arabischen Industrie- und Handelskammer, Berlin<br>2011 \u2013 2012 Wissenschaftliche Hilfskraft, German Institute of Global and Area Studies (GIGA), Hamburg<br>2010 B.A. in Politikwissenschaft und Arabisch-Islamische Kultur, Westf\u00e4lische Wilhelms-Universit\u00e4t M\u00fcnster<br>2009 \u2013 2010 Sprach- und Forschungsaufenthalt in Kairo\/\u00c4gypten<\/p>\n\n\n\n<p>Publikationen:<\/p>\n\n\n\n<p>Noll, Jessica 2019: \u201eFighting Corruption or Protecting the Regime? Egypt\u2019s Administrative Control Authority\u201c, Washington D.C.: Project on Middle East Democracy. <a href=\"https:\/\/pomed.org\/wp-content\/uploads\/2019\/02\/POMED_ACAreport_FINAL.pdf\" rel='nofollow'>Link<\/a><\/p>\n\n\n\n<p>Noll, Jessica 2017: \u201e\u00c4gyptens Milit\u00e4r zementiert seine \u00f6konomische Macht. Die wirtschaftliche Expansion der Streitkr\u00e4fte verhindert Strukturreformen im Land\u201c, SWP-Aktuell, 2017\/A 07, Februar 2017. <a href=\"https:\/\/www.swp-berlin.org\/fileadmin\/contents\/products\/aktuell\/2017A07_noj.pdf\" rel='nofollow'>Link<\/a><\/p>\n\n\n\n<p>Noll, Jessica\/Roll, Stephan 2016: \u201eDie H\u00fcter ihres Staates: die Milit\u00e4rs und ihre Herrschaft in \u00c4gypten\u201d Informationen zur politischen Bildung: Naher Osten. 3-4\/2016, Nr. 331, S. 34. <a href=\"http:\/\/www.bpb.de\/system\/files\/dokument_pdf\/BPB_620-16_IzpB%20331_Naher%20Osten_barrierefrei_2016-12-12.pdf\" rel='nofollow'>Link<\/a><\/p>\n\n\n\n<p>Noll, Jessica\/Roll, Stephan 2015: \u201eVom Jemen-Krieg zur gemeinsamen Armee? \u00c4gyptisch-saudische Differenzen \u00fcber arabische Milit\u00e4rkooperation\u201c, SWP-Aktuell, 2015\/A 47, April 2015. <a href=\"https:\/\/www.swp-berlin.org\/fileadmin\/contents\/products\/aktuell\/2015A47_rll_noj.pdf\" rel='nofollow'>Link<\/a><\/p>\n\n\n\n<hr class=\"wp-block-separator has-alpha-channel-opacity\" \/>\n\n\n\n<p><strong><abbr title=\"Doktor\">Dr.<\/abbr> Henrike Wehrkamp<\/strong><\/p>\n\n\n\n<p>Kontakt:&nbsp; wehrkamp@leuphana.de<\/p>\n\n\n\n<p><em>Lebenslauf<\/em><br>Seit August 2021 Referentin \u201eRegionale Perspektiven\u201c bei Career Service der Leuphana Universit\u00e4t L\u00fcneburg<br>Seit Mai 2020 Fraktionsvorsitzende der Gr\u00fcnen Bezirksfraktion Hamburg-MitteApril 2020 bis Januar 2021 Referentin f\u00fcr Wissenschaftsmanagement an der Fakult\u00e4t Wirtschaftswissenschaften der Leuphana Universit\u00e4t L\u00fcneburg<\/p>\n\n\n\n<p>Januar 2017 bis Januar 2020: Stipendiatin im Promotionsprogramm \u201eDemokratie unter Stress\u201c am Zentrum f\u00fcr Demokratieforschung, Institut f\u00fcr Politikwissenschaft der Leuphana Universit\u00e4t L\u00fcneburg.<\/p>\n\n\n\n<p>Januar 2016 bis Dezember 2016: Wissenschaftliche Mitarbeiterin an der Professur f\u00fcr Vergleichende Regierungslehre, Institut f\u00fcr Politikwissenschaft der Helmut Schmidt Universit\u00e4t Hamburg.<\/p>\n\n\n\n<p>Dezember 2014 bis Dezember 2015: Forschungsstipendiatin der Bonner Akademie f\u00fcr Forschung und Lehre praktischer Politik (BAPP).<br>Februar 2014 bis Dezember 2015: Wissenschaftliche Hilfskraft <abbr title=\"beziehungsweise\">bzw.<\/abbr> Mitarbeiterin an der Professur f\u00fcr Vergleichende Regierungslehre, Institut f\u00fcr Politikwissenschaft der Helmut Schmidt Universit\u00e4t Hamburg.<\/p>\n\n\n\n<p><em>Dissertationsprojekt:<\/em><br>Leadership: Eine Frage der Pers\u00f6nlichkeit? Ein Vergleich des F\u00fchrungshandelns von Bundeskanzlerin Merkel angesichts der W\u00e4hrungs- und Migrationskrise<\/p>\n\n\n\n<p><em>Forschungsschwerpunkte:<\/em><br>Politische Psychologie<br>Leadership<br>Vergleichende Exekutivforschung<br>Internationale\/Regionale Schwerpunkte: Europ\u00e4ische Union, Deutschland<\/p>\n\n\n\n<p><em>Publikationen<\/em><br>Verwaltungsstrukturreformen in den deutschen L\u00e4ndern. Die Entwicklung der staatlichen Kernverwaltung im L\u00e4ndervergleich. Wiesbaden: VS Verlag 2017 (mit Florian Grotz, Alexander G\u00f6tz, Marcel Lewandowsky).<\/p>\n\n\n\n<p>Leadership: Eine Frage der Pers\u00f6nlichkeit? Kanzlerin Angela Merkels F\u00fchrungshandeln in Krisen. Wiesbaden: VS Verlag 2021.<\/p>\n\n\n\n<p>_______________________________________________________________________________________<\/p>\n\n\n\n<p><strong><abbr title=\"Doktor\">Dr.<\/abbr> Jessica Kunert<\/strong><\/p>\n\n\n\n<p>Kontakt: Johannes Gutenberg Universit\u00e4t Mainz<\/p>\n\n\n\n<p><em>Curriculum Vitae:<\/em><br>Seit Dezember 2018: Wissenschaftliche Mitarbeiterin an der Professur f\u00fcr Kommunikationswissenschaft, insbes. Klima- und Wissenschaftskommunikation der Universit\u00e4t Hamburg<br>Januar 2016 bis November 2018: Wissenschaftliche Mitarbeiterin an der Professur f\u00fcr Computational Journalism der Ludwig-Maximilians-Universit\u00e4t M\u00fcnche<br>August 2015 bis Januar 2016: Wissenschaftliche Mitarbeiterin an der Professur f\u00fcr Vergleichende Regierungslehre, Institut f\u00fcr Politikwissenschaft der Helmut Schmidt Universit\u00e4t Hamburg.<br>Oktober 2012 bis M\u00e4rz 2013: Visiting Research Student an der London School of Economics and Political Science (Gro\u00dfbritannien), am Government Department, bei <abbr title=\"Professor\">Prof.<\/abbr> <abbr title=\"Doktor\">Dr.<\/abbr> Simon Hix.<br>August 2012 bis Juli 2015: Promotionsstipendiatin am Zentrum f\u00fcr Demokratieforschung an der Leuphana Universit\u00e4t L\u00fcneburg, Lehrstuhl \u201ePolitisches System der Bundesrepublik Deutschland\u201c (Promotionsverfahren abgeschlossen).<br>Promotion zum <abbr title=\"Doktor\">Dr.<\/abbr> <abbr title=\"rerum\">rer.<\/abbr> <abbr title=\"politicarum\">pol.<\/abbr> am Zentrum f\u00fcr Demokratieforschung der Leuphana Universit\u00e4t L\u00fcneburg;<br>Titel der Arbeit: \u201eMEPs on the Web. Transparency, Information and Representation on Personal Websites of Parliamentarians\u201c (erschienen 2016 bei NOMOS)<br>M\u00e4rz 2012: Gewinn der \u201eThesis Competition\u201c um die beste Masterarbeit auf der General Online Research Conference 2012 in Mannheim.<br>Februar 2012 bis Juli 2015: Promotionsstudentin am Zentrum f\u00fcr Demokratieforschung an der Leuphana Universit\u00e4t L\u00fcneburg, bei <abbr title=\"Professor\">Prof.<\/abbr> <abbr title=\"Doktor\">Dr.<\/abbr> Florian Grotz (Promotionsverfahren abgeschlossen).<br>Oktober 2010 bis September 2011: Master of Science \u201ePolitics and Government in the European Union\u201c an London School of Economics and Political Science (Gro\u00dfbritannien), Abschluss \u201ewith distinction\u201c (\u201emit Auszeichnung\u201c).<br>Mai 2009 bis Juni 2010: Studentische Mitarbeiterin (Bereich digitale interaktive Medien) am Hans-Bredow-Institut f\u00fcr Medienforschung in Hamburg.<br>Oktober 2007 bis August 2010: Bachelor of Arts \u201ePolitikwissenschaft\u201c an der Universit\u00e4t Hamburg, Abschluss mit 1,4 (\u201esehr gut\u201c).<\/p>\n\n\n\n<p><em>Forschungssschwerpunkte:<\/em><br>Europ\u00e4ische Union<br>Digitale Demokratie<br>Digitalisierung im Journalismus durch Daten und Algorithmen<br>Gesellschaftliche Auswirkungen digitaler Kommunikation<br>Sportkommunikation und Sportjournalismus<\/p>\n\n\n\n<p><em>Publikationen:<\/em><br>I. Journal-Beitr\u00e4ge (peer-reviewed)<br>Koliska, M., Thurman, N., Stares, S., &amp; Kunert J. (2021). Exploring audience perceptions of, and preferences for, online news videos. Journalism Studies. Online first.<br>Kunert, J. (2021). The footy girls of Tumblr: How women found their niche in the online football fandom. Communication &amp; Sport, 9(2), 243\u2013263.<br>Schallhorn, C. &amp; Kunert, J. (2020). Football without football: Creativity in German football coverage by TV broadcasters and clubs during the Coronavirus crisis. International Journal of Sport Communication, 13(3), 514\u2013525.<br>Kunert, J. (2020). Automation in sports reporting: Strategies of data providers, software providers, and media outlets regarding automation and data use in German sports reporting. Media and Communication, 8(3), 5\u201315.<br>Thurman, N., Lewis, S., &amp; Kunert, J. (2019). Algorithms, automation, and news. Introduction. Digital Journalism, 7(8), 980\u2013992.<br>Kunert, J. &amp; Thurman, N. (2019). The form of content personalisation at mainstream, transatlantic news outlets: 2010-2016. Journalism Practice, 13(7), 759\u2013780.<br>Thurman, N., D\u00f6rr, K., &amp; Kunert, J. (2017). Journalists get hands-on with robo-writing. Professionals consider news automation\u2019s capabilities and consequences. Digital Journalism, 5(10), 1240\u20131259.<br>Kunert, J. (2016). Informations- und Transparenzelemente auf den pers\u00f6nlichen Webseiten der Mitglieder des Europ\u00e4ischen Parlaments. Zeitschrift f\u00fcr Vergleichende Politikwissenschaft, 10(Suppl. 2), 41\u201365.<\/p>\n\n\n\n<p>II. Buchkapitel<br>9Schallhorn, C. &amp; Kunert, J. (in press). Zwischen Fu\u00dfballlust und Fu\u00dfballfrust: Die Mediensportrealit\u00e4t w\u00e4hrend der COVID-19-Pandemie. In: T. Horky &amp; J.-U. Nieland (Eds.). COVID-19 und die Sportkommunikation. Der Einfluss der Corona-Pandemie auf Sport, Medien und Journalismus. Wiesbaden: Springer VS.<br>Kunert, J. &amp; Duncan, S. (in press). Automated Sports Journalism. In: P. Pedersen (Ed.). Encyclopedia of Sport Management. Cheltenham: Edward Elgar.<br>Kunert, J. (2019). Journalists, meet your new colleague algorithm: The impact of automation on content distribution and content creation in the newsroom. In T. Osburg &amp; S. Heinecke (Eds.). Media trust in a digital world (pp. 135\u2013148). Wiesbaden: Springer.<br>Kunert, J. &amp; Schmidt, J. (2011). Hub, Fine-Tuner oder Business as Usual? Social Network Sites und die Bundestagswahl 2009. In: E. J. Schweitzer &amp; S. Albrecht (Eds.). Das Internet im Wahlkampf. Analysen zur Bundestagswahl 2009 (pp. 226\u2013243). Wiesbaden: VS Verlag f\u00fcr Sozialwissenschaften.<\/p>\n\n\n\n<p>III. Monographien<br>Kunert, J. (2016): Members of the European Parliament on the web. Transparency, information and representation on personal websites of parliamentarians. Baden-Baden: Nomos.<\/p>\n\n\n\n<p>IV. Herausgeberschaften<br>Thurman, N., Lewis, S., &amp; Kunert, J. (Eds.). (in press). Algorithms, automation, and news. Capabilities, cases, and consequences. London: Routledge.<br>Thurman, N., Lewis, S., &amp; Kunert, J. (Eds.). (2019). Algorithms, automation, and news [Special issue]. Digital Journalism, 7(8), 980\u20131190.<\/p>\n\n\n\n<p>V. Reports<br>Thurman, N. &amp; Kunert, J. (2016). Country report: Journalists in the United Kingdom. Worlds of Journalism Study. Online verf\u00fcgbar: https:\/\/epub.ub.uni-muenchen.de\/30989\/1\/Country_report_UK.pdf.<br>Thurman, N., Cornia, A. &amp; Kunert, J. (2016). Journalists in the UK. Oxford: Reuters Institute Reuters Institute for the Study of Journalism.<\/p>\n\n\n\n<p>Website \u2013 <a href=\"http:\/\/www.politikwissenschaftlerin.de\" rel='nofollow'>http:\/\/www.politikwissenschaftlerin.de<\/a><\/p>\n\n\n\n<hr class=\"wp-block-separator has-alpha-channel-opacity\" \/>\n\n\n\n<p><strong><abbr title=\"Doktor\">Dr.<\/abbr> Hao Ju<\/strong><\/p>\n\n\n\n<p>PhD candidate at Graduate school of global politics, Free University of Berlin<\/p>\n\n\n\n<p>Curriculum Vitae:<br>03\/2011-10\/2011: Chief Participant: Research of Political Parties and Political Thoughts in Eastern Europe since the 20th Century (National Social Science Fund Program, Project Number: 06BKS026).<br>04\/2011-09\/2011: Chief Participant: Comparative Research of Political Development between Transition Countries (Subject of the program for New Century Excellent, funded and supported by Chinese Ministry of Education).<br>09\/2010-10\/2010: Participant: Survey of Citizens\u2019 Opinion with Jinan Public Utilities Reform (Funded by and cooperated with Jinan Public Utility Bureau).<br>03\/2010-05\/2010: Participant: Research on History of Chinese political thoughts (Program of National 12th Five-Year Plan on Political Science).<br>12\/2009-04\/2010: Participant: Administrative Institution Supply in Cross-region Governance between Local Governments \u2013 Research of the Blue Economic Zone in Shandong Peninsula (Program of Independent innovation fund in Shandong University).<br>2009-2012: M.A. Shandong University (SDU), China, Politics in Central and Eastern Europe.<br>07\/2007-08\/2007: Program Organizer: Survey of the New Rural Cooperative Medical System in Jiyang City (organized the whole program, won a research funding from SDU).<br>2005-2009: B.A. Shandong University (SDU), China, Political Science and Administrative Science.<\/p>\n\n\n\n<p>Research Interests:<br>Party politics, electoral study and political transition in central and eastern Europe countries<\/p>\n\n\n\n<p>Publications:<br>Hao Ju and Lei Fang. Changes of the Political Parties in Central and Eastern Europe under Europeanization. Chinese Journal of European Studies, 2011(4).<br>Tingting Miao and Hao Ju. Comparision of Horizontal Cooperation between Local Governments in China and the US. Journal of Shandong Administrative College, 2011(6).<br>Hao Ju and Lei Fang. Nationalism and Orientation of Nationalist Parties in the Social Transformation of Eastern Europe. presented at the conference \u201cSocial Transformation and Political Identity\u201d, Zhongshan University, September 24-26, 2011.<br>Lei Fang and Hao Ju. Multiplicity of Nationalism in Eastern Europe. presented at the Forum \u201cCentral and Eastern Europe International Forum\u201d, \u200eChinese Academy of Social Sciences, September 22-23, 2011.<br>Hao Ju. Changes of the Political Parties in Central and Eastern Europe during Europeanization. Journal of Shandong University Postgraduate Student, 2011(2).<\/p>\n","protected":false},"excerpt":{"rendered":"<p>Laufende Promotionen: Leon Trothe, M.A. Helmut-Schmidt-Universit\u00e4t \/Universit\u00e4t der BundeswehrHolstenhofweg 8522043 Hamburg Geb\u00e4ude H1, Raum 1164Telefon: +49 (0)40 6541Email: leon.trothe@hsu-hh.de Dissertationsprojekt:Katastrophenschutz in den Bundesl\u00e4ndern. Rechtliche-institutionelle Varianz im f\u00f6deralen System Forschungsinteressen Werdegang [&hellip;]<\/p>\n","protected":false},"author":138,"featured_media":0,"parent":46,"menu_order":0,"comment_status":"closed","ping_status":"closed","template":"","meta":{"footnotes":""},"categories":[8],"tags":[],"class_list":["post-1881","page","type-page","status-publish","hentry","category-team"],"_links":{"self":[{"href":"https:\/\/www.hsu-hh.de\/verglreg\/wp-json\/wp\/v2\/pages\/1881","targetHints":{"allow":["GET"]}}],"collection":[{"href":"https:\/\/www.hsu-hh.de\/verglreg\/wp-json\/wp\/v2\/pages"}],"about":[{"href":"https:\/\/www.hsu-hh.de\/verglreg\/wp-json\/wp\/v2\/types\/page"}],"author":[{"embeddable":true,"href":"https:\/\/www.hsu-hh.de\/verglreg\/wp-json\/wp\/v2\/users\/138"}],"replies":[{"embeddable":true,"href":"https:\/\/www.hsu-hh.de\/verglreg\/wp-json\/wp\/v2\/comments?post=1881"}],"version-history":[{"count":10,"href":"https:\/\/www.hsu-hh.de\/verglreg\/wp-json\/wp\/v2\/pages\/1881\/revisions"}],"predecessor-version":[{"id":2270,"href":"https:\/\/www.hsu-hh.de\/verglreg\/wp-json\/wp\/v2\/pages\/1881\/revisions\/2270"}],"up":[{"embeddable":true,"href":"https:\/\/www.hsu-hh.de\/verglreg\/wp-json\/wp\/v2\/pages\/46"}],"wp:attachment":[{"href":"https:\/\/www.hsu-hh.de\/verglreg\/wp-json\/wp\/v2\/media?parent=1881"}],"wp:term":[{"taxonomy":"category","embeddable":true,"href":"https:\/\/www.hsu-hh.de\/verglreg\/wp-json\/wp\/v2\/categories?post=1881"},{"taxonomy":"post_tag","embeddable":true,"href":"https:\/\/www.hsu-hh.de\/verglreg\/wp-json\/wp\/v2\/tags?post=1881"}],"curies":[{"name":"wp","href":"https:\/\/api.w.org\/{rel}","templated":true}]}}