{"id":1870,"date":"2025-01-16T12:54:55","date_gmt":"2025-01-16T11:54:55","guid":{"rendered":"https:\/\/www.hsu-hh.de\/verglreg\/?page_id=1870"},"modified":"2025-10-02T08:58:44","modified_gmt":"2025-10-02T06:58:44","slug":"soldatische-hilfskraefte","status":"publish","type":"page","link":"https:\/\/www.hsu-hh.de\/verglreg\/soldatische-hilfskraefte","title":{"rendered":"Soldatische Hilfskr\u00e4fte"},"content":{"rendered":"\n<div style=\"height:40px\" aria-hidden=\"true\" class=\"wp-block-spacer\"><\/div>\n\n\n\n<p><strong>Tilman Anke<\/strong><br>Geb\u00e4ude H1, Raum: 1164<\/p>\n\n\n\n<div style=\"height:40px\" aria-hidden=\"true\" class=\"wp-block-spacer\"><\/div>\n\n\n\n<p><strong>Tim-Niklas Anger<\/strong><br>Geb\u00e4ude H1, Raum: 1164<\/p>\n\n\n\n<div style=\"height:40px\" aria-hidden=\"true\" class=\"wp-block-spacer\"><\/div>\n\n\n\n<p><strong>Mathis Gayk<br><\/strong>Geb\u00e4ude H1, Raum: 1164<\/p>\n","protected":false},"excerpt":{"rendered":"<p>Tilman AnkeGeb\u00e4ude H1, Raum: 1164 Tim-Niklas AngerGeb\u00e4ude H1, Raum: 1164 Mathis GaykGeb\u00e4ude H1, Raum: 1164<\/p>\n","protected":false},"author":138,"featured_media":0,"parent":0,"menu_order":0,"comment_status":"closed","ping_status":"closed","template":"","meta":{"footnotes":""},"categories":[8],"tags":[],"class_list":["post-1870","page","type-page","status-publish","hentry","category-team"],"_links":{"self":[{"href":"https:\/\/www.hsu-hh.de\/verglreg\/wp-json\/wp\/v2\/pages\/1870","targetHints":{"allow":["GET"]}}],"collection":[{"href":"https:\/\/www.hsu-hh.de\/verglreg\/wp-json\/wp\/v2\/pages"}],"about":[{"href":"https:\/\/www.hsu-hh.de\/verglreg\/wp-json\/wp\/v2\/types\/page"}],"author":[{"embeddable":true,"href":"https:\/\/www.hsu-hh.de\/verglreg\/wp-json\/wp\/v2\/users\/138"}],"replies":[{"embeddable":true,"href":"https:\/\/www.hsu-hh.de\/verglreg\/wp-json\/wp\/v2\/comments?post=1870"}],"version-history":[{"count":6,"href":"https:\/\/www.hsu-hh.de\/verglreg\/wp-json\/wp\/v2\/pages\/1870\/revisions"}],"predecessor-version":[{"id":2091,"href":"https:\/\/www.hsu-hh.de\/verglreg\/wp-json\/wp\/v2\/pages\/1870\/revisions\/2091"}],"wp:attachment":[{"href":"https:\/\/www.hsu-hh.de\/verglreg\/wp-json\/wp\/v2\/media?parent=1870"}],"wp:term":[{"taxonomy":"category","embeddable":true,"href":"https:\/\/www.hsu-hh.de\/verglreg\/wp-json\/wp\/v2\/categories?post=1870"},{"taxonomy":"post_tag","embeddable":true,"href":"https:\/\/www.hsu-hh.de\/verglreg\/wp-json\/wp\/v2\/tags?post=1870"}],"curies":[{"name":"wp","href":"https:\/\/api.w.org\/{rel}","templated":true}]}}