{"id":170,"date":"2017-11-07T11:23:32","date_gmt":"2017-11-07T10:23:32","guid":{"rendered":"https:\/\/www.hsu-hh.de\/verglreg\/?page_id=170"},"modified":"2025-11-20T11:12:27","modified_gmt":"2025-11-20T10:12:27","slug":"forschung","status":"publish","type":"page","link":"https:\/\/www.hsu-hh.de\/verglreg\/forschung","title":{"rendered":"Forschung"},"content":{"rendered":"\n<div style=\"height:44px\" aria-hidden=\"true\" class=\"wp-block-spacer\"><\/div>\n\n\n\n<h2 class=\"wp-block-heading\">Forschungsschwerpunkte:<\/h2>\n\n\n\n<ul class=\"wp-block-list\">\n<li>Innenpolitik der Bundesrepublik Deutschland<\/li>\n\n\n\n<li>Politische Institutionen im Rahmen der Europ\u00e4ischen Union<\/li>\n\n\n\n<li>Wahl-, Regierungs- und Parteiensysteme im internationalen Vergleich<\/li>\n<\/ul>\n\n\n\n<hr class=\"wp-block-separator has-alpha-channel-opacity\" \/>\n\n\n\n<div style=\"height:21px\" aria-hidden=\"true\" class=\"wp-block-spacer\"><\/div>\n\n\n\n<h2 class=\"wp-block-heading\">Aktuelle Projekte:<\/h2>\n\n\n\n<p><strong><a href=\"https:\/\/www.hsu-hh.de\/verglreg\/gesamtverteidigung-foederale-koordination-und-zivil-militaerische-zusammenarbeit\">Gesamtverteidigung \u2013 F\u00f6derale Koordination und zivil-milit\u00e4rische Zusammenarbeit<\/a><\/strong><\/p>\n\n\n\n<div style=\"height:33px\" aria-hidden=\"true\" class=\"wp-block-spacer\"><\/div>\n\n\n\n<hr class=\"wp-block-separator has-alpha-channel-opacity\" \/>\n\n\n\n<div style=\"height:23px\" aria-hidden=\"true\" class=\"wp-block-spacer\"><\/div>\n\n\n\n<h2 class=\"wp-block-heading\">Abgeschlossene Forschungsprojekte:<\/h2>\n\n\n\n<div style=\"height:40px\" aria-hidden=\"true\" class=\"wp-block-spacer\"><\/div>\n\n\n\n<p><a href=\"https:\/\/www.leuphana.de\/zentren\/zdemo\/forschung\/drittmittelprojekte\/dfg-karriereprofile-und-politische-performanz-von-premierministern-in-mittel-und-osteuropaeischen-demokratien.html\" rel='nofollow'>Karriereprofile und politische Performanz von Premierministern in mittel- und osteurop\u00e4ischen Demokratien<\/a><\/p>\n\n\n\n<p><a href=\"https:\/\/www.hsu-hh.de\/verglreg\/mehr-demokratie-durch-demokratische-innovationen-die-veraenderung-politischer-gleichheit-durch-neue-beteiligungsformate?\">Mehr Demokratie durch demokratische Innovationen? Die Ver\u00e4nderung politischer Gleichheit durch neue Beteiligungsformate<\/a><\/p>\n\n\n\n<p><a href=\"https:\/\/www.hsu-hh.de\/verglreg\/protektionismus-und-rechtspopulismus-im-europaeischen-vergleich?\">Protektionismus und Rechtspopulismus im europ\u00e4ischen Vergleich<\/a><\/p>\n\n\n\n<p><a href=\"https:\/\/www.hsu-hh.de\/verglreg\/agenda-setting-oder-agenda-kontrolle-die-praeferenzen-der-buerger-fuer-direktdemokratische-institutionen-in-deutschland?\">Agenda-Setting oder Agenda-Kontrolle? Die Pr\u00e4ferenzen der B\u00fcrger f\u00fcr direktdemokratische Institutionen in Deutschland<\/a><\/p>\n\n\n\n<p><a href=\"https:\/\/www.hsu-hh.de\/verglreg\/populismus-als-einstellungsmerkmal-politischer-eliten-in-parteiendemokratien-die-afd-im-westeuropaeischen-vergleich?\">Populismus als Einstellungsmerkmal politischer Eliten in Parteiendemokratien: die AfD im westeurop\u00e4ischen Vergleich<\/a><\/p>\n\n\n\n<p><a href=\"https:\/\/www.hsu-hh.de\/verglreg\/bundeswahlkompass-2017?\">Bundeswahlkompass 2017<\/a><\/p>\n\n\n\n<p><a href=\"https:\/\/www.hsu-hh.de\/verglreg\/reform-des-bundestagswahlsystems-bewertungskriterien-und-reformoptionen?\">Reform des Bundestagswahlsystems &#8211; Bewertungskriterien und Reformoptionen<\/a><\/p>\n\n\n\n<p><a href=\"https:\/\/www.hsu-hh.de\/verglreg\/verwaltungsstrukturreformen-in-den-deutschen-laendern-die-entwicklung-der-stattlichen-kernverwaltung-im-vergleich?\">Verwaltungsstrukturreformen in den deutschen L\u00e4ndern. Die Entwicklung der staatlichen Kernverwaltung im Vergleich<\/a><\/p>\n\n\n\n<p><a href=\"https:\/\/www.hsu-hh.de\/verglreg\/the-politics-of-electoral-inclusiveness-in-comparative-perspective?\">The Politics of Electoral Inclusiveness in Comparative Perspective<\/a><\/p>\n\n\n\n<p><a href=\"https:\/\/www.hsu-hh.de\/verglreg\/das-deutsche-wahlsystem-ein-modell-fuer-mittel-und-osteuropaeische-transformationsstaaten?\">Das deutsche Wahlsystem: ein Modell f\u00fcr mittel- und osteurop\u00e4ische Transformationsstaaten<\/a><\/p>\n\n\n\n<p><a href=\"https:\/\/www.hsu-hh.de\/verglreg\/bundeswahlkompass-2013?\">Bundeswahlkompass 2013<\/a><\/p>\n\n\n\n<p><a href=\"https:\/\/www.hsu-hh.de\/verglreg\/politik-in-der-bundesrepublik-deutschland-nach-der-grossen-koalition-2\">Politik in der Bundesrepublik Deutschland nach der Gro\u00dfen Koalition<\/a><\/p>\n\n\n\n<p><\/p>\n\n\n\n<p>Weitere Forschungsprojekte finden Sie <a href=\"https:\/\/www.hsu-hh.de\/verglreg\/weitere-abgeschlossene-forschungsprojekte?\">hier<\/a><\/p>\n\n\n\n<div style=\"height:40px\" aria-hidden=\"true\" class=\"wp-block-spacer\"><\/div>\n\n\n\n<hr class=\"wp-block-separator has-alpha-channel-opacity\" \/>\n\n\n\n<div style=\"height:40px\" aria-hidden=\"true\" class=\"wp-block-spacer\"><\/div>\n\n\n\n<h2 class=\"wp-block-heading\">Stattgefundene Forschungskolloquien 2014 &#8211; 2017:<\/h2>\n\n\n\n<p><abbr title=\"Professor\">Prof.<\/abbr> <abbr title=\"Doktor\">Dr.<\/abbr> Florian Grotz, <abbr title=\"Professor\">Prof.<\/abbr> <abbr title=\"Doktor\">Dr.<\/abbr> Roland Lhotta und <abbr title=\"Professor\">Prof.<\/abbr> <abbr title=\"Doktor\">Dr.<\/abbr> Gary S. Schaal hatten das \u201cKolloquium Demokratieforschung\u201d ins Leben gerufen, das vom Fr\u00fchjahr 2014 bis Fr\u00fchjahr 2017 stattgefunden hat.<\/p>\n\n\n\n<p>In diesem Rahmen wurden sowohl \u201einterne\u201c Dissertations- und Forschungsprojekte diskutiert als auch externe Wissenschaftler und Wissenschaftlerinnen zu Gastvortr\u00e4gen eingeladen.<\/p>\n\n\n\n<p><abbr title=\"Fr\u00fchjahrstrimester\">FT<\/abbr> 2017&nbsp; <a href=\"https:\/\/www.hsu-hh.de\/verglreg\/wp-content\/uploads\/sites\/740\/2017\/11\/FT17-Kolloquium-Demokratieforschung-2.pdf\">\u21d2<\/a><br><abbr title=\"Wintertrimester\">WT<\/abbr> 2017 <a href=\"https:\/\/www.hsu-hh.de\/verglreg\/wp-content\/uploads\/sites\/740\/2017\/11\/WT17-Kolloquium-Demokratieforschung.pdf\">\u21d2<\/a><br><abbr title=\"Herbsttrimester\">HT<\/abbr> 2016&nbsp; <a href=\"https:\/\/www.hsu-hh.de\/verglreg\/wp-content\/uploads\/sites\/740\/2017\/11\/HT16-Kolloquium-Demokratieforschung.pdf\">\u21d2<\/a><br><abbr title=\"Fr\u00fchjahrstrimester\">FT<\/abbr> 2016&nbsp; <a href=\"https:\/\/www.hsu-hh.de\/verglreg\/wp-content\/uploads\/sites\/740\/2017\/11\/FT16-Kolloquium-Demokratieforschung.pdf\">\u21d2<\/a><br><abbr title=\"Fr\u00fchjahrstrimester\">FT<\/abbr> 2015&nbsp; <a href=\"https:\/\/www.hsu-hh.de\/verglreg\/wp-content\/uploads\/sites\/740\/2017\/11\/Kolloquium-Demokratieforschung-FT2015.pdf\">\u21d2<\/a><br><abbr title=\"Wintertrimester\">WT<\/abbr> 2015&nbsp; <a href=\"https:\/\/www.hsu-hh.de\/verglreg\/wp-content\/uploads\/sites\/740\/2017\/11\/Kolloquium-Demokratieforschung-WT2015-1.pdf\">\u21d2<\/a><br><abbr title=\"Herbsttrimester\">HT<\/abbr> 2014&nbsp; <a href=\"https:\/\/www.hsu-hh.de\/verglreg\/wp-content\/uploads\/sites\/740\/2017\/11\/Terminplan_HT2014.pdf\">\u21d2<\/a><br><abbr title=\"Fr\u00fchjahrstrimester\">FT<\/abbr> 2014&nbsp; <a href=\"https:\/\/www.hsu-hh.de\/verglreg\/wp-content\/uploads\/sites\/740\/2017\/11\/FT14-Kolloquium-Demokratieforschung.pdf\">\u21d2<\/a><\/p>\n\n\n\n<p><\/p>\n","protected":false},"excerpt":{"rendered":"<p>Forschungsschwerpunkte: Aktuelle Projekte: Gesamtverteidigung \u2013 F\u00f6derale Koordination und zivil-milit\u00e4rische Zusammenarbeit Abgeschlossene Forschungsprojekte: Karriereprofile und politische Performanz von Premierministern in mittel- und osteurop\u00e4ischen Demokratien Mehr Demokratie durch demokratische Innovationen? Die Ver\u00e4nderung [&hellip;]<\/p>\n","protected":false},"author":138,"featured_media":0,"parent":0,"menu_order":0,"comment_status":"closed","ping_status":"closed","template":"","meta":{"footnotes":""},"categories":[4],"tags":[46,66,64,62],"class_list":["post-170","page","type-page","status-publish","hentry","category-forschung","tag-forschung","tag-grotz-de","tag-kretschmer","tag-lewandowsky"],"_links":{"self":[{"href":"https:\/\/www.hsu-hh.de\/verglreg\/wp-json\/wp\/v2\/pages\/170","targetHints":{"allow":["GET"]}}],"collection":[{"href":"https:\/\/www.hsu-hh.de\/verglreg\/wp-json\/wp\/v2\/pages"}],"about":[{"href":"https:\/\/www.hsu-hh.de\/verglreg\/wp-json\/wp\/v2\/types\/page"}],"author":[{"embeddable":true,"href":"https:\/\/www.hsu-hh.de\/verglreg\/wp-json\/wp\/v2\/users\/138"}],"replies":[{"embeddable":true,"href":"https:\/\/www.hsu-hh.de\/verglreg\/wp-json\/wp\/v2\/comments?post=170"}],"version-history":[{"count":86,"href":"https:\/\/www.hsu-hh.de\/verglreg\/wp-json\/wp\/v2\/pages\/170\/revisions"}],"predecessor-version":[{"id":2170,"href":"https:\/\/www.hsu-hh.de\/verglreg\/wp-json\/wp\/v2\/pages\/170\/revisions\/2170"}],"wp:attachment":[{"href":"https:\/\/www.hsu-hh.de\/verglreg\/wp-json\/wp\/v2\/media?parent=170"}],"wp:term":[{"taxonomy":"category","embeddable":true,"href":"https:\/\/www.hsu-hh.de\/verglreg\/wp-json\/wp\/v2\/categories?post=170"},{"taxonomy":"post_tag","embeddable":true,"href":"https:\/\/www.hsu-hh.de\/verglreg\/wp-json\/wp\/v2\/tags?post=170"}],"curies":[{"name":"wp","href":"https:\/\/api.w.org\/{rel}","templated":true}]}}