{"id":983,"date":"2021-11-09T19:07:38","date_gmt":"2021-11-09T18:07:38","guid":{"rendered":"https:\/\/www.hsu-hh.de\/vergaberecht\/?page_id=983"},"modified":"2025-01-07T16:00:09","modified_gmt":"2025-01-07T15:00:09","slug":"office","status":"publish","type":"page","link":"https:\/\/www.hsu-hh.de\/vergaberecht\/en\/team\/office\/","title":{"rendered":"Office"},"content":{"rendered":"\n<div style=\"height:50px\" aria-hidden=\"true\" class=\"wp-block-spacer\"><\/div>\n\n\n\n<div class=\"wp-block-columns is-layout-flex wp-container-core-columns-is-layout-9d6595d7 wp-block-columns-is-layout-flex\">\n<div class=\"wp-block-column is-layout-flow wp-block-column-is-layout-flow\">\n<p class=\"has-large-font-size\"><strong>Andrea<\/strong> <strong>Vorwerk<\/strong><\/p>\n\n\n\n<p style=\"font-size:19px\">Room: 1E | 040<br>Phone: +49 40 6541 3949<br>Email: <a href=\"mailto:vorwerka@hsu-hh.de\" rel='nofollow'>andrea.vorwerk@hsu.hamburg<\/a><\/p>\n<\/div>\n\n\n\n<div class=\"wp-block-column is-layout-flow wp-block-column-is-layout-flow\"><\/div>\n<\/div>\n\n\n\n<div style=\"height:50px\" aria-hidden=\"true\" class=\"wp-block-spacer\"><\/div>\n\n\n\n<hr class=\"wp-block-separator has-css-opacity\" \/>\n\n\n\n<div class=\"wp-block-columns is-layout-flex wp-container-core-columns-is-layout-9d6595d7 wp-block-columns-is-layout-flex\">\n<div class=\"wp-block-column is-layout-flow wp-block-column-is-layout-flow\" style=\"flex-basis:65%\">\n<p style=\"font-size:18px\"><strong>Mailing adress<\/strong><br>Helmut-Schmidt-Universit\u00e4t<br>Fakult\u00e4t f\u00fcr Wirtschafts- und Sozialwissenschaften<br>Postfach 70 08 22<br>22008 Hamburg   <\/p>\n<\/div>\n\n\n\n<div class=\"wp-block-column is-layout-flow wp-block-column-is-layout-flow\">\n<p style=\"font-size:18px\"><strong>Visiting adress<\/strong><br>Helmut-Schmidt-Universit\u00e4t<br>Campus Nord<br>Friedrich-Ebert-Damm 245<br>22159 Hamburg   <\/p>\n<\/div>\n<\/div>\n","protected":false},"excerpt":{"rendered":"<p>Andrea Vorwerk Room: 1E | 040Phone: +49 40 6541 3949Email: andrea.vorwerk@hsu.hamburg Mailing adressHelmut-Schmidt-Universit\u00e4tFakult\u00e4t f\u00fcr Wirtschafts- und SozialwissenschaftenPostfach 70 08 2222008 Hamburg Visiting adressHelmut-Schmidt-Universit\u00e4tCampus NordFriedrich-Ebert-Damm 24522159 Hamburg<\/p>\n","protected":false},"author":2764,"featured_media":0,"parent":110,"menu_order":1,"comment_status":"closed","ping_status":"closed","template":"","meta":{"footnotes":""},"categories":[9],"tags":[146],"class_list":["post-983","page","type-page","status-publish","hentry","category-team-en","tag-andrea-vorwerk-en"],"_links":{"self":[{"href":"https:\/\/www.hsu-hh.de\/vergaberecht\/wp-json\/wp\/v2\/pages\/983","targetHints":{"allow":["GET"]}}],"collection":[{"href":"https:\/\/www.hsu-hh.de\/vergaberecht\/wp-json\/wp\/v2\/pages"}],"about":[{"href":"https:\/\/www.hsu-hh.de\/vergaberecht\/wp-json\/wp\/v2\/types\/page"}],"author":[{"embeddable":true,"href":"https:\/\/www.hsu-hh.de\/vergaberecht\/wp-json\/wp\/v2\/users\/2764"}],"replies":[{"embeddable":true,"href":"https:\/\/www.hsu-hh.de\/vergaberecht\/wp-json\/wp\/v2\/comments?post=983"}],"version-history":[{"count":5,"href":"https:\/\/www.hsu-hh.de\/vergaberecht\/wp-json\/wp\/v2\/pages\/983\/revisions"}],"predecessor-version":[{"id":1380,"href":"https:\/\/www.hsu-hh.de\/vergaberecht\/wp-json\/wp\/v2\/pages\/983\/revisions\/1380"}],"up":[{"embeddable":true,"href":"https:\/\/www.hsu-hh.de\/vergaberecht\/wp-json\/wp\/v2\/pages\/110"}],"wp:attachment":[{"href":"https:\/\/www.hsu-hh.de\/vergaberecht\/wp-json\/wp\/v2\/media?parent=983"}],"wp:term":[{"taxonomy":"category","embeddable":true,"href":"https:\/\/www.hsu-hh.de\/vergaberecht\/wp-json\/wp\/v2\/categories?post=983"},{"taxonomy":"post_tag","embeddable":true,"href":"https:\/\/www.hsu-hh.de\/vergaberecht\/wp-json\/wp\/v2\/tags?post=983"}],"curies":[{"name":"wp","href":"https:\/\/api.w.org\/{rel}","templated":true}]}}