{"id":974,"date":"2021-11-09T19:00:17","date_gmt":"2021-11-09T18:00:17","guid":{"rendered":"https:\/\/www.hsu-hh.de\/vergaberecht\/?page_id=974"},"modified":"2025-06-23T12:10:36","modified_gmt":"2025-06-23T10:10:36","slug":"professor","status":"publish","type":"page","link":"https:\/\/www.hsu-hh.de\/vergaberecht\/en\/team\/professor\/","title":{"rendered":"Professor"},"content":{"rendered":"\n<div style=\"height:50px\" aria-hidden=\"true\" class=\"wp-block-spacer\"><\/div>\n\n\n\n<div class=\"wp-block-columns is-layout-flex wp-container-core-columns-is-layout-9d6595d7 wp-block-columns-is-layout-flex\">\n<div class=\"wp-block-column is-layout-flow wp-block-column-is-layout-flow\" style=\"flex-basis:60%\">\n<p class=\"has-large-font-size\"><abbr title=\"Universit\u00e4tsprofessor\">Univ.-Prof.<\/abbr> Christian Ernst <\/p>\n\n\n\n<p style=\"font-size:19px\">Room: 1E | 204<br>Phone: +49 40 6541 3871<br>Email: <a href=\"mailto:christian.ernst@hsu-hh.de\" rel='nofollow'>christian.ernst@hsu-hh.de<\/a><br><br>Office hours: Thursdays between 14.00 -15.00 o&#8217;clock and according to individual arrangement.<\/p>\n<\/div>\n\n\n\n<div class=\"wp-block-column is-layout-flow wp-block-column-is-layout-flow\" style=\"flex-basis:35%\">\n<figure class=\"wp-block-image size-large is-resized is-style-rounded\"><img loading=\"lazy\" decoding=\"async\" width=\"1024\" height=\"682\" src=\"https:\/\/www.hsu-hh.de\/vergaberecht\/wp-content\/uploads\/sites\/806\/2025\/06\/Christian-1024x682.jpg\" data-credit=\"Janne Roehsler\" alt=\"\" class=\"wp-image-1411\" style=\"width:285px;height:undefinedpx\" srcset=\"https:\/\/www.hsu-hh.de\/vergaberecht\/wp-content\/uploads\/sites\/806\/2025\/06\/Christian-1024x682.jpg 1024w, https:\/\/www.hsu-hh.de\/vergaberecht\/wp-content\/uploads\/sites\/806\/2025\/06\/Christian-300x200.jpg 300w, https:\/\/www.hsu-hh.de\/vergaberecht\/wp-content\/uploads\/sites\/806\/2025\/06\/Christian-768x511.jpg 768w, https:\/\/www.hsu-hh.de\/vergaberecht\/wp-content\/uploads\/sites\/806\/2025\/06\/Christian-1536x1022.jpg 1536w, https:\/\/www.hsu-hh.de\/vergaberecht\/wp-content\/uploads\/sites\/806\/2025\/06\/Christian-2048x1363.jpg 2048w, https:\/\/www.hsu-hh.de\/vergaberecht\/wp-content\/uploads\/sites\/806\/2025\/06\/Christian-1100x732.jpg 1100w\" sizes=\"auto, (max-width: 1024px) 100vw, 1024px\" \/><\/figure>\n<\/div>\n<\/div>\n\n\n\n<div style=\"height:50px\" aria-hidden=\"true\" class=\"wp-block-spacer\"><\/div>\n\n\n\n<hr class=\"wp-block-separator has-css-opacity\" \/>\n\n\n\n<div class=\"wp-block-columns is-layout-flex wp-container-core-columns-is-layout-9d6595d7 wp-block-columns-is-layout-flex\">\n<div class=\"wp-block-column is-layout-flow wp-block-column-is-layout-flow\" style=\"flex-basis:65%\">\n<p style=\"font-size:18px\"><strong>Mailing adress<\/strong><br>Helmut-Schmidt-Universit\u00e4t<br>Fakult\u00e4t f\u00fcr Wirtschafts- und Sozialwissenschaften<br>Postfach 70 08 22<br>22008 Hamburg  <\/p>\n<\/div>\n\n\n\n<div class=\"wp-block-column is-layout-flow wp-block-column-is-layout-flow\">\n<p style=\"font-size:18px\"><strong>Visiting adress<\/strong><br>Helmut-Schmidt-Universit\u00e4t<br>Campus Nord<br>Friedrich-Ebert-Damm 245<br>22159 Hamburg  <\/p>\n<\/div>\n<\/div>\n","protected":false},"excerpt":{"rendered":"<p>Univ.-Prof. Christian Ernst Room: 1E | 204Phone: +49 40 6541 3871Email: christian.ernst@hsu-hh.de Office hours: Thursdays between 14.00 -15.00 o&#8217;clock and according to individual arrangement. Mailing adressHelmut-Schmidt-Universit\u00e4tFakult\u00e4t f\u00fcr Wirtschafts- und SozialwissenschaftenPostfach [&hellip;]<\/p>\n","protected":false},"author":2764,"featured_media":0,"parent":110,"menu_order":0,"comment_status":"closed","ping_status":"closed","template":"","meta":{"footnotes":""},"categories":[9],"tags":[151],"class_list":["post-974","page","type-page","status-publish","hentry","category-team-en","tag-christian-ernst-en"],"_links":{"self":[{"href":"https:\/\/www.hsu-hh.de\/vergaberecht\/wp-json\/wp\/v2\/pages\/974","targetHints":{"allow":["GET"]}}],"collection":[{"href":"https:\/\/www.hsu-hh.de\/vergaberecht\/wp-json\/wp\/v2\/pages"}],"about":[{"href":"https:\/\/www.hsu-hh.de\/vergaberecht\/wp-json\/wp\/v2\/types\/page"}],"author":[{"embeddable":true,"href":"https:\/\/www.hsu-hh.de\/vergaberecht\/wp-json\/wp\/v2\/users\/2764"}],"replies":[{"embeddable":true,"href":"https:\/\/www.hsu-hh.de\/vergaberecht\/wp-json\/wp\/v2\/comments?post=974"}],"version-history":[{"count":10,"href":"https:\/\/www.hsu-hh.de\/vergaberecht\/wp-json\/wp\/v2\/pages\/974\/revisions"}],"predecessor-version":[{"id":1412,"href":"https:\/\/www.hsu-hh.de\/vergaberecht\/wp-json\/wp\/v2\/pages\/974\/revisions\/1412"}],"up":[{"embeddable":true,"href":"https:\/\/www.hsu-hh.de\/vergaberecht\/wp-json\/wp\/v2\/pages\/110"}],"wp:attachment":[{"href":"https:\/\/www.hsu-hh.de\/vergaberecht\/wp-json\/wp\/v2\/media?parent=974"}],"wp:term":[{"taxonomy":"category","embeddable":true,"href":"https:\/\/www.hsu-hh.de\/vergaberecht\/wp-json\/wp\/v2\/categories?post=974"},{"taxonomy":"post_tag","embeddable":true,"href":"https:\/\/www.hsu-hh.de\/vergaberecht\/wp-json\/wp\/v2\/tags?post=974"}],"curies":[{"name":"wp","href":"https:\/\/api.w.org\/{rel}","templated":true}]}}