{"id":445,"date":"2021-02-23T15:11:21","date_gmt":"2021-02-23T14:11:21","guid":{"rendered":"https:\/\/www.hsu-hh.de\/vergaberecht\/?page_id=445"},"modified":"2026-02-09T11:16:37","modified_gmt":"2026-02-09T10:16:37","slug":"wissenschaftliche-mitarbeiterinnen","status":"publish","type":"page","link":"https:\/\/www.hsu-hh.de\/vergaberecht\/mitarbeiter\/wissenschaftliche-mitarbeiterinnen\/","title":{"rendered":"Wissenschaftliche Mitarbeiter:innen"},"content":{"rendered":"\n<div style=\"height:50px\" aria-hidden=\"true\" class=\"wp-block-spacer\"><\/div>\n\n\n\n<div class=\"wp-block-columns is-layout-flex wp-container-core-columns-is-layout-9d6595d7 wp-block-columns-is-layout-flex\" id=\"enniofriedemann\">\n<div class=\"wp-block-column is-layout-flow wp-block-column-is-layout-flow\" style=\"flex-basis:45%\">\n<p class=\"has-large-font-size\">Ennio Friedemann<\/p>\n\n\n\n<p><br>Raum: 1E | 054<br>Telefon: +49 40 6541 3551<br>Email: <a href=\"mailto:friedeme@hsu-hh.de\" rel='nofollow'>friedeme@hsu-hh.de<\/a><\/p>\n<\/div>\n\n\n\n<div class=\"wp-block-column is-layout-flow wp-block-column-is-layout-flow\" style=\"flex-basis:45%\"><div class=\"wp-block-image is-style-rounded\">\n<figure class=\"alignright size-large is-resized\" id=\"enniofriedemann\"><img loading=\"lazy\" decoding=\"async\" width=\"1024\" height=\"682\" src=\"https:\/\/www.hsu-hh.de\/vergaberecht\/wp-content\/uploads\/sites\/806\/2025\/09\/Ennio-1024x682.jpeg\" data-credit=\"Janne Roehsler\" alt=\"\" class=\"wp-image-1430\" style=\"object-fit:cover;width:285px;height:190px\" srcset=\"https:\/\/www.hsu-hh.de\/vergaberecht\/wp-content\/uploads\/sites\/806\/2025\/09\/Ennio-1024x682.jpeg 1024w, https:\/\/www.hsu-hh.de\/vergaberecht\/wp-content\/uploads\/sites\/806\/2025\/09\/Ennio-300x200.jpeg 300w, https:\/\/www.hsu-hh.de\/vergaberecht\/wp-content\/uploads\/sites\/806\/2025\/09\/Ennio-768x511.jpeg 768w, https:\/\/www.hsu-hh.de\/vergaberecht\/wp-content\/uploads\/sites\/806\/2025\/09\/Ennio-1536x1022.jpeg 1536w, https:\/\/www.hsu-hh.de\/vergaberecht\/wp-content\/uploads\/sites\/806\/2025\/09\/Ennio-2048x1363.jpeg 2048w, https:\/\/www.hsu-hh.de\/vergaberecht\/wp-content\/uploads\/sites\/806\/2025\/09\/Ennio-1100x732.jpeg 1100w\" sizes=\"auto, (max-width: 1024px) 100vw, 1024px\" \/><\/figure>\n<\/div><\/div>\n<\/div>\n\n\n\n<p>Ennio Friedemann studierte von 2015 bis 2020 Rechtswissenschaften an der Bucerius Law School in Hamburg sowie w\u00e4hrend eines Auslandsaufenthalts im Herbst 2017 an der Universit\u00e9 Laval in Qu\u00e9bec, Kanada. Er absolvierte sein Staatsexamen mit universit\u00e4rem Schwerpunkt &nbsp;\u201eGrundlagen des Rechts\u201c im August 2020. Seit November 2020 arbeitet und promoviert er am Lehrstuhl f\u00fcr \u00f6ffentliches Recht und Wirtschaftsrecht (einschlie\u00dflich Vergaberecht) bei <abbr title=\"Professor\">Prof.<\/abbr> <abbr title=\"Doktor\">Dr.<\/abbr> Christian Ernst im Verwaltungs- und Verfassungsrecht.<\/p>\n\n\n\n<div style=\"height:100px\" aria-hidden=\"true\" class=\"wp-block-spacer\"><\/div>\n\n\n\n<div class=\"wp-block-columns is-layout-flex wp-container-core-columns-is-layout-9d6595d7 wp-block-columns-is-layout-flex\" id=\"paulstrothmann\">\n<div class=\"wp-block-column is-layout-flow wp-block-column-is-layout-flow\" style=\"flex-basis:55%\">\n<figure class=\"wp-block-image size-large is-resized is-style-rounded\" id=\"paulstrothmann\"><img loading=\"lazy\" decoding=\"async\" width=\"1024\" height=\"681\" src=\"https:\/\/www.hsu-hh.de\/vergaberecht\/wp-content\/uploads\/sites\/806\/2025\/06\/Paul-1024x681.jpg\" data-credit=\"Janne Roehsler\" alt=\"\" class=\"wp-image-1417\" style=\"object-fit:cover;width:285px;height:190px\" srcset=\"https:\/\/www.hsu-hh.de\/vergaberecht\/wp-content\/uploads\/sites\/806\/2025\/06\/Paul-1024x681.jpg 1024w, https:\/\/www.hsu-hh.de\/vergaberecht\/wp-content\/uploads\/sites\/806\/2025\/06\/Paul-300x200.jpg 300w, https:\/\/www.hsu-hh.de\/vergaberecht\/wp-content\/uploads\/sites\/806\/2025\/06\/Paul-768x511.jpg 768w, https:\/\/www.hsu-hh.de\/vergaberecht\/wp-content\/uploads\/sites\/806\/2025\/06\/Paul-1536x1022.jpg 1536w, https:\/\/www.hsu-hh.de\/vergaberecht\/wp-content\/uploads\/sites\/806\/2025\/06\/Paul-2048x1363.jpg 2048w, https:\/\/www.hsu-hh.de\/vergaberecht\/wp-content\/uploads\/sites\/806\/2025\/06\/Paul-1100x732.jpg 1100w\" sizes=\"auto, (max-width: 1024px) 100vw, 1024px\" \/><\/figure>\n<\/div>\n\n\n\n<div class=\"wp-block-column is-layout-flow wp-block-column-is-layout-flow\">\n<p class=\"has-text-align-left has-large-font-size\">Paul Strothmann<\/p>\n\n\n\n<p class=\"has-text-align-left\" style=\"font-size:19px\"><br>Raum: 1E | 150<br>Telefon: +49 40 6541 4772<br>Email: <a href=\"mailto:strothmp@hsu-hh.de\" rel='nofollow'><\/a><a href=\"mailto:strothmp@hsu-hh.de\" rel='nofollow'>strothmp@hsu-hh.de<\/a><\/p>\n<\/div>\n<\/div>\n\n\n\n<p>Paul Strothmann studierte von 2018 bis 2023 Rechtswissenschaften an der Bucerius Law School (Hamburg) und an der University of Texas (Austin). Er absolvierte sein Staatsexamen mit dem universit\u00e4ren Schwerpunkt im Wirtschaftsstrafrecht und arbeitete im Anschluss bei einer Kanzlei im Vergaberecht. Seit M\u00e4rz 2024 ist Paul Strothmann wissenschaftlicher Mitarbeiter am Lehrstuhl von Herrn <abbr title=\"Professor\">Prof.<\/abbr> Ernst. Er hat \u00dcbungen zu den Vorlesungen &#8222;Europarecht&#8220; sowie &#8222;Allgemeines Verwaltungsrecht&#8220; gehalten und promoviert zur richterlichen Unabh\u00e4ngigkeit auf L\u00e4nderebene. Paul ist Abgeordneter der Bezirksversammlung Wandsbek.<\/p>\n\n\n\n<div style=\"height:100px\" aria-hidden=\"true\" class=\"wp-block-spacer\"><\/div>\n\n\n\n<div class=\"wp-block-columns is-layout-flex wp-container-core-columns-is-layout-9d6595d7 wp-block-columns-is-layout-flex\" id=\"lenahinrichs\">\n<div class=\"wp-block-column is-layout-flow wp-block-column-is-layout-flow\" style=\"flex-basis:45%\">\n<p class=\"has-large-font-size\">Lena Hinrichs<\/p>\n\n\n\n<p><br>Raum: 1E | 054<br>Telefon: +49 40 6541 3551<br>Email: <a href=\"mailto:hinrichl@hsu-hh.de\" rel='nofollow'>hinrichl@hsu-hh.de<\/a><\/p>\n<\/div>\n\n\n\n<div class=\"wp-block-column is-layout-flow wp-block-column-is-layout-flow\" style=\"flex-basis:45%\"><div class=\"wp-block-image is-style-rounded\">\n<figure class=\"alignright size-large is-resized\" id=\"lenahinrichs\"><img loading=\"lazy\" decoding=\"async\" width=\"1024\" height=\"682\" src=\"https:\/\/www.hsu-hh.de\/vergaberecht\/wp-content\/uploads\/sites\/806\/2025\/06\/Lena-1024x682.jpeg\" data-credit=\"Janne Roehsler\" alt=\"\" class=\"wp-image-1413\" style=\"object-fit:cover;width:285px;height:190px\" srcset=\"https:\/\/www.hsu-hh.de\/vergaberecht\/wp-content\/uploads\/sites\/806\/2025\/06\/Lena-1024x682.jpeg 1024w, https:\/\/www.hsu-hh.de\/vergaberecht\/wp-content\/uploads\/sites\/806\/2025\/06\/Lena-300x200.jpeg 300w, https:\/\/www.hsu-hh.de\/vergaberecht\/wp-content\/uploads\/sites\/806\/2025\/06\/Lena-768x511.jpeg 768w, https:\/\/www.hsu-hh.de\/vergaberecht\/wp-content\/uploads\/sites\/806\/2025\/06\/Lena-1536x1022.jpeg 1536w, https:\/\/www.hsu-hh.de\/vergaberecht\/wp-content\/uploads\/sites\/806\/2025\/06\/Lena-2048x1363.jpeg 2048w, https:\/\/www.hsu-hh.de\/vergaberecht\/wp-content\/uploads\/sites\/806\/2025\/06\/Lena-1100x732.jpeg 1100w\" sizes=\"auto, (max-width: 1024px) 100vw, 1024px\" \/><\/figure>\n<\/div><\/div>\n<\/div>\n\n\n\n<p>Ihr Studium der Rechtswissenschaften absolvierte Lena von 2019 bis 2024 an der Universit\u00e4t Hamburg. Den Schwerpunkt belegte sie im Bereich Medienrecht (Information und Kommunikation) und arbeitete w\u00e4hrend ihres Studiums von 2021 bis 2024 als studentische Hilfskraft am Leibniz-Institut f\u00fcr Medienforschung | Hans-Bredow-Institut im Forschungsprogramm Regelungsstrukturen und Regelbildung in digitalen Kommunikationsr\u00e4umen. Dar\u00fcber hinaus engagierte sie sich in der ehrenamtlichen Rechtsberatung der Cyber Law Clinic. Seit August 2024 ist sie wissenschaftliche Mitarbeiterin am Lehrstuhl von <abbr title=\"Professor\">Prof.<\/abbr> <abbr title=\"Doktor\">Dr.<\/abbr> Christian Ernst, an dem sie auch promoviert. In ihrer Dissertation forscht sie zur Aufsicht \u00fcber Digitalakteure und ihren europarechtlichen Implikationen. In ihrer Freizeit spielt Lena meist Cello in Amateurorchestern und schreibt eigene kreative Texte. Lena ist au\u00dferdem Mitglied im Deutschen Juristinnenbund sowie in der Hamburger Autorenvereinigung.<\/p>\n\n\n\n<div style=\"height:100px\" aria-hidden=\"true\" class=\"wp-block-spacer\"><\/div>\n\n\n\n<div class=\"wp-block-columns is-layout-flex wp-container-core-columns-is-layout-9d6595d7 wp-block-columns-is-layout-flex\" id=\"nicklashomuth\">\n<div class=\"wp-block-column is-layout-flow wp-block-column-is-layout-flow\" style=\"flex-basis:55%\">\n<figure class=\"wp-block-image size-large is-resized is-style-rounded\"><img loading=\"lazy\" decoding=\"async\" width=\"1024\" height=\"682\" src=\"https:\/\/www.hsu-hh.de\/vergaberecht\/wp-content\/uploads\/sites\/806\/2025\/09\/Nicklas-1024x682.jpeg\" data-credit=\"Janne Roehsler\" alt=\"\" class=\"wp-image-1427\" style=\"object-fit:cover;width:285px;height:190px\" srcset=\"https:\/\/www.hsu-hh.de\/vergaberecht\/wp-content\/uploads\/sites\/806\/2025\/09\/Nicklas-1024x682.jpeg 1024w, https:\/\/www.hsu-hh.de\/vergaberecht\/wp-content\/uploads\/sites\/806\/2025\/09\/Nicklas-300x200.jpeg 300w, https:\/\/www.hsu-hh.de\/vergaberecht\/wp-content\/uploads\/sites\/806\/2025\/09\/Nicklas-768x511.jpeg 768w, https:\/\/www.hsu-hh.de\/vergaberecht\/wp-content\/uploads\/sites\/806\/2025\/09\/Nicklas-1536x1022.jpeg 1536w, https:\/\/www.hsu-hh.de\/vergaberecht\/wp-content\/uploads\/sites\/806\/2025\/09\/Nicklas-2048x1363.jpeg 2048w, https:\/\/www.hsu-hh.de\/vergaberecht\/wp-content\/uploads\/sites\/806\/2025\/09\/Nicklas-1100x732.jpeg 1100w\" sizes=\"auto, (max-width: 1024px) 100vw, 1024px\" \/><\/figure>\n<\/div>\n\n\n\n<div class=\"wp-block-column is-layout-flow wp-block-column-is-layout-flow\">\n<p class=\"has-large-font-size\">Nicklas Homuth<\/p>\n\n\n\n<p style=\"font-size:19px\"><br>Raum: 1E | 154<br>Telefon: +49 40 6541 3935<br>Email: <a href=\"mailto:homuthn@hsu-hh.de\" rel='nofollow'>homuthn@hsu-hh.de<\/a><\/p>\n<\/div>\n<\/div>\n\n\n\n<p>Nicklas studierte von 2018 bis 2024 Rechtswissenschaften an der Bucerius Law School in Hamburg. Seinen Schwerpunkt absolvierte er im Sommer 2021 im Arbeitsrecht (Arbeit, Wirtschaft und Soziales). Anschlie\u00dfend verbrachte er ein Trimester an die University of Glasgow in Schottland. Sein Studium schloss er im Mai 2024 erfolgreich mit dem Ersten Staatsexamen ab. Seit August 2024 ist er Wissenschaftlicher Mitarbeiter am Lehrstuhl f\u00fcr \u00d6ffentliches Recht und Wirtschaftsrecht (einschlie\u00dflich Vergaberecht) bei <abbr title=\"Professor\">Prof.<\/abbr> <abbr title=\"Doktor\">Dr.<\/abbr> Christian Ernst, bei dem er auch promoviert. Er ist Mitglied des Bucerius Alumni e.V. In seiner Freizeit engagiert er sich als Rudertrainer sowie ehrenamtlich in seinem Verein und im Ruderverband. Zudem f\u00e4hrt er gerne Rennrad am Deich, geht schwimmen oder dreht eine Laufrunde an der Alster.<\/p>\n\n\n\n<div style=\"height:100px\" aria-hidden=\"true\" class=\"wp-block-spacer\"><\/div>\n\n\n\n<div class=\"wp-block-columns is-layout-flex wp-container-core-columns-is-layout-9d6595d7 wp-block-columns-is-layout-flex\" id=\"torbenwassermann\">\n<div class=\"wp-block-column is-vertically-aligned-center is-layout-flow wp-block-column-is-layout-flow\" style=\"flex-basis:90%\">\n<p class=\"has-large-font-size\">Torben Wassermann<\/p>\n\n\n\n<p style=\"font-size:19px\"><br>Raum: 1E | 150<br>Telefon: +49 40 6541 3933<br>Email: <a href=\"mailto:wassermt@hsu-hh.de\" rel='nofollow'>wassermt@hsu-hh.de<\/a><\/p>\n<\/div>\n\n\n\n<div class=\"wp-block-column is-vertically-aligned-center is-layout-flow wp-block-column-is-layout-flow\" style=\"flex-basis:55%\">\n<figure class=\"wp-block-image size-large is-resized is-style-rounded\"><img loading=\"lazy\" decoding=\"async\" width=\"1024\" height=\"683\" src=\"https:\/\/www.hsu-hh.de\/vergaberecht\/wp-content\/uploads\/sites\/806\/2026\/02\/IMG_4919_neu-1024x683.jpg\" data-credit=\"Nicklas Homuth\" alt=\"Torben Wassermann\" class=\"wp-image-1576\" style=\"width:285px;height:190px\" srcset=\"https:\/\/www.hsu-hh.de\/vergaberecht\/wp-content\/uploads\/sites\/806\/2026\/02\/IMG_4919_neu-1024x683.jpg 1024w, https:\/\/www.hsu-hh.de\/vergaberecht\/wp-content\/uploads\/sites\/806\/2026\/02\/IMG_4919_neu-300x200.jpg 300w, https:\/\/www.hsu-hh.de\/vergaberecht\/wp-content\/uploads\/sites\/806\/2026\/02\/IMG_4919_neu-768x512.jpg 768w, https:\/\/www.hsu-hh.de\/vergaberecht\/wp-content\/uploads\/sites\/806\/2026\/02\/IMG_4919_neu-1536x1024.jpg 1536w, https:\/\/www.hsu-hh.de\/vergaberecht\/wp-content\/uploads\/sites\/806\/2026\/02\/IMG_4919_neu-1100x733.jpg 1100w, https:\/\/www.hsu-hh.de\/vergaberecht\/wp-content\/uploads\/sites\/806\/2026\/02\/IMG_4919_neu.jpg 2048w\" sizes=\"auto, (max-width: 1024px) 100vw, 1024px\" \/><\/figure>\n<\/div>\n<\/div>\n\n\n\n<p class=\"has-text-align-left\">Torben studierte ab 2017 Rechtswissenschaften, mit einem Schwerpunkt im Umwelt- und Planungsrecht, an der Universit\u00e4t Hamburg. W\u00e4hrend seines Studiums engagierte sich Torben in der studentischen Rechtsberatung zu datenschutz- und urheberrechtlichen Fragen der CyberLaw Clinic der Universit\u00e4t Hamburg. Nach dem erfolgreichen Ablegen des ersten juristischen Staatsexamens im Sommer 2023 absolvierte er bis September 2025 sein Rechtsreferendariat beim Hanseatischen Oberlandesgericht. Im Rahmen des Referendariates war Torben in verschiedenen Beh\u00f6rden der Hamburger Landesverwaltung, bei einer gro\u00dfen Rechtsanwaltskanzlei mit Schwerpunkt im \u00f6ffentlichen Recht, insbesondere Planungsrecht, sowie beim Verwaltungsgericht Hamburg t\u00e4tig. Seit Oktober 2025 ist er Wissenschaftlicher Mitarbeiter am Lehrstuhl f\u00fcr \u00d6ffentliches Recht und Wirtschaftsrecht (einschlie\u00dflich Vergaberecht) bei <abbr title=\"Professor\">Prof.<\/abbr> <abbr title=\"Doktor\">Dr.<\/abbr> Christian Ernst. In seiner Freizeit engagiert sich Torben als Jugendgruppenleiter und ist gerne in der Natur unterwegs.<\/p>\n\n\n\n<div style=\"height:100px\" aria-hidden=\"true\" class=\"wp-block-spacer\"><\/div>\n\n\n\n<div class=\"wp-block-columns is-layout-flex wp-container-core-columns-is-layout-9d6595d7 wp-block-columns-is-layout-flex\" id=\"sarahtimmann\">\n<div class=\"wp-block-column is-layout-flow wp-block-column-is-layout-flow\" style=\"flex-basis:55%\">\n<figure class=\"wp-block-image size-large is-resized is-style-rounded\"><img loading=\"lazy\" decoding=\"async\" width=\"1024\" height=\"683\" src=\"https:\/\/www.hsu-hh.de\/vergaberecht\/wp-content\/uploads\/sites\/806\/2026\/02\/IMG_4910_neu-1024x683.jpg\" data-credit=\"Nicklas Homuth\" alt=\"\" class=\"wp-image-1573\" style=\"object-fit:cover;width:285px;height:190px\" srcset=\"https:\/\/www.hsu-hh.de\/vergaberecht\/wp-content\/uploads\/sites\/806\/2026\/02\/IMG_4910_neu-1024x683.jpg 1024w, https:\/\/www.hsu-hh.de\/vergaberecht\/wp-content\/uploads\/sites\/806\/2026\/02\/IMG_4910_neu-300x200.jpg 300w, https:\/\/www.hsu-hh.de\/vergaberecht\/wp-content\/uploads\/sites\/806\/2026\/02\/IMG_4910_neu-768x512.jpg 768w, https:\/\/www.hsu-hh.de\/vergaberecht\/wp-content\/uploads\/sites\/806\/2026\/02\/IMG_4910_neu-1536x1024.jpg 1536w, https:\/\/www.hsu-hh.de\/vergaberecht\/wp-content\/uploads\/sites\/806\/2026\/02\/IMG_4910_neu-1100x733.jpg 1100w, https:\/\/www.hsu-hh.de\/vergaberecht\/wp-content\/uploads\/sites\/806\/2026\/02\/IMG_4910_neu.jpg 2048w\" sizes=\"auto, (max-width: 1024px) 100vw, 1024px\" \/><\/figure>\n<\/div>\n\n\n\n<div class=\"wp-block-column is-layout-flow wp-block-column-is-layout-flow\">\n<p class=\"has-large-font-size\">Sarah Timmann<\/p>\n\n\n\n<p style=\"font-size:19px\"><br>Raum: 2E | 142<br>Telefon: +49 40 6541 4586<br>Email: <a href=\"mailto:timmanns@hsu-hh.de\" rel='nofollow'>timmanns@hsu-hh.de<\/a><\/p>\n<\/div>\n<\/div>\n\n\n\n<p>Sarah Timmann studierte von 2015 bis 2020 Rechtswissenschaften an der Universit\u00e4t Hamburg mit dem Schwerpunkt Arbeitsrecht mit gesellschaftsrechtlichen Bez\u00fcgen. Von 2017 bis 2020 war sie Stipendiatin der Friedrich-Ebert-Stiftung. Das Erste Staatsexamen legte sie im Jahr 2020 erfolgreich ab, das Zweite Staatsexamen folgte 2025. Seit Oktober 2025 ist sie als Rechtsanw\u00e4ltin zugelassen und unter anderem Mitglied im Hamburgischen Anwaltverein e.V., im Deutschen Anwaltverein e.V. sowie im Deutschen Juristinnenbund e.V. Seit Dezember 2025 ist sie wissenschaftliche Mitarbeiterin bei <abbr title=\"Professor\">Prof.<\/abbr> <abbr title=\"Doktor\">Dr.<\/abbr> Christian Ernst sowie bei <abbr title=\"Professor\">Prof.<\/abbr> <abbr title=\"Doktor\">Dr.<\/abbr> Armin von Weschpfennig, bei dem sie auch promoviert. Seit 2020 ist Sarah Timmann Abgeordnete der Hamburgischen B\u00fcrgerschaft; seit 2025 ist sie zudem justizpolitische Sprecherin der SPD-B\u00fcrgerschaftsfraktion. In ihrer Freizeit schwimmt sie gerne.<\/p>\n\n\n\n<div style=\"height:100px\" aria-hidden=\"true\" class=\"wp-block-spacer\"><\/div>\n\n\n\n<hr class=\"wp-block-separator has-css-opacity\" \/>\n\n\n\n<div class=\"wp-block-columns is-layout-flex wp-container-core-columns-is-layout-9d6595d7 wp-block-columns-is-layout-flex\">\n<div class=\"wp-block-column is-layout-flow wp-block-column-is-layout-flow\" style=\"flex-basis:65%\">\n<p style=\"font-size:18px\"><strong>Postanschrift<\/strong><br>Helmut-Schmidt-Universit\u00e4t<br>Fakult\u00e4t f\u00fcr Wirtschafts- und Sozialwissenschaften<br>Postfach 70 08 22<br>22008 Hamburg<\/p>\n<\/div>\n\n\n\n<div class=\"wp-block-column is-layout-flow wp-block-column-is-layout-flow\">\n<p class=\"has-text-align-left\" style=\"font-size:18px\"><strong>Besucheranschrift<\/strong><br>Helmut-Schmidt-Universit\u00e4t<br>Campus Nord<br>Friedrich-Ebert-Damm 245<br>22159 Hamburg<\/p>\n<\/div>\n<\/div>\n","protected":false},"excerpt":{"rendered":"<p>Ennio Friedemann Raum: 1E | 054Telefon: +49 40 6541 3551Email: friedeme@hsu-hh.de Ennio Friedemann studierte von 2015 bis 2020 Rechtswissenschaften an der Bucerius Law School in Hamburg sowie w\u00e4hrend eines Auslandsaufenthalts [&hellip;]<\/p>\n","protected":false},"author":2764,"featured_media":0,"parent":106,"menu_order":2,"comment_status":"closed","ping_status":"closed","template":"","meta":{"footnotes":""},"categories":[57],"tags":[65,202,206,232,248,250],"class_list":["post-445","page","type-page","status-publish","hentry","category-team","tag-ennio-friedemann","tag-lena-hinrichs","tag-nicklas-homuth2","tag-paul-strothmann-2","tag-sarah-timmann","tag-torben-wassermann"],"_links":{"self":[{"href":"https:\/\/www.hsu-hh.de\/vergaberecht\/wp-json\/wp\/v2\/pages\/445","targetHints":{"allow":["GET"]}}],"collection":[{"href":"https:\/\/www.hsu-hh.de\/vergaberecht\/wp-json\/wp\/v2\/pages"}],"about":[{"href":"https:\/\/www.hsu-hh.de\/vergaberecht\/wp-json\/wp\/v2\/types\/page"}],"author":[{"embeddable":true,"href":"https:\/\/www.hsu-hh.de\/vergaberecht\/wp-json\/wp\/v2\/users\/2764"}],"replies":[{"embeddable":true,"href":"https:\/\/www.hsu-hh.de\/vergaberecht\/wp-json\/wp\/v2\/comments?post=445"}],"version-history":[{"count":154,"href":"https:\/\/www.hsu-hh.de\/vergaberecht\/wp-json\/wp\/v2\/pages\/445\/revisions"}],"predecessor-version":[{"id":1604,"href":"https:\/\/www.hsu-hh.de\/vergaberecht\/wp-json\/wp\/v2\/pages\/445\/revisions\/1604"}],"up":[{"embeddable":true,"href":"https:\/\/www.hsu-hh.de\/vergaberecht\/wp-json\/wp\/v2\/pages\/106"}],"wp:attachment":[{"href":"https:\/\/www.hsu-hh.de\/vergaberecht\/wp-json\/wp\/v2\/media?parent=445"}],"wp:term":[{"taxonomy":"category","embeddable":true,"href":"https:\/\/www.hsu-hh.de\/vergaberecht\/wp-json\/wp\/v2\/categories?post=445"},{"taxonomy":"post_tag","embeddable":true,"href":"https:\/\/www.hsu-hh.de\/vergaberecht\/wp-json\/wp\/v2\/tags?post=445"}],"curies":[{"name":"wp","href":"https:\/\/api.w.org\/{rel}","templated":true}]}}