{"id":434,"date":"2021-02-23T15:09:46","date_gmt":"2021-02-23T14:09:46","guid":{"rendered":"https:\/\/www.hsu-hh.de\/vergaberecht\/?page_id=434"},"modified":"2025-09-09T17:28:38","modified_gmt":"2025-09-09T15:28:38","slug":"sekretariat","status":"publish","type":"page","link":"https:\/\/www.hsu-hh.de\/vergaberecht\/mitarbeiter\/sekretariat\/","title":{"rendered":"Sekretariat"},"content":{"rendered":"\n<div style=\"height:50px\" aria-hidden=\"true\" class=\"wp-block-spacer\"><\/div>\n\n\n\n<div class=\"wp-block-columns is-layout-flex wp-container-core-columns-is-layout-9d6595d7 wp-block-columns-is-layout-flex\">\n<div class=\"wp-block-column is-vertically-aligned-center is-layout-flow wp-block-column-is-layout-flow\" style=\"flex-basis:60%\">\n<p class=\"has-large-font-size\"><strong>Andrea<\/strong> <strong>Vorwerk<\/strong><\/p>\n\n\n\n<p style=\"font-size:19px\">Raum: 1E | 040<br>Telefon: +49 40 6541 3949<br>Email: <a href=\"mailto:andrea.vorwerk@hsu.hamburg\" rel='nofollow'>andrea.vorwerk@hsu.hamburg<\/a><\/p>\n<\/div>\n\n\n\n<div class=\"wp-block-column is-vertically-aligned-center is-layout-flow wp-block-column-is-layout-flow\" style=\"flex-basis:35%\">\n<figure class=\"wp-block-image size-medium is-style-rounded\"><img loading=\"lazy\" decoding=\"async\" width=\"300\" height=\"200\" src=\"https:\/\/www.hsu-hh.de\/vergaberecht\/wp-content\/uploads\/sites\/806\/2025\/05\/Andrea-5-300x200.jpeg\" data-credit=\"Janne Roehsler\" alt=\"\" class=\"wp-image-1402\" srcset=\"https:\/\/www.hsu-hh.de\/vergaberecht\/wp-content\/uploads\/sites\/806\/2025\/05\/Andrea-5-300x200.jpeg 300w, https:\/\/www.hsu-hh.de\/vergaberecht\/wp-content\/uploads\/sites\/806\/2025\/05\/Andrea-5-1024x682.jpeg 1024w, https:\/\/www.hsu-hh.de\/vergaberecht\/wp-content\/uploads\/sites\/806\/2025\/05\/Andrea-5-768x511.jpeg 768w, https:\/\/www.hsu-hh.de\/vergaberecht\/wp-content\/uploads\/sites\/806\/2025\/05\/Andrea-5-1536x1022.jpeg 1536w, https:\/\/www.hsu-hh.de\/vergaberecht\/wp-content\/uploads\/sites\/806\/2025\/05\/Andrea-5-2048x1363.jpeg 2048w, https:\/\/www.hsu-hh.de\/vergaberecht\/wp-content\/uploads\/sites\/806\/2025\/05\/Andrea-5-1100x732.jpeg 1100w\" sizes=\"auto, (max-width: 300px) 100vw, 300px\" \/><\/figure>\n<\/div>\n<\/div>\n\n\n\n<div style=\"height:50px\" aria-hidden=\"true\" class=\"wp-block-spacer\"><\/div>\n\n\n\n<hr class=\"wp-block-separator has-css-opacity\" \/>\n\n\n\n<div class=\"wp-block-columns is-layout-flex wp-container-core-columns-is-layout-9d6595d7 wp-block-columns-is-layout-flex\">\n<div class=\"wp-block-column is-layout-flow wp-block-column-is-layout-flow\" style=\"flex-basis:65%\">\n<p style=\"font-size:18px\"><strong>Postanschrift<\/strong><br>Helmut-Schmidt-Universit\u00e4t<br>Fakult\u00e4t f\u00fcr Wirtschafts- und Sozialwissenschaften<br>Postfach 70 08 22<br>22008 Hamburg<\/p>\n<\/div>\n\n\n\n<div class=\"wp-block-column is-layout-flow wp-block-column-is-layout-flow\">\n<p style=\"font-size:18px\"><strong>Besucheranschrift<\/strong><br>Helmut-Schmidt-Universit\u00e4t<br>Campus Nord<br>Friedrich-Ebert-Damm 245<br>22159 Hamburg<\/p>\n<\/div>\n<\/div>\n\n\n\n<p><\/p>\n","protected":false},"excerpt":{"rendered":"<p>Andrea Vorwerk Raum: 1E | 040Telefon: +49 40 6541 3949Email: andrea.vorwerk@hsu.hamburg PostanschriftHelmut-Schmidt-Universit\u00e4tFakult\u00e4t f\u00fcr Wirtschafts- und SozialwissenschaftenPostfach 70 08 2222008 Hamburg BesucheranschriftHelmut-Schmidt-Universit\u00e4tCampus NordFriedrich-Ebert-Damm 24522159 Hamburg<\/p>\n","protected":false},"author":2764,"featured_media":0,"parent":106,"menu_order":1,"comment_status":"closed","ping_status":"closed","template":"","meta":{"footnotes":""},"categories":[57],"tags":[137],"class_list":["post-434","page","type-page","status-publish","hentry","category-team","tag-andrea-vorwerk"],"_links":{"self":[{"href":"https:\/\/www.hsu-hh.de\/vergaberecht\/wp-json\/wp\/v2\/pages\/434","targetHints":{"allow":["GET"]}}],"collection":[{"href":"https:\/\/www.hsu-hh.de\/vergaberecht\/wp-json\/wp\/v2\/pages"}],"about":[{"href":"https:\/\/www.hsu-hh.de\/vergaberecht\/wp-json\/wp\/v2\/types\/page"}],"author":[{"embeddable":true,"href":"https:\/\/www.hsu-hh.de\/vergaberecht\/wp-json\/wp\/v2\/users\/2764"}],"replies":[{"embeddable":true,"href":"https:\/\/www.hsu-hh.de\/vergaberecht\/wp-json\/wp\/v2\/comments?post=434"}],"version-history":[{"count":38,"href":"https:\/\/www.hsu-hh.de\/vergaberecht\/wp-json\/wp\/v2\/pages\/434\/revisions"}],"predecessor-version":[{"id":1455,"href":"https:\/\/www.hsu-hh.de\/vergaberecht\/wp-json\/wp\/v2\/pages\/434\/revisions\/1455"}],"up":[{"embeddable":true,"href":"https:\/\/www.hsu-hh.de\/vergaberecht\/wp-json\/wp\/v2\/pages\/106"}],"wp:attachment":[{"href":"https:\/\/www.hsu-hh.de\/vergaberecht\/wp-json\/wp\/v2\/media?parent=434"}],"wp:term":[{"taxonomy":"category","embeddable":true,"href":"https:\/\/www.hsu-hh.de\/vergaberecht\/wp-json\/wp\/v2\/categories?post=434"},{"taxonomy":"post_tag","embeddable":true,"href":"https:\/\/www.hsu-hh.de\/vergaberecht\/wp-json\/wp\/v2\/tags?post=434"}],"curies":[{"name":"wp","href":"https:\/\/api.w.org\/{rel}","templated":true}]}}