{"id":423,"date":"2021-02-23T15:06:24","date_gmt":"2021-02-23T14:06:24","guid":{"rendered":"https:\/\/www.hsu-hh.de\/vergaberecht\/?page_id=423"},"modified":"2026-03-18T09:23:08","modified_gmt":"2026-03-18T08:23:08","slug":"professurinhaber","status":"publish","type":"page","link":"https:\/\/www.hsu-hh.de\/vergaberecht\/mitarbeiter\/professurinhaber\/","title":{"rendered":"Professurinhaber"},"content":{"rendered":"\n<div style=\"height:50px\" aria-hidden=\"true\" class=\"wp-block-spacer\"><\/div>\n\n\n\n<div class=\"wp-block-columns are-vertically-aligned-center is-layout-flex wp-container-core-columns-is-layout-9d6595d7 wp-block-columns-is-layout-flex\">\n<div class=\"wp-block-column is-vertically-aligned-center is-layout-flow wp-block-column-is-layout-flow\" style=\"flex-basis:60%\">\n<p class=\"has-large-font-size\"><abbr title=\"Universit\u00e4tsprofessor\">Univ.-Prof.<\/abbr> Christian Ernst<\/p>\n\n\n\n<p style=\"font-size:19px\">Raum: 1E | 204<br>Telefon: +49 40 6541 3871<br>Email: <a href=\"mailto:christian.ernst@hsu-hh.de\" rel='nofollow'>christian.ernst@hsu-hh.de<\/a><br><br>Sprechstunde: Nach individueller Vereinbarung<\/p>\n<\/div>\n\n\n\n<div class=\"wp-block-column is-vertically-aligned-center is-layout-flow wp-block-column-is-layout-flow\" style=\"flex-basis:35%\">\n<figure class=\"wp-block-image size-large is-resized is-style-rounded\"><img loading=\"lazy\" decoding=\"async\" width=\"1024\" height=\"682\" src=\"https:\/\/www.hsu-hh.de\/vergaberecht\/wp-content\/uploads\/sites\/806\/2025\/06\/Christian-1024x682.jpg\" data-credit=\"Janne Roehsler\" alt=\"\" class=\"wp-image-1409\" style=\"width:285px;height:undefinedpx\" srcset=\"https:\/\/www.hsu-hh.de\/vergaberecht\/wp-content\/uploads\/sites\/806\/2025\/06\/Christian-1024x682.jpg 1024w, https:\/\/www.hsu-hh.de\/vergaberecht\/wp-content\/uploads\/sites\/806\/2025\/06\/Christian-300x200.jpg 300w, https:\/\/www.hsu-hh.de\/vergaberecht\/wp-content\/uploads\/sites\/806\/2025\/06\/Christian-768x511.jpg 768w, https:\/\/www.hsu-hh.de\/vergaberecht\/wp-content\/uploads\/sites\/806\/2025\/06\/Christian-1536x1022.jpg 1536w, https:\/\/www.hsu-hh.de\/vergaberecht\/wp-content\/uploads\/sites\/806\/2025\/06\/Christian-2048x1363.jpg 2048w, https:\/\/www.hsu-hh.de\/vergaberecht\/wp-content\/uploads\/sites\/806\/2025\/06\/Christian-1100x732.jpg 1100w\" sizes=\"auto, (max-width: 1024px) 100vw, 1024px\" \/><\/figure>\n\n\n\n<p><\/p>\n<\/div>\n<\/div>\n\n\n\n<p>Christian Ernst studierte von 1999 bis 2003 in Kiel Rechtswissenschaften. Nach der Promotion zu einem dogmatischen Grundlagenthema des allgemeinen Verwaltungsrechts durch die Rechtswissenschaftliche Fakult\u00e4t der Universit\u00e4t zu Kiel und dem Referendariat war Christian Ernst wissenschaftlicher Assistent an der Bucerius Law School, Hamburg. Dort habilitierte er sich zu einem informationsrechtlichen Thema und nach Lehrstuhlvertretungen in K\u00f6ln und Konstanz wurde er 2019 zum Professor an der Helmut-Schmidt-Universit\u00e4t berufen.<\/p>\n\n\n\n<div style=\"height:20px\" aria-hidden=\"true\" class=\"wp-block-spacer\"><\/div>\n\n\n\n<div class=\"wp-block-columns is-layout-flex wp-container-core-columns-is-layout-9d6595d7 wp-block-columns-is-layout-flex\">\n<div class=\"wp-block-column is-layout-flow wp-block-column-is-layout-flow\">\n<p class=\"has-text-align-left\"><a href=\"https:\/\/www.hsu-hh.de\/vergaberecht\/wp-content\/uploads\/sites\/806\/2021\/01\/Lebenslauf-C.-Ernst.pdf\">Lebenslauf<\/a> | <a href=\"https:\/\/www.hsu-hh.de\/vergaberecht\/wp-content\/uploads\/sites\/806\/2026\/03\/Schriftenverzeichnis-Ernst-2026_2.pdf\" data-type=\"attachment\" data-id=\"1612\">Publikationen<\/a><\/p>\n<\/div>\n<\/div>\n\n\n\n<div style=\"height:50px\" aria-hidden=\"true\" class=\"wp-block-spacer\"><\/div>\n\n\n\n<hr class=\"wp-block-separator has-css-opacity\" \/>\n\n\n\n<div class=\"wp-block-columns is-layout-flex wp-container-core-columns-is-layout-9d6595d7 wp-block-columns-is-layout-flex\">\n<div class=\"wp-block-column is-layout-flow wp-block-column-is-layout-flow\" style=\"flex-basis:65%\">\n<p style=\"font-size:18px\"><strong>Postanschrift<\/strong><br>Helmut-Schmidt-Universit\u00e4t<br>Fakult\u00e4t f\u00fcr Wirtschafts- und Sozialwissenschaften<br>Postfach 70 08 22<br>22008 Hamburg<\/p>\n<\/div>\n\n\n\n<div class=\"wp-block-column is-layout-flow wp-block-column-is-layout-flow\">\n<p style=\"font-size:18px\"><strong>Besucheranschrift<\/strong><br>Helmut-Schmidt-Universit\u00e4t<br>Campus Nord<br>Friedrich-Ebert-Damm 245<br>22159 Hamburg<\/p>\n<\/div>\n<\/div>\n","protected":false},"excerpt":{"rendered":"<p>Univ.-Prof. Christian Ernst Raum: 1E | 204Telefon: +49 40 6541 3871Email: christian.ernst@hsu-hh.de Sprechstunde: Nach individueller Vereinbarung Christian Ernst studierte von 1999 bis 2003 in Kiel Rechtswissenschaften. Nach der Promotion zu [&hellip;]<\/p>\n","protected":false},"author":2764,"featured_media":0,"parent":106,"menu_order":0,"comment_status":"closed","ping_status":"closed","template":"","meta":{"footnotes":""},"categories":[57],"tags":[144],"class_list":["post-423","page","type-page","status-publish","hentry","category-team","tag-christian-ernst"],"_links":{"self":[{"href":"https:\/\/www.hsu-hh.de\/vergaberecht\/wp-json\/wp\/v2\/pages\/423","targetHints":{"allow":["GET"]}}],"collection":[{"href":"https:\/\/www.hsu-hh.de\/vergaberecht\/wp-json\/wp\/v2\/pages"}],"about":[{"href":"https:\/\/www.hsu-hh.de\/vergaberecht\/wp-json\/wp\/v2\/types\/page"}],"author":[{"embeddable":true,"href":"https:\/\/www.hsu-hh.de\/vergaberecht\/wp-json\/wp\/v2\/users\/2764"}],"replies":[{"embeddable":true,"href":"https:\/\/www.hsu-hh.de\/vergaberecht\/wp-json\/wp\/v2\/comments?post=423"}],"version-history":[{"count":86,"href":"https:\/\/www.hsu-hh.de\/vergaberecht\/wp-json\/wp\/v2\/pages\/423\/revisions"}],"predecessor-version":[{"id":1613,"href":"https:\/\/www.hsu-hh.de\/vergaberecht\/wp-json\/wp\/v2\/pages\/423\/revisions\/1613"}],"up":[{"embeddable":true,"href":"https:\/\/www.hsu-hh.de\/vergaberecht\/wp-json\/wp\/v2\/pages\/106"}],"wp:attachment":[{"href":"https:\/\/www.hsu-hh.de\/vergaberecht\/wp-json\/wp\/v2\/media?parent=423"}],"wp:term":[{"taxonomy":"category","embeddable":true,"href":"https:\/\/www.hsu-hh.de\/vergaberecht\/wp-json\/wp\/v2\/categories?post=423"},{"taxonomy":"post_tag","embeddable":true,"href":"https:\/\/www.hsu-hh.de\/vergaberecht\/wp-json\/wp\/v2\/tags?post=423"}],"curies":[{"name":"wp","href":"https:\/\/api.w.org\/{rel}","templated":true}]}}