{"id":112,"date":"2018-01-17T14:06:36","date_gmt":"2018-01-17T13:06:36","guid":{"rendered":"https:\/\/www.hsu-hh.de\/vorlage\/?page_id=112"},"modified":"2021-11-09T19:42:48","modified_gmt":"2021-11-09T18:42:48","slug":"forschung","status":"publish","type":"page","link":"https:\/\/www.hsu-hh.de\/vergaberecht\/forschung\/","title":{"rendered":"Forschung"},"content":{"rendered":"\n<div style=\"height:50px\" aria-hidden=\"true\" class=\"wp-block-spacer\"><\/div>\n\n\n\n<p style=\"font-size:18px\">Die Mitglieder der Professur f\u00fcr \u00d6ffentliches Recht und Wirtschaftsrecht (einschl. Vergaberecht) forschen in allen Bereichen des \u00f6ffentlichen Rechts mit besonderen Schwerpunkten im Verwaltungsrecht, Wirtschafts- und Regulierungsrecht, Verfassungsrecht, der Digitalisierung des Rechts und der \u00f6ffentlichen Verwaltung, Ordnungsrechts und zu Fragen des Rechtsschutzes.<\/p>\n","protected":false},"excerpt":{"rendered":"<p>Die Mitglieder der Professur f\u00fcr \u00d6ffentliches Recht und Wirtschaftsrecht (einschl. Vergaberecht) forschen in allen Bereichen des \u00f6ffentlichen Rechts mit besonderen Schwerpunkten im Verwaltungsrecht, Wirtschafts- und Regulierungsrecht, Verfassungsrecht, der Digitalisierung des [&hellip;]<\/p>\n","protected":false},"author":2764,"featured_media":0,"parent":0,"menu_order":0,"comment_status":"closed","ping_status":"closed","template":"","meta":{"footnotes":""},"categories":[4],"tags":[],"class_list":["post-112","page","type-page","status-publish","hentry","category-forschung"],"_links":{"self":[{"href":"https:\/\/www.hsu-hh.de\/vergaberecht\/wp-json\/wp\/v2\/pages\/112","targetHints":{"allow":["GET"]}}],"collection":[{"href":"https:\/\/www.hsu-hh.de\/vergaberecht\/wp-json\/wp\/v2\/pages"}],"about":[{"href":"https:\/\/www.hsu-hh.de\/vergaberecht\/wp-json\/wp\/v2\/types\/page"}],"author":[{"embeddable":true,"href":"https:\/\/www.hsu-hh.de\/vergaberecht\/wp-json\/wp\/v2\/users\/2764"}],"replies":[{"embeddable":true,"href":"https:\/\/www.hsu-hh.de\/vergaberecht\/wp-json\/wp\/v2\/comments?post=112"}],"version-history":[{"count":5,"href":"https:\/\/www.hsu-hh.de\/vergaberecht\/wp-json\/wp\/v2\/pages\/112\/revisions"}],"predecessor-version":[{"id":1400,"href":"https:\/\/www.hsu-hh.de\/vergaberecht\/wp-json\/wp\/v2\/pages\/112\/revisions\/1400"}],"wp:attachment":[{"href":"https:\/\/www.hsu-hh.de\/vergaberecht\/wp-json\/wp\/v2\/media?parent=112"}],"wp:term":[{"taxonomy":"category","embeddable":true,"href":"https:\/\/www.hsu-hh.de\/vergaberecht\/wp-json\/wp\/v2\/categories?post=112"},{"taxonomy":"post_tag","embeddable":true,"href":"https:\/\/www.hsu-hh.de\/vergaberecht\/wp-json\/wp\/v2\/tags?post=112"}],"curies":[{"name":"wp","href":"https:\/\/api.w.org\/{rel}","templated":true}]}}