{"id":1062,"date":"2021-11-10T17:21:33","date_gmt":"2021-11-10T16:21:33","guid":{"rendered":"https:\/\/www.hsu-hh.de\/vergaberecht\/?page_id=1062"},"modified":"2026-02-05T10:38:12","modified_gmt":"2026-02-05T09:38:12","slug":"former-assistants","status":"publish","type":"page","link":"https:\/\/www.hsu-hh.de\/vergaberecht\/en\/team\/former-assistants\/","title":{"rendered":"Former assistants"},"content":{"rendered":"\n<div style=\"height:100px\" aria-hidden=\"true\" class=\"wp-block-spacer\"><\/div>\n\n\n\n<div class=\"wp-block-columns is-layout-flex wp-container-core-columns-is-layout-9d6595d7 wp-block-columns-is-layout-flex\">\n<div class=\"wp-block-column is-layout-flow wp-block-column-is-layout-flow\" style=\"flex-basis:55%\">\n<p style=\"font-size:25px\">Graduate assistants<\/p>\n\n\n\n<p style=\"font-size:18px\"><em>Valerie Greitens<\/em><\/p>\n\n\n\n<p style=\"font-size:18px\"><em>Marco Meyer<\/em><\/p>\n\n\n\n<p><em>Felix Lachmann<\/em><\/p>\n\n\n\n<p><em>Jonas Mekhalfia<\/em><\/p>\n\n\n\n<p><em>Arlette Greitens<\/em><\/p>\n\n\n\n<p>Tizian Relke<\/p>\n<\/div>\n\n\n\n<div class=\"wp-block-column is-layout-flow wp-block-column-is-layout-flow\" style=\"flex-basis:55%\">\n<p style=\"font-size:25px\">Undergraduate assistants<\/p>\n\n\n\n<p style=\"font-size:18px\"><em>Pauline Rachor<\/em><\/p>\n\n\n\n<p><em>Svenja Kantelhardt<\/em><\/p>\n\n\n\n<p><em>Christopher Sparwel<\/em><\/p>\n\n\n\n<p><em>Midas Kempcke<\/em><\/p>\n\n\n\n<p><em>Julius Klose<\/em><\/p>\n\n\n\n<p><em>Noah Rottenecker<\/em><\/p>\n<\/div>\n<\/div>\n\n\n\n<div style=\"height:25px\" aria-hidden=\"true\" class=\"wp-block-spacer\"><\/div>\n\n\n\n<hr class=\"wp-block-separator has-css-opacity\" \/>\n\n\n\n<div class=\"wp-block-columns is-layout-flex wp-container-core-columns-is-layout-9d6595d7 wp-block-columns-is-layout-flex\">\n<div class=\"wp-block-column is-layout-flow wp-block-column-is-layout-flow\" style=\"flex-basis:65%\">\n<p style=\"font-size:18px\"><strong>Mailing adress<\/strong><br>Helmut-Schmidt-Universit\u00e4t<br>Fakult\u00e4t f\u00fcr Wirtschafts- und Sozialwissenschaften<br>Postfach 70 08 22<br>22008 Hamburg<\/p>\n<\/div>\n\n\n\n<div class=\"wp-block-column is-layout-flow wp-block-column-is-layout-flow\">\n<p style=\"font-size:18px\"><strong>Visiting address<\/strong><br>Helmut-Schmidt-Universit\u00e4t<br>Campus Nord<br>Friedrich-Ebert-Damm 245<br>22159 Hamburg<\/p>\n<\/div>\n<\/div>\n","protected":false},"excerpt":{"rendered":"<p>Graduate assistants Valerie Greitens Marco Meyer Felix Lachmann Jonas Mekhalfia Arlette Greitens Tizian Relke Undergraduate assistants Pauline Rachor Svenja Kantelhardt Christopher Sparwel Midas Kempcke Julius Klose Noah Rottenecker Mailing adressHelmut-Schmidt-Universit\u00e4tFakult\u00e4t [&hellip;]<\/p>\n","protected":false},"author":2764,"featured_media":0,"parent":110,"menu_order":4,"comment_status":"closed","ping_status":"closed","template":"","meta":{"footnotes":""},"categories":[9],"tags":[180,184,176,193,188],"class_list":["post-1062","page","type-page","status-publish","hentry","category-team-en","tag-christopher-sparwel-en","tag-marco-meyer-en","tag-pauline-rachor-en","tag-svenja-kantelhardt-en","tag-valerie-greitens-en"],"_links":{"self":[{"href":"https:\/\/www.hsu-hh.de\/vergaberecht\/wp-json\/wp\/v2\/pages\/1062","targetHints":{"allow":["GET"]}}],"collection":[{"href":"https:\/\/www.hsu-hh.de\/vergaberecht\/wp-json\/wp\/v2\/pages"}],"about":[{"href":"https:\/\/www.hsu-hh.de\/vergaberecht\/wp-json\/wp\/v2\/types\/page"}],"author":[{"embeddable":true,"href":"https:\/\/www.hsu-hh.de\/vergaberecht\/wp-json\/wp\/v2\/users\/2764"}],"replies":[{"embeddable":true,"href":"https:\/\/www.hsu-hh.de\/vergaberecht\/wp-json\/wp\/v2\/comments?post=1062"}],"version-history":[{"count":9,"href":"https:\/\/www.hsu-hh.de\/vergaberecht\/wp-json\/wp\/v2\/pages\/1062\/revisions"}],"predecessor-version":[{"id":1583,"href":"https:\/\/www.hsu-hh.de\/vergaberecht\/wp-json\/wp\/v2\/pages\/1062\/revisions\/1583"}],"up":[{"embeddable":true,"href":"https:\/\/www.hsu-hh.de\/vergaberecht\/wp-json\/wp\/v2\/pages\/110"}],"wp:attachment":[{"href":"https:\/\/www.hsu-hh.de\/vergaberecht\/wp-json\/wp\/v2\/media?parent=1062"}],"wp:term":[{"taxonomy":"category","embeddable":true,"href":"https:\/\/www.hsu-hh.de\/vergaberecht\/wp-json\/wp\/v2\/categories?post=1062"},{"taxonomy":"post_tag","embeddable":true,"href":"https:\/\/www.hsu-hh.de\/vergaberecht\/wp-json\/wp\/v2\/tags?post=1062"}],"curies":[{"name":"wp","href":"https:\/\/api.w.org\/{rel}","templated":true}]}}