{"id":106,"date":"2018-01-17T14:05:25","date_gmt":"2018-01-17T13:05:25","guid":{"rendered":"https:\/\/www.hsu-hh.de\/vorlage\/?page_id=106"},"modified":"2025-09-17T11:57:17","modified_gmt":"2025-09-17T09:57:17","slug":"mitarbeiter","status":"publish","type":"page","link":"https:\/\/www.hsu-hh.de\/vergaberecht\/mitarbeiter\/","title":{"rendered":"Unser Team"},"content":{"rendered":"\n<div style=\"height:50px\" aria-hidden=\"true\" class=\"wp-block-spacer\"><\/div>\n\n\n\n<figure class=\"wp-block-image size-large is-resized\"><img decoding=\"async\" src=\"https:\/\/www.hsu-hh.de\/vergaberecht\/wp-content\/uploads\/sites\/806\/2025\/06\/Gruppenfotos-1024x682.jpeg\" data-credit=\"Janne Roehsler\" alt=\"Lehrstuhlfoto\" class=\"wp-image-1404\" style=\"object-fit:cover;width:1140px;height:600px\" \/><\/figure>\n\n\n\n<div style=\"height:50px\" aria-hidden=\"true\" class=\"wp-block-spacer\"><\/div>\n\n\n\n<hr class=\"wp-block-separator has-css-opacity\" \/>\n\n\n\n<div class=\"wp-block-columns is-layout-flex wp-container-core-columns-is-layout-9d6595d7 wp-block-columns-is-layout-flex\">\n<div class=\"wp-block-column is-layout-flow wp-block-column-is-layout-flow\" style=\"flex-basis:65%\">\n<p style=\"font-size:18px\"><strong>Postanschrift<\/strong><br>Helmut-Schmidt-Universit\u00e4t<br>Fakult\u00e4t f\u00fcr Wirtschafts- und Sozialwissenschaften<br>Postfach 70 08 22<br>22008 Hamburg<\/p>\n<\/div>\n\n\n\n<div class=\"wp-block-column is-layout-flow wp-block-column-is-layout-flow\">\n<p style=\"font-size:18px\"><strong>Besucheranschrift<\/strong><br>Helmut-Schmidt-Universit\u00e4t<br>Campus Nord<br>Friedrich-Ebert-Damm 245<br>22159 Hamburg<\/p>\n<\/div>\n<\/div>\n\n\n\n<p><\/p>\n","protected":false},"excerpt":{"rendered":"<p>PostanschriftHelmut-Schmidt-Universit\u00e4tFakult\u00e4t f\u00fcr Wirtschafts- und SozialwissenschaftenPostfach 70 08 2222008 Hamburg BesucheranschriftHelmut-Schmidt-Universit\u00e4tCampus NordFriedrich-Ebert-Damm 24522159 Hamburg<\/p>\n","protected":false},"author":2764,"featured_media":0,"parent":0,"menu_order":0,"comment_status":"closed","ping_status":"closed","template":"","meta":{"footnotes":""},"categories":[57],"tags":[],"class_list":["post-106","page","type-page","status-publish","hentry","category-team"],"_links":{"self":[{"href":"https:\/\/www.hsu-hh.de\/vergaberecht\/wp-json\/wp\/v2\/pages\/106","targetHints":{"allow":["GET"]}}],"collection":[{"href":"https:\/\/www.hsu-hh.de\/vergaberecht\/wp-json\/wp\/v2\/pages"}],"about":[{"href":"https:\/\/www.hsu-hh.de\/vergaberecht\/wp-json\/wp\/v2\/types\/page"}],"author":[{"embeddable":true,"href":"https:\/\/www.hsu-hh.de\/vergaberecht\/wp-json\/wp\/v2\/users\/2764"}],"replies":[{"embeddable":true,"href":"https:\/\/www.hsu-hh.de\/vergaberecht\/wp-json\/wp\/v2\/comments?post=106"}],"version-history":[{"count":30,"href":"https:\/\/www.hsu-hh.de\/vergaberecht\/wp-json\/wp\/v2\/pages\/106\/revisions"}],"predecessor-version":[{"id":1526,"href":"https:\/\/www.hsu-hh.de\/vergaberecht\/wp-json\/wp\/v2\/pages\/106\/revisions\/1526"}],"wp:attachment":[{"href":"https:\/\/www.hsu-hh.de\/vergaberecht\/wp-json\/wp\/v2\/media?parent=106"}],"wp:term":[{"taxonomy":"category","embeddable":true,"href":"https:\/\/www.hsu-hh.de\/vergaberecht\/wp-json\/wp\/v2\/categories?post=106"},{"taxonomy":"post_tag","embeddable":true,"href":"https:\/\/www.hsu-hh.de\/vergaberecht\/wp-json\/wp\/v2\/tags?post=106"}],"curies":[{"name":"wp","href":"https:\/\/api.w.org\/{rel}","templated":true}]}}