{"id":1012,"date":"2021-11-10T16:18:08","date_gmt":"2021-11-10T15:18:08","guid":{"rendered":"https:\/\/www.hsu-hh.de\/vergaberecht\/?page_id=1012"},"modified":"2026-02-05T10:37:37","modified_gmt":"2026-02-05T09:37:37","slug":"graduate-assistants","status":"publish","type":"page","link":"https:\/\/www.hsu-hh.de\/vergaberecht\/en\/team\/graduate-assistants\/","title":{"rendered":"Graduate assistants"},"content":{"rendered":"\n<div style=\"height:50px\" aria-hidden=\"true\" class=\"wp-block-spacer\"><\/div>\n\n\n\n<div class=\"wp-block-columns is-layout-flex wp-container-core-columns-is-layout-9d6595d7 wp-block-columns-is-layout-flex\">\n<div class=\"wp-block-column is-vertically-aligned-center is-layout-flow wp-block-column-is-layout-flow\" style=\"flex-basis:90%\">\n<p class=\"has-large-font-size\">Ennio Friedemann<\/p>\n\n\n\n<p style=\"font-size:19px\"><br>Room: 1E | 054<br>Telefon: +49 40 6541 3551<br>Email: <a href=\"mailto:friedeme@hsu-hh.de\" rel='nofollow'>friedeme@hsu-hh.de<\/a><\/p>\n<\/div>\n\n\n\n<div class=\"wp-block-column is-vertically-aligned-center is-layout-flow wp-block-column-is-layout-flow\" style=\"flex-basis:60%\"><div class=\"wp-block-image is-style-rounded\">\n<figure class=\"alignright size-large is-resized\"><img loading=\"lazy\" decoding=\"async\" width=\"1024\" height=\"682\" src=\"https:\/\/www.hsu-hh.de\/vergaberecht\/wp-content\/uploads\/sites\/806\/2025\/09\/Ennio-1-1024x682.jpeg\" data-credit=\"Janne Roehsler\" alt=\"\" class=\"wp-image-1438\" style=\"width:285px;height:190px\" srcset=\"https:\/\/www.hsu-hh.de\/vergaberecht\/wp-content\/uploads\/sites\/806\/2025\/09\/Ennio-1-1024x682.jpeg 1024w, https:\/\/www.hsu-hh.de\/vergaberecht\/wp-content\/uploads\/sites\/806\/2025\/09\/Ennio-1-300x200.jpeg 300w, https:\/\/www.hsu-hh.de\/vergaberecht\/wp-content\/uploads\/sites\/806\/2025\/09\/Ennio-1-768x511.jpeg 768w, https:\/\/www.hsu-hh.de\/vergaberecht\/wp-content\/uploads\/sites\/806\/2025\/09\/Ennio-1-1536x1022.jpeg 1536w, https:\/\/www.hsu-hh.de\/vergaberecht\/wp-content\/uploads\/sites\/806\/2025\/09\/Ennio-1-2048x1363.jpeg 2048w, https:\/\/www.hsu-hh.de\/vergaberecht\/wp-content\/uploads\/sites\/806\/2025\/09\/Ennio-1-1100x732.jpeg 1100w\" sizes=\"auto, (max-width: 1024px) 100vw, 1024px\" \/><\/figure>\n<\/div><\/div>\n<\/div>\n\n\n\n<div style=\"height:1px\" aria-hidden=\"true\" class=\"wp-block-spacer\"><\/div>\n\n\n\n<div style=\"height:100px\" aria-hidden=\"true\" class=\"wp-block-spacer\"><\/div>\n\n\n\n<div style=\"height:1px\" aria-hidden=\"true\" class=\"wp-block-spacer\"><\/div>\n\n\n\n<div class=\"wp-block-columns is-layout-flex wp-container-core-columns-is-layout-9d6595d7 wp-block-columns-is-layout-flex\">\n<div class=\"wp-block-column is-vertically-aligned-center is-layout-flow wp-block-column-is-layout-flow\" style=\"flex-basis:55%\"><div class=\"wp-block-image is-style-rounded\">\n<figure class=\"alignleft size-large is-resized\"><img loading=\"lazy\" decoding=\"async\" width=\"1024\" height=\"681\" src=\"https:\/\/www.hsu-hh.de\/vergaberecht\/wp-content\/uploads\/sites\/806\/2025\/09\/Paul-1024x681.jpg\" data-credit=\"Janne Roehsler\" alt=\"\" class=\"wp-image-1442\" style=\"width:285px;height:190px\" srcset=\"https:\/\/www.hsu-hh.de\/vergaberecht\/wp-content\/uploads\/sites\/806\/2025\/09\/Paul-1024x681.jpg 1024w, https:\/\/www.hsu-hh.de\/vergaberecht\/wp-content\/uploads\/sites\/806\/2025\/09\/Paul-300x200.jpg 300w, https:\/\/www.hsu-hh.de\/vergaberecht\/wp-content\/uploads\/sites\/806\/2025\/09\/Paul-768x511.jpg 768w, https:\/\/www.hsu-hh.de\/vergaberecht\/wp-content\/uploads\/sites\/806\/2025\/09\/Paul-1536x1022.jpg 1536w, https:\/\/www.hsu-hh.de\/vergaberecht\/wp-content\/uploads\/sites\/806\/2025\/09\/Paul-2048x1363.jpg 2048w, https:\/\/www.hsu-hh.de\/vergaberecht\/wp-content\/uploads\/sites\/806\/2025\/09\/Paul-1100x732.jpg 1100w\" sizes=\"auto, (max-width: 1024px) 100vw, 1024px\" \/><\/figure>\n<\/div><\/div>\n\n\n\n<div class=\"wp-block-column is-vertically-aligned-center is-layout-flow wp-block-column-is-layout-flow\">\n<p class=\"has-large-font-size\">Paul Strothmann<\/p>\n\n\n\n<p style=\"font-size:19px\"><br>Room: 1E | 150<br>Telefon: +49 40 6541 3933<br>Email: <a href=\"mailto:strothmp@hsu-hh.de\" rel='nofollow'>strothmp@hsu-hh.de<\/a><\/p>\n<\/div>\n<\/div>\n\n\n\n<div style=\"height:1px\" aria-hidden=\"true\" class=\"wp-block-spacer\"><\/div>\n\n\n\n<div class=\"wp-block-columns is-layout-flex wp-container-core-columns-is-layout-9d6595d7 wp-block-columns-is-layout-flex\">\n<div class=\"wp-block-column is-vertically-aligned-center is-layout-flow wp-block-column-is-layout-flow\">\n<div style=\"height:100px\" aria-hidden=\"true\" class=\"wp-block-spacer\"><\/div>\n\n\n\n<div style=\"height:1px\" aria-hidden=\"true\" class=\"wp-block-spacer\"><\/div>\n<\/div>\n<\/div>\n\n\n\n<div style=\"height:0px\" aria-hidden=\"true\" class=\"wp-block-spacer\"><\/div>\n\n\n\n<div class=\"wp-block-columns is-layout-flex wp-container-core-columns-is-layout-9d6595d7 wp-block-columns-is-layout-flex\">\n<div class=\"wp-block-column is-vertically-aligned-center is-layout-flow wp-block-column-is-layout-flow\">\n<p class=\"has-large-font-size\">Lena Hinrichs<\/p>\n\n\n\n<p style=\"font-size:19px\"><br>Room: 1E | 054<br>Telefon: +49 40 6541 3551<br>Email: <a href=\"mailto:hinrichl@hsu-hh.de\" rel='nofollow'>hinrichl@hsu-hh.de<\/a><\/p>\n<\/div>\n\n\n\n<div class=\"wp-block-column is-vertically-aligned-center is-layout-flow wp-block-column-is-layout-flow\" style=\"flex-basis:55%\"><div class=\"wp-block-image is-style-rounded\">\n<figure class=\"alignright size-large is-resized\"><img loading=\"lazy\" decoding=\"async\" width=\"1024\" height=\"682\" src=\"https:\/\/www.hsu-hh.de\/vergaberecht\/wp-content\/uploads\/sites\/806\/2025\/09\/Lena-1024x682.jpeg\" data-credit=\"Janne Roehsler\" alt=\"\" class=\"wp-image-1440\" style=\"width:285px;height:190px\" srcset=\"https:\/\/www.hsu-hh.de\/vergaberecht\/wp-content\/uploads\/sites\/806\/2025\/09\/Lena-1024x682.jpeg 1024w, https:\/\/www.hsu-hh.de\/vergaberecht\/wp-content\/uploads\/sites\/806\/2025\/09\/Lena-300x200.jpeg 300w, https:\/\/www.hsu-hh.de\/vergaberecht\/wp-content\/uploads\/sites\/806\/2025\/09\/Lena-768x511.jpeg 768w, https:\/\/www.hsu-hh.de\/vergaberecht\/wp-content\/uploads\/sites\/806\/2025\/09\/Lena-1536x1022.jpeg 1536w, https:\/\/www.hsu-hh.de\/vergaberecht\/wp-content\/uploads\/sites\/806\/2025\/09\/Lena-2048x1363.jpeg 2048w, https:\/\/www.hsu-hh.de\/vergaberecht\/wp-content\/uploads\/sites\/806\/2025\/09\/Lena-1100x732.jpeg 1100w\" sizes=\"auto, (max-width: 1024px) 100vw, 1024px\" \/><\/figure>\n<\/div><\/div>\n<\/div>\n\n\n\n<div style=\"height:1px\" aria-hidden=\"true\" class=\"wp-block-spacer\"><\/div>\n\n\n\n<div style=\"height:100px\" aria-hidden=\"true\" class=\"wp-block-spacer\"><\/div>\n\n\n\n<div style=\"height:1px\" aria-hidden=\"true\" class=\"wp-block-spacer\"><\/div>\n\n\n\n<div class=\"wp-block-columns is-layout-flex wp-container-core-columns-is-layout-9d6595d7 wp-block-columns-is-layout-flex\">\n<div class=\"wp-block-column is-vertically-aligned-center is-layout-flow wp-block-column-is-layout-flow\" style=\"flex-basis:55%\"><div class=\"wp-block-image is-style-rounded\">\n<figure class=\"alignleft size-large is-resized\"><img loading=\"lazy\" decoding=\"async\" width=\"1024\" height=\"682\" src=\"https:\/\/www.hsu-hh.de\/vergaberecht\/wp-content\/uploads\/sites\/806\/2025\/09\/Nicklas-1-1024x682.jpeg\" data-credit=\"Janne Roehsler\" alt=\"\" class=\"wp-image-1441\" style=\"width:285px;height:190px\" srcset=\"https:\/\/www.hsu-hh.de\/vergaberecht\/wp-content\/uploads\/sites\/806\/2025\/09\/Nicklas-1-1024x682.jpeg 1024w, https:\/\/www.hsu-hh.de\/vergaberecht\/wp-content\/uploads\/sites\/806\/2025\/09\/Nicklas-1-300x200.jpeg 300w, https:\/\/www.hsu-hh.de\/vergaberecht\/wp-content\/uploads\/sites\/806\/2025\/09\/Nicklas-1-768x511.jpeg 768w, https:\/\/www.hsu-hh.de\/vergaberecht\/wp-content\/uploads\/sites\/806\/2025\/09\/Nicklas-1-1536x1022.jpeg 1536w, https:\/\/www.hsu-hh.de\/vergaberecht\/wp-content\/uploads\/sites\/806\/2025\/09\/Nicklas-1-2048x1363.jpeg 2048w, https:\/\/www.hsu-hh.de\/vergaberecht\/wp-content\/uploads\/sites\/806\/2025\/09\/Nicklas-1-1100x732.jpeg 1100w\" sizes=\"auto, (max-width: 1024px) 100vw, 1024px\" \/><\/figure>\n<\/div><\/div>\n\n\n\n<div class=\"wp-block-column is-vertically-aligned-center is-layout-flow wp-block-column-is-layout-flow\">\n<p class=\"has-large-font-size\">Nicklas Homuth<\/p>\n\n\n\n<p style=\"font-size:19px\"><br>Room: 1E | 154<br>Telefon: +49 40 6541 3935<br>Email: <a href=\"mailto:homuthn@hsu-hh.de\" rel='nofollow'>homuthn@hsu-hh.de<\/a><\/p>\n<\/div>\n<\/div>\n\n\n\n<div style=\"height:1px\" aria-hidden=\"true\" class=\"wp-block-spacer\"><\/div>\n\n\n\n<div style=\"height:100px\" aria-hidden=\"true\" class=\"wp-block-spacer\"><\/div>\n\n\n\n<div style=\"height:1px\" aria-hidden=\"true\" class=\"wp-block-spacer\"><\/div>\n\n\n\n<div class=\"wp-block-columns is-layout-flex wp-container-core-columns-is-layout-9d6595d7 wp-block-columns-is-layout-flex\">\n<div class=\"wp-block-column is-vertically-aligned-center is-layout-flow wp-block-column-is-layout-flow\">\n<p class=\"has-large-font-size\">Torben Wassermann<\/p>\n\n\n\n<p style=\"font-size:19px\"><br>Room: 1E | 150<br>Telefon: +49 40 6541 3933<br>Email: <a href=\"mailto:wassermt@hsu-hh.de\" rel='nofollow'>wassermt@hsu-hh.de<\/a><\/p>\n<\/div>\n\n\n\n<div class=\"wp-block-column is-vertically-aligned-center is-layout-flow wp-block-column-is-layout-flow\" style=\"flex-basis:55%\"><div class=\"wp-block-image is-style-rounded\">\n<figure class=\"alignright size-large is-resized\"><img loading=\"lazy\" decoding=\"async\" width=\"1024\" height=\"683\" src=\"https:\/\/www.hsu-hh.de\/vergaberecht\/wp-content\/uploads\/sites\/806\/2026\/02\/IMG_4919_neu-1-1024x683.jpg\" data-credit=\"Nicklas Homuth\" alt=\"Torben Wassermann\" class=\"wp-image-1581\" style=\"width:285px;height:190px\" srcset=\"https:\/\/www.hsu-hh.de\/vergaberecht\/wp-content\/uploads\/sites\/806\/2026\/02\/IMG_4919_neu-1-1024x683.jpg 1024w, https:\/\/www.hsu-hh.de\/vergaberecht\/wp-content\/uploads\/sites\/806\/2026\/02\/IMG_4919_neu-1-300x200.jpg 300w, https:\/\/www.hsu-hh.de\/vergaberecht\/wp-content\/uploads\/sites\/806\/2026\/02\/IMG_4919_neu-1-768x512.jpg 768w, https:\/\/www.hsu-hh.de\/vergaberecht\/wp-content\/uploads\/sites\/806\/2026\/02\/IMG_4919_neu-1-1536x1024.jpg 1536w, https:\/\/www.hsu-hh.de\/vergaberecht\/wp-content\/uploads\/sites\/806\/2026\/02\/IMG_4919_neu-1-1100x733.jpg 1100w, https:\/\/www.hsu-hh.de\/vergaberecht\/wp-content\/uploads\/sites\/806\/2026\/02\/IMG_4919_neu-1.jpg 2048w\" sizes=\"auto, (max-width: 1024px) 100vw, 1024px\" \/><\/figure>\n<\/div><\/div>\n<\/div>\n\n\n\n<div style=\"height:100px\" aria-hidden=\"true\" class=\"wp-block-spacer\"><\/div>\n\n\n\n<div style=\"height:1px\" aria-hidden=\"true\" class=\"wp-block-spacer\"><\/div>\n\n\n\n<div class=\"wp-block-columns is-layout-flex wp-container-core-columns-is-layout-9d6595d7 wp-block-columns-is-layout-flex\">\n<div class=\"wp-block-column is-vertically-aligned-center is-layout-flow wp-block-column-is-layout-flow\" style=\"flex-basis:55%\"><div class=\"wp-block-image is-style-rounded\">\n<figure class=\"alignleft size-large is-resized\"><img loading=\"lazy\" decoding=\"async\" width=\"1024\" height=\"683\" src=\"https:\/\/www.hsu-hh.de\/vergaberecht\/wp-content\/uploads\/sites\/806\/2026\/02\/IMG_4910_neu-1-1024x683.jpg\" data-credit=\"Nicklas Homuth\" alt=\"Sarah Timmann\" class=\"wp-image-1578\" style=\"width:285px;height:190px\" srcset=\"https:\/\/www.hsu-hh.de\/vergaberecht\/wp-content\/uploads\/sites\/806\/2026\/02\/IMG_4910_neu-1-1024x683.jpg 1024w, https:\/\/www.hsu-hh.de\/vergaberecht\/wp-content\/uploads\/sites\/806\/2026\/02\/IMG_4910_neu-1-300x200.jpg 300w, https:\/\/www.hsu-hh.de\/vergaberecht\/wp-content\/uploads\/sites\/806\/2026\/02\/IMG_4910_neu-1-768x512.jpg 768w, https:\/\/www.hsu-hh.de\/vergaberecht\/wp-content\/uploads\/sites\/806\/2026\/02\/IMG_4910_neu-1-1536x1024.jpg 1536w, https:\/\/www.hsu-hh.de\/vergaberecht\/wp-content\/uploads\/sites\/806\/2026\/02\/IMG_4910_neu-1-1100x733.jpg 1100w, https:\/\/www.hsu-hh.de\/vergaberecht\/wp-content\/uploads\/sites\/806\/2026\/02\/IMG_4910_neu-1.jpg 2048w\" sizes=\"auto, (max-width: 1024px) 100vw, 1024px\" \/><\/figure>\n<\/div><\/div>\n\n\n\n<div class=\"wp-block-column is-vertically-aligned-center is-layout-flow wp-block-column-is-layout-flow\">\n<p class=\"has-large-font-size\">Sarah Timmann<\/p>\n\n\n\n<p style=\"font-size:19px\"><br>Room: 2E | 142<br>Telefon: +49 40 6541 4586<br>Email: <a href=\"mailto:timmanns@hsu-hh.de\" rel='nofollow'>timmanns@hsu-hh.de<\/a><\/p>\n<\/div>\n<\/div>\n\n\n\n<div style=\"height:100px\" aria-hidden=\"true\" class=\"wp-block-spacer\"><\/div>\n\n\n\n<hr class=\"wp-block-separator has-css-opacity\" \/>\n\n\n\n<div class=\"wp-block-columns is-layout-flex wp-container-core-columns-is-layout-9d6595d7 wp-block-columns-is-layout-flex\">\n<div class=\"wp-block-column is-layout-flow wp-block-column-is-layout-flow\" style=\"flex-basis:65%\">\n<p style=\"font-size:18px\"><strong>Mailing adress<\/strong><br>Helmut-Schmidt-Universit\u00e4t<br>Fakult\u00e4t f\u00fcr Wirtschafts- und Sozialwissenschaften<br>Postfach 70 08 22<br>22008 Hamburg<\/p>\n<\/div>\n\n\n\n<div class=\"wp-block-column is-layout-flow wp-block-column-is-layout-flow\">\n<p style=\"font-size:18px\"><strong>Visiting address<\/strong><br>Helmut-Schmidt-Universit\u00e4t<br>Campus Nord<br>Friedrich-Ebert-Damm 245<br>22159 Hamburg<\/p>\n<\/div>\n<\/div>\n","protected":false},"excerpt":{"rendered":"<p>Ennio Friedemann Room: 1E | 054Telefon: +49 40 6541 3551Email: friedeme@hsu-hh.de Paul Strothmann Room: 1E | 150Telefon: +49 40 6541 3933Email: strothmp@hsu-hh.de Lena Hinrichs Room: 1E | 054Telefon: +49 40 [&hellip;]<\/p>\n","protected":false},"author":2764,"featured_media":0,"parent":110,"menu_order":2,"comment_status":"closed","ping_status":"closed","template":"","meta":{"footnotes":""},"categories":[9],"tags":[154,196],"class_list":["post-1012","page","type-page","status-publish","hentry","category-team-en","tag-ennio-friedemann-en","tag-tizian-relke-en"],"_links":{"self":[{"href":"https:\/\/www.hsu-hh.de\/vergaberecht\/wp-json\/wp\/v2\/pages\/1012","targetHints":{"allow":["GET"]}}],"collection":[{"href":"https:\/\/www.hsu-hh.de\/vergaberecht\/wp-json\/wp\/v2\/pages"}],"about":[{"href":"https:\/\/www.hsu-hh.de\/vergaberecht\/wp-json\/wp\/v2\/types\/page"}],"author":[{"embeddable":true,"href":"https:\/\/www.hsu-hh.de\/vergaberecht\/wp-json\/wp\/v2\/users\/2764"}],"replies":[{"embeddable":true,"href":"https:\/\/www.hsu-hh.de\/vergaberecht\/wp-json\/wp\/v2\/comments?post=1012"}],"version-history":[{"count":15,"href":"https:\/\/www.hsu-hh.de\/vergaberecht\/wp-json\/wp\/v2\/pages\/1012\/revisions"}],"predecessor-version":[{"id":1582,"href":"https:\/\/www.hsu-hh.de\/vergaberecht\/wp-json\/wp\/v2\/pages\/1012\/revisions\/1582"}],"up":[{"embeddable":true,"href":"https:\/\/www.hsu-hh.de\/vergaberecht\/wp-json\/wp\/v2\/pages\/110"}],"wp:attachment":[{"href":"https:\/\/www.hsu-hh.de\/vergaberecht\/wp-json\/wp\/v2\/media?parent=1012"}],"wp:term":[{"taxonomy":"category","embeddable":true,"href":"https:\/\/www.hsu-hh.de\/vergaberecht\/wp-json\/wp\/v2\/categories?post=1012"},{"taxonomy":"post_tag","embeddable":true,"href":"https:\/\/www.hsu-hh.de\/vergaberecht\/wp-json\/wp\/v2\/tags?post=1012"}],"curies":[{"name":"wp","href":"https:\/\/api.w.org\/{rel}","templated":true}]}}