{"id":73,"date":"2017-07-03T15:52:08","date_gmt":"2017-07-03T13:52:08","guid":{"rendered":"https:\/\/www.hsu-hh.de\/vorlage\/?page_id=73"},"modified":"2023-02-16T19:09:00","modified_gmt":"2023-02-16T18:09:00","slug":"startseite","status":"publish","type":"page","link":"https:\/\/www.hsu-hh.de\/utheorie\/","title":{"rendered":"Betriebswirtschaftslehre, insbesondere Unternehmensf\u00fchrung und Unternehmenstheorien"},"content":{"rendered":"\n<h2 class=\"wp-block-heading\"><abbr title=\"Professor\">Prof.<\/abbr> <abbr title=\"Doktor\">Dr.<\/abbr> Markus G\u00f6bel<\/h2>\n\n\n\n<p>Helmut Schmidt Universit\u00e4t<br>Universit\u00e4t der Bundeswehr Hamburg<br>Holstenhofweg 85<br>22043 Hamburg<\/p>\n\n\n\n<p>Telefon: 040-6541-2889<br>Email: <a href=\"mailto:goebelm@hsu-hh.de\" rel='nofollow'>goebelm@hsu-hh.de<\/a><\/p>\n","protected":false},"excerpt":{"rendered":"<p>Prof. Dr. Markus G\u00f6bel Helmut Schmidt Universit\u00e4tUniversit\u00e4t der Bundeswehr HamburgHolstenhofweg 8522043 Hamburg Telefon: 040-6541-2889Email: goebelm@hsu-hh.de<\/p>\n","protected":false},"author":1,"featured_media":0,"parent":0,"menu_order":0,"comment_status":"closed","ping_status":"closed","template":"","meta":{"footnotes":""},"categories":[35],"tags":[],"class_list":["post-73","page","type-page","status-publish","hentry","category-startseite"],"_links":{"self":[{"href":"https:\/\/www.hsu-hh.de\/utheorie\/wp-json\/wp\/v2\/pages\/73","targetHints":{"allow":["GET"]}}],"collection":[{"href":"https:\/\/www.hsu-hh.de\/utheorie\/wp-json\/wp\/v2\/pages"}],"about":[{"href":"https:\/\/www.hsu-hh.de\/utheorie\/wp-json\/wp\/v2\/types\/page"}],"author":[{"embeddable":true,"href":"https:\/\/www.hsu-hh.de\/utheorie\/wp-json\/wp\/v2\/users\/1"}],"replies":[{"embeddable":true,"href":"https:\/\/www.hsu-hh.de\/utheorie\/wp-json\/wp\/v2\/comments?post=73"}],"version-history":[{"count":14,"href":"https:\/\/www.hsu-hh.de\/utheorie\/wp-json\/wp\/v2\/pages\/73\/revisions"}],"predecessor-version":[{"id":740,"href":"https:\/\/www.hsu-hh.de\/utheorie\/wp-json\/wp\/v2\/pages\/73\/revisions\/740"}],"wp:attachment":[{"href":"https:\/\/www.hsu-hh.de\/utheorie\/wp-json\/wp\/v2\/media?parent=73"}],"wp:term":[{"taxonomy":"category","embeddable":true,"href":"https:\/\/www.hsu-hh.de\/utheorie\/wp-json\/wp\/v2\/categories?post=73"},{"taxonomy":"post_tag","embeddable":true,"href":"https:\/\/www.hsu-hh.de\/utheorie\/wp-json\/wp\/v2\/tags?post=73"}],"curies":[{"name":"wp","href":"https:\/\/api.w.org\/{rel}","templated":true}]}}