{"id":656,"date":"2023-02-16T13:33:20","date_gmt":"2023-02-16T12:33:20","guid":{"rendered":"https:\/\/www.hsu-hh.de\/utheorie\/?page_id=656"},"modified":"2023-02-16T13:33:20","modified_gmt":"2023-02-16T12:33:20","slug":"beratung-und-unternehmensnachhaltigkeit","status":"publish","type":"page","link":"https:\/\/www.hsu-hh.de\/utheorie\/beratung-und-unternehmensnachhaltigkeit","title":{"rendered":"Beratung und Unternehmensnachhaltigkeit"},"content":{"rendered":"\n<h3 class=\"wp-block-heading\">B\u00fccher<\/h3>\n\n\n\n<ul class=\"wp-block-list\">\n<li>Birke, M., Schwarz, M., &amp; G\u00f6bel, M. (2003). Beratungsthema Unternehmensnachhaltigkeit. K\u00fcnftige Herausforderungen f\u00fcr Umweltmanagement und \u00d6ko-Consulting. Berlin:&nbsp;edition sigma.&nbsp;Rezensiert in: ZFO, Arbeit<\/li>\n<\/ul>\n\n\n\n<h3 class=\"wp-block-heading\">Publikationen in begutachteten Zeitschriften<\/h3>\n\n\n\n<ul class=\"wp-block-list\">\n<li>Birke, M., G\u00f6bel, M., &amp; Schwarz, M. (2002). Nachhaltige Beratung \u2013 Beratung von Nachhaltigkeit. Zeitschrift F\u00fchrung und Organisation, 71(5), 277-283.<\/li>\n\n\n\n<li>G\u00f6bel, M. (2000). Beratung und Verfahren. Zeitschrift F\u00fchrung und Organisation, 69(5), 277-282.<\/li>\n<\/ul>\n\n\n\n<h3 class=\"wp-block-heading\">Publikationen in nicht begutachteten Zeitschriften<\/h3>\n\n\n\n<ul class=\"wp-block-list\">\n<li>Birke, M., G\u00f6bel, M., &amp; Schwarz, M. (2000). Umweltmanagement-Beratung \u2013 Wie zeitgem\u00e4\u00df ist sie? Forum Umweltmanagement, (1), 46-50.<\/li>\n<\/ul>\n\n\n\n<h3 class=\"wp-block-heading\">Publikationen in B\u00fcchern<\/h3>\n\n\n\n<ul class=\"wp-block-list\">\n<li>G\u00f6bel, M. (2010). Das Verfahren der Organisationsberatung. In S. K\u00fchl &amp; M. Moldaschl (<abbr title=\"Herausgeber\">Hrsg.<\/abbr>), Organisation und Intervention. Ans\u00e4tze einer sozialwissenschaftlichen Fundierung von Organisationsberatung (167-184). M\u00fcnchen u. Mering: Rainer Hampp Verlag.<\/li>\n\n\n\n<li>G\u00f6bel, M. (2001). Beratung der Beratung f\u00fcr \u00f6kologische Modernisierung. In W.A. Heinz, H. Kotthoff &amp; G. Peter (<abbr title=\"Herausgeber\">Hrsg.<\/abbr>), Beratung ohne Forschung \u2013 Forschung ohne Beratung? (34-56).&nbsp;M\u00fcnster: Lit Verlag.<\/li>\n\n\n\n<li>G\u00f6bel, M. (2001). Voraussetzung einer bed\u00fcrfnisorientierten Umweltberatung. In R. Stockmann &amp; J. Urbahn (<abbr title=\"Herausgeber\">Hrsg.<\/abbr>), Umweltberatung und Nachhaltigkeit, Dokumentation einer Tagung der Deutschen Bundesstiftung Umwelt, Osnabr\u00fcck, 28.\/29. Mai 2000 (31-50). Berlin:&nbsp;Erich Schmidt Verlag.<\/li>\n\n\n\n<li>Birke, M., G\u00f6bel, M., &amp; Schwarz, M. (2000). Umweltberatung in Unternehmen zwischen Adaption und Innovation. In M. H\u00e4rtel, R. Stockmann &amp; H. Gaus (<abbr title=\"Herausgeber\">Hrsg.<\/abbr>), Berufliche Umweltbildung und Umweltberatung. Grundlagen, Konzepte und Wirkungsmessung (109-120). Bielefeld: Bertelsmann Verlag.<\/li>\n<\/ul>\n","protected":false},"excerpt":{"rendered":"<p>B\u00fccher Publikationen in begutachteten Zeitschriften Publikationen in nicht begutachteten Zeitschriften Publikationen in B\u00fcchern<\/p>\n","protected":false},"author":36,"featured_media":0,"parent":0,"menu_order":0,"comment_status":"closed","ping_status":"closed","template":"","meta":{"footnotes":""},"categories":[4],"tags":[],"class_list":["post-656","page","type-page","status-publish","hentry","category-forschung"],"_links":{"self":[{"href":"https:\/\/www.hsu-hh.de\/utheorie\/wp-json\/wp\/v2\/pages\/656","targetHints":{"allow":["GET"]}}],"collection":[{"href":"https:\/\/www.hsu-hh.de\/utheorie\/wp-json\/wp\/v2\/pages"}],"about":[{"href":"https:\/\/www.hsu-hh.de\/utheorie\/wp-json\/wp\/v2\/types\/page"}],"author":[{"embeddable":true,"href":"https:\/\/www.hsu-hh.de\/utheorie\/wp-json\/wp\/v2\/users\/36"}],"replies":[{"embeddable":true,"href":"https:\/\/www.hsu-hh.de\/utheorie\/wp-json\/wp\/v2\/comments?post=656"}],"version-history":[{"count":1,"href":"https:\/\/www.hsu-hh.de\/utheorie\/wp-json\/wp\/v2\/pages\/656\/revisions"}],"predecessor-version":[{"id":657,"href":"https:\/\/www.hsu-hh.de\/utheorie\/wp-json\/wp\/v2\/pages\/656\/revisions\/657"}],"wp:attachment":[{"href":"https:\/\/www.hsu-hh.de\/utheorie\/wp-json\/wp\/v2\/media?parent=656"}],"wp:term":[{"taxonomy":"category","embeddable":true,"href":"https:\/\/www.hsu-hh.de\/utheorie\/wp-json\/wp\/v2\/categories?post=656"},{"taxonomy":"post_tag","embeddable":true,"href":"https:\/\/www.hsu-hh.de\/utheorie\/wp-json\/wp\/v2\/tags?post=656"}],"curies":[{"name":"wp","href":"https:\/\/api.w.org\/{rel}","templated":true}]}}