{"id":654,"date":"2023-02-16T13:31:41","date_gmt":"2023-02-16T12:31:41","guid":{"rendered":"https:\/\/www.hsu-hh.de\/utheorie\/?page_id=654"},"modified":"2023-02-16T13:31:42","modified_gmt":"2023-02-16T12:31:42","slug":"change-management-und-new-public-management","status":"publish","type":"page","link":"https:\/\/www.hsu-hh.de\/utheorie\/change-management-und-new-public-management","title":{"rendered":"Change Management und New Public Management"},"content":{"rendered":"\n<h3 class=\"wp-block-heading\">B\u00fccher<\/h3>\n\n\n\n<ul class=\"wp-block-list\">\n<li>G\u00f6bel, M. (1999). Verwaltungsmanagement unter Ver\u00e4nderungsdruck! Eine mikropolitische Analyse. M\u00fcnchen:&nbsp;Hampp.&nbsp;Rezensiert in : Verwaltung und Management, Arbeit, soziologische Review<\/li>\n<\/ul>\n\n\n\n<h3 class=\"wp-block-heading\">Publikationen in begutachteten Zeitschriften<\/h3>\n\n\n\n<ul class=\"wp-block-list\">\n<li>G\u00f6bel, M. &amp; Vogel, R. (2010). Von der Verwaltungsb\u00fcrokratie zum New Public Management: Leitbilder administrativer Steuerung im (Sammelrezension). Die Betriebswirtschaft, 70(1), 77-95.<\/li>\n\n\n\n<li>G\u00f6bel, M. &amp; Thomas, T. (2006). Informal Institutions: Political Action and the Social and Historical Contextualization of the \u201chomo oeconomicus\u201d. hrss hamburg review of social science, 1 (3), 273-296.<\/li>\n\n\n\n<li>G\u00f6bel, M. (2003). Der Verwaltungsintrapreneur. Zur Legitimationsfunktion eines Managementleitbildes. Zeitschrift f\u00fcr Personalforschung, 17(1), 110-128.<\/li>\n\n\n\n<li>G\u00f6bel, M. &amp; Lauen, G. (2002). Die Modernisierung der modernen Verwaltung. Ein mikropolitisches Organisationsspiel im mittleren Management. Die Verwaltung, 35(2), 263-280.<\/li>\n\n\n\n<li>G\u00f6bel, M. (1999). Verwaltungsmanagement unter Ver\u00e4nderungsdruck! Zeitschrift f\u00fcr Personalforschung, 13 (4), 400-403.<\/li>\n<\/ul>\n\n\n\n<h3 class=\"wp-block-heading\">Publikationen in nicht begutachteten Zeitschriften<\/h3>\n\n\n\n<ul class=\"wp-block-list\">\n<li>G\u00f6bel, M. &amp; Lauen, G. (2002). Personalentwicklung und organisationales Lernen im Prozess reflexiver Verwaltungsmodernisierung. Verwaltung u. Management, 8(1), 32-36.<\/li>\n\n\n\n<li>G\u00f6bel, M. (1994). Public-Private-Partnership: Ein Organisationsmodell auf dem Pr\u00fcfstand. Verwaltungsrundschau, 373-377.<\/li>\n<\/ul>\n\n\n\n<h3 class=\"wp-block-heading\">Publikationen in B\u00fcchern<\/h3>\n\n\n\n<ul class=\"wp-block-list\">\n<li>G\u00f6bel, M. &amp; Thomas, T. (2008). Evolution, Institution und Reformverhalten \u2013 oder warum Reformen oftmals keine sind. In K. Bayer &amp; K.W. Zimmermann (<abbr title=\"Herausgeber\">Hrsg.<\/abbr>), Die Ordnung von Reformen und die Reform der Ordnungen: Facetten politischer \u00d6konomie (347-384). Marburg: Metropolis Verlag.<\/li>\n\n\n\n<li>G\u00f6bel, M. (2007). Managing Motivation: Verhaltensannahmen und Personalsteuerung im New Public Management. In R. Koch &amp; J. Dixon (<abbr title=\"Herausgeber\">Hrsg.<\/abbr>), Public Governance and Leadership:&nbsp;political&nbsp;and&nbsp;managerial problems in making&nbsp;public&nbsp;governance&nbsp;changes the driver for re-constituting&nbsp;leadership&nbsp;(485-511).&nbsp;Wiesbaden: Deutscher Universit\u00e4ts-Verlag.<\/li>\n\n\n\n<li>G\u00f6bel, M. (2004) Neuere Ans\u00e4tze der Organisationsver\u00e4nderung. Zur erfolgreichen Gestaltung von Change Management-Prozessen in der \u00f6ffentlichen Verwaltung. In P. Horvath, P. &amp; Partner (<abbr title=\"Herausgeber\">Hrsg.<\/abbr>), Neues Verwaltungsmanagement: Grundlagen, Methoden und Anwendungsbeispiele (1-24). D\u00fcsseldorf: Raabe. Loseblattsammlung.<\/li>\n\n\n\n<li>G\u00f6bel, M. (1997). Speerspitze der Innovation oder organisationale \u201eLehmschicht\u201c? Einige Anmerkungen zu Leitbildern, mittleren Managern und organisationalem Lernen. In H. Hill &amp; H. Klages (<abbr title=\"Herausgeber\">Hrsg.<\/abbr>): Erfahrungen mit dem Modernisierungsproze\u00df &#8211; Anforderungen an ein zuk\u00fcnftiges Prozessmanagement (9-23). D\u00fcsseldorf: Raabe.<\/li>\n\n\n\n<li>G\u00f6bel, M. (1996). Zwischen Budgetierung und Total Quality Management: Eintrittsstrategien in Theorie und Praxis. In H. Hill &amp; H. Klages (<abbr title=\"Herausgeber\">Hrsg.<\/abbr>), Weg in die Neue Steuerung (1-13). D\u00fcsseldorf.<\/li>\n\n\n\n<li>G\u00f6bel, M. (1996). Vom Ende der Mi\u00dftrauensorganisation &#8211; Modernisierungsbestrebungen in Saarbr\u00fccken. In H. Hill &amp; H. Klages (<abbr title=\"Herausgeber\">Hrsg.<\/abbr>), \u201eMotor Qualit\u00e4t\u201c: Verwaltungsmodernisierung in der Landeshauptstadt Saarbr\u00fccken (139-152). D\u00fcsseldorf.<\/li>\n<\/ul>\n","protected":false},"excerpt":{"rendered":"<p>B\u00fccher Publikationen in begutachteten Zeitschriften Publikationen in nicht begutachteten Zeitschriften Publikationen in B\u00fcchern<\/p>\n","protected":false},"author":36,"featured_media":0,"parent":0,"menu_order":0,"comment_status":"closed","ping_status":"closed","template":"","meta":{"footnotes":""},"categories":[4],"tags":[],"class_list":["post-654","page","type-page","status-publish","hentry","category-forschung"],"_links":{"self":[{"href":"https:\/\/www.hsu-hh.de\/utheorie\/wp-json\/wp\/v2\/pages\/654","targetHints":{"allow":["GET"]}}],"collection":[{"href":"https:\/\/www.hsu-hh.de\/utheorie\/wp-json\/wp\/v2\/pages"}],"about":[{"href":"https:\/\/www.hsu-hh.de\/utheorie\/wp-json\/wp\/v2\/types\/page"}],"author":[{"embeddable":true,"href":"https:\/\/www.hsu-hh.de\/utheorie\/wp-json\/wp\/v2\/users\/36"}],"replies":[{"embeddable":true,"href":"https:\/\/www.hsu-hh.de\/utheorie\/wp-json\/wp\/v2\/comments?post=654"}],"version-history":[{"count":1,"href":"https:\/\/www.hsu-hh.de\/utheorie\/wp-json\/wp\/v2\/pages\/654\/revisions"}],"predecessor-version":[{"id":655,"href":"https:\/\/www.hsu-hh.de\/utheorie\/wp-json\/wp\/v2\/pages\/654\/revisions\/655"}],"wp:attachment":[{"href":"https:\/\/www.hsu-hh.de\/utheorie\/wp-json\/wp\/v2\/media?parent=654"}],"wp:term":[{"taxonomy":"category","embeddable":true,"href":"https:\/\/www.hsu-hh.de\/utheorie\/wp-json\/wp\/v2\/categories?post=654"},{"taxonomy":"post_tag","embeddable":true,"href":"https:\/\/www.hsu-hh.de\/utheorie\/wp-json\/wp\/v2\/tags?post=654"}],"curies":[{"name":"wp","href":"https:\/\/api.w.org\/{rel}","templated":true}]}}