{"id":600,"date":"2023-02-16T11:27:20","date_gmt":"2023-02-16T10:27:20","guid":{"rendered":"https:\/\/www.hsu-hh.de\/utheorie\/?page_id=600"},"modified":"2024-12-13T09:29:02","modified_gmt":"2024-12-13T08:29:02","slug":"sekretariat","status":"publish","type":"page","link":"https:\/\/www.hsu-hh.de\/utheorie\/sekretariat","title":{"rendered":"Jennifer H\u00fcbner"},"content":{"rendered":"\n<div class=\"wp-block-columns is-layout-flex wp-container-core-columns-is-layout-9d6595d7 wp-block-columns-is-layout-flex\">\n<div class=\"wp-block-column is-layout-flow wp-block-column-is-layout-flow\">\n<p>Helmut-Schmidt-Universit\u00e4t<br>Fakult\u00e4t f\u00fcr Wirtschafts- und<br>Sozialwissenschaften<br>Holstenhofweg 85<br>22043 Hamburg<br>\u2014<br><\/p>\n<\/div>\n\n\n\n<div class=\"wp-block-column is-layout-flow wp-block-column-is-layout-flow\">\n<p><strong>Raum<\/strong>: H1, 2128<\/p>\n\n\n\n<p><strong>Telefon:<\/strong>&nbsp;+4940 6541-2375<br><strong>Fax:<\/strong> +4940 6541-3638<\/p>\n\n\n\n<p><strong>E-mail:<\/strong>\u00a0<a href=\"mailto:huebner@hsu.hamburg\" rel='nofollow'>huebner@hsu.hamburg<\/a><\/p>\n<\/div>\n\n\n\n<div class=\"wp-block-column is-layout-flow wp-block-column-is-layout-flow\"><\/div>\n<\/div>\n\n\n\n<p><strong>B\u00fcrozeiten<\/strong><br>Mo-Do 9-14 Uhr<\/p>\n","protected":false},"excerpt":{"rendered":"<p>Helmut-Schmidt-Universit\u00e4tFakult\u00e4t f\u00fcr Wirtschafts- undSozialwissenschaftenHolstenhofweg 8522043 Hamburg\u2014 Raum: H1, 2128 Telefon:&nbsp;+4940 6541-2375Fax: +4940 6541-3638 E-mail:\u00a0huebner@hsu.hamburg B\u00fcrozeitenMo-Do 9-14 Uhr<\/p>\n","protected":false},"author":36,"featured_media":0,"parent":0,"menu_order":0,"comment_status":"closed","ping_status":"closed","template":"","meta":{"footnotes":""},"categories":[8],"tags":[],"class_list":["post-600","page","type-page","status-publish","hentry","category-team"],"_links":{"self":[{"href":"https:\/\/www.hsu-hh.de\/utheorie\/wp-json\/wp\/v2\/pages\/600","targetHints":{"allow":["GET"]}}],"collection":[{"href":"https:\/\/www.hsu-hh.de\/utheorie\/wp-json\/wp\/v2\/pages"}],"about":[{"href":"https:\/\/www.hsu-hh.de\/utheorie\/wp-json\/wp\/v2\/types\/page"}],"author":[{"embeddable":true,"href":"https:\/\/www.hsu-hh.de\/utheorie\/wp-json\/wp\/v2\/users\/36"}],"replies":[{"embeddable":true,"href":"https:\/\/www.hsu-hh.de\/utheorie\/wp-json\/wp\/v2\/comments?post=600"}],"version-history":[{"count":9,"href":"https:\/\/www.hsu-hh.de\/utheorie\/wp-json\/wp\/v2\/pages\/600\/revisions"}],"predecessor-version":[{"id":872,"href":"https:\/\/www.hsu-hh.de\/utheorie\/wp-json\/wp\/v2\/pages\/600\/revisions\/872"}],"wp:attachment":[{"href":"https:\/\/www.hsu-hh.de\/utheorie\/wp-json\/wp\/v2\/media?parent=600"}],"wp:term":[{"taxonomy":"category","embeddable":true,"href":"https:\/\/www.hsu-hh.de\/utheorie\/wp-json\/wp\/v2\/categories?post=600"},{"taxonomy":"post_tag","embeddable":true,"href":"https:\/\/www.hsu-hh.de\/utheorie\/wp-json\/wp\/v2\/tags?post=600"}],"curies":[{"name":"wp","href":"https:\/\/api.w.org\/{rel}","templated":true}]}}