{"id":598,"date":"2023-02-16T11:26:06","date_gmt":"2023-02-16T10:26:06","guid":{"rendered":"https:\/\/www.hsu-hh.de\/utheorie\/?page_id=598"},"modified":"2026-01-05T10:43:28","modified_gmt":"2026-01-05T09:43:28","slug":"barbara-harsman-m-sc","status":"publish","type":"page","link":"https:\/\/www.hsu-hh.de\/utheorie\/barbara-harsman-m-sc","title":{"rendered":"Dr. Barbara Harsman"},"content":{"rendered":"\n<p>Wissenschaftliche Mitarbeiterin<\/p>\n\n\n\n<div class=\"wp-block-columns is-layout-flex wp-container-core-columns-is-layout-9d6595d7 wp-block-columns-is-layout-flex\">\n<div class=\"wp-block-column is-layout-flow wp-block-column-is-layout-flow\">\n<p>Helmut-Schmidt-Universit\u00e4t<br>Fakult\u00e4t f\u00fcr Wirtschafts- und<br>Sozialwissenschaften<br>Holstenhofweg 85<br>22043 Hamburg<br><br><br><\/p>\n<\/div>\n\n\n\n<div class=\"wp-block-column is-layout-flow wp-block-column-is-layout-flow\">\n<p><strong>Raum<\/strong>: H1, 2103<br><strong>Telefon<\/strong>: +4940 6541-3082<br><br><strong>E-Mail<\/strong>: <a href=\"mailto:barbara.harsman@hsu-hh.de\" rel='nofollow'>barbara.harsman@hsu-hh.de<\/a><\/p>\n\n\n\n<p><br><\/p>\n<\/div>\n\n\n\n<div class=\"wp-block-column is-layout-flow wp-block-column-is-layout-flow\">\n<figure class=\"wp-block-image size-large is-style-rounded\"><img loading=\"lazy\" decoding=\"async\" width=\"1024\" height=\"683\" src=\"https:\/\/www.hsu-hh.de\/utheorie\/wp-content\/uploads\/sites\/551\/2023\/12\/Barbara-Otto-1024x683.jpg\" data-credit=\"Barbara Herbert\" alt=\"\" class=\"wp-image-782\" srcset=\"https:\/\/www.hsu-hh.de\/utheorie\/wp-content\/uploads\/sites\/551\/2023\/12\/Barbara-Otto-1024x683.jpg 1024w, https:\/\/www.hsu-hh.de\/utheorie\/wp-content\/uploads\/sites\/551\/2023\/12\/Barbara-Otto-300x200.jpg 300w, https:\/\/www.hsu-hh.de\/utheorie\/wp-content\/uploads\/sites\/551\/2023\/12\/Barbara-Otto-768x512.jpg 768w, https:\/\/www.hsu-hh.de\/utheorie\/wp-content\/uploads\/sites\/551\/2023\/12\/Barbara-Otto-1536x1024.jpg 1536w, https:\/\/www.hsu-hh.de\/utheorie\/wp-content\/uploads\/sites\/551\/2023\/12\/Barbara-Otto-2048x1365.jpg 2048w, https:\/\/www.hsu-hh.de\/utheorie\/wp-content\/uploads\/sites\/551\/2023\/12\/Barbara-Otto-1100x733.jpg 1100w\" sizes=\"auto, (max-width: 1024px) 100vw, 1024px\" \/><\/figure>\n<\/div>\n<\/div>\n\n\n\n<p><strong>Sprechstunde<\/strong><br>nach Vereinbarung<\/p>\n\n\n\n<hr class=\"wp-block-separator has-alpha-channel-opacity is-style-wide\" \/>\n\n\n\n<p><strong>Ver\u00f6ffentlichungen<\/strong><br><\/p>\n\n\n\n<ul class=\"wp-block-list\">\n<li>Harsman, B., Grewe-Salfeld, M. &amp; G\u00f6bel, M. (2025). Nachhaltigkeit durch Multi-Stakeholder Dialoge: Von regulatorischen Anforderungen zur unternehmerischen Chance. Diskussionsbeitr\u00e4ge der Professur f\u00fcr Betriebswirtschaftslehre, insbesondere Unternehmensf\u00fchrung und Unternehmenstheorien (ISSN 2509-4513), 3, 1-21. Open Access <a href=\"https:\/\/www.hsu-hh.de\/utheorie\/wp-content\/uploads\/sites\/551\/2025\/03\/Disskusionsbeitrag-Nr.3.pdf\">https:\/\/www.hsu-hh.de\/utheorie\/wp-content\/uploads\/sites\/551\/2025\/03\/Disskusionsbeitrag-Nr.3.pdf<\/a><\/li>\n\n\n\n<li>Weber, C., Grewe-Salfeld, M., G\u00f6bel, M., Harsman, B., Matsuo, Y., &amp; Vogel, R. (2025). Cyclical Change of Partnership Practices in Hybrid Settings. Journal of Management Studies. Open Access <a href=\"https:\/\/doi.org\/10.1111\/joms.13185\" rel='nofollow'>https:\/\/doi.org\/10.1111\/joms.13185<\/a><\/li>\n\n\n\n<li>Harsman, B. (2024). Institutional hegemony of a logic within a cross-sector partnership. Business &amp; Society, 63(1), 108-144. Open Access <a href=\"https:\/\/doi.org\/10.1177\/00076503231167568\" rel='nofollow'>https:\/\/doi.org\/10.1177\/00076503231167568<\/a><\/li>\n\n\n\n<li>Vogel, R., G\u00f6bel, M., Grewe-Salfeld, M., Herbert, B., Matsuo, Y. &amp; Weber, C. (2022). Cross-sector partnerships: Mapping the field and advancing an institutional approach. International Journal of Management Reviews, 24 (3), 394-414. Open Access <a href=\"https:\/\/onlinelibrary.wiley.com\/doi\/10.1111\/ijmr.12283\" rel='nofollow'>https:\/\/onlinelibrary.wiley.com\/doi\/10.1111\/ijmr.12283<\/a><\/li>\n<\/ul>\n","protected":false},"excerpt":{"rendered":"<p>Wissenschaftliche Mitarbeiterin Helmut-Schmidt-Universit\u00e4tFakult\u00e4t f\u00fcr Wirtschafts- undSozialwissenschaftenHolstenhofweg 8522043 Hamburg Raum: H1, 2103Telefon: +4940 6541-3082 E-Mail: barbara.harsman@hsu-hh.de Sprechstundenach Vereinbarung Ver\u00f6ffentlichungen<\/p>\n","protected":false},"author":36,"featured_media":0,"parent":0,"menu_order":0,"comment_status":"closed","ping_status":"closed","template":"","meta":{"footnotes":""},"categories":[8],"tags":[],"class_list":["post-598","page","type-page","status-publish","hentry","category-team"],"_links":{"self":[{"href":"https:\/\/www.hsu-hh.de\/utheorie\/wp-json\/wp\/v2\/pages\/598","targetHints":{"allow":["GET"]}}],"collection":[{"href":"https:\/\/www.hsu-hh.de\/utheorie\/wp-json\/wp\/v2\/pages"}],"about":[{"href":"https:\/\/www.hsu-hh.de\/utheorie\/wp-json\/wp\/v2\/types\/page"}],"author":[{"embeddable":true,"href":"https:\/\/www.hsu-hh.de\/utheorie\/wp-json\/wp\/v2\/users\/36"}],"replies":[{"embeddable":true,"href":"https:\/\/www.hsu-hh.de\/utheorie\/wp-json\/wp\/v2\/comments?post=598"}],"version-history":[{"count":27,"href":"https:\/\/www.hsu-hh.de\/utheorie\/wp-json\/wp\/v2\/pages\/598\/revisions"}],"predecessor-version":[{"id":916,"href":"https:\/\/www.hsu-hh.de\/utheorie\/wp-json\/wp\/v2\/pages\/598\/revisions\/916"}],"wp:attachment":[{"href":"https:\/\/www.hsu-hh.de\/utheorie\/wp-json\/wp\/v2\/media?parent=598"}],"wp:term":[{"taxonomy":"category","embeddable":true,"href":"https:\/\/www.hsu-hh.de\/utheorie\/wp-json\/wp\/v2\/categories?post=598"},{"taxonomy":"post_tag","embeddable":true,"href":"https:\/\/www.hsu-hh.de\/utheorie\/wp-json\/wp\/v2\/tags?post=598"}],"curies":[{"name":"wp","href":"https:\/\/api.w.org\/{rel}","templated":true}]}}