{"id":596,"date":"2023-02-16T11:26:46","date_gmt":"2023-02-16T10:26:46","guid":{"rendered":"https:\/\/www.hsu-hh.de\/utheorie\/?page_id=596"},"modified":"2026-01-13T09:27:27","modified_gmt":"2026-01-13T08:27:27","slug":"georg-friedrich-goehler-m-sc","status":"publish","type":"page","link":"https:\/\/www.hsu-hh.de\/utheorie\/georg-friedrich-goehler-m-sc","title":{"rendered":"Dr. Georg-Friedrich G\u00f6hler"},"content":{"rendered":"\n<p>Wissenschaftlicher Mitarbeiter<\/p>\n\n\n\n<div class=\"wp-block-columns is-layout-flex wp-container-core-columns-is-layout-9d6595d7 wp-block-columns-is-layout-flex\">\n<div class=\"wp-block-column is-layout-flow wp-block-column-is-layout-flow\">\n<p>Helmut-Schmidt-Universit\u00e4t<br>Fakult\u00e4t f\u00fcr Wirtschafts- und<br>Sozialwissenschaften<br>Holstenhofweg 85<br>22043 Hamburg<br>\u2014<br><br><\/p>\n<\/div>\n\n\n\n<div class=\"wp-block-column is-layout-flow wp-block-column-is-layout-flow\">\n<p><strong>Raum<\/strong>: H1, 2104<br><strong>Telefon<\/strong>: +4940 6541-3814<br><strong>E-Mail:<\/strong> <a href=\"mailto:goehlerg@hsu-hh.de\" rel='nofollow'>goehlerg@hsu-hh.de<\/a><\/p>\n\n\n\n<p><br><\/p>\n\n\n\n<p><\/p>\n<\/div>\n\n\n\n<div class=\"wp-block-column is-layout-flow wp-block-column-is-layout-flow\">\n<figure class=\"wp-block-image size-full is-resized is-style-rounded\"><img loading=\"lazy\" decoding=\"async\" width=\"582\" height=\"676\" src=\"https:\/\/www.hsu-hh.de\/utheorie\/wp-content\/uploads\/sites\/551\/2023\/02\/Foto-Georg-Goehler.png\" data-credit=\"Georg G\u00f6hler\" alt=\"\" class=\"wp-image-620\" style=\"width:203px;height:236px\" srcset=\"https:\/\/www.hsu-hh.de\/utheorie\/wp-content\/uploads\/sites\/551\/2023\/02\/Foto-Georg-Goehler.png 582w, https:\/\/www.hsu-hh.de\/utheorie\/wp-content\/uploads\/sites\/551\/2023\/02\/Foto-Georg-Goehler-258x300.png 258w\" sizes=\"auto, (max-width: 582px) 100vw, 582px\" \/><\/figure>\n<\/div>\n<\/div>\n\n\n\n<p><strong>Sprechstunde<\/strong><br>nach Vereinbarung<\/p>\n\n\n\n<hr class=\"wp-block-separator has-alpha-channel-opacity is-style-wide\" \/>\n\n\n\n<p><strong>Ver\u00f6ffentlichungen<\/strong><\/p>\n\n\n\n<ul class=\"wp-block-list\">\n<li>G\u00f6hler, G. F. (2025). Mediating Function of Prosocial Motivation in the Context of Work Design and Knowledge Sharing. Management Revue, 36(4), 49134.<\/li>\n\n\n\n<li>Schnelle, K., G\u00f6hler, G. F., &amp; Bender, M. (2025). The Influence of the Concept of \u2018Leadership Development and Civic Education\u2019of the Federal Armed Forces on Corporate Success. In Digitalization and Management Innovation IV (pp. 2-9). IOS Press.<\/li>\n\n\n\n<li>Zeger, J., G\u00f6hler, G.-F., Meser, M. (2024). ESG-Kriterien in der Portfoliooptimierung \u2013 Ein Vorschlag unter Verwendung eines multikriteriellen Entscheidungsmodells \u2013, Corporate Finance, Heft 09-10, 209-219, CF1464501.<\/li>\n\n\n\n<li>Bornschlegl, O., G\u00f6hler, G.-F., Wolff, A. (2024). Impulse und Handlungsempfehlungen f\u00fcr die Entwicklung, Auswahl und Implementierung von EUS im milit\u00e4rischen Kontext. Planungsamt der Bundeswehr<\/li>\n\n\n\n<li>G\u00f6hler, G.-F., Bornschlegl, O., &amp; Tzschoppe, S. (2024). Factors Affecting the Willingness to Use Decision Support Systems in a Military Context. STO-MP-SAS-OCS-ORA-2023, 11.1-10.10.<\/li>\n\n\n\n<li>G\u00f6hler, G.-F., Hattke, J. and G\u00f6bel, M. (2023), &#8222;The mediating role of prosocial motivation in the context of knowledge sharing and self-determination theory&#8220;, Journal of Knowledge Management, Vol. 27 No. 3, pp. 545-565.<\/li>\n\n\n\n<li>G\u00f6hler, G. F. (2021). How Relational Perspectives of Work Design Influence Knowledge Sharing via Prosocial Motivation. In European Conference on Knowledge Management (pp. 923-930). Academic Conferences International Limited.<\/li>\n\n\n\n<li>Reinbacher, P., G\u00f6hler, G. F., &amp; Schmidt, J. (2019). Ausgestaltung und Weiterentwicklung wertorientierter Anreizsysteme mithilfe der Self-Determination Theory. Controlling, 31(3), 46-53.<\/li>\n\n\n\n<li>Weisheit, F., G\u00f6hler, G. F., &amp; Meser, M. (2019). Die Monte-Carlo-Simulation bei der Bewertung junger Unternehmen\u2013Ein Fallbeispiel. Der Betrieb, 72, 1277-1285.<\/li>\n<\/ul>\n","protected":false},"excerpt":{"rendered":"<p>Wissenschaftlicher Mitarbeiter Helmut-Schmidt-Universit\u00e4tFakult\u00e4t f\u00fcr Wirtschafts- undSozialwissenschaftenHolstenhofweg 8522043 Hamburg\u2014 Raum: H1, 2104Telefon: +4940 6541-3814E-Mail: goehlerg@hsu-hh.de Sprechstundenach Vereinbarung Ver\u00f6ffentlichungen<\/p>\n","protected":false},"author":36,"featured_media":0,"parent":0,"menu_order":0,"comment_status":"closed","ping_status":"closed","template":"","meta":{"footnotes":""},"categories":[8],"tags":[],"class_list":["post-596","page","type-page","status-publish","hentry","category-team"],"_links":{"self":[{"href":"https:\/\/www.hsu-hh.de\/utheorie\/wp-json\/wp\/v2\/pages\/596","targetHints":{"allow":["GET"]}}],"collection":[{"href":"https:\/\/www.hsu-hh.de\/utheorie\/wp-json\/wp\/v2\/pages"}],"about":[{"href":"https:\/\/www.hsu-hh.de\/utheorie\/wp-json\/wp\/v2\/types\/page"}],"author":[{"embeddable":true,"href":"https:\/\/www.hsu-hh.de\/utheorie\/wp-json\/wp\/v2\/users\/36"}],"replies":[{"embeddable":true,"href":"https:\/\/www.hsu-hh.de\/utheorie\/wp-json\/wp\/v2\/comments?post=596"}],"version-history":[{"count":23,"href":"https:\/\/www.hsu-hh.de\/utheorie\/wp-json\/wp\/v2\/pages\/596\/revisions"}],"predecessor-version":[{"id":919,"href":"https:\/\/www.hsu-hh.de\/utheorie\/wp-json\/wp\/v2\/pages\/596\/revisions\/919"}],"wp:attachment":[{"href":"https:\/\/www.hsu-hh.de\/utheorie\/wp-json\/wp\/v2\/media?parent=596"}],"wp:term":[{"taxonomy":"category","embeddable":true,"href":"https:\/\/www.hsu-hh.de\/utheorie\/wp-json\/wp\/v2\/categories?post=596"},{"taxonomy":"post_tag","embeddable":true,"href":"https:\/\/www.hsu-hh.de\/utheorie\/wp-json\/wp\/v2\/tags?post=596"}],"curies":[{"name":"wp","href":"https:\/\/api.w.org\/{rel}","templated":true}]}}