{"id":593,"date":"2023-02-16T11:26:36","date_gmt":"2023-02-16T10:26:36","guid":{"rendered":"https:\/\/www.hsu-hh.de\/utheorie\/?page_id=593"},"modified":"2024-10-01T09:19:47","modified_gmt":"2024-10-01T07:19:47","slug":"dr-judith-hattke","status":"publish","type":"page","link":"https:\/\/www.hsu-hh.de\/utheorie\/dr-judith-hattke","title":{"rendered":"Dr. Judith Hattke"},"content":{"rendered":"\n<p>Wissenschaftliche Mitarbeiterin<\/p>\n\n\n\n<div class=\"wp-block-columns is-layout-flex wp-container-core-columns-is-layout-9d6595d7 wp-block-columns-is-layout-flex\">\n<div class=\"wp-block-column is-layout-flow wp-block-column-is-layout-flow\">\n<p>Helmut-Schmidt-Universit\u00e4t<br>Fakult\u00e4t f\u00fcr Wirtschafts- und<br>Sozialwissenschaften<br>Holstenhofweg 85<br>22043 Hamburg<br>\u2014<br><br><\/p>\n<\/div>\n\n\n\n<div class=\"wp-block-column is-layout-flow wp-block-column-is-layout-flow\">\n<p><strong>Raum<\/strong>: H1, 2104<br><strong>Telefon<\/strong>: +4940 6541-3308<br><strong>E-Mail<\/strong>: <a href=\"mailto:hattke@hsu-hh.de\" rel='nofollow'>hattke@hsu-hh.de<\/a><\/p>\n\n\n\n<p><br><\/p>\n\n\n\n<p><\/p>\n<\/div>\n\n\n\n<div class=\"wp-block-column is-layout-flow wp-block-column-is-layout-flow\">\n<figure class=\"wp-block-image size-large is-style-rounded\"><img loading=\"lazy\" decoding=\"async\" width=\"1024\" height=\"683\" src=\"https:\/\/www.hsu-hh.de\/utheorie\/wp-content\/uploads\/sites\/551\/2024\/05\/Judith_Hattke-023_4296-1024x683.jpg\" data-credit=\"\" alt=\"\" class=\"wp-image-837\" srcset=\"https:\/\/www.hsu-hh.de\/utheorie\/wp-content\/uploads\/sites\/551\/2024\/05\/Judith_Hattke-023_4296-1024x683.jpg 1024w, https:\/\/www.hsu-hh.de\/utheorie\/wp-content\/uploads\/sites\/551\/2024\/05\/Judith_Hattke-023_4296-300x200.jpg 300w, https:\/\/www.hsu-hh.de\/utheorie\/wp-content\/uploads\/sites\/551\/2024\/05\/Judith_Hattke-023_4296-768x512.jpg 768w, https:\/\/www.hsu-hh.de\/utheorie\/wp-content\/uploads\/sites\/551\/2024\/05\/Judith_Hattke-023_4296-1536x1024.jpg 1536w, https:\/\/www.hsu-hh.de\/utheorie\/wp-content\/uploads\/sites\/551\/2024\/05\/Judith_Hattke-023_4296-2048x1365.jpg 2048w, https:\/\/www.hsu-hh.de\/utheorie\/wp-content\/uploads\/sites\/551\/2024\/05\/Judith_Hattke-023_4296-1100x733.jpg 1100w\" sizes=\"auto, (max-width: 1024px) 100vw, 1024px\" \/><\/figure>\n<\/div>\n<\/div>\n\n\n\n<p><strong>Sprechstunde<\/strong><br>Onlinesprechstunde immer Mittwochs von 14-15 Uhr (Anmeldung vorher per Mail)<\/p>\n\n\n\n<hr class=\"wp-block-separator has-alpha-channel-opacity is-style-wide\" \/>\n\n\n\n<p><strong>Kurzbiografie<\/strong><br>Studium der Betriebswirtschaftslehre an der Ernst-Moritz-Arndt Universit\u00e4t Greifswald und der Universit\u00e4t Hamburg mit Auslandssemester an der Udayana University, Denpasar, Indonesien und Ramkhamhaeng University, Bangkok, Thailand. Forschungsaufenthalt an der Bournemouth University, England.<br><br>Projektmanagementassistenz und Praktikantin im internationalen Management (Schwerpunkt China) bei der KWB e.V. (2009-2011). Projektleiterin impliziter Marktforschungsstudien bei implicit diagnostics &amp; solutions&nbsp;<abbr title=\"Gesellschaft mit beschr\u00e4nkter Haftung\">GmbH<\/abbr>&nbsp;(2012-2013).<br><br>Wissenschaftliche Mitarbeiterin am Institut f\u00fcr Marketing der Helmut-Schmidt-Universit\u00e4t (2013-2014).<br>Promotion zum&nbsp;<abbr title=\"Doktor\">Dr.<\/abbr>&nbsp;<abbr title=\"rerum\">rer.<\/abbr>&nbsp;<abbr title=\"politicarum\">pol.<\/abbr>&nbsp;an der Helmut-Schmidt-Universit\u00e4t (2018). Thema der Arbeit: \u201eBeitr\u00e4ge zum Employer Branding: Personalgewinnung und -bindung der Generation Y am Beispiel der Bundeswehr\u201c (Erstgutachter:&nbsp;<abbr title=\"Professor\">Prof.<\/abbr>&nbsp;<abbr title=\"Doktor\">Dr.<\/abbr>&nbsp;Claudia Fantapi\u00e9-Altobelli, Zweitgutachter:&nbsp;<abbr title=\"Professor\">Prof.<\/abbr>&nbsp;<abbr title=\"Doktor\">Dr.<\/abbr>&nbsp;Rick Vogel).<br><br>Projektleiterin des Forschungsprojektes: \u201eTrendforschung zur Optimierung und Sicherstellung der Personalbedarfsdeckung der Bundeswehr\u201c und \u201eJugendstudie 2015\u201c (Auftraggeber: Verteidigungsministerium) am Institut f\u00fcr Marketing der Helmut-Schmidt-Universit\u00e4t (2015-2019).<br><br>Wissenschaftliche Mitarbeiterin des Instituts f\u00fcr Personal und Arbeit und CORESZON-Trainerin (Community Resilience Network \u2013 Pr\u00e4ventionsprojekt des Universit\u00e4tsklinikums Hamburg-Eppendorf, Zentrum f\u00fcr Psychosoziale Medizin:&nbsp;<a href=\"http:\/\/www.coreszon.com\/de\/\" rel='nofollow'>http:\/\/www.coreszon.com\/de\/<\/a>)(2020).<br><br>Seit 2020 Wissenschaftliche Mitarbeiterin des Lehrstuhls f\u00fcr Betriebswirtschaftslehre, insbesondere Unternehmensf\u00fchrung und Unternehmenstheorien.<\/p>\n\n\n\n<hr class=\"wp-block-separator has-alpha-channel-opacity is-style-wide\" \/>\n\n\n\n<p><strong>Forschungsschwerpunkte und -interessen<\/strong><br>Employer Branding, Neuromarketing, implizite Verfahren der Marktforschung, Werbewirksamkeitsforschung, Mental-Health.<\/p>\n\n\n\n<p><a href=\"https:\/\/www.hsu-hh.de\/utheorie\/wp-content\/uploads\/sites\/551\/2020\/12\/Wissenschaftliche-Aktivitaeten-Judith-Hattke-_-Homepage.pdf\">Ver\u00f6ffentlichungen und Vortr\u00e4ge<\/a><\/p>\n","protected":false},"excerpt":{"rendered":"<p>Wissenschaftliche Mitarbeiterin Helmut-Schmidt-Universit\u00e4tFakult\u00e4t f\u00fcr Wirtschafts- undSozialwissenschaftenHolstenhofweg 8522043 Hamburg\u2014 Raum: H1, 2104Telefon: +4940 6541-3308E-Mail: hattke@hsu-hh.de SprechstundeOnlinesprechstunde immer Mittwochs von 14-15 Uhr (Anmeldung vorher per Mail) KurzbiografieStudium der Betriebswirtschaftslehre an der Ernst-Moritz-Arndt [&hellip;]<\/p>\n","protected":false},"author":36,"featured_media":0,"parent":0,"menu_order":0,"comment_status":"closed","ping_status":"closed","template":"","meta":{"footnotes":""},"categories":[8],"tags":[],"class_list":["post-593","page","type-page","status-publish","hentry","category-team"],"_links":{"self":[{"href":"https:\/\/www.hsu-hh.de\/utheorie\/wp-json\/wp\/v2\/pages\/593","targetHints":{"allow":["GET"]}}],"collection":[{"href":"https:\/\/www.hsu-hh.de\/utheorie\/wp-json\/wp\/v2\/pages"}],"about":[{"href":"https:\/\/www.hsu-hh.de\/utheorie\/wp-json\/wp\/v2\/types\/page"}],"author":[{"embeddable":true,"href":"https:\/\/www.hsu-hh.de\/utheorie\/wp-json\/wp\/v2\/users\/36"}],"replies":[{"embeddable":true,"href":"https:\/\/www.hsu-hh.de\/utheorie\/wp-json\/wp\/v2\/comments?post=593"}],"version-history":[{"count":11,"href":"https:\/\/www.hsu-hh.de\/utheorie\/wp-json\/wp\/v2\/pages\/593\/revisions"}],"predecessor-version":[{"id":869,"href":"https:\/\/www.hsu-hh.de\/utheorie\/wp-json\/wp\/v2\/pages\/593\/revisions\/869"}],"wp:attachment":[{"href":"https:\/\/www.hsu-hh.de\/utheorie\/wp-json\/wp\/v2\/media?parent=593"}],"wp:term":[{"taxonomy":"category","embeddable":true,"href":"https:\/\/www.hsu-hh.de\/utheorie\/wp-json\/wp\/v2\/categories?post=593"},{"taxonomy":"post_tag","embeddable":true,"href":"https:\/\/www.hsu-hh.de\/utheorie\/wp-json\/wp\/v2\/tags?post=593"}],"curies":[{"name":"wp","href":"https:\/\/api.w.org\/{rel}","templated":true}]}}