{"id":584,"date":"2023-02-16T11:27:04","date_gmt":"2023-02-16T10:27:04","guid":{"rendered":"https:\/\/www.hsu-hh.de\/utheorie\/?page_id=584"},"modified":"2023-02-16T13:36:30","modified_gmt":"2023-02-16T12:36:30","slug":"prof-dr-markus-goebel","status":"publish","type":"page","link":"https:\/\/www.hsu-hh.de\/utheorie\/prof-dr-markus-goebel","title":{"rendered":"Prof. Dr. Markus G\u00f6bel"},"content":{"rendered":"\n<p>Professurinhaber<\/p>\n\n\n\n<div class=\"wp-block-columns is-layout-flex wp-container-core-columns-is-layout-9d6595d7 wp-block-columns-is-layout-flex\">\n<div class=\"wp-block-column is-layout-flow wp-block-column-is-layout-flow\">\n<p>Helmut-Schmidt-Universit\u00e4t<br>Fakult\u00e4t f\u00fcr Wirtschafts- und Sozialwissenschaften<br>Holstenhofweg 85<br>22043 Hamburg<br>\u2014<br><\/p>\n<\/div>\n\n\n\n<div class=\"wp-block-column is-layout-flow wp-block-column-is-layout-flow\">\n<p><strong>Raum:&nbsp;<\/strong>H1, 2105<br><strong>Telefon:<\/strong> +4940 6541-2889<br><strong>E-Mail:<\/strong> <a href=\"mailto:goebelm@hsu-hh.de\" rel='nofollow'>goebelm@hsu-hh.de<\/a><\/p>\n\n\n\n<p><\/p>\n\n\n\n<p><\/p>\n<\/div>\n\n\n\n<div class=\"wp-block-column is-layout-flow wp-block-column-is-layout-flow\"><div class=\"wp-block-image is-style-rounded\">\n<figure class=\"aligncenter size-full is-resized\"><img loading=\"lazy\" decoding=\"async\" src=\"https:\/\/www.hsu-hh.de\/utheorie\/wp-content\/uploads\/sites\/551\/2023\/02\/Markus-Goebel.jpg\" data-credit=\"G\u00f6bel\" alt=\"\" class=\"wp-image-570\" width=\"165\" height=\"247\" srcset=\"https:\/\/www.hsu-hh.de\/utheorie\/wp-content\/uploads\/sites\/551\/2023\/02\/Markus-Goebel.jpg 415w, https:\/\/www.hsu-hh.de\/utheorie\/wp-content\/uploads\/sites\/551\/2023\/02\/Markus-Goebel-200x300.jpg 200w\" sizes=\"auto, (max-width: 165px) 100vw, 165px\" \/><\/figure>\n<\/div><\/div>\n<\/div>\n\n\n\n<p><strong>Sprechstunde<\/strong><\/p>\n\n\n\n<p>nach Vereinbarung<\/p>\n\n\n\n<hr class=\"wp-block-separator has-alpha-channel-opacity is-style-wide\" \/>\n\n\n\n<p><strong>Kurzbiografie<\/strong><\/p>\n\n\n\n<p><abbr title=\"Professor\">Prof.<\/abbr>&nbsp;<abbr title=\"Doktor\">Dr.<\/abbr>&nbsp;<abbr title=\"habilitatus\">habil.<\/abbr>&nbsp;Markus G\u00f6bel ist Professor und Lehrstuhlinhaber f\u00fcr Betriebswirtschaftslehre, insbesondere Theorie der Unternehmung und Methoden betriebswirtschaftlicher Forschung, an der Helmut-Schmidt-Universit\u00e4t in Hamburg. Seine Themenschwerpunkte sind Reziprozit\u00e4t in der Managementforschung und -praxis, Change Management und New Public Management, Beratung und Unternehmensnachhaltigkeit sowie Corporate Venture Capital und Wissensmanagement. Lehr- und F\u00fchrungserfahrungen sammelte er&nbsp;<abbr title=\"unter anderem\">u.a.<\/abbr>&nbsp;als akademischer Leiter (Prodekan) des Standorts Hamburg der Hochschule Fresenius, als Professor f\u00fcr Betriebswirtschaftslehre der Hochschule Fresenius und als Vertreter der Professur f\u00fcr \u00f6ffentliche Wirtschaft an der Universit\u00e4t Hamburg. Desweitern begleitete er als In-House-Berater des Oberb\u00fcrgermeisters den Change-Management Prozess der Stadt Mainz und war als Berater f\u00fcr New Public Management bei der KGSt-Consult in K\u00f6ln t\u00e4tig.<\/p>\n\n\n\n<p>Sein Studium absolvierte er im Bereich Wirtschaftswissenschaften an der Universit\u00e4t Wuppertal und promovierte darauffolgend an der Deutschen Hochschule f\u00fcr Verwaltungswissenschaften in Speyer im Bereich New Public Management. Seine Habilitation schloss er an der Helmut-Schmidt-Universit\u00e4t in Hamburg im Fachbereich Wirtschafts- und Sozialwissenschaften mit einer Arbeit zum Thema Interaktive Unternehmenssteuerung ab.<\/p>\n\n\n\n<hr class=\"wp-block-separator has-alpha-channel-opacity is-style-wide\" \/>\n\n\n\n<p><strong>Publikationen<\/strong><\/p>\n\n\n\n<p><a href=\"https:\/\/www.hsu-hh.de\/utheorie\/?page_id=652\">Reziprozit\u00e4t in der Managementforschung und -praxis<\/a><br><a href=\"https:\/\/www.hsu-hh.de\/utheorie\/?page_id=654\">Change Management und New Public Management<\/a><br><a href=\"https:\/\/www.hsu-hh.de\/utheorie\/?page_id=656\">Beratung und Unternehmensnachhaltigkeit<\/a><br><a href=\"https:\/\/www.hsu-hh.de\/utheorie\/?page_id=658\">Corporate Venture Capital und Wissensmanagement<\/a><br><a href=\"https:\/\/www.hsu-hh.de\/utheorie\/diskussionsbeitraege\">Diskussionsbeitr\u00e4ge<\/a><br><a href=\"https:\/\/www.hsu-hh.de\/utheorie\/sonstige\">Sonstige<\/a><\/p>\n","protected":false},"excerpt":{"rendered":"<p>Professurinhaber Helmut-Schmidt-Universit\u00e4tFakult\u00e4t f\u00fcr Wirtschafts- und SozialwissenschaftenHolstenhofweg 8522043 Hamburg\u2014 Raum:&nbsp;H1, 2105Telefon: +4940 6541-2889E-Mail: goebelm@hsu-hh.de Sprechstunde nach Vereinbarung Kurzbiografie Prof.&nbsp;Dr.&nbsp;habil.&nbsp;Markus G\u00f6bel ist Professor und Lehrstuhlinhaber f\u00fcr Betriebswirtschaftslehre, insbesondere Theorie der Unternehmung und [&hellip;]<\/p>\n","protected":false},"author":36,"featured_media":0,"parent":0,"menu_order":0,"comment_status":"closed","ping_status":"closed","template":"","meta":{"footnotes":""},"categories":[8],"tags":[],"class_list":["post-584","page","type-page","status-publish","hentry","category-team"],"_links":{"self":[{"href":"https:\/\/www.hsu-hh.de\/utheorie\/wp-json\/wp\/v2\/pages\/584","targetHints":{"allow":["GET"]}}],"collection":[{"href":"https:\/\/www.hsu-hh.de\/utheorie\/wp-json\/wp\/v2\/pages"}],"about":[{"href":"https:\/\/www.hsu-hh.de\/utheorie\/wp-json\/wp\/v2\/types\/page"}],"author":[{"embeddable":true,"href":"https:\/\/www.hsu-hh.de\/utheorie\/wp-json\/wp\/v2\/users\/36"}],"replies":[{"embeddable":true,"href":"https:\/\/www.hsu-hh.de\/utheorie\/wp-json\/wp\/v2\/comments?post=584"}],"version-history":[{"count":21,"href":"https:\/\/www.hsu-hh.de\/utheorie\/wp-json\/wp\/v2\/pages\/584\/revisions"}],"predecessor-version":[{"id":674,"href":"https:\/\/www.hsu-hh.de\/utheorie\/wp-json\/wp\/v2\/pages\/584\/revisions\/674"}],"wp:attachment":[{"href":"https:\/\/www.hsu-hh.de\/utheorie\/wp-json\/wp\/v2\/media?parent=584"}],"wp:term":[{"taxonomy":"category","embeddable":true,"href":"https:\/\/www.hsu-hh.de\/utheorie\/wp-json\/wp\/v2\/categories?post=584"},{"taxonomy":"post_tag","embeddable":true,"href":"https:\/\/www.hsu-hh.de\/utheorie\/wp-json\/wp\/v2\/tags?post=584"}],"curies":[{"name":"wp","href":"https:\/\/api.w.org\/{rel}","templated":true}]}}