{"id":108,"date":"2017-08-31T10:32:23","date_gmt":"2017-08-31T08:32:23","guid":{"rendered":"https:\/\/www.hsu-hh.de\/utheorie\/?page_id=108"},"modified":"2026-01-05T10:44:06","modified_gmt":"2026-01-05T09:44:06","slug":"team","status":"publish","type":"page","link":"https:\/\/www.hsu-hh.de\/utheorie\/team","title":{"rendered":"Team"},"content":{"rendered":"\n<p><strong>Betriebswirtschaftslehre, insbesondere Unternehmensf\u00fchrung und Unternehmenstheorien<\/strong><\/p>\n\n\n\n<p>Helmut Schmidt Universit\u00e4t<br>Universit\u00e4t der Bundeswehr Hamburg<br>Holstenhofweg 85<br>22043 Hamburg<\/p>\n\n\n\n<div class=\"wp-block-columns is-layout-flex wp-container-core-columns-is-layout-9d6595d7 wp-block-columns-is-layout-flex\">\n<div class=\"wp-block-column is-layout-flow wp-block-column-is-layout-flow\" style=\"flex-basis:66.66%\">\n<figure class=\"wp-block-image size-large is-resized is-style-rounded\"><img loading=\"lazy\" decoding=\"async\" width=\"1024\" height=\"683\" src=\"https:\/\/www.hsu-hh.de\/utheorie\/wp-content\/uploads\/sites\/551\/2024\/01\/Teamfoto_Jan2024-1024x683.jpg\" data-credit=\"HSU HH\" alt=\"\" class=\"wp-image-794\" style=\"width:485px;height:323px\" title=\"\" srcset=\"https:\/\/www.hsu-hh.de\/utheorie\/wp-content\/uploads\/sites\/551\/2024\/01\/Teamfoto_Jan2024-1024x683.jpg 1024w, https:\/\/www.hsu-hh.de\/utheorie\/wp-content\/uploads\/sites\/551\/2024\/01\/Teamfoto_Jan2024-300x200.jpg 300w, https:\/\/www.hsu-hh.de\/utheorie\/wp-content\/uploads\/sites\/551\/2024\/01\/Teamfoto_Jan2024-768x512.jpg 768w, https:\/\/www.hsu-hh.de\/utheorie\/wp-content\/uploads\/sites\/551\/2024\/01\/Teamfoto_Jan2024-1536x1024.jpg 1536w, https:\/\/www.hsu-hh.de\/utheorie\/wp-content\/uploads\/sites\/551\/2024\/01\/Teamfoto_Jan2024-2048x1365.jpg 2048w, https:\/\/www.hsu-hh.de\/utheorie\/wp-content\/uploads\/sites\/551\/2024\/01\/Teamfoto_Jan2024-1100x733.jpg 1100w\" sizes=\"auto, (max-width: 1024px) 100vw, 1024px\" \/><\/figure>\n<\/div>\n\n\n\n<div class=\"wp-block-column is-layout-flow wp-block-column-is-layout-flow\" style=\"flex-basis:33.33%\">\n<p><\/p>\n\n\n\n<p><\/p>\n\n\n\n<p><\/p>\n\n\n\n<p><\/p>\n\n\n\n<p>Mitarbeiterteam des Lehrstuhls (von links)<\/p>\n\n\n\n<p><a href=\"https:\/\/www.hsu-hh.de\/utheorie\/georg-friedrich-goehler-m-sc\"><abbr title=\"Doktor\">Dr.<\/abbr> Georg-Friedrich G\u00f6hler<\/a><br><a href=\"https:\/\/www.hsu-hh.de\/utheorie\/barbara-harsman-m-sc\"><abbr title=\"Doktor\">Dr.<\/abbr> Barbara Harsman<\/a><br><a href=\"https:\/\/www.hsu-hh.de\/utheorie\/dr-judith-hattke\"><abbr title=\"Doktor\">Dr.<\/abbr> Judith Hattke<\/a><\/p>\n<\/div>\n<\/div>\n","protected":false},"excerpt":{"rendered":"<p>Betriebswirtschaftslehre, insbesondere Unternehmensf\u00fchrung und Unternehmenstheorien Helmut Schmidt Universit\u00e4tUniversit\u00e4t der Bundeswehr HamburgHolstenhofweg 8522043 Hamburg Mitarbeiterteam des Lehrstuhls (von links) Dr. Georg-Friedrich G\u00f6hlerDr. Barbara HarsmanDr. Judith Hattke<\/p>\n","protected":false},"author":36,"featured_media":0,"parent":0,"menu_order":0,"comment_status":"closed","ping_status":"closed","template":"","meta":{"footnotes":""},"categories":[8],"tags":[],"class_list":["post-108","page","type-page","status-publish","hentry","category-team"],"_links":{"self":[{"href":"https:\/\/www.hsu-hh.de\/utheorie\/wp-json\/wp\/v2\/pages\/108","targetHints":{"allow":["GET"]}}],"collection":[{"href":"https:\/\/www.hsu-hh.de\/utheorie\/wp-json\/wp\/v2\/pages"}],"about":[{"href":"https:\/\/www.hsu-hh.de\/utheorie\/wp-json\/wp\/v2\/types\/page"}],"author":[{"embeddable":true,"href":"https:\/\/www.hsu-hh.de\/utheorie\/wp-json\/wp\/v2\/users\/36"}],"replies":[{"embeddable":true,"href":"https:\/\/www.hsu-hh.de\/utheorie\/wp-json\/wp\/v2\/comments?post=108"}],"version-history":[{"count":115,"href":"https:\/\/www.hsu-hh.de\/utheorie\/wp-json\/wp\/v2\/pages\/108\/revisions"}],"predecessor-version":[{"id":917,"href":"https:\/\/www.hsu-hh.de\/utheorie\/wp-json\/wp\/v2\/pages\/108\/revisions\/917"}],"wp:attachment":[{"href":"https:\/\/www.hsu-hh.de\/utheorie\/wp-json\/wp\/v2\/media?parent=108"}],"wp:term":[{"taxonomy":"category","embeddable":true,"href":"https:\/\/www.hsu-hh.de\/utheorie\/wp-json\/wp\/v2\/categories?post=108"},{"taxonomy":"post_tag","embeddable":true,"href":"https:\/\/www.hsu-hh.de\/utheorie\/wp-json\/wp\/v2\/tags?post=108"}],"curies":[{"name":"wp","href":"https:\/\/api.w.org\/{rel}","templated":true}]}}