{"id":972,"date":"2018-11-27T11:49:31","date_gmt":"2018-11-27T10:49:31","guid":{"rendered":"https:\/\/www.hsu-hh.de\/tim\/?page_id=972"},"modified":"2021-10-13T17:41:00","modified_gmt":"2021-10-13T15:41:00","slug":"adams_eng","status":"publish","type":"page","link":"https:\/\/www.hsu-hh.de\/tim\/en\/team-2\/adams_eng","title":{"rendered":"Kai-Uwe Adams, M.Sc."},"content":{"rendered":"<p><img loading=\"lazy\" decoding=\"async\" class=\"wp-image-1272 alignleft\" src=\"https:\/\/www.hsu-hh.de\/tim\/wp-content\/uploads\/sites\/563\/2020\/08\/Kai-Uwe_Adams_18082020-right-scaled.jpg\" alt=\"Kai\" width=\"278\" height=\"418\" data-credit=\"Kai-Uwe Adams\" srcset=\"https:\/\/www.hsu-hh.de\/tim\/wp-content\/uploads\/sites\/563\/2020\/08\/Kai-Uwe_Adams_18082020-right-scaled.jpg 1706w, https:\/\/www.hsu-hh.de\/tim\/wp-content\/uploads\/sites\/563\/2020\/08\/Kai-Uwe_Adams_18082020-right-200x300.jpg 200w, https:\/\/www.hsu-hh.de\/tim\/wp-content\/uploads\/sites\/563\/2020\/08\/Kai-Uwe_Adams_18082020-right-683x1024.jpg 683w, https:\/\/www.hsu-hh.de\/tim\/wp-content\/uploads\/sites\/563\/2020\/08\/Kai-Uwe_Adams_18082020-right-768x1152.jpg 768w, https:\/\/www.hsu-hh.de\/tim\/wp-content\/uploads\/sites\/563\/2020\/08\/Kai-Uwe_Adams_18082020-right-1024x1536.jpg 1024w, https:\/\/www.hsu-hh.de\/tim\/wp-content\/uploads\/sites\/563\/2020\/08\/Kai-Uwe_Adams_18082020-right-1365x2048.jpg 1365w, https:\/\/www.hsu-hh.de\/tim\/wp-content\/uploads\/sites\/563\/2020\/08\/Kai-Uwe_Adams_18082020-right-1100x1650.jpg 1100w\" sizes=\"auto, (max-width: 278px) 100vw, 278px\" \/><\/p>\n<p><strong>Postal adress:<\/strong><\/p>\n<p>Helmut-Schmidt-Universit\u00e4t &#8211; Universit\u00e4t der Bundeswehr Hamburg<br \/>\nProfessur f\u00fcr Betriebswirtschaftslehre, insbesondere Technologie- und Innovationsmanagement<br \/>\nHolstenhofweg 85<br \/>\n22043 Hamburg<\/p>\n<p><strong>Room:<\/strong> 2225<br \/>\n<strong>Phone:<\/strong> 040 \/ 6541-3735<br \/>\n<strong>E-Mail:<\/strong>\u00a0kai.adams@hsu-hh.de<br \/>\n<strong>Office\u00a0hours:<\/strong> by appointment<\/p>\n<p><strong>Research interests:<\/strong><\/p>\n<p>\u2013 Entrepreneurship<\/p>\n<p>\u2013 Business Model Innovation<\/p>\n<p>\u2013 Open and User Innovation<\/p>\n<p>\u2013 Online Communities<\/p>\n<p><strong>Vita:<\/strong><\/p>\n<p><strong>since 11\/2018<\/strong>\u00a0Wissenschaftlicher Mitarbeiter und Doktorand an der Professur f\u00fcr Technologie- und Innovationsmanagement<\/p>\n<p><strong>01\/2017 \u2013 09\/2018<\/strong>\u00a0Master of Science (M.Sc.) Netzwerk- u. Innovationsmanagement Helmut-Schmidt-Universit\u00e4t \/ Universit\u00e4t der Bundeswehr Hamburg<\/p>\n<p><strong>10\/2014 \u2013 01\/2017<\/strong>\u00a0Bachelor of Science (B.Sc.)\u00a0BWL\u00a0Helmut-Schmidt-Universit\u00e4t \/ Universit\u00e4t der Bundeswehr Hamburg<\/p>\n<p><strong>06\/2010 \u2013 12\/2010<\/strong>\u00a0Ausbildung zum Fachkaufmann Einkauf und Logistik \/ IHK L\u00fcbeck<\/p>\n<p><strong>07\/2004 \u2013 09\/2014<\/strong>\u00a0Materialbewirtschaftungsfeldwebel, Bundeswehr \/ CIMIC-Zentrum Nienburg (Weser) und Instandsetzungsbataillon 166 Boostedt<\/p>\n<p><strong>08\/2000 \u2013 07\/2003<\/strong>\u00a0Auszubildender im Gro\u00df- und Au\u00dfenhandel \/ F.Ehrich GmbH &amp; Co. KG Rendsburg<\/p>\n<p><strong>Publications and conferences<\/strong><\/p>\n<p>Adams, Koller (2019), potential of online communities to generate product innovations, Innovation and Product Development Management Conference<\/p>\n<p>Adams, Koller (2019), From user to entrepreneur: How online platforms can facilitate user-entrepreneurship, Innovation &amp; Value Creation Conference<\/p>\n<p>Adams, Ehls, Koller (2021), leveraging selective revealing: openess as a market entry strategy, Innovation and Product Development Management Conference<\/p>\n<p>Adams, Ehls, Koller (2021), cracking lock in, Open and User Innovation Conference<\/p>\n","protected":false},"excerpt":{"rendered":"<p>Postal adress: Helmut-Schmidt-Universit\u00e4t &#8211; Universit\u00e4t der Bundeswehr Hamburg Professur f\u00fcr Betriebswirtschaftslehre, insbesondere Technologie- und Innovationsmanagement Holstenhofweg 85 22043 Hamburg Room: 2225 Phone: 040 \/ 6541-3735 E-Mail:\u00a0kai.adams@hsu-hh.de Office\u00a0hours: by appointment Research [&hellip;]<\/p>\n","protected":false},"author":296,"featured_media":0,"parent":643,"menu_order":0,"comment_status":"closed","ping_status":"closed","template":"","meta":{"footnotes":""},"categories":[9],"tags":[],"class_list":["post-972","page","type-page","status-publish","hentry","category-team-en"],"_links":{"self":[{"href":"https:\/\/www.hsu-hh.de\/tim\/wp-json\/wp\/v2\/pages\/972","targetHints":{"allow":["GET"]}}],"collection":[{"href":"https:\/\/www.hsu-hh.de\/tim\/wp-json\/wp\/v2\/pages"}],"about":[{"href":"https:\/\/www.hsu-hh.de\/tim\/wp-json\/wp\/v2\/types\/page"}],"author":[{"embeddable":true,"href":"https:\/\/www.hsu-hh.de\/tim\/wp-json\/wp\/v2\/users\/296"}],"replies":[{"embeddable":true,"href":"https:\/\/www.hsu-hh.de\/tim\/wp-json\/wp\/v2\/comments?post=972"}],"version-history":[{"count":8,"href":"https:\/\/www.hsu-hh.de\/tim\/wp-json\/wp\/v2\/pages\/972\/revisions"}],"predecessor-version":[{"id":1304,"href":"https:\/\/www.hsu-hh.de\/tim\/wp-json\/wp\/v2\/pages\/972\/revisions\/1304"}],"up":[{"embeddable":true,"href":"https:\/\/www.hsu-hh.de\/tim\/wp-json\/wp\/v2\/pages\/643"}],"wp:attachment":[{"href":"https:\/\/www.hsu-hh.de\/tim\/wp-json\/wp\/v2\/media?parent=972"}],"wp:term":[{"taxonomy":"category","embeddable":true,"href":"https:\/\/www.hsu-hh.de\/tim\/wp-json\/wp\/v2\/categories?post=972"},{"taxonomy":"post_tag","embeddable":true,"href":"https:\/\/www.hsu-hh.de\/tim\/wp-json\/wp\/v2\/tags?post=972"}],"curies":[{"name":"wp","href":"https:\/\/api.w.org\/{rel}","templated":true}]}}