{"id":73,"date":"2017-07-03T15:52:08","date_gmt":"2017-07-03T13:52:08","guid":{"rendered":"https:\/\/www.hsu-hh.de\/vorlage\/?page_id=73"},"modified":"2020-01-23T13:51:22","modified_gmt":"2020-01-23T12:51:22","slug":"startseite","status":"publish","type":"page","link":"https:\/\/www.hsu-hh.de\/tim\/","title":{"rendered":""},"content":{"rendered":"<h2 style=\"text-align: center\">Herzlich Willkommen am Lehrstuhl f\u00fcr Technologie- und Innovationsmanagement der Helmut-Schmidt-Universit\u00e4t Hamburg!<\/h2>\n<h2 style=\"text-align: center\"><strong>Ank\u00fcndigung \u00fcber aktuellen Gastvortrag!<\/strong><\/h2>\n<p><img loading=\"lazy\" decoding=\"async\" class=\"aligncenter size-full wp-image-1207\" src=\"https:\/\/www.hsu-hh.de\/tim\/wp-content\/uploads\/sites\/563\/2020\/01\/Poster_JPG.jpg\" alt=\"poster\" width=\"449\" height=\"638\" data-credit=\"koller\" srcset=\"https:\/\/www.hsu-hh.de\/tim\/wp-content\/uploads\/sites\/563\/2020\/01\/Poster_JPG.jpg 449w, https:\/\/www.hsu-hh.de\/tim\/wp-content\/uploads\/sites\/563\/2020\/01\/Poster_JPG-211x300.jpg 211w\" sizes=\"auto, (max-width: 449px) 100vw, 449px\" \/><\/p>\n<h2><\/h2>\n<h3>Unsere assoziierten Forschungsverb\u00fcnde<\/h3>\n<hr \/>\n<div class=\"content-block2\">\n<p style=\"text-align: left\"><a href=\"http:\/\/www.eiasm.net\/\" target=\"_blank\" rel=\"noopener noreferrer\"><img loading=\"lazy\" decoding=\"async\" class=\"wp-image-221 alignnone\" src=\"https:\/\/www.hsu-hh.de\/tim\/wp-content\/uploads\/sites\/563\/2017\/07\/EIASM-300x241.jpg\" alt=\"EIASM\" width=\"202\" height=\"162\" srcset=\"https:\/\/www.hsu-hh.de\/tim\/wp-content\/uploads\/sites\/563\/2017\/07\/EIASM-300x241.jpg 300w, https:\/\/www.hsu-hh.de\/tim\/wp-content\/uploads\/sites\/563\/2017\/07\/EIASM-768x618.jpg 768w, https:\/\/www.hsu-hh.de\/tim\/wp-content\/uploads\/sites\/563\/2017\/07\/EIASM.jpg 920w\" sizes=\"auto, (max-width: 202px) 100vw, 202px\" \/><\/a><a href=\"http:\/\/www.hab-online.org\/\" target=\"_blank\" rel=\"noopener noreferrer\"><img loading=\"lazy\" decoding=\"async\" class=\"wp-image-228 alignnone\" src=\"https:\/\/www.hsu-hh.de\/tim\/wp-content\/uploads\/sites\/563\/2017\/07\/WGAB_Logo_RGB-300x150.jpg\" alt=\"WGAB\" width=\"328\" height=\"164\" srcset=\"https:\/\/www.hsu-hh.de\/tim\/wp-content\/uploads\/sites\/563\/2017\/07\/WGAB_Logo_RGB-300x150.jpg 300w, https:\/\/www.hsu-hh.de\/tim\/wp-content\/uploads\/sites\/563\/2017\/07\/WGAB_Logo_RGB-768x384.jpg 768w, https:\/\/www.hsu-hh.de\/tim\/wp-content\/uploads\/sites\/563\/2017\/07\/WGAB_Logo_RGB-400x200.jpg 400w, https:\/\/www.hsu-hh.de\/tim\/wp-content\/uploads\/sites\/563\/2017\/07\/WGAB_Logo_RGB.jpg 837w\" sizes=\"auto, (max-width: 328px) 100vw, 328px\" \/><\/a><\/p>\n<\/div>\n<div class=\"content-block2\">\n<p><a href=\"http:\/\/vhbonline.org\/index.php?id=9\" target=\"_blank\" rel=\"noopener noreferrer\"><img loading=\"lazy\" decoding=\"async\" class=\"alignnone wp-image-273\" src=\"https:\/\/www.hsu-hh.de\/tim\/wp-content\/uploads\/sites\/563\/2017\/07\/vhb-2-300x249.jpg\" alt=\"vhg\" width=\"186\" height=\"155\" srcset=\"https:\/\/www.hsu-hh.de\/tim\/wp-content\/uploads\/sites\/563\/2017\/07\/vhb-2-300x249.jpg 300w, https:\/\/www.hsu-hh.de\/tim\/wp-content\/uploads\/sites\/563\/2017\/07\/vhb-2.jpg 581w\" sizes=\"auto, (max-width: 186px) 100vw, 186px\" \/><\/a><a href=\"https:\/\/www.schmalenbach.org\/index.php\/arbeitskreise\/fertigungs-und-absatznahe-funktionen\/innovationsmanagement\" target=\"_blank\" rel=\"noopener noreferrer\"><img loading=\"lazy\" decoding=\"async\" class=\"alignnone wp-image-224\" src=\"https:\/\/www.hsu-hh.de\/tim\/wp-content\/uploads\/sites\/563\/2017\/07\/logo-sg-300x135.jpg\" alt=\"Schmalenbachgesellschaft\" width=\"344\" height=\"155\" \/><\/a><\/p>\n<\/div>\n<p>&nbsp;<\/p>\n<hr \/>\n<div class=\"content-block2\">\n<h3><\/h3>\n<h3>Wir \u00fcber uns<\/h3>\n<p>Die Professur besteht derzeit aus einem Team von zehn Wissenschaftlern, die als Lehrstuhlmitarbeiter, in Drittmittelprojekten oder als externe Doktoranden mitwirken. Gemeinsam besch\u00e4ftigen wir uns in der Forschung mit aktuellen Themen des Technologie- und Innovationsmanagement. Dazu z\u00e4hlen strategische Themen wie Technology Foresight, Business Model Innovations oder Patentmanagement ebenso wie klassische Fragen des Management von Innovationsnetzwerken oder des F&amp;E Managements und ganz sicher auch das gro\u00dfe und spannende Feld der Open Innovation. Diese Themen bearbeiten wir in enger Kooperation mit zahlreichen Partnern aus der internationalen Wissenschaft, mit Unternehmen unterschiedlicher Gr\u00f6\u00dfe\u00a0und Ausrichtung sowie auch mit Partnern aus der Bundeswehr.<br \/>\nIn der Lehre bietet die Professur Module zu den \u201eGrundlagen der <abbr title=\"Betriebswirtschaftslehre\">BWL<\/abbr>\u201c, zur \u201eProduktion und Beschaffung in Zeiten interaktiver und international verteilter Wertsch\u00f6pfung\u201c sowie ein umfangreiches Modul zum \u201eTechnologie- und Innovationsmanagement\u201c. Beide letztgenannten Themen werden in Seminaren und Abschlussarbeiten vertieft.<\/p>\n<\/div>\n<p>&nbsp;<\/p>\n<div class=\"content-block2\">\n<h3><strong>Sonstiges Leistungsangebot<\/strong><\/h3>\n<p>Sehr gerne beteiligen wir uns in Unternehmen an der Diskussion aktueller Fragestellungen aus dem Bereich des Technologie- und Innovationsmanagement und entwickeln gemeinsam mit den Praxisvertretern konkrete Vorschl\u00e4ge f\u00fcr die L\u00f6sung aktueller Probleme.<\/p>\n<\/div>\n<p>&nbsp;<\/p>\n<p>&nbsp;<\/p>\n","protected":false},"excerpt":{"rendered":"<p>Herzlich Willkommen am Lehrstuhl f\u00fcr Technologie- und Innovationsmanagement der Helmut-Schmidt-Universit\u00e4t Hamburg! Ank\u00fcndigung \u00fcber aktuellen Gastvortrag! Unsere assoziierten Forschungsverb\u00fcnde &nbsp; Wir \u00fcber uns Die Professur besteht derzeit aus einem Team von [&hellip;]<\/p>\n","protected":false},"author":1,"featured_media":0,"parent":0,"menu_order":0,"comment_status":"closed","ping_status":"closed","template":"faculty.php","meta":{"footnotes":""},"categories":[35],"tags":[72],"class_list":["post-73","page","type-page","status-publish","hentry","category-startseite","tag-homepage"],"_links":{"self":[{"href":"https:\/\/www.hsu-hh.de\/tim\/wp-json\/wp\/v2\/pages\/73","targetHints":{"allow":["GET"]}}],"collection":[{"href":"https:\/\/www.hsu-hh.de\/tim\/wp-json\/wp\/v2\/pages"}],"about":[{"href":"https:\/\/www.hsu-hh.de\/tim\/wp-json\/wp\/v2\/types\/page"}],"author":[{"embeddable":true,"href":"https:\/\/www.hsu-hh.de\/tim\/wp-json\/wp\/v2\/users\/1"}],"replies":[{"embeddable":true,"href":"https:\/\/www.hsu-hh.de\/tim\/wp-json\/wp\/v2\/comments?post=73"}],"version-history":[{"count":40,"href":"https:\/\/www.hsu-hh.de\/tim\/wp-json\/wp\/v2\/pages\/73\/revisions"}],"predecessor-version":[{"id":1212,"href":"https:\/\/www.hsu-hh.de\/tim\/wp-json\/wp\/v2\/pages\/73\/revisions\/1212"}],"wp:attachment":[{"href":"https:\/\/www.hsu-hh.de\/tim\/wp-json\/wp\/v2\/media?parent=73"}],"wp:term":[{"taxonomy":"category","embeddable":true,"href":"https:\/\/www.hsu-hh.de\/tim\/wp-json\/wp\/v2\/categories?post=73"},{"taxonomy":"post_tag","embeddable":true,"href":"https:\/\/www.hsu-hh.de\/tim\/wp-json\/wp\/v2\/tags?post=73"}],"curies":[{"name":"wp","href":"https:\/\/api.w.org\/{rel}","templated":true}]}}