{"id":523,"date":"2017-11-24T14:02:11","date_gmt":"2017-11-24T13:02:11","guid":{"rendered":"https:\/\/www.hsu-hh.de\/tim\/?page_id=523"},"modified":"2017-11-24T14:40:07","modified_gmt":"2017-11-24T13:40:07","slug":"effizienter-ansatz-zur-technologiefruehaufklaerung","status":"publish","type":"page","link":"https:\/\/www.hsu-hh.de\/tim\/forschung\/projekte\/effizienter-ansatz-zur-technologiefruehaufklaerung","title":{"rendered":"Effizienter Ansatz zur Technologiefr\u00fchaufkl\u00e4rung\u00a0"},"content":{"rendered":"<p><strong>Effizienter Ansatz zur Technologiefr\u00fchaufkl\u00e4rung<\/strong><\/p>\n<p>\u201eTechnology Foresight\u201c bildet ein zunehmend komplexes, aber zugleich notwendiges Aufgabenfeld in technologiebasierten Unternehmen. Dabei liegt eine besondere Herausforderung in der Etablierung effizienter Systeme, die ein Monitoring und Scanning mit vertretbarem Aufwand erm\u00f6glichen. Unter Bezugnahme auf verschiedene Theorien strategischen Managements ist in Kooperation mit einem Unternehmen der Medizintechnik ein entsprechender Ansatz entwickelt worden, der anschlie\u00dfend auf die Anwendung durch Kooperationsnetze ausgedehnt worden ist und aktuell um die M\u00f6glichkeiten der Open Innovation erg\u00e4nzt wird.<\/p>\n<p>&nbsp;<\/p>\n<h3>Konferenzbeitr\u00e4ge<\/h3>\n<p><strong>Koller, H.\/ Untiedt, H.M.<\/strong> (2006): The process dimensions of technology intelligence &#8211; Insights of an empirically derived and theoretically reflected alternative for organizational foresight on global markets and dynamic environments. IFSAM Conference 2006 in Berlin (DE), 28.-30. September 2006<\/p>\n","protected":false},"excerpt":{"rendered":"<p>Effizienter Ansatz zur Technologiefr\u00fchaufkl\u00e4rung \u201eTechnology Foresight\u201c bildet ein zunehmend komplexes, aber zugleich notwendiges Aufgabenfeld in technologiebasierten Unternehmen. Dabei liegt eine besondere Herausforderung in der Etablierung effizienter Systeme, die ein Monitoring [&hellip;]<\/p>\n","protected":false},"author":165,"featured_media":0,"parent":235,"menu_order":0,"comment_status":"closed","ping_status":"closed","template":"","meta":{"footnotes":""},"categories":[4],"tags":[83,58,60],"class_list":["post-523","page","type-page","status-publish","hentry","category-forschung","tag-abgeschlossen","tag-forschung","tag-projekte"],"_links":{"self":[{"href":"https:\/\/www.hsu-hh.de\/tim\/wp-json\/wp\/v2\/pages\/523","targetHints":{"allow":["GET"]}}],"collection":[{"href":"https:\/\/www.hsu-hh.de\/tim\/wp-json\/wp\/v2\/pages"}],"about":[{"href":"https:\/\/www.hsu-hh.de\/tim\/wp-json\/wp\/v2\/types\/page"}],"author":[{"embeddable":true,"href":"https:\/\/www.hsu-hh.de\/tim\/wp-json\/wp\/v2\/users\/165"}],"replies":[{"embeddable":true,"href":"https:\/\/www.hsu-hh.de\/tim\/wp-json\/wp\/v2\/comments?post=523"}],"version-history":[{"count":3,"href":"https:\/\/www.hsu-hh.de\/tim\/wp-json\/wp\/v2\/pages\/523\/revisions"}],"predecessor-version":[{"id":543,"href":"https:\/\/www.hsu-hh.de\/tim\/wp-json\/wp\/v2\/pages\/523\/revisions\/543"}],"up":[{"embeddable":true,"href":"https:\/\/www.hsu-hh.de\/tim\/wp-json\/wp\/v2\/pages\/235"}],"wp:attachment":[{"href":"https:\/\/www.hsu-hh.de\/tim\/wp-json\/wp\/v2\/media?parent=523"}],"wp:term":[{"taxonomy":"category","embeddable":true,"href":"https:\/\/www.hsu-hh.de\/tim\/wp-json\/wp\/v2\/categories?post=523"},{"taxonomy":"post_tag","embeddable":true,"href":"https:\/\/www.hsu-hh.de\/tim\/wp-json\/wp\/v2\/tags?post=523"}],"curies":[{"name":"wp","href":"https:\/\/api.w.org\/{rel}","templated":true}]}}