{"id":521,"date":"2017-11-24T14:01:28","date_gmt":"2017-11-24T13:01:28","guid":{"rendered":"https:\/\/www.hsu-hh.de\/tim\/?page_id=521"},"modified":"2017-11-24T14:40:22","modified_gmt":"2017-11-24T13:40:22","slug":"management-von-innovationsnetzwerken","status":"publish","type":"page","link":"https:\/\/www.hsu-hh.de\/tim\/forschung\/projekte\/management-von-innovationsnetzwerken","title":{"rendered":"Management von Innovationsnetzwerken\u00a0"},"content":{"rendered":"<h3>Management von Innovationsnetzwerken<\/h3>\n<p>Der Zusammenschluss spezialisierter KMU zu Innovationsnetzwerken wird im Zuge eines globalisierten Wettbewerbs f\u00fcr immer wichtiger gehalten. Andererseits zeugen Umsetzungsprobleme in der Praxis davon, dass diese enge Kooperation erhebliche Anforderungen an die beteiligten KMU und an das Management der Innovationsnetzwerke aufwirft. Gemeinsam mit einem Arbeitskreis des VDI galt es, die Sicht der Literatur und die Erfahrungen der Praxisvertreter zusammenzutragen und damit sowohl Fallstricke als auch L\u00f6sungsvorschl\u00e4ge zu pr\u00e4sentieren.<\/p>\n<p>&nbsp;<\/p>\n<h3>Publikationen<\/h3>\n<p><strong>Koller, H.\/ Langmann, C.\/ Untiedt, H.M.<\/strong> (2006): Das Management von Innovationsnetzwerken in verschiedenen Phasen: Erkenntnisse und offene Forschungsfragen. In: Wojda, F.\/ Barth, A. (<abbr title=\"Herausgeber\">Hrsg.<\/abbr>) (2006): Innovative Kooperationsnetzwerke, S. 27-80.Koller, H.\/ <strong>Langmann, C.\/ Untiedt, H.M.<\/strong> (2006): Management von Innovationsnetzwerken. In: Industrie Management, 22 (2006), Heft 3, S. 23-28.<\/p>\n","protected":false},"excerpt":{"rendered":"<p>Management von Innovationsnetzwerken Der Zusammenschluss spezialisierter KMU zu Innovationsnetzwerken wird im Zuge eines globalisierten Wettbewerbs f\u00fcr immer wichtiger gehalten. Andererseits zeugen Umsetzungsprobleme in der Praxis davon, dass diese enge Kooperation [&hellip;]<\/p>\n","protected":false},"author":165,"featured_media":0,"parent":235,"menu_order":0,"comment_status":"closed","ping_status":"closed","template":"","meta":{"footnotes":""},"categories":[4],"tags":[83,58,60],"class_list":["post-521","page","type-page","status-publish","hentry","category-forschung","tag-abgeschlossen","tag-forschung","tag-projekte"],"_links":{"self":[{"href":"https:\/\/www.hsu-hh.de\/tim\/wp-json\/wp\/v2\/pages\/521","targetHints":{"allow":["GET"]}}],"collection":[{"href":"https:\/\/www.hsu-hh.de\/tim\/wp-json\/wp\/v2\/pages"}],"about":[{"href":"https:\/\/www.hsu-hh.de\/tim\/wp-json\/wp\/v2\/types\/page"}],"author":[{"embeddable":true,"href":"https:\/\/www.hsu-hh.de\/tim\/wp-json\/wp\/v2\/users\/165"}],"replies":[{"embeddable":true,"href":"https:\/\/www.hsu-hh.de\/tim\/wp-json\/wp\/v2\/comments?post=521"}],"version-history":[{"count":3,"href":"https:\/\/www.hsu-hh.de\/tim\/wp-json\/wp\/v2\/pages\/521\/revisions"}],"predecessor-version":[{"id":541,"href":"https:\/\/www.hsu-hh.de\/tim\/wp-json\/wp\/v2\/pages\/521\/revisions\/541"}],"up":[{"embeddable":true,"href":"https:\/\/www.hsu-hh.de\/tim\/wp-json\/wp\/v2\/pages\/235"}],"wp:attachment":[{"href":"https:\/\/www.hsu-hh.de\/tim\/wp-json\/wp\/v2\/media?parent=521"}],"wp:term":[{"taxonomy":"category","embeddable":true,"href":"https:\/\/www.hsu-hh.de\/tim\/wp-json\/wp\/v2\/categories?post=521"},{"taxonomy":"post_tag","embeddable":true,"href":"https:\/\/www.hsu-hh.de\/tim\/wp-json\/wp\/v2\/tags?post=521"}],"curies":[{"name":"wp","href":"https:\/\/api.w.org\/{rel}","templated":true}]}}