{"id":313,"date":"2017-11-10T13:31:15","date_gmt":"2017-11-10T12:31:15","guid":{"rendered":"https:\/\/www.hsu-hh.de\/tim\/?page_id=313"},"modified":"2018-04-15T15:15:10","modified_gmt":"2018-04-15T13:15:10","slug":"combw","status":"publish","type":"page","link":"https:\/\/www.hsu-hh.de\/tim\/forschung\/projekte\/combw","title":{"rendered":"ComBw"},"content":{"rendered":"<h3>Communities in der Bundeswehr:\u00a0 ComBw<\/h3>\n<p>Eric v. Hippel und andere haben gezeigt, dass in einer Vielzahl von F\u00e4llen die Anwender <abbr title=\"beziehungsweise\">bzw.<\/abbr> Nutzer eines Produktes die Quelle f\u00fcr folgende innovative Ideen und radikale Innovationen durch Unternehmen darstellen. Zudem ist nicht erst seit den Beitr\u00e4gen von Etienne Wenger vielfach anerkannt, dass dies h\u00e4ufig das Ergebnis eines intensiven Austausches von Erfahrungswerten und der kreativen Weiterentwicklung vorhandenen Expertenwissens in Communities ist. Urs\u00e4chlich hierf\u00fcr ist der Wunsch der Mitglieder solcher Communities, einander zu helfen und Bestehendes weiterzuentwickeln <abbr title=\"beziehungsweise\">bzw.<\/abbr> zu verbessern. Dabei bedienen sie sich einem Set von geteilten Normen und Werten, das die Interaktionen innerhalb der Gemeinschaft in Teilen reguliert und ein tiefes Gef\u00fchl der Verbundenheit auf Seiten der Mitglieder erzeugt.<\/p>\n<p>Im Projekt \u201eComBw \u2013 Communities in der Bundeswehr\u201c erforschen wir im Auftrag des Bundesministeriums der Verteidigung die Rahmenbedingungen f\u00fcr die Existenz von Communities in den Streitkr\u00e4ften. Zudem wollen wir durch die Ableitung von Handlungsempfehlungen aufzeigen, wie die Potenziale der Communities f\u00fcr die Bundeswehr genutzt werden k\u00f6nnen. Dabei leitet uns die \u00dcberzeugung, dass die Voraussetzungen f\u00fcr die Bildung von Communities in der Bundeswehr einzigartig sind. Die gemeinsame Wertebasis, das multilaterale Vertrauen in Vorgesetzte, in Untergebene und in die gesamte Institution sowie die wahrgenommene Kameradschaft unter den Soldaten und Angestellten der Bundeswehr bilden den N\u00e4hrboden f\u00fcr die Emergenz von Communities. Diese Gemeinschaften vereinen h\u00e4ufig verschiedene Funktionstr\u00e4ger der Bundeswehr, die Wissen \u00fcber ihre speziellen Funktionsbereiche untereinander austauschen und z. T. versuchen, einzelne Ausr\u00fcstungselemente oder Ausbildungsinhalte zu verbessern.<\/p>\n<p>Zur Gewinnung von Erkenntnissen ist zun\u00e4chst eine Bestandsaufnahme existierender Communities vorgesehen. Anschlie\u00dfend werden diese mit Methoden qualitativer und quantitativer Sozialforschung bez\u00fcglich der Wirkzusammenh\u00e4nge von internen Aspekten der Community (Rollenbilder, Organisation, Sozialkapital <abbr title=\"et cetera\">etc.<\/abbr>) und externen Einfl\u00fcssen (Ressourcennutzung, Schnittstellen zum \u201eSystem Bundeswehr\u201c, <abbr title=\"Informationstechnologie\">IT<\/abbr>-Infrastruktur <abbr title=\"et cetera\">etc.<\/abbr>) untersucht, um gestalterische Handlungsempfehlungen f\u00fcr den Auftraggeber der Studie abzuleiten.<\/p>\n<p>Weitere Informationen finden Sie auch in unserem Flyer:<\/p>\n<p>&nbsp;<\/p>\n<div class=\"col-xs-12 downloads-item\">\n<div class=\"row border-line\">\n<div class=\"text-area\"><img loading=\"lazy\" decoding=\"async\" class=\"alignnone wp-image-479\" src=\"https:\/\/www.hsu-hh.de\/tim\/wp-content\/uploads\/sites\/563\/2017\/11\/ComBW_Foto-aus-Flyer_145x235.jpg\" alt=\"Flyer ComBw\" width=\"61\" height=\"98\" \/><\/div>\n<div class=\"download-area\"><a class=\"download-link\" href=\"https:\/\/www.hsu-hh.de\/tim\/wp-content\/uploads\/sites\/563\/2017\/11\/ComBw__20150205.pdf\"><span class=\"download-name\">pdf laden<\/span><span class=\"donwload-icon\"><img decoding=\"async\" class=\"download-icon\" src=\"\/wp-content\/themes\/hsu\/img\/icons\/download_icon.png\" alt=\"download icon\" \/><\/span><span class=\"download-size\">2 M<\/span><\/a><\/div>\n<\/div>\n<\/div>\n<p>&nbsp;<\/p>\n<h3>F\u00f6rdergeber:<\/h3>\n<p><a href=\"https:\/\/www.bmvg.de\/de\" target=\"_blank\" rel=\"noopener\"><img loading=\"lazy\" decoding=\"async\" class=\"alignnone wp-image-485\" src=\"https:\/\/www.hsu-hh.de\/tim\/wp-content\/uploads\/sites\/563\/2017\/11\/BMVG_Logo.svg_.png\" alt=\"BMVg\" width=\"300\" height=\"155\" srcset=\"https:\/\/www.hsu-hh.de\/tim\/wp-content\/uploads\/sites\/563\/2017\/11\/BMVG_Logo.svg_.png 2000w, https:\/\/www.hsu-hh.de\/tim\/wp-content\/uploads\/sites\/563\/2017\/11\/BMVG_Logo.svg_-300x155.png 300w, https:\/\/www.hsu-hh.de\/tim\/wp-content\/uploads\/sites\/563\/2017\/11\/BMVG_Logo.svg_-768x396.png 768w, https:\/\/www.hsu-hh.de\/tim\/wp-content\/uploads\/sites\/563\/2017\/11\/BMVG_Logo.svg_-1024x528.png 1024w\" sizes=\"auto, (max-width: 300px) 100vw, 300px\" \/><\/a><\/p>\n<p>&nbsp;<\/p>\n<h3>Ansprechpartner:<\/h3>\n<p><a href=\"https:\/\/www.hsu-hh.de\/tim\/team\/andresen\"><strong><img loading=\"lazy\" decoding=\"async\" class=\"size-thumbnail wp-image-857 alignleft\" src=\"https:\/\/www.hsu-hh.de\/tim\/wp-content\/uploads\/sites\/563\/2018\/04\/Florian-Andresen-768x1024-150x150.jpg\" alt=\"f andresen\" width=\"150\" height=\"150\" srcset=\"https:\/\/www.hsu-hh.de\/tim\/wp-content\/uploads\/sites\/563\/2018\/04\/Florian-Andresen-768x1024-150x150.jpg 150w, https:\/\/www.hsu-hh.de\/tim\/wp-content\/uploads\/sites\/563\/2018\/04\/Florian-Andresen-768x1024-100x100.jpg 100w\" sizes=\"auto, (max-width: 150px) 100vw, 150px\" \/><\/strong><\/a><abbr title=\"Diplom\">Dipl.<\/abbr>&#8211; Volksw. <a href=\"https:\/\/www.hsu-hh.de\/tim\/team\/andresen\">Florian Andresen<\/a><\/p>\n<p>&nbsp;<\/p>\n<p>&nbsp;<\/p>\n<p>&nbsp;<\/p>\n<p>&nbsp;<\/p>\n<p><a href=\"https:\/\/www.hsu-hh.de\/tim\/kreutzmann\"><img loading=\"lazy\" decoding=\"async\" class=\"size-thumbnail wp-image-169 alignleft\" src=\"https:\/\/www.hsu-hh.de\/tim\/wp-content\/uploads\/sites\/563\/2017\/11\/Andr\u00e9-Kreutzmann_Tm-1-e1510238534832-150x150.jpg\" alt=\"Andr\u00e9 Kreutzmann\" width=\"150\" height=\"150\" \/><\/a><abbr title=\"Diplom\">Dipl.<\/abbr> -Volksw. <a href=\"https:\/\/www.hsu-hh.de\/tim\/kreutzmann\">Andr\u00e9 Kreutzmann<\/a><\/p>\n<p>(Ehemaliger Mitarbeiter)<\/p>\n<p>&nbsp;<\/p>\n<p>&nbsp;<\/p>\n<p>&nbsp;<\/p>\n<p><a href=\"https:\/\/www.hsu-hh.de\/tim\/team\/schulte\/\"><img loading=\"lazy\" decoding=\"async\" class=\"size-thumbnail wp-image-170 alignleft\" src=\"https:\/\/www.hsu-hh.de\/tim\/wp-content\/uploads\/sites\/563\/2017\/11\/Benjamin-Schulte-e1511518545819-150x150.jpg\" alt=\"Benjamin Schulte\" width=\"150\" height=\"150\" \/><\/a><\/p>\n<p><a href=\"https:\/\/www.hsu-hh.de\/tim\/team\/schulte\/\">Benjamin Schulte<\/a>, <abbr title=\"Master of Science\">M.Sc.<\/abbr><\/p>\n<p>&nbsp;<\/p>\n<p>&nbsp;<\/p>\n<p>&nbsp;<\/p>\n<p>&nbsp;<\/p>\n","protected":false},"excerpt":{"rendered":"<p>Communities in der Bundeswehr:\u00a0 ComBw Eric v. Hippel und andere haben gezeigt, dass in einer Vielzahl von F\u00e4llen die Anwender bzw. Nutzer eines Produktes die Quelle f\u00fcr folgende innovative Ideen [&hellip;]<\/p>\n","protected":false},"author":165,"featured_media":0,"parent":235,"menu_order":0,"comment_status":"closed","ping_status":"closed","template":"","meta":{"footnotes":""},"categories":[4],"tags":[58,60],"class_list":["post-313","page","type-page","status-publish","hentry","category-forschung","tag-forschung","tag-projekte"],"_links":{"self":[{"href":"https:\/\/www.hsu-hh.de\/tim\/wp-json\/wp\/v2\/pages\/313","targetHints":{"allow":["GET"]}}],"collection":[{"href":"https:\/\/www.hsu-hh.de\/tim\/wp-json\/wp\/v2\/pages"}],"about":[{"href":"https:\/\/www.hsu-hh.de\/tim\/wp-json\/wp\/v2\/types\/page"}],"author":[{"embeddable":true,"href":"https:\/\/www.hsu-hh.de\/tim\/wp-json\/wp\/v2\/users\/165"}],"replies":[{"embeddable":true,"href":"https:\/\/www.hsu-hh.de\/tim\/wp-json\/wp\/v2\/comments?post=313"}],"version-history":[{"count":9,"href":"https:\/\/www.hsu-hh.de\/tim\/wp-json\/wp\/v2\/pages\/313\/revisions"}],"predecessor-version":[{"id":856,"href":"https:\/\/www.hsu-hh.de\/tim\/wp-json\/wp\/v2\/pages\/313\/revisions\/856"}],"up":[{"embeddable":true,"href":"https:\/\/www.hsu-hh.de\/tim\/wp-json\/wp\/v2\/pages\/235"}],"wp:attachment":[{"href":"https:\/\/www.hsu-hh.de\/tim\/wp-json\/wp\/v2\/media?parent=313"}],"wp:term":[{"taxonomy":"category","embeddable":true,"href":"https:\/\/www.hsu-hh.de\/tim\/wp-json\/wp\/v2\/categories?post=313"},{"taxonomy":"post_tag","embeddable":true,"href":"https:\/\/www.hsu-hh.de\/tim\/wp-json\/wp\/v2\/tags?post=313"}],"curies":[{"name":"wp","href":"https:\/\/api.w.org\/{rel}","templated":true}]}}