{"id":311,"date":"2017-11-10T13:29:36","date_gmt":"2017-11-10T12:29:36","guid":{"rendered":"https:\/\/www.hsu-hh.de\/tim\/?page_id=311"},"modified":"2018-04-15T14:41:03","modified_gmt":"2018-04-15T12:41:03","slug":"foresight","status":"publish","type":"page","link":"https:\/\/www.hsu-hh.de\/tim\/forschung\/projekte\/foresight","title":{"rendered":"Open Foresight"},"content":{"rendered":"<h3>Open Foresight zur strategischen Sicherstellung der Innovationsf\u00e4higkeit von KMU<\/h3>\n<p>Eine der gr\u00f6\u00dften Herausforderungen f\u00fcr Technologieunternehmen ist es, schnell auf technologische Ver\u00e4nderungen und Wettbewerbstrends zu reagieren: Die Beschleunigung des wissenschaftlichen Fortschritts, die Verk\u00fcrzung von Produktlebenszyklen, die Vernetzung zwischen bisher unabh\u00e4ngigen Branchen und innovative Technologie-L\u00f6sungen kennzeichnen die moderne Gesch\u00e4ftswelt. Um sich diesen st\u00e4ndig wechselnden Bedingungen anzupassen, m\u00fcssen Unternehmen in der Lage sein, Ver\u00e4nderungen fr\u00fchzeitig zu erkennen und auf diese zu reagieren.<\/p>\n<p><strong>Was ist Open Foresight?<\/strong><br \/>\nDas Vorausschauen in die Zukunft (Foresight) unter Ber\u00fccksichtigung verschiedener Innovationsquellen wird daher zur essentiellen Herausforderung, er\u00f6ffnet zugleich aber auch viele M\u00f6glichkeiten zur Wertgenerierung. Besonderes Potenzial birgt die \u00d6ffnung des Foresight-Prozesses, um externe Quellen und ihr vielf\u00e4ltiges Wissen (<abbr title=\"zum Beispiel\">z.B.<\/abbr> Lieferanten, Nutzer oder Communities) integrieren zu k\u00f6nnen. Genau dies ist die Idee des Open Foresight.<\/p>\n<p><strong>Welchen konkreten Nutzen bringt Open Foresight?<\/strong><br \/>\nTeilnehmer am Open Foresight-Projekt haben die Chance, vom vielf\u00e4ltigen und sich erg\u00e4nzenden Wissen unterschiedlichster Unternehmensvertreter aus dem Cluster zu profitieren und gemeinsam einen Foresight-Prozess durchzuf\u00fchren und zu etablieren.\u00a0Das Ziel ist dabei das fr\u00fchzeitige Erkennen relevanter Ver\u00e4nderungen. Dadurch k\u00f6nnen strategische Reaktionsmuster abgeleitet werden, die das \u201eR\u00fcstzeug\u201c zum Schutz der eigenen Wettbewerbsf\u00e4higkeit darstellen. M\u00f6glich sind <abbr title=\"zum Beispiel\">z.B.<\/abbr> die Minderung finanzieller Risiken, eine effizientere Ressourcenallokation, die Antizipation neuer Kundenanforderungen und die Entwicklung ma\u00dfgeschneiderter Produktl\u00f6sungen.<\/p>\n<p>Dar\u00fcber hinaus kann in der Gruppe \u00fcber die aktive Gestaltung des Zukunftsmarktes beraten werden, <abbr title=\"zum Beispiel\">z.B.<\/abbr> durch Anregung neuer Partnerschaften oder in gemeinsamen Projekten.<\/p>\n<p><strong>Wie verl\u00e4uft das Projekt und welche Ziele werden verfolgt?<\/strong><br \/>\nDas Forschungsprojekt wird gef\u00f6rdert von der Hamburger Beh\u00f6rde f\u00fcr Wissenschaft und Forschung und findet in Kooperation mit der Universit\u00e4t Hamburg, der Technischen Universit\u00e4t Hamburg-Harburg sowie der Hyve AG statt.<\/p>\n<p>Vorrangige Forschungsfragen des Projektverbundes sind: (1) Wie wird ein kollektiver Foresight-Prozess effizient und effektiv organisiert, (2) wie k\u00f6nnen unterschiedlichste externe Informationstr\u00e4ger f\u00fcr Open Foresight gewonnen und integriert werden und (3) welche Potenziale sind sowohl f\u00fcr das beteiligte Einzelunternehmen als auch f\u00fcr die Entstehung neuer kollektiver Foresight-Projekte nutzbar?<\/p>\n<p><strong>Weitere Informationen finden Sie auch in unserem Flyer:<\/strong><\/p>\n<p>&nbsp;<\/p>\n<div class=\"col-xs-12 downloads-item\">\n<div class=\"row border-line\">\n<div class=\"thumbnail-area\"><img loading=\"lazy\" decoding=\"async\" class=\"wp-image-510 aligncenter\" src=\"https:\/\/www.hsu-hh.de\/tim\/wp-content\/uploads\/sites\/563\/2017\/11\/Open-foresight_logo1.jpg\" alt=\"Open Foresight\" width=\"92\" height=\"122\" srcset=\"https:\/\/www.hsu-hh.de\/tim\/wp-content\/uploads\/sites\/563\/2017\/11\/Open-foresight_logo1.jpg 782w, https:\/\/www.hsu-hh.de\/tim\/wp-content\/uploads\/sites\/563\/2017\/11\/Open-foresight_logo1-225x300.jpg 225w, https:\/\/www.hsu-hh.de\/tim\/wp-content\/uploads\/sites\/563\/2017\/11\/Open-foresight_logo1-768x1024.jpg 768w\" sizes=\"auto, (max-width: 92px) 100vw, 92px\" \/><\/div>\n<div class=\"text-area\"><\/div>\n<div class=\"download-area\"><a class=\"download-link\" href=\"https:\/\/www.hsu-hh.de\/tim\/wp-content\/uploads\/sites\/563\/2017\/11\/Open-foresight_tim-flyer__150723.pdf\"><span class=\"download-name\">pdf laden<\/span><span class=\"donwload-icon\"><img decoding=\"async\" class=\"download-icon\" src=\"\/wp-content\/themes\/hsu\/img\/icons\/download_icon.png\" alt=\"download icon\" \/><\/span><span class=\"download-size\">2 MB<\/span><\/a><\/div>\n<\/div>\n<\/div>\n<p>&nbsp;<\/p>\n<p><strong>F\u00f6rdergeber:<\/strong><\/p>\n<p><a href=\"http:\/\/www.hamburg.de\/bwfg\/landesforschungsfoerderung-hamburg\/\" target=\"_blank\" rel=\"noopener\"><img loading=\"lazy\" decoding=\"async\" class=\"size-full wp-image-530 alignleft\" src=\"https:\/\/www.hsu-hh.de\/tim\/wp-content\/uploads\/sites\/563\/2017\/11\/Landesforschungsf\u00f6rderung-HH.png\" alt=\"Landesforschungsf\u00f6rderung HH\" width=\"406\" height=\"132\" srcset=\"https:\/\/www.hsu-hh.de\/tim\/wp-content\/uploads\/sites\/563\/2017\/11\/Landesforschungsf\u00f6rderung-HH.png 406w, https:\/\/www.hsu-hh.de\/tim\/wp-content\/uploads\/sites\/563\/2017\/11\/Landesforschungsf\u00f6rderung-HH-300x98.png 300w\" sizes=\"auto, (max-width: 406px) 100vw, 406px\" \/><\/a><\/p>\n<p>&nbsp;<\/p>\n<p>&nbsp;<\/p>\n<p>&nbsp;<\/p>\n<p>&nbsp;<\/p>\n<p>&nbsp;<\/p>\n<p><strong>Partner:<\/strong><\/p>\n<div class=\"content-block3\">\n<p><a href=\"https:\/\/cgi.tu-harburg.de\/~timab\/tim\/de\" target=\"_blank\" rel=\"noopener\"><img loading=\"lazy\" decoding=\"async\" class=\"size-full wp-image-532 aligncenter\" src=\"https:\/\/www.hsu-hh.de\/tim\/wp-content\/uploads\/sites\/563\/2017\/11\/tim_signet_d_cmyk-e1511529079389.jpg\" alt=\"Logo TI TUHH\" width=\"300\" height=\"100\" \/><\/a><\/p>\n<\/div>\n<div class=\"content-block3\">\n<p><a href=\"https:\/\/www.wiso.uni-hamburg.de\/fachbereich-sozoek\/professuren\/spaeth\" target=\"_blank\" rel=\"noopener\"><img loading=\"lazy\" decoding=\"async\" class=\"size-full wp-image-533 aligncenter\" src=\"https:\/\/www.hsu-hh.de\/tim\/wp-content\/uploads\/sites\/563\/2017\/11\/UHH-Logo_2010_RGB_web.png\" alt=\"UHH-Logo\" width=\"300\" height=\"97\" \/><\/a><\/p>\n<\/div>\n<div class=\"content-block3\">\n<p><a href=\"https:\/\/www.hyve.net\/en\/\" target=\"_blank\" rel=\"noopener\"><img loading=\"lazy\" decoding=\"async\" class=\"size-full wp-image-534 aligncenter\" src=\"https:\/\/www.hsu-hh.de\/tim\/wp-content\/uploads\/sites\/563\/2017\/11\/HYVE-Logo-300x143-e1511529196291.png\" alt=\"HYVE-Logo\" width=\"252\" height=\"120\" \/><\/a><\/p>\n<\/div>\n<p>&nbsp;<\/p>\n<p><strong>Ansprechpartner:<\/strong><\/p>\n<p><img loading=\"lazy\" decoding=\"async\" class=\"size-thumbnail wp-image-183 alignleft\" src=\"https:\/\/www.hsu-hh.de\/tim\/wp-content\/uploads\/sites\/563\/2017\/11\/Reimo-Jahn-e1510238150566-150x150.jpg\" alt=\"Reimo Jahn\" width=\"150\" height=\"150\" \/><a href=\"https:\/\/www.hsu-hh.de\/tim\/team\/jahn\">Reimo Jahn<\/a>, <abbr title=\"Master of Science\">M.Sc.<\/abbr><\/p>\n<p>&nbsp;<\/p>\n<p>&nbsp;<\/p>\n<p>&nbsp;<\/p>\n<p>&nbsp;<\/p>\n<p><img loading=\"lazy\" decoding=\"async\" class=\"size-thumbnail wp-image-182 alignleft\" src=\"https:\/\/www.hsu-hh.de\/tim\/wp-content\/uploads\/sites\/563\/2017\/11\/Michael-Zeng-e1510239169346-150x150.jpg\" alt=\"Michael Zeng\" width=\"150\" height=\"150\" \/><a href=\"https:\/\/www.hsu-hh.de\/tim\/team\/zeng\">Michael Zeng<\/a>, <abbr title=\"Master of Science\">M.Sc.<\/abbr><\/p>\n","protected":false},"excerpt":{"rendered":"<p>Open Foresight zur strategischen Sicherstellung der Innovationsf\u00e4higkeit von KMU Eine der gr\u00f6\u00dften Herausforderungen f\u00fcr Technologieunternehmen ist es, schnell auf technologische Ver\u00e4nderungen und Wettbewerbstrends zu reagieren: Die Beschleunigung des wissenschaftlichen Fortschritts, [&hellip;]<\/p>\n","protected":false},"author":165,"featured_media":0,"parent":235,"menu_order":0,"comment_status":"closed","ping_status":"closed","template":"","meta":{"footnotes":""},"categories":[4],"tags":[58,60],"class_list":["post-311","page","type-page","status-publish","hentry","category-forschung","tag-forschung","tag-projekte"],"_links":{"self":[{"href":"https:\/\/www.hsu-hh.de\/tim\/wp-json\/wp\/v2\/pages\/311","targetHints":{"allow":["GET"]}}],"collection":[{"href":"https:\/\/www.hsu-hh.de\/tim\/wp-json\/wp\/v2\/pages"}],"about":[{"href":"https:\/\/www.hsu-hh.de\/tim\/wp-json\/wp\/v2\/types\/page"}],"author":[{"embeddable":true,"href":"https:\/\/www.hsu-hh.de\/tim\/wp-json\/wp\/v2\/users\/165"}],"replies":[{"embeddable":true,"href":"https:\/\/www.hsu-hh.de\/tim\/wp-json\/wp\/v2\/comments?post=311"}],"version-history":[{"count":9,"href":"https:\/\/www.hsu-hh.de\/tim\/wp-json\/wp\/v2\/pages\/311\/revisions"}],"predecessor-version":[{"id":838,"href":"https:\/\/www.hsu-hh.de\/tim\/wp-json\/wp\/v2\/pages\/311\/revisions\/838"}],"up":[{"embeddable":true,"href":"https:\/\/www.hsu-hh.de\/tim\/wp-json\/wp\/v2\/pages\/235"}],"wp:attachment":[{"href":"https:\/\/www.hsu-hh.de\/tim\/wp-json\/wp\/v2\/media?parent=311"}],"wp:term":[{"taxonomy":"category","embeddable":true,"href":"https:\/\/www.hsu-hh.de\/tim\/wp-json\/wp\/v2\/categories?post=311"},{"taxonomy":"post_tag","embeddable":true,"href":"https:\/\/www.hsu-hh.de\/tim\/wp-json\/wp\/v2\/tags?post=311"}],"curies":[{"name":"wp","href":"https:\/\/api.w.org\/{rel}","templated":true}]}}