{"id":241,"date":"2017-11-09T17:48:34","date_gmt":"2017-11-09T16:48:34","guid":{"rendered":"https:\/\/www.hsu-hh.de\/tim\/?page_id=241"},"modified":"2023-04-27T10:55:59","modified_gmt":"2023-04-27T08:55:59","slug":"master","status":"publish","type":"page","link":"https:\/\/www.hsu-hh.de\/tim\/lehre\/master","title":{"rendered":"Master"},"content":{"rendered":"<h3>Auf dieser Seite bekommen Sie eine \u00dcbersicht, welche Module am TIM Lehrstuhl im Master angeboten werden.<\/h3>\n<p><img loading=\"lazy\" decoding=\"async\" class=\"alignnone size-full wp-image-328\" src=\"https:\/\/www.hsu-hh.de\/tim\/wp-content\/uploads\/sites\/563\/2017\/11\/Veranstaltungen-Master.png\" alt=\"Veranstaltungen Master\" width=\"1800\" height=\"600\" srcset=\"https:\/\/www.hsu-hh.de\/tim\/wp-content\/uploads\/sites\/563\/2017\/11\/Veranstaltungen-Master.png 1800w, https:\/\/www.hsu-hh.de\/tim\/wp-content\/uploads\/sites\/563\/2017\/11\/Veranstaltungen-Master-300x100.png 300w, https:\/\/www.hsu-hh.de\/tim\/wp-content\/uploads\/sites\/563\/2017\/11\/Veranstaltungen-Master-768x256.png 768w, https:\/\/www.hsu-hh.de\/tim\/wp-content\/uploads\/sites\/563\/2017\/11\/Veranstaltungen-Master-1024x341.png 1024w\" sizes=\"auto, (max-width: 1800px) 100vw, 1800px\" \/><\/p>\n<p>Der Master bietet eine Vielzahl an Modulen und stellt somit die optimale Vertiefung des vorhergehenden Grundlagenstudium im Bachelor. Die TIM Professur beteiligt sich mit folgenden Modulen an der Ausformulierung des Vertiefungsstudiums:<\/p>\n<h3>Technologie- und Innovationsmanagement (TIM) 1 &#8211; Entwicklung, Bewertung und Konkretisierung von TI-strategien<\/h3>\n<ol>\n<li>Technologiemanagement und Wettbewerbsstrategie<br \/>\n&#8211; Unternehmertum, Austrianismus und Technologiemanagement &#8211; \u00fcber die m\u00f6glichen Grundlagen unternehmerischer Existenz<br \/>\n&#8211; Technologiemanagement als m\u00f6gliche Basis f\u00fcr den existentiellen Informationsvorsprung<br \/>\n&#8212;- Grundbegriffe und Wesen des Technologiemanagement<br \/>\n&#8212;- Von der Technologiebeobachtung bis zur Technologienutzung &#8211; der weite Aufgabenbereich des Technologiemanagement<br \/>\n&#8212;- Produkt-, Produktions- und Infrastrukturtechnologie &#8211; das weite Spektrum des Technologiemanagements<br \/>\n&#8212;- Technologiemanagement &#8211; FuE-Management &#8211; Innovationsmanagement<br \/>\n&#8211; Technologiemanagement &#8211; Basis oder Mittel der Wettbewerbsstrategie?<br \/>\n&#8211; Die Bedeutung des Technologiemanagement vor dem Hintergrund der aktuellen Situation vieler Industrieunternehmen in einem Hochlohnland<\/li>\n<li>Entwicklung und Bewertung von Technologiestrategien<br \/>\n&#8211; Technologiebezogene Umwelt-, Branchen- und Unternehmensanalyse als Basis jeglicher Technologieplanung<br \/>\n&#8211; Lebenszyklus-Modell, Technologie-Lebenszyklus, S-Kurven-Modell und die Begr\u00fcndung f\u00fcr eine separate Technologieplanung<br \/>\n&#8211; Zusammenfassende Darstellung im Technologie-Portfolio von Pfeiffer<br \/>\n&#8211; Integration von Markt- und Technologieportfolio<br \/>\n&#8211; Erweiterungen der Portfolio-Betrachtung durch Michel, Specht et al.<br \/>\n&#8211; Strategische Technologieplanung und Technologiemanagement aus der Sicht des &#8222;Resource Based View&#8220;<\/li>\n<li>Methoden zur gezielten &#8222;Technologiefr\u00fchaufkl\u00e4rung&#8220;<br \/>\n&#8211; Informationsquellen f\u00fcr technologische Entwicklungen &#8211; ein Thema verkannter Vielseitigkeit<br \/>\n&#8211; Traditionelle Ans\u00e4tze des Monitoring<br \/>\n&#8211; M\u00f6glichkeiten zu einem effizienten Scanning<br \/>\n&#8211; Ber\u00fccksichtigung unsicherer Zukunftserwartungen in Anbetracht einer turbulenten Umwelt<\/li>\n<li>Konkretisierung der Technologiestrategien bez\u00fcglich Produkt-, Produktions-, und Infrastrukturtechnologie<br \/>\n&#8211; Konkretisierung des Innovationstiming &#8211; First or Follower<br \/>\n&#8211; Konkretisierung des technologischen Leistungsniveaus<br \/>\n&#8211; Konkretisierung der Technologiequelle &#8211; eine Frage des Make or Buy<br \/>\n&#8211; Gewerbliche Schutzrechte und Patentierungsstrategien<br \/>\n&#8211; Konkretisierung weiterer M\u00f6glichkeiten zur Technologieverwertung<\/li>\n<\/ol>\n<p>Literatur:<br \/>\nAlbers, S\u00f6nke; Gassmann, Oliver (<abbr title=\"Herausgeber\">Hrsg.<\/abbr>): Handbuch Technologie- und Innovationsmanagement, Wiesbaden 2005.<br \/>\nBoutellier, Roman; Gassmann, Oliver; Zedtwitz, Maximilian v..: Managing Global Innovation, Berlin 2008.<br \/>\nBrockhoff, Klaus: Forschung und Entwicklung, 5. <abbr title=\"Auflage\">Aufl.<\/abbr>, M\u00fcnchen 1999.<br \/>\nCorsten, Hans; G\u00f6ssinger, Ralf; Schneider, Herfried: Grundlagen des Innovationsmanagements, M\u00fcnchen 2006.<br \/>\nErnst, Holger: Patentinformationen f\u00fcr die strategische Planung von Forschung und Entwicklung, Wiesbaden 1996.<br \/>\nGassmann, Oliver; Bader, Martin A.: Patentmanagement, 2. <abbr title=\"Auflage\">Aufl.<\/abbr> Berlin 2007.<br \/>\nGerpott, Torsten J.: Strategisches Technologiemanagement und Innovationsmanagement, 2. <abbr title=\"Auflage\">Aufl.<\/abbr>, Stuttgart 2005.<br \/>\nGerybadze, Alexander: Technologie- und Innovationsmanagement, M\u00fcnchen 2004.<br \/>\nHammer, Richard M.: Strategische Planung und Fr\u00fchaufkl\u00e4rung, 3. <abbr title=\"Auflage\">Aufl.<\/abbr>, M\u00fcnchen 1998.<br \/>\nHauschildt, J\u00fcrgen; Salomo, S\u00f6ren: Innovationsmanagement, 5. <abbr title=\"Auflage\">Aufl.<\/abbr>, M\u00fcnchen 2010.<br \/>\nKupsch, Peter U.; Marr, Rainer; Picot, Arnold: Innovationswirtschaft. In Heinen, Edmund: (<abbr title=\"Herausgeber\">Hrsg.<\/abbr>): Industriebetriebslehre, 9. <abbr title=\"Auflage\">Aufl.<\/abbr>, Wiesbaden 1991, S. 1069 &#8211; 1156.<br \/>\nSpecht, G\u00fcnther; Beckmann, Christoph; Amelingmeyer, Jenny: FuE-Management, 3. <abbr title=\"Auflage\">Aufl.<\/abbr>,Stuttgart 2010.<br \/>\nTschirky, Hugo; Koruna, Stefan (<abbr title=\"Herausgeber\">Hrsg.<\/abbr>): Technologiemanagement, Z\u00fcrich 1998.<br \/>\nWolfrum, Bernd: Strategisches Technologiemanagement, 2. <abbr title=\"Auflage\">Aufl.<\/abbr>, Wiesbaden 1994.<br \/>\nZahn, Erich (<abbr title=\"Herausgeber\">Hrsg.<\/abbr>): Handbuch Technologiemanagement, Stuttgart 1995.<\/p>\n<h3>Technologie- und Innovationsmanagement (TIM) 2 &#8211; Organisation und Controlling als Instrumente des Technologiemanagements<\/h3>\n<ol>\n<li>Ausgangssituation: Das Industrieunternehmen als international verteiltes Netz autonomer Organisationseinheiten und kooperierender Partnerunternehmen<\/li>\n<li>Technologiemanagement und Wissensaustausch im modularen Unternehmen<br \/>\n&#8211; Die institutionelle Verankerung der Forschung &amp; Entwicklung zwischen Divisionsorientierung und Funktionenorientierung<br \/>\n&#8211; Einbindung des Technologiemanagement in die modulare Organisation: Corporate Function, Service Center oder Aufgabe der operativen Module?<br \/>\n&#8211; Spannungsfelder des Wissensaustausches in einem modularen Unternehmen<br \/>\n&#8211; Projektorganisation und Kollegien als Normalfall tempor\u00e4rer Institutionen des Technologiemanagement<\/li>\n<li>Die Organisation der Forschung &amp; Entwicklung als eine zentralisierte Institution des TM<br \/>\n&#8211; Die interne Strukturierung der Forschung &amp; Entwicklung<br \/>\n&#8211; M\u00f6glichkeiten der Standardisierung<br \/>\n&#8211; Gestaltung des Informations- und Kommunikationssystems in diesem wissensintensiven Bereich<br \/>\n&#8211; Organisationskultur und F\u00fchrungsstil &#8211; nirgends so wichtig wie in der FuE<br \/>\n&#8211; Zur Internationalisierung der FuE<\/li>\n<li>Ausgestaltung und Kooperationsbeziehungen im Bereich des TM<br \/>\n&#8211; Der VDI-Leitfaden zum Management von Innovationsnetzwerken<br \/>\n&#8211; Partnerwahl und Zielfindung in Innovationsnetzwerken<br \/>\n&#8211; Vertragsgestaltung und die Verteilung von Aufwand und ertrag in der Entwicklungsphase<br \/>\n&#8211; Organisation und Institutionalisierung des Netzwerkmanagements<br \/>\n&#8211; Besonderheiten in der Phase der Realisation und des Wandels<br \/>\n&#8211; Bewertung von Unternehmensnetzwerken<\/li>\n<li>Zum Grundverst\u00e4ndnis des Controlling als Instrument des TM<br \/>\n&#8211; Aufgaben des Controlling im Bereich des Technologiemanagement<br \/>\n&#8211; M\u00f6glichkeiten des Controlling und der Aufgabenverteilung aus SIcht der Principal-Agent-Theorie<br \/>\n&#8211; \u00dcber die &#8222;Abbildung der Realit\u00e4t&#8220; und den Einfluss dieser Abbildung auf die Realit\u00e4t<\/li>\n<li>Technologiebezogenes Controlling in modularen Unternehmen<\/li>\n<li>F\u00fchrung technologieorientierter Unternehmen &#8211; der Versuch einer &#8222;erweiternden Zusammenfassung&#8220;<\/li>\n<\/ol>\n<p>Literatur:<br \/>\nAlbers, S\u00f6nke; Gassmann, Oliver (<abbr title=\"Herausgeber\">Hrsg.<\/abbr>): Handbuch Technologie- und Innovationsmanagement, Wiesbaden 2005.<br \/>\nBoutellier, Roman; Gassmann, Oliver; Zedtwitz, Maximilian v..: Managing Global Innovation, Berlin 2008.<br \/>\nBrockhoff, Klaus: Forschung und Entwicklung, 5. <abbr title=\"Auflage\">Aufl.<\/abbr>, M\u00fcnchen 1999.<br \/>\nCorsten, Hans; G\u00f6ssinger, Ralf; Schneider, Herfried: Grundlagen des Innovationsmanagements, M\u00fcnchen 2006.<br \/>\nErnst, Holger: Patentinformationen f\u00fcr die strategische Planung von Forschung und Entwicklung, Wiesbaden 1996.<br \/>\nGassmann, Oliver; Bader, Martin A.: Patentmanagement, 2. <abbr title=\"Auflage\">Aufl.<\/abbr> Berlin 2007.<br \/>\nGerpott, Torsten J.: Strategisches Technologiemanagement und Innovationsmanagement, 2. <abbr title=\"Auflage\">Aufl.<\/abbr>, Stuttgart 2005.<br \/>\nGerybadze, Alexander: Technologie- und Innovationsmanagement, M\u00fcnchen 2004.<br \/>\nHammer, Richard M.: Strategische Planung und Fr\u00fchaufkl\u00e4rung, 3. <abbr title=\"Auflage\">Aufl.<\/abbr>, M\u00fcnchen 1998.<br \/>\nHauschildt, J\u00fcrgen; Salomo, S\u00f6ren: Innovationsmanagement, 5. <abbr title=\"Auflage\">Aufl.<\/abbr>, M\u00fcnchen 2010.<br \/>\nKupsch, Peter U.; Marr, Rainer; Picot, Arnold: Innovationswirtschaft. In Heinen, Edmund: (<abbr title=\"Herausgeber\">Hrsg.<\/abbr>): Industriebetriebslehre, 9. <abbr title=\"Auflage\">Aufl.<\/abbr>, Wiesbaden 1991, S. 1069 &#8211; 1156.<br \/>\nSpecht, G\u00fcnther; Beckmann, Christoph; Amelingmeyer, Jenny: FuE-Management, 3. <abbr title=\"Auflage\">Aufl.<\/abbr>,Stuttgart 2010.<br \/>\nTschirky, Hugo; Koruna, Stefan (<abbr title=\"Herausgeber\">Hrsg.<\/abbr>): Technologiemanagement, Z\u00fcrich 1998.<br \/>\nWolfrum, Bernd: Strategisches Technologiemanagement, 2. <abbr title=\"Auflage\">Aufl.<\/abbr>, Wiesbaden 1994.<br \/>\nZahn, Erich (<abbr title=\"Herausgeber\">Hrsg.<\/abbr>): Handbuch Technologiemanagement, Stuttgart 1995.<\/p>\n<h3>Technologie- und Innovationsmanagement (TIM) 3 &#8211; Innovationsmanagement<\/h3>\n<ol>\n<li>Invention &#8211; Innovation &#8211; Innovationsprozess &#8211; Innovationsmanagement: begriffliche Grundlage<\/li>\n<li>Neue und alte Quellen f\u00fcr Innovationsideen &#8211; auf dem Weg zur Open Innovation<\/li>\n<li>Bewertung von Innovationsprojekten<br \/>\n&#8211; Discounted Cash-flow und das zugrunde liegende Planungsmodell<br \/>\n&#8211; Die K\u00fcr: Abbildung der Unsicherheit eines Investitionsvorhabens<br \/>\n&#8211; Erg\u00e4nzende Indikatoren und ihre ganzheitliche Ber\u00fccksichtigung<br \/>\n&#8211; Risikomanagement bei Innovationsprojekten?<\/li>\n<li>Etablierung und Verankerung des Innovationsprojektes in der Prim\u00e4rorganisation<br \/>\n&#8211; Spezifika von Projektaufgaben und Projektteams<br \/>\n&#8211; Anforderungen an den Projektleiter als &#8222;Process Owner&#8220;<br \/>\n&#8211; Fach- und Machtpromotoren, Proze\u00df- und Beziehungspromotoren als Erfolgsvoraussetzung<br \/>\n&#8211; Grundprinzipien der F\u00fchrung von Projektteams<\/li>\n<li>Methoden f\u00fcr ein zielorientiertes Management von Innovationsprojekten<br \/>\n&#8211; Projektstruktur- und -ablaufplanung als typische Schritte des Projektmanagement<br \/>\n&#8211; Stage-Gate-Prozess<br \/>\n&#8211; Methoden der Projektsteuerung und -kontrolle<br \/>\n&#8212;- Methoden der Zeitsteuerung und -kontrolle<br \/>\n&#8212;- Methoden der Kostensteuerung und -kontrolle<br \/>\n&#8211; Aufgabenabh\u00e4ngige Nutzung von Controllinginformationen<\/li>\n<\/ol>\n<p>Literatur:<br \/>\nAlbers, S\u00f6nke; Gassmann, Oliver (<abbr title=\"Herausgeber\">Hrsg.<\/abbr>): Handbuch Technologie- und Innovationsmanagement, Wiesbaden 2005.<br \/>\nBoutellier, Roman; Gassmann, Oliver; Zedtwitz, Maximilian v..: Managing Global Innovation, Berlin 2008.<br \/>\nBrockhoff, Klaus: Forschung und Entwicklung, 5. <abbr title=\"Auflage\">Aufl.<\/abbr>, M\u00fcnchen 1999.<br \/>\nCorsten, Hans; G\u00f6ssinger, Ralf; Schneider, Herfried: Grundlagen des Innovationsmanagements, M\u00fcnchen 2006.<br \/>\nErnst, Holger: Patentinformationen f\u00fcr die strategische Planung von Forschung und Entwicklung, Wiesbaden 1996.<br \/>\nGassmann, Oliver; Bader, Martin A.: Patentmanagement, 2. <abbr title=\"Auflage\">Aufl.<\/abbr> Berlin 2007.<br \/>\nGerpott, Torsten J.: Strategisches Technologiemanagement und Innovationsmanagement, 2. <abbr title=\"Auflage\">Aufl.<\/abbr>, Stuttgart 2005.<br \/>\nGerybadze, Alexander: Technologie- und Innovationsmanagement, M\u00fcnchen 2004.<br \/>\nHammer, Richard M.: Strategische Planung und Fr\u00fchaufkl\u00e4rung, 3. <abbr title=\"Auflage\">Aufl.<\/abbr>, M\u00fcnchen 1998.<br \/>\nHauschildt, J\u00fcrgen; Salomo, S\u00f6ren: Innovationsmanagement, 5. <abbr title=\"Auflage\">Aufl.<\/abbr>, M\u00fcnchen 2010.<br \/>\nKupsch, Peter U.; Marr, Rainer; Picot, Arnold: Innovationswirtschaft. In Heinen, Edmund: (<abbr title=\"Herausgeber\">Hrsg.<\/abbr>): Industriebetriebslehre, 9. <abbr title=\"Auflage\">Aufl.<\/abbr>, Wiesbaden 1991, S. 1069 &#8211; 1156.<br \/>\nSpecht, G\u00fcnther; Beckmann, Christoph; Amelingmeyer, Jenny: FuE-Management, 3. <abbr title=\"Auflage\">Aufl.<\/abbr>,Stuttgart 2010.<br \/>\nTschirky, Hugo; Koruna, Stefan (<abbr title=\"Herausgeber\">Hrsg.<\/abbr>): Technologiemanagement, Z\u00fcrich 1998.<br \/>\nWolfrum, Bernd: Strategisches Technologiemanagement, 2. <abbr title=\"Auflage\">Aufl.<\/abbr>, Wiesbaden 1994.<br \/>\nZahn, Erich (<abbr title=\"Herausgeber\">Hrsg.<\/abbr>): Handbuch Technologiemanagement, Stuttgart 1995.<\/p>\n<h3>Seminar Innovations- und Netzwerkmanagement<\/h3>\n<p>Schwerpunkt des Seminars ist die Darstellung spezieller Aspekte des Technologie- und Innovationsmanagements. Hierzu fertigen die Studenten, die einen Seminarschein erwerben wollen, eine Hausarbeit zu einem der angebotenen Themen an und pr\u00e4sentieren deren Inhalt in einem Referat.<br \/>\nF\u00fcr die Referate sind Folien anzufertigen und f\u00fcr alle Beteiligten sollte ein Thesenpapier ausgeteilt werden.<\/p>\n<h3>Download \u00dcbernahmeformular Masterarbeit<\/h3>\n<div class=\"col-xs-12 downloads-item\">\n<div class=\"row border-line\">\n<div class=\"thumbnail-area\"><img decoding=\"async\" class=\"download-image\" src=\"\/wp-content\/themes\/hsu\/img\/dummy\/downloads_dummy.png\" alt=\"\" \/><\/div>\n<div class=\"text-area\"><\/div>\n<div class=\"download-area\"><a class=\"download-link\" href=\"https:\/\/www.hsu-hh.de\/tim\/wp-content\/uploads\/sites\/563\/2023\/04\/2023_MA_BWL_Uebernahmeformular_Koller_v2.0.pdf\"><span class=\"download-name\">pdf laden<\/span><span class=\"donwload-icon\"><img decoding=\"async\" class=\"download-icon\" src=\"\/wp-content\/themes\/hsu\/img\/icons\/download_icon.png\" alt=\"download icon\" \/><\/span><span class=\"download-size\">80 KB<\/span><\/a><\/div>\n<\/div>\n<\/div>\n","protected":false},"excerpt":{"rendered":"<p>Auf dieser Seite bekommen Sie eine \u00dcbersicht, welche Module am TIM Lehrstuhl im Master angeboten werden. Der Master bietet eine Vielzahl an Modulen und stellt somit die optimale Vertiefung des [&hellip;]<\/p>\n","protected":false},"author":165,"featured_media":0,"parent":134,"menu_order":0,"comment_status":"closed","ping_status":"closed","template":"","meta":{"footnotes":""},"categories":[50,6],"tags":[64,68],"class_list":["post-241","page","type-page","status-publish","hentry","category-in-arbeit","category-lehre","tag-lehre","tag-master"],"_links":{"self":[{"href":"https:\/\/www.hsu-hh.de\/tim\/wp-json\/wp\/v2\/pages\/241","targetHints":{"allow":["GET"]}}],"collection":[{"href":"https:\/\/www.hsu-hh.de\/tim\/wp-json\/wp\/v2\/pages"}],"about":[{"href":"https:\/\/www.hsu-hh.de\/tim\/wp-json\/wp\/v2\/types\/page"}],"author":[{"embeddable":true,"href":"https:\/\/www.hsu-hh.de\/tim\/wp-json\/wp\/v2\/users\/165"}],"replies":[{"embeddable":true,"href":"https:\/\/www.hsu-hh.de\/tim\/wp-json\/wp\/v2\/comments?post=241"}],"version-history":[{"count":10,"href":"https:\/\/www.hsu-hh.de\/tim\/wp-json\/wp\/v2\/pages\/241\/revisions"}],"predecessor-version":[{"id":1364,"href":"https:\/\/www.hsu-hh.de\/tim\/wp-json\/wp\/v2\/pages\/241\/revisions\/1364"}],"up":[{"embeddable":true,"href":"https:\/\/www.hsu-hh.de\/tim\/wp-json\/wp\/v2\/pages\/134"}],"wp:attachment":[{"href":"https:\/\/www.hsu-hh.de\/tim\/wp-json\/wp\/v2\/media?parent=241"}],"wp:term":[{"taxonomy":"category","embeddable":true,"href":"https:\/\/www.hsu-hh.de\/tim\/wp-json\/wp\/v2\/categories?post=241"},{"taxonomy":"post_tag","embeddable":true,"href":"https:\/\/www.hsu-hh.de\/tim\/wp-json\/wp\/v2\/tags?post=241"}],"curies":[{"name":"wp","href":"https:\/\/api.w.org\/{rel}","templated":true}]}}