{"id":157,"date":"2017-11-08T17:19:45","date_gmt":"2017-11-08T16:19:45","guid":{"rendered":"https:\/\/www.hsu-hh.de\/tim\/?page_id=157"},"modified":"2019-03-13T15:48:46","modified_gmt":"2019-03-13T14:48:46","slug":"koller","status":"publish","type":"page","link":"https:\/\/www.hsu-hh.de\/tim\/team\/koller","title":{"rendered":"Univ.- Prof. Dr. Hans Koller"},"content":{"rendered":"<p><img loading=\"lazy\" decoding=\"async\" class=\"alignleft wp-image-1122 size-medium\" src=\"https:\/\/www.hsu-hh.de\/tim\/wp-content\/uploads\/sites\/563\/2019\/03\/Koller_color-200x300.jpg\" alt=\"koller\" width=\"200\" height=\"300\" srcset=\"https:\/\/www.hsu-hh.de\/tim\/wp-content\/uploads\/sites\/563\/2019\/03\/Koller_color-200x300.jpg 200w, https:\/\/www.hsu-hh.de\/tim\/wp-content\/uploads\/sites\/563\/2019\/03\/Koller_color-768x1152.jpg 768w, https:\/\/www.hsu-hh.de\/tim\/wp-content\/uploads\/sites\/563\/2019\/03\/Koller_color-683x1024.jpg 683w\" sizes=\"auto, (max-width: 200px) 100vw, 200px\" \/><strong><br \/>\n<\/strong><\/p>\n<p><strong> Postanschrift:\u00a0<\/strong><\/p>\n<p>Helmut-Schmidt-Universit\u00e4t &#8211; Universit\u00e4t der Bundeswehr Hamburg<br \/>\nProfessur f\u00fcr Betriebswirtschaftslehre, insbesondere Technologie- und Innovationsmanagement<br \/>\nHolstenhofweg 85<br \/>\n22043 Hamburg<\/p>\n<p><strong>Raum: <\/strong>2224<br \/>\n<strong>Telefon:<\/strong> 040 \/ 6541-2850<br \/>\n<strong>E-Mail:<\/strong> <a href=\"mailto:koller@hsu-hh.de\" rel='nofollow'>koller@hsu-hh.de<br \/>\n<\/a><strong>Sprechstunde: <\/strong>Dienstags 17:30 &#8211; 18:30; sowie nach Vereinbarung<\/p>\n<p>&nbsp;<\/p>\n<p>&nbsp;<\/p>\n<p><strong>Vita:<br \/>\n<\/strong><strong>1979-1986<\/strong>\u00a0 Studium der <abbr title=\"Betriebswirtschaftslehre\">BWL<\/abbr> an der Ludwig-Maximilians-Universit\u00e4t M\u00fcnchen , Schwerpunkte: Industriebetriebslehre (Prof.Dr.<abbr title=\"Doktor\">Dr.<\/abbr> h.c.<abbr title=\"multiplex\">mult.<\/abbr> E. Heinen), Systemforschung (Prof.<abbr title=\"Doktor\">Dr.<\/abbr> F. Hanssmann), Privatrecht (Prof.<abbr title=\"Doktor\">Dr.<\/abbr> M. Lehmann)<\/p>\n<p><strong>1986-1988<\/strong>\u00a0 Drittmittelprojekt bei der Siemens AG, Hauptabteilung &#8222;Organisation und Automation&#8220; des Unternehmensbereiches Kommunikationstechnik in Kooperation mit Prof.Dr.Dr.h.c. A. Picot<\/p>\n<p><strong>1989-1998<\/strong>\u00a0 Wissenschaftlicher Mitarbeiter bei Prof.Dr.Dr.h.c. R. Reichwald am Lehrstuhl f\u00fcr Allgemeine und Industrielle <abbr title=\"Betriebswirtschaftslehre\">BWL<\/abbr> der Technischen Universit\u00e4t M\u00fcnchen<\/p>\n<p><strong>1993 <\/strong>Promotion zum Dr.oec. mit einer Dissertation \u00fcber die Standardisierung von Kommunikation,<br \/>\nThema:&#8220;Die Integration von Textverarbeitung und Datenverarbeitung aus betriebswirtschaftlicher Sicht &#8211; Eine theoretische und empirische Analyse des Bedarfs und seiner Determinanten&#8220;<\/p>\n<p><strong>1998-2000<\/strong> Vertreter der Professur f\u00fcr Allgemeine Betriebswirtschaftslehre, insbesondere Industriebetriebslehre und Technologiemanagement an der Helmut-Schmidt-Universit\u00e4t\/Universit\u00e4t der Bundeswehr Hamburg<\/p>\n<p><strong>ab 2000 <\/strong>Professor f\u00fcr Betriebswirtschaftslehre, insbesondere Technologie- und Innovationsmanagement (vormals Industriebetriebslehre und Technologiemanagement)<\/p>\n<p>&nbsp;<\/p>\n<p><strong><br \/>\nLehrauftr\u00e4ge<\/strong> (aktuelle &amp; vergangene)<strong>:<\/strong><\/p>\n<ul>\n<li><a href=\"https:\/\/www.hwi.uni-hamburg.de\/\" target=\"_blank\" rel=\"noopener noreferrer\">Universit\u00e4t Hamburg<\/a>, Hamburg<\/li>\n<li><a href=\"https:\/\/www.law-school.de\/deutsch\/\" target=\"_blank\" rel=\"noopener noreferrer\">Bucerius Law School f\u00fcr Betriebswirtschaftslehre<\/a>, Hamburg<\/li>\n<li><a href=\"https:\/\/www.the-klu.org\/\" target=\"_blank\" rel=\"noopener noreferrer\">K\u00fchne School of Logistics<\/a> f\u00fcr Technologiemanagement im Rahmen des MBA-Programms, Hamburg-Harburg<\/li>\n<li><a href=\"http:\/\/www.vwa-muenchen.de\/\" target=\"_blank\" rel=\"noopener noreferrer\">Verwaltungs- und Wirtschaftsakademie M\u00fcnchen<\/a>, M\u00fcnchen<\/li>\n<li><a href=\"http:\/\/tu-freiberg.de\/\" target=\"_blank\" rel=\"noopener noreferrer\">Technische Universit\u00e4t Bergakademie Freiberg<\/a>, Freiberg<\/li>\n<li><a href=\"http:\/\/www.hm.edu\/\" target=\"_blank\" rel=\"noopener noreferrer\">Fachhochschule M\u00fcnchen<\/a>, M\u00fcnchen<\/li>\n<li><a href=\"http:\/\/www.uni-muenchen.de\/index.html\" target=\"_blank\" rel=\"noopener noreferrer\">Ludwig-Maximilians-Universit\u00e4t M\u00fcnchen (LMU)<\/a>, M\u00fcnchen<\/li>\n<\/ul>\n<p>&nbsp;<\/p>\n<p><strong><br \/>\nMitgliedschaften:<\/strong><\/p>\n<ul>\n<li>Vorsitzender des Arbeitskreises &#8222;Innovationsmanagement&#8220;\u00a0der <a href=\"https:\/\/www.schmalenbach.org\/index.php\/arbeitskreise\/fertigungs-und-absatznahe-funktionen\/innovationsmanagement\" target=\"_blank\" rel=\"noopener noreferrer\">Schmalenbach Gesellschaft f\u00fcr Betriebswirtschaftslehre e.V.<\/a><\/li>\n<li>Mitglied im Fachbeirat &#8222;Standort und Innovation&#8220; des\u00a0<a href=\"https:\/\/www.vdi.de\/\" target=\"_blank\" rel=\"noopener noreferrer\">VDI (Verein Deutscher Ingenieure) <\/a><\/li>\n<li>Mitglied im Scientific Board der <a href=\"http:\/\/www.eiasm.org\/frontoffice\/event_announcement.asp?event_id=1283\" target=\"_blank\" rel=\"noopener noreferrer\">IPDMC (Innovation and Product Development Management Conference) <\/a><\/li>\n<li>Mitglied in der <a href=\"http:\/\/www.hab-online.org\/\" target=\"_blank\" rel=\"noopener noreferrer\">Wissenschaftlichen Gesellschaft f\u00fcr Arbeits- u. Betriebsorganisation <\/a><\/li>\n<li>Mitglied in den wiss. Kommissionen \u201e<a href=\"http:\/\/tie.vhbonline.org\/\" target=\"_blank\" rel=\"noopener noreferrer\">Technologie, Innovation, Entrepreneurship<\/a>\u201c, \u201e<a href=\"http:\/\/org.vhbonline.org\/\" target=\"_blank\" rel=\"noopener noreferrer\">Organisation<\/a>\u201c und \u201e<a href=\"http:\/\/prod.vhbonline.org\/index.php?id=107\" target=\"_blank\" rel=\"noopener noreferrer\">Produktion<\/a>\u201c des Verbandes der Hochschullehrer f\u00fcr Betriebswirtschaft<\/li>\n<li>Mitglied in der <a href=\"http:\/\/www.euram-online.org\/\" target=\"_blank\" rel=\"noopener noreferrer\">European Academy of Management (EURAM)<\/a><\/li>\n<\/ul>\n<p>&nbsp;<\/p>\n<p>&nbsp;<\/p>\n<p><strong>Publikationen und Konferenzbeitr\u00e4ge:<\/strong><\/p>\n<h3>2018<\/h3>\n<p>Zeng, M.A., Jahn, R., <strong>Koller, H.<\/strong>, Gnadt, F. (2018): Community-based Foresight: Using Online Communities at the Front End of Foresight, Proceedings of the 25th Innovation and Product Development Management Conference, Porto, Portugal, June 10-13, 2018. ISSN 1998-7374.<\/p>\n<p>Jahn, R., <strong>Koller, H.<\/strong> (in press): Foresight as a facilitator for innovative capability and organizational adaptability. Insights from a family firm in the HVAC industry. In: Schreiber, D. and Berge, Z. (Eds.). Futures thinking and organizational policy: Case studies for managing rapid change in technology, globalization and workforce diversity. Bern: Palgrave-Macmillan. <abbr title=\"International Standard Book Number\">ISBN<\/abbr>-10: 3319949225, <abbr title=\"International Standard Book Number\">ISBN<\/abbr>-13: 978-3319949222. Due: September 2018.<\/p>\n<p>Jahn, R.,<strong> Koller, H.<\/strong>, Zeng, M.A. (2018): Collaborative foresight \ufffd Insights from a renewable energy cluster in Germany, Book of Abstracts of the 19th Futures Conference by Finland Futures Research Centre \ufffdEnergizing Futures\ufffd, Turku, Finland, June 13-14, 2018. <abbr title=\"International Standard Book Number\">ISBN<\/abbr> (print): 978-952-249-500-6, <abbr title=\"International Standard Book Number\">ISBN<\/abbr> (pdf): 978-952-249-501-3.<\/p>\n<p>Zeng, M.A., Jahn, R., <strong>Koller, H.<\/strong>, Gnadt, F. (2018): Community-based Foresight: Using Online Communities at the Front End of Foresight, Proceedings of the 25th Innovation and Product Development Management Conference, Porto, Portugal, June 10-13, 2018. ISSN 1998-7374.<\/p>\n<h3>2017<\/h3>\n<p>Zeng, M.A., Jahn, R., <strong>Koller, H<\/strong>., Gnadt, F. (2017): Community-based Foresight: Using Online Communities at the Front End of Foresight, Proceedings of the 4th Annual World Open Innovation Conference, San Francisco, CA, USA, December 13-15, 2017.<br \/>\nZeng, M. A., <strong>Koller, H.<\/strong>, Jahn, R. (2017): Open Radar Groups: The Integration of Online Communities into Open\u00a0Foresight Processes. Presented at the 15th Open and User Innovation Conference, Innsbruck, Austria, July 10-12, 2017.<br \/>\nZeng, M. A., <strong>Koller, H.<\/strong>, Jahn, R. (2017): Open Radar Groups: The Integration of Online Communities into Open\u00a0Foresight Processes. Proceedings of the 24th Innovation and Product Development Management Conference, Reykjavik, Iceland, June 11-13, 2017. ISSN 1998-7374.<br \/>\nJahn, R. \/ <strong>Koller, H.<\/strong> \/ Zeng, M. A. (2017): Designing the Future &#8211; Using Design Thinking for Scenario Technique. Presented at the 24th IPDMC at Reykjavik University, Iceland, June 11-13, 2017.<br \/>\nJahn, R. \/ <strong>Koller, H.<\/strong> \/ Zeng, M. A. (2017): Designing the Future &#8211; Using Design Thinking for Scenario Technique. Presented at the 15th OUI Conference at University of Innsbruck, Austria, July 10-12, 2017<\/p>\n<h3>2016<\/h3>\n<p>Zeng, M. A., Dennstedt, B., <strong>Koller, H.<\/strong> (2016): <a href=\"http:\/\/onlinelibrary.wiley.com\/doi\/10.1111\/caim.12199\/full\" target=\"_blank\" rel=\"noopener noreferrer\">Democratizing Journalism &#8211; How User-Generated Content and User Communities Affect Publishers&#8216; Business Models. Creativity and Innovation Management<\/a>, 25(4), 536-551.<br \/>\nAndresen, F., <strong>Koller, H.<\/strong>, Kreutzmann, A., &amp; Schulte, B. (2016): Self-Organized Knowledge Creation: Communities of Practice as Manifestations of Dynamic Capabilities.\u00a0Proceedings of the 17th European Conference on Knowledge Management, Belfast, UK, 01.-02. September 2016. <abbr title=\"International Standard Book Number\">ISBN<\/abbr>\u00a0978-1-911218-02-9.<br \/>\nKreutzmann, A., <strong>Koller, H.<\/strong>, Andresen, F., &amp; Schulte, B. (2016):\u00a0Communities of Practice: Enabler of Organizational Knowledge Creation?\u00a0Proceedings of the 17th European Conference on Knowledge Management, Belfast, UK, 01.-02. September 2016. <abbr title=\"International Standard Book Number\">ISBN<\/abbr>\u00a0978-1-911218-02-9.<br \/>\nNowak, K.,\u00a0<strong>Koller, H.<\/strong> , Gross, D.-G., Andresen, F., Kreutzmann, A.\u00a0&amp; Schulte, B. (2016):\u00a0Influence of Moderation on Communication in Communities of Practice in Hierarchical Organizations.\u00a0Proceedings of the 17th European Conference on Knowledge Management, Belfast, UK, 01.-02. September 2016. <abbr title=\"International Standard Book Number\">ISBN<\/abbr>\u00a0978-1-911218-02-9.<br \/>\nSchulte, B., <strong>Koller, H.<\/strong> , Andresen, F., &amp; Kreutzmann, A. (2016). How to Manage the Unmanageable? Leadership in Coping with Communities of Practice. Proceedings of the 17th European Conference on Knowledge Management, Belfast, UK, 01.-02. September 2016. <abbr title=\"International Standard Book Number\">ISBN<\/abbr>\u00a0978-1-911218-02-9.<br \/>\nAndresen, F., <strong>Koller, H.<\/strong> , Kreutzmann, A., &amp; Schulte, B. (2016): Modeling of Self-organized Structure and Culture Creation within Communities of Practice. Presented at the 76th Annual Meeting of the Academy of Management Conference, Anaheim, CA, USA, 05.-09. August 2016.<br \/>\nSchulte, B., <strong>Koller, H.<\/strong> , Andresen, F., &amp; Kreutzmann, A. (2016). The Conjunction between Communities of Practice and their host Organization &#8211; A cultural Perspective. Presented at the 76th Annual Meeting of the Academy of Management Conference, Anaheim, CA, USA, 5.-9. August 2016.<br \/>\nAndresen, F., <strong>Koller, H.<\/strong> , Kreutzmann, A., &amp; Schulte, B. (2016): Understanding Core Principles of Communities: Shared Mental Models and Transactive Memory Systems as Preconditions for Self-organized Coordination. Presented at the 14th Open and User Innovation Conference, Boston, USA, 01.-03. August 2016.<br \/>\nKreutzmann, A., <strong>Koller, H.<\/strong> , Andresen, F., &amp; Schulte, B. (2016): Communities of Practice as Loci of Unrecognized Lead Users. Presented at the 14th Open and User Innovation Conference, Boston, USA, 01.-03. August 2016.<br \/>\nZeng, M. A. (2016): Foresight by Online Communities &#8211; The Case of Renewable Energies. Presented at the 14th Open and User Innovation Conference, Boston, USA, 01.-03. August 2016.<br \/>\nAndresen, F., Schulte, B, <strong>Koller, H.<\/strong> , &amp; Kreutzmann, A. (2016): The Informal Machine oft he Company: Communities of Practice as a Self-organized Source of Flexible Adaptation. Presented at the 32nd European Group for Organizational Studies Colloquium, Naples, Italy, 07.-09. July 2016.<br \/>\nKreutzmann, A., <strong>Koller, H.<\/strong> , Andresen, F., &amp; Schulte, B. (2016): Communities of Practice &#8211; Vibrant Sources of Innovative Knowledge? Proceedings of the 23rd Innovation and Product Development Management Conference, Glasgow, UK June 12.-14., 2016. ISSN 1998-7374.<br \/>\nAndresen, F., <strong>Koller, H.<\/strong> , Kreutzmann, A., &amp; Schulte, B. (2016): Making Sense of the Informal: Conceptualization of a Model of Self-organizing Structure and Culture Creation within Communities of Practice. Proceedings of the 16th European Academy of Management Annual Conference, Paris, France, 01.-04. June 2016. ISSN 2466-7498.<br \/>\nKreutzmann, A., <strong>Koller, H.<\/strong> , Andresen, F., &amp; Schulte, B. (2016): Communities of Practice as an Enhancement of Dynamic Capabilities.\u00a0Proceedings of the 16th European Academy of Management Annual Conference, Paris, France, 01.-04. June 2016. ISSN 2466-7498.<br \/>\nSchulte, B., <strong>Koller, H.<\/strong> , Andresen, F., &amp; Kreutzmann, A. (2016). Guided by the Light: The Conjunction between Communities of Practice and their host Organization &#8211; A cultural Perspective. Proceedings of the 16th European Academy of Management Annual Conference, Paris, France, 1.-4. June 2016. ISSN 2466-7498.<br \/>\nEhls , D.\/ Korreck, S.\/ Jahn, R.\/ Zeng, M. A.\/ Heuschneider, S.\/ Herstatt, C.\/ <strong>Koller, H.<\/strong>\/ Spaeth, S. (2016): <a href=\"https:\/\/papers.ssrn.com\/sol3\/papers.cfm?abstract_id=2764208\" target=\"_blank\" rel=\"noopener noreferrer\">Open Foresight: Exploiting Information from External Sources.<\/a> Available at SSRN: http:\/\/ssrn.com\/abstract=2764208<\/p>\n<h3>2015<\/h3>\n<p>Zeng, M. A., Dennstedt, B., Schulte, B., <strong>Koller, H.<\/strong> (2015): Democratizing Journalism &#8211; How User-Generated Content and User Communities Affect Publishers&#8216; Business Models. Presented at the 13th OUI Meeting at Cat\u00f3lica-Lisbon School of Business &amp; Economics, Portugal, July 13-15, 2015.<br \/>\nZeng, M. A., Dennstedt, B., Schulte, B., <strong>Koller, H.<\/strong> (2015): Democratizing Journalism &#8211; How User-Generated Content and User Communities Affect Publishers&#8216; Business Models. Presented at the 22nd IPDMC at Copenhagen Business School, Denmark, June 15-16, 2015.<\/p>\n<h3>2014<\/h3>\n<p><strong>Koller, H.<\/strong> (2014): Communities in the Federal Armed Forces,\u00a012. Internationale Open and User Innovation (OUI) Konferenz an der Harvard Business School in Cambridge (USA), 28.-30. Juli 2014.<br \/>\nDennstedt, B.\/ <strong>Koller, H.<\/strong> (2014):\u00a0Business Model Innovations in the Digital Publishing Industry, 21. IPDMC 2014 in Limerick (IRL), 15.-17. Juni 2014.<\/p>\n<h3>2013<\/h3>\n<p>Gro\u00df, D.-P.\/<strong>Koller, H.<\/strong> (2013): Lead User Innovation in the Medical Homecare Industry in Germany, 11. Internationale Open and User Innovation Konferenz in Brighton (UK), 15.-17. Juli 2013.<br \/>\nD&#8217;Aujourd&#8217;hui, V. Y.\/<strong>Koller, H.<\/strong> (2013): Project Emergence at a Corporate Central Research Unit &#8211; An Analysis Based on the Strategy Process Theory,\u00a020. IPDMC 2013 in Paris (FR), 24.-25. Juni 2013.<br \/>\nGro\u00df, D.-P.\/<strong>Koller, H.<\/strong> (2013): Lead User in the Medical Homecare Industry, 20. IPDMC 2013 in Paris (FR), 24.-25. Juni 2013.<\/p>\n<h3>2009<\/h3>\n<p><strong>Koller, H.<\/strong>\/ H\u00f6lzner, H.M. (2009): Dezentrale integrierte Fr\u00fchaufkl\u00e4rung (DIF) : Ein neuer Ansatz f\u00fcr Strategische- und Technologiefr\u00fchaufkl\u00e4rung im dynamischen Wettbewerb. In: Industrie-Management, 25 (2009), Heft 2, S. 71-74.<\/p>\n<h3>2008<\/h3>\n<p>Langmann, C.\/<strong>Koller, H.<\/strong> (2008): The Use of Management Control Information and Project Performance in R&amp;D Settings &#8211; An empirical analysis of the moderating effect of uncertainty, 15. IPDMC 2008 in Hamburg, 30. Juni 30 &#8211; \u00a001. Juli 2008.<br \/>\n<strong>Koller, H.<\/strong>\/Untiedt, H.M. (2008): Der Einzug der strategischen Planung in die operative Ebene &#8211; Reflexionen aus einer Fallstudie zur Technology Intelligence und aus aktuellen Theorien der strategischen Planung. In: Scholz-Reiter, B. (<abbr title=\"Herausgeber\">Hrsg.<\/abbr>): Technologiegetriebene Ver\u00e4nderungen der Arbeitswelt, Berlin, S. 191-216.<br \/>\n<strong>Koller, H.<\/strong>\/ Langmann, C. (2008): Do Strategic Alliances really matter when it comes to Firm Performance?, 16. IPDMC 2009 in Enschede (NL), 08.-09. Juni 2009.<\/p>\n<h3>2006<\/h3>\n<p><strong>Koller, H.<\/strong>\/ Untiedt, H.M. (2006): The process dimensions of technology intelligence &#8211; Insights of an empirically derived and theoretically reflected alternative for organizational foresight on global markets and dynamic environments. IFSAM Conference 2006 in Berlin (DE), 28.-30. September 2006.<br \/>\n<strong>Koller, H.<\/strong>\/ Langmann, C.\/ Untiedt, H.M. (2006): Das Management von Innovationsnetzwerken in verschiedenen Phasen: Erkenntnisse und offene Forschungsfragen. In: Wojda, F.\/ Barth, A. (<abbr title=\"Herausgeber\">Hrsg.<\/abbr>) (2006): Innovative Kooperationsnetzwerke, S. 27-80.<br \/>\n<strong>Koller, H.<\/strong>\/ Langmann, C.\/ Untiedt, H.M. (2006): Management von Innovationsnetzwerken. In: Industrie Management, 22 (2006), Heft 3, S. 23-28.<\/p>\n<h3>2005<\/h3>\n<p><strong>Koller, H.<\/strong>\/ Untiedt, H.M. (2005): Managing technology intelligence in a turbulent environment: A process- and communication-oriented approach. EURAM Conference 2005 an der TUM School of Management in M\u00fcnchen, 4.-7. Mai 2005.<br \/>\n<strong>Koller, H.<\/strong>\/ Hentschel, M. (2005): Die Bewertung von Intellectual Property Rights : Verfahren, Anwendung, Eignung und ihre Konsequenzen f\u00fcr die Bewertung von intangible Assets. In: Immaterielle Verm\u00f6genswerte &#8211; Handbuch der intangible Assets, Berlin 2005, S. 299-329.<\/p>\n<h3>2003<\/h3>\n<p><strong>Koller, H.<\/strong> (2003): Erstellung wettbewerbsf\u00e4higer Sprachdienstleistungen unter den k\u00fcnftigen Rahmenbedingungen, In: Arntz, R.\/ Mayer, F.\/ Reisen, U. (<abbr title=\"Herausgeber\">Hrsg.<\/abbr>) (2003): Terminologie in Gegenwart und Zukunft, K\u00f6ln 2003, S. 122-138.<br \/>\n<strong>Koller, H.<\/strong> (2003): Verfahren zur Beurteilung der Wirtschaftlichkeit von Terminologiearbeit. In: Arntz, R.\/ Mayer, F.\/ Reisen, U. (<abbr title=\"Herausgeber\">Hrsg.<\/abbr>) (2003): Terminologie in Gegenwart und Zukunft, K\u00f6ln 2003, S. 106-121.<br \/>\n<strong>Koller, H.<\/strong>\/ Gro\u00dfmann, D. (2003): Open Source &#8211; Enklave f\u00fcr Hacker, neue Form der Produktion oder Herausforderung f\u00fcr die Theorie der Unternehmung. In: Wildemann, H. (<abbr title=\"Herausgeber\">Hrsg.<\/abbr>) 2003): Moderne Produktionskonzepte f\u00fcr G\u00fcter- und Dienstleistungsproduktionen, TCW Transfer-Centrum M\u00fcnchen 2003, S. 193-271.<\/p>\n<h3>2002<\/h3>\n<p><strong>Koller, H.<\/strong> (2002): Technologiefr\u00fchaufkl\u00e4rung. In: Specht, D.\/Moehrle, M.G. (<abbr title=\"Herausgeber\">Hrsg.<\/abbr>): Gabler Lexikon Technologiemanagement, Wiesbaden, S. 343-351.<\/p>\n<h3>1998<\/h3>\n<p><strong>Koller, H.<\/strong> (1998):\u00a0 Gestaltung und Steuerung international verteilter Leistungserstellung bei mittleren Industrieunternehmen. In: Wildemann, H. (<abbr title=\"Herausgeber\">Hrsg.<\/abbr>) (1998), Innovationen in der Produktionswirtschaft &#8211; Produkte, Prozesse, Planung und Steuerung, TCW Transfer-Centrum M\u00fcnchen 1998, S. 247-289.<br \/>\nReichwald, R.\/<strong> Koller, H.<\/strong> (1998):\u00a0 &#8222;Liebe zur Fabrik&#8220; &#8211; im internationalen Fertigungsverbund?. In: Heidack, C. (<abbr title=\"Herausgeber\">Hrsg.<\/abbr>) (1998): FIT durch Ver\u00e4nderung: Festschrift f\u00fcr <abbr title=\"Doktor der Ingenieurwissenschaften\">Dr.-Ing.<\/abbr> Eberhard Merz, M\u00fcnchen\/Mering 1998, S. 335-353.<br \/>\n<strong>Koller, H.<\/strong> (1998):\u00a0 Chancen, Probleme und Ausgestaltung der Unternehmensdezentralisierung. In: Lutz, B. (<abbr title=\"Herausgeber\">Hrsg.<\/abbr>) (1998): Zukunftsperspektiven industrieller Produktion, Ergebnisse des Expertenkreises &#8222;Zukunftsstrategien&#8220;, Frankfurt\/New York 1998, S. 45-98.<br \/>\n<strong>Koller, H.<\/strong>\/ Raithel, U.\/ Wagner, E. (1998): Internationalisierungsstrategien mittlerer Industrieunternehmen am Standort Deutschland: Ergebnisse einer empirischen Untersuchung. In:\u00a0 Zeitschrift f\u00fcr Betriebswirtschaft (ZfB), 68. <abbr title=\"Jahrgang\">Jg.<\/abbr> (1998), Heft 2, S. 175-203.<br \/>\nReichwald, R.\/ <strong>Koller, H.<\/strong> (1998):\u00a0 Zur Organisation der Universit\u00e4t der Zukunft: Eine \u00f6konomische Betrachtung aus Sicht der Principal-Agent-Theorie. In: Wissenschaftsmanagement, 4. <abbr title=\"Jahrgang\">Jg.<\/abbr> (1998), Heft 1, S. 39-49.<\/p>\n<h3>1997<\/h3>\n<p>Reichwald, R.\/ <strong>Koller, H.<\/strong> (1997):\u00a0 F\u00fchrungsstrukturen und Koordinationsmechanismen in der Universit\u00e4t von morgen. Anmerkungen zu dem Beitrag von Detlef M\u00fcller-B\u00f6ling &#8222;Zur Organisationsstruktur von Universit\u00e4ten&#8220;. In: Die Betriebswirtschaft, 57. <abbr title=\"Jahrgang\">Jg.<\/abbr> (1997). S. 132 &#8211; 135.<\/p>\n<h3>1996<\/h3>\n<p>Reichwald, R.\/ <strong>Koller, H.<\/strong> (1996): Die Dezentralisierung als Ma\u00dfnahme zur F\u00f6rderung der Lernf\u00e4higkeit von Organisationen &#8211; Spannungsfelder auf dem Weg zu neuen Innovationsstrategien. In: Bullinger, H.-J. (<abbr title=\"Herausgeber\">Hrsg.<\/abbr>) (1996): Lernende Organisationen: Konzepte, Methoden, Erfahrungsberichte, Stuttgart 1996, S. 105-153.<br \/>\n<strong>Koller, H.<\/strong> (1996): Leitbilder f\u00fcr ein marktorientiertes Fr\u00fchwarnsystem f\u00fcr kleine und mittlere Unternehmen. In: Arbeitsberichte des Lehrstuhls f\u00fcr Allgemeine und Industrielle Betriebswirtschaftslehre der Technischen Universit\u00e4t M\u00fcnchen, M\u00fcnchen 1996.<br \/>\nReichwald, R.\/ <strong>Koller, H.<\/strong> (1996):\u00a0Integration und Dezentralisierung von Unternehmensstrukturen. In: Lutz, B.\/ Hartmann, M.\/ Hirsch-Kreinsen, H. (<abbr title=\"Herausgeber\">Hrsg.<\/abbr>) (1996): Produzieren im 21. Jahrhundert: Herausforderungen f\u00fcr die deutsche Industrie, Frankfurt\/New York 1996, S. 225-294.<\/p>\n<h3>1994<\/h3>\n<p><strong>Koller, H.<\/strong> (1994):\u00a0 Verfahren zur Beurteilung der Wirtschaftlichkeit von Terminologiearbeit. In: Arntz, R.,\/ Mayer, F.\/ Reisen, U. (<abbr title=\"Herausgeber\">Hrsg.<\/abbr>) (1994): Terminologie als Produktivit\u00e4tsfaktor in volkswirtschaftlicher und betriebswirtschaftlicher Sicht, K\u00f6ln 1994, S. 79-93.<br \/>\n<strong>Koller, H.<\/strong> (1994):\u00a0 Die Integration von Textverarbeitung und Datenverarbeitung &#8211; Analyse des Bedarfs und seiner Determinanten aus betriebswirtschaftlicher Sicht, Wiesbaden 1994.<\/p>\n<h3>1990<\/h3>\n<p>Picot, A.\/ <strong>Koller, H.<\/strong> (1990): Stichworte &#8222;Dokument&#8220;, &#8222;Dokumentenarchitektur&#8220;, &#8222;Formular&#8220;, &#8222;Weiterverarbeitbarkeit&#8220;. In: Berger, H.\/ Blankart, C.H.\/ Picot, A. (<abbr title=\"Herausgeber\">Hrsg.<\/abbr>): Lexikon der Telekommunikations\u00f6konomie, Heidelberg 1990, S. 79-80, 81-83, 123.<\/p>\n","protected":false},"excerpt":{"rendered":"<p>Postanschrift:\u00a0 Helmut-Schmidt-Universit\u00e4t &#8211; Universit\u00e4t der Bundeswehr Hamburg Professur f\u00fcr Betriebswirtschaftslehre, insbesondere Technologie- und Innovationsmanagement Holstenhofweg 85 22043 Hamburg Raum: 2224 Telefon: 040 \/ 6541-2850 E-Mail: koller@hsu-hh.de Sprechstunde: Dienstags 17:30 &#8211; [&hellip;]<\/p>\n","protected":false},"author":165,"featured_media":0,"parent":132,"menu_order":0,"comment_status":"closed","ping_status":"closed","template":"","meta":{"footnotes":""},"categories":[8],"tags":[47,43],"class_list":["post-157","page","type-page","status-publish","hentry","category-team","tag-professor","tag-team"],"_links":{"self":[{"href":"https:\/\/www.hsu-hh.de\/tim\/wp-json\/wp\/v2\/pages\/157","targetHints":{"allow":["GET"]}}],"collection":[{"href":"https:\/\/www.hsu-hh.de\/tim\/wp-json\/wp\/v2\/pages"}],"about":[{"href":"https:\/\/www.hsu-hh.de\/tim\/wp-json\/wp\/v2\/types\/page"}],"author":[{"embeddable":true,"href":"https:\/\/www.hsu-hh.de\/tim\/wp-json\/wp\/v2\/users\/165"}],"replies":[{"embeddable":true,"href":"https:\/\/www.hsu-hh.de\/tim\/wp-json\/wp\/v2\/comments?post=157"}],"version-history":[{"count":22,"href":"https:\/\/www.hsu-hh.de\/tim\/wp-json\/wp\/v2\/pages\/157\/revisions"}],"predecessor-version":[{"id":1157,"href":"https:\/\/www.hsu-hh.de\/tim\/wp-json\/wp\/v2\/pages\/157\/revisions\/1157"}],"up":[{"embeddable":true,"href":"https:\/\/www.hsu-hh.de\/tim\/wp-json\/wp\/v2\/pages\/132"}],"wp:attachment":[{"href":"https:\/\/www.hsu-hh.de\/tim\/wp-json\/wp\/v2\/media?parent=157"}],"wp:term":[{"taxonomy":"category","embeddable":true,"href":"https:\/\/www.hsu-hh.de\/tim\/wp-json\/wp\/v2\/categories?post=157"},{"taxonomy":"post_tag","embeddable":true,"href":"https:\/\/www.hsu-hh.de\/tim\/wp-json\/wp\/v2\/tags?post=157"}],"curies":[{"name":"wp","href":"https:\/\/api.w.org\/{rel}","templated":true}]}}