{"id":149,"date":"2017-11-08T17:13:31","date_gmt":"2017-11-08T16:13:31","guid":{"rendered":"https:\/\/www.hsu-hh.de\/tim\/?page_id=149"},"modified":"2024-06-26T17:57:33","modified_gmt":"2024-06-26T15:57:33","slug":"andresen","status":"publish","type":"page","link":"https:\/\/www.hsu-hh.de\/tim\/team\/andresen","title":{"rendered":"Dr. Florian Andresen"},"content":{"rendered":"<p><img loading=\"lazy\" decoding=\"async\" class=\"alignleft wp-image-1116 size-medium\" src=\"https:\/\/www.hsu-hh.de\/tim\/wp-content\/uploads\/sites\/563\/2019\/03\/Andresen_color-200x300.jpg\" alt=\"flo\" width=\"200\" height=\"300\" srcset=\"https:\/\/www.hsu-hh.de\/tim\/wp-content\/uploads\/sites\/563\/2019\/03\/Andresen_color-200x300.jpg 200w, https:\/\/www.hsu-hh.de\/tim\/wp-content\/uploads\/sites\/563\/2019\/03\/Andresen_color-768x1152.jpg 768w, https:\/\/www.hsu-hh.de\/tim\/wp-content\/uploads\/sites\/563\/2019\/03\/Andresen_color-683x1024.jpg 683w\" sizes=\"auto, (max-width: 200px) 100vw, 200px\" \/><\/p>\n<p><strong>Postanschrift:<\/strong><\/p>\n<p>Helmut-Schmidt-Universit\u00e4t &#8211; Universit\u00e4t der Bundeswehr Hamburg<br \/>\nProfessur f\u00fcr Betriebswirtschaftslehre, insbesondere Technologie- und Innovationsmanagement<br \/>\nHolstenhofweg 85<br \/>\n22043 Hamburg<\/p>\n<p><strong>Raum: <\/strong>2223<br \/>\n<strong>Telefon:<\/strong> 040 \/ 6541-3635<br \/>\n<strong>E-Mail:<\/strong> <a href=\"mailto:andresen@hsu-hh.de\" rel='nofollow'>andresen@hsu-hh.de<br \/>\n<\/a><strong>Sprechstunde:<\/strong> nach Vereinbarung<\/p>\n<p><strong>Forschungsinteressen:<\/strong><br \/>\n&#8211; Military Design Thinking (Projekt f\u00fcr das BMVg)<\/p>\n<p>&#8211; Innovation Management and Artificial Intelligence<\/p>\n<p>&#8211; Self-organisation within Corporations<br \/>\n&#8211; Organizational Behavior and Theory<br \/>\n&#8211; Communities of Practice within Civil and Military contexts<br \/>\n&#8211; Dynamic Capabilities and Ambidexterity<br \/>\n&#8211; Open Innovation and Mass Customization<\/p>\n<p><strong>Vita:<br \/>\n<\/strong><strong>Seit 08\/2012<\/strong> Wissenschaftlicher Mitarbeiter der Professur f\u00fcr Industriebetriebslehre und\u00a0Technologiemanagement<br \/>\nMitverantwortlich f\u00fcr das Projekt &#8222;Communities in der Bundeswehr: ComBw&#8220;<\/p>\n<p><strong>07\/2012 &#8211; 12\/2012<\/strong> Organisation und Durchf\u00fchrung der 1. Summer School &#8222;Foreign Area Specialists &#8211; Operational Level&#8220; mit Zentrum Operative Kommunikation, Einsatzf\u00fchrungskommando und Helmut-Schmidt-Universit\u00e4t, Hamburg<\/p>\n<p><strong>01\/2011 &#8211; 08\/2012<\/strong> Interkultureller Einsatzberater bei\u00a0Zentrum Operative Kommunikation der Bundeswehr, Mayen<\/p>\n<p><strong>06\/2010 &#8211; 10\/2010<\/strong> Redakteur und Chefredakteur f\u00fcr die &#8222;Sada-e Azadi&#8220; bei Zentrum Operative Kommunikation der Bundeswehr, Mayen<\/p>\n<p><strong>10\/2006 &#8211; 06\/2010<\/strong> Studium der Volkswirtschaftslehere (Diplom) an der Helmut-Schmidt-Universit\u00e4t\/ Universit\u00e4t der Bundeswehr Hamburg<\/p>\n<p><strong>Publikationen:<\/strong><\/p>\n<p><strong>Zeitschriftenaufs\u00e4tze<\/strong><\/p>\n<p>Schulte, B., Andresen, F., Koller, H. (2020). <em>Exploring the Embeddedness of an Informal Community of Practice Within a Formal Organizational Context: A Case Study in the German Military.<\/em> Journal of Leadership and Organizational Studies 27(2), 153-179.<\/p>\n<p>Andresen, F., Schulte, B., Koller, H. (2020). <em>Foresight-as-Emergence: An Integrative Framework of Strategic Foresight Based on Complexity and Practice Theory.<\/em> IEEE Transactions on Engineering Management (online first).<\/p>\n<p><strong>Buchkapitel<\/strong><\/p>\n<p>Koller H., Schulte B., Andresen F., Kreuzmann A. (2020).<em> Communities of practice as collective lead users.<\/em> In: Tiwari R., Buse S. (eds) Managing Innovation in a Global and Digital World. Springer Gabler, Wiesbaden<\/p>\n<p><strong>Konferenzbeitr\u00e4ge<\/strong>:<\/p>\n<h3>2020<\/h3>\n<p>Andresen, F., Schulte, B., Koller, H. (2020). <em>The Conceptual Future of Foresight: Rethinking Foresight as an Emergent Process.<\/em> Proceedings of the 80th Academy of Management Annual Concerence, Virtual Conference, 07.-11. August 2020. ISSN (print): 0065-0668.<\/p>\n<p>Schulte, B., Andresen, F., Koller, H. <em>Not lost in cultural translation: Exploring the translocal dynamics of communities of practice.<\/em> Accepted at the European Group for Organizational Studies Colloqium, Hamburg, Germany, July 2020. (Subtheme was canceled due to COVID-19).<\/p>\n<h3>2019<\/h3>\n<p>Andresen, F., Schulte, B., &amp; Koller, H. <em>Capability Evolution in the Armed Forces: Agents, Practices, and Processes of Dynamic Capabilities.<\/em> Proceedings of the 79th Academy of Management Annual Concerence, Boston, USA, 09.-113. August 2019. ISSN (print): 0065-0668.<\/p>\n<p>Andresen, F., Schulte, B., &amp; Koller, H. <em>Overcoming the Capability Rigidity Paradox: The Case of Dynamic Capabilities within the German Armed Forces.<\/em> Presented at the Strategic Management Society Special Conference, Frankfurt, 2019.<\/p>\n<h3>2017<\/h3>\n<p>Schulte, B., Andresen, F., &amp; Koller, H. (2017). <em>Culture in the Making: The Cultural Conjunction between Communities and a hierarchical Organization.<\/em> Proceedings of the 77th Academy of Management Annual Concerence, Atlanta, USA, 04.-09. August 2017. ISSN (print): 0065-0668.<\/p>\n<p>Andresen, F., Schulte, B., Fischer, T., Koller, H. (2017). <em>Localizing Dynamic Capabilities Within Self-organized Communities of Practice: A Meta-Synthesis.<\/em> Presented at the Strategic Management Society Special Conference, Banff, Canada, June 2017.<\/p>\n<h3>2016<\/h3>\n<p>Andresen, F., Koller, H., Kreutzmann, A., &amp; Schulte, B. (2016). <em>Making Sense of the Informal: Conceptualization of a Model of Self-organizing Structure and Culture Creation within Communities of Practice.<\/em> Proceedings of the 16th European Academy of Management Annual Conference, Paris, France, 01.-04. June 2016. ISSN 2466-7498.<\/p>\n<p>Andresen, F., Schulte, B, Koller, H., &amp; Kreutzmann, A. (2016). <em>The Informal Machine oft he Company: Communities of Practice as a Self-organized Source of Flexible Adaptation.<\/em> Presented at the 32nd European Group for Organizational Studies Colloquium, Naples, Italy, 07.-09. July 2016.<\/p>\n<p>Andresen, F., Koller, H., Kreutzmann, A., &amp; Schulte, B. (2016). <em>Understanding Core Principles of Communities: Shared Mental Models and Transactive Memory Systems as Preconditions for Self-organized Coordination.<\/em> Presented at 14th Open and User Innovation Conference, Boston, USA, 01.-03. August 2016.<\/p>\n<p>Andresen, F., Koller, H., Kreutzmann, A., &amp; Schulte, B. (2016). <em>Modeling of Self-organized Structure and Culture Creation within Communities of Practice.<\/em> Proceedings of the 76th Annual Meeting of the Academy of Management Conference, Anaheim, USA, 05.-09. August 2016. ISSN (print): 0065-0668.<\/p>\n<p>Andresen, F., Koller, H., Kreutzmann, A., &amp; Schulte, B. (2016). <em>Self-Organized Knowledge Creation: Communities of Practice as Manifestations of Dynamic Capabilities.\u00a0<\/em>Proceedings of the 17th European Conference on Knowledge Management, Belfast, UK, 01.-02. September 2016. <abbr title=\"International Standard Book Number\">ISBN<\/abbr>\u00a0978-1-911218-02-9 <a><img decoding=\"async\" class=\"citavipicker\" style=\"border: 0px none!important;width: 16px!important;height: 16px!important;margin-left: 1px !important;margin-right: 1px !important\" title=\"Titel anhand dieser ISBN in Citavi-Projekt \u00fcbernehmen\" src=\"image\/svg+xml;base64,PD94bWwgdmVyc2lvbj0iMS4wIiBlbmNvZGluZz0idXRmLTgiPz48IURPQ1RZUEUgc3ZnIFBVQkxJQyAiLS8vVzNDLy9EVEQgU1ZHIDEuMS8vRU4iICJodHRwOi8vd3d3LnczLm9yZy9HcmFwaGljcy9TVkcvMS4xL0RURC9zdmcxMS5kdGQiPjxzdmcgdmVyc2lvbj0iMS4xIiBpZD0iRWJlbmVfMSIgeG1sbnM9Imh0dHA6Ly93d3cudzMub3JnLzIwMDAvc3ZnIiB4bWxuczp4bGluaz0iaHR0cDovL3d3dy53My5vcmcvMTk5OS94bGluayIgeD0iMHB4IiB5PSIwcHgiIHdpZHRoPSIxNnB4IiBoZWlnaHQ9IjE2cHgiIHZpZXdCb3g9IjAgMCAxNiAxNiIgZW5hYmxlLWJhY2tncm91bmQ9Im5ldyAwIDAgMTYgMTYiIHhtbDpzcGFjZT0icHJlc2VydmUiPjxnPjxnPjxwYXRoIGZpbGw9IiNGRkZGRkYiIGQ9Ik04LjAwMSwxNS41QzMuODY0LDE1LjUsMC41LDEyLjEzNiwwLjUsOGMwLTQuMTM1LDMuMzY1LTcuNSw3LjUwMS03LjVTMTUuNSwzLjg2NCwxNS41LDhTMTIuMTM3LDE1LjUsOC4wMDEsMTUuNXoiLz48cGF0aCBmaWxsPSIjRDUyQjFFIiBkPSJNOC4wMDEsMUMxMS44NiwxLDE1LDQuMTQxLDE1LDhzLTMuMTM5LDctNi45OTksN0M0LjE0LDE1LDEsMTEuODU5LDEsOFM0LjE0LDEsOC4wMDEsMSBNOC4wMDEsMEMzLjU4MiwwLDAsMy41ODIsMCw4czMuNTgyLDgsOC4wMDEsOEMxMi40MTgsMTYsMTYsMTIuNDE4LDE2LDhTMTIuNDE4LDAsOC4wMDEsMEw4LjAwMSwweiIvPjwvZz48cGF0aCBmaWxsPSIjRDUyQjFFIiBkPSJNNi43NDUsMTIuNTg5Yy0wLjIyNywwLjEyMi0wLjQ5NywwLjI0Ny0wLjY4NCwwLjI0N2MtMC4zMTgsMC0wLjUwMS0wLjE2NC0wLjUwMS0wLjQ1MmMwLTAuMjA3LDAuMTQtMC4zNzUsMC41OTUtMC42MjJjMS41NDktMC45MDQsMi41OTQtMi4yNzIsMi41OTQtMy43MjFjMC0wLjgyNS0wLjIyNy0xLjExOS0wLjY4MS0xLjExOWMtMC4xMzUsMC0wLjMyLDAuMjE5LTAuNjM2LDAuMjE5SDcuMTU3QzYuMTAyLDcuMTQzLDUuMzMzLDYuMjY0LDUuMzMzLDUuMjNjMC0xLjE1MiwwLjk1OC0yLjAwNiwyLjI4LTIuMDA2YzEuNzc3LDAsMy4wNTMsMS4zNzMsMy4wNTMsMy40M0MxMC42NjYsOS4yMTUsOS4yMDMsMTEuMjcsNi43NDUsMTIuNTg5Ii8+PC9nPjwvc3ZnPg\" \/><\/a> <a><img decoding=\"async\" class=\"citavipicker\" style=\"border: 0px none!important;width: 16px!important;height: 16px!important;margin-left: 1px !important;margin-right: 1px !important\" title=\"Titel anhand dieser ISBN in Citavi-Projekt \u00fcbernehmen\" src=\"image\/svg+xml;base64,PD94bWwgdmVyc2lvbj0iMS4wIiBlbmNvZGluZz0idXRmLTgiPz48IURPQ1RZUEUgc3ZnIFBVQkxJQyAiLS8vVzNDLy9EVEQgU1ZHIDEuMS8vRU4iICJodHRwOi8vd3d3LnczLm9yZy9HcmFwaGljcy9TVkcvMS4xL0RURC9zdmcxMS5kdGQiPjxzdmcgdmVyc2lvbj0iMS4xIiBpZD0iRWJlbmVfMSIgeG1sbnM9Imh0dHA6Ly93d3cudzMub3JnLzIwMDAvc3ZnIiB4bWxuczp4bGluaz0iaHR0cDovL3d3dy53My5vcmcvMTk5OS94bGluayIgeD0iMHB4IiB5PSIwcHgiIHdpZHRoPSIxNnB4IiBoZWlnaHQ9IjE2cHgiIHZpZXdCb3g9IjAgMCAxNiAxNiIgZW5hYmxlLWJhY2tncm91bmQ9Im5ldyAwIDAgMTYgMTYiIHhtbDpzcGFjZT0icHJlc2VydmUiPjxnPjxnPjxwYXRoIGZpbGw9IiNGRkZGRkYiIGQ9Ik04LjAwMSwxNS41QzMuODY0LDE1LjUsMC41LDEyLjEzNiwwLjUsOGMwLTQuMTM1LDMuMzY1LTcuNSw3LjUwMS03LjVTMTUuNSwzLjg2NCwxNS41LDhTMTIuMTM3LDE1LjUsOC4wMDEsMTUuNXoiLz48cGF0aCBmaWxsPSIjRDUyQjFFIiBkPSJNOC4wMDEsMUMxMS44NiwxLDE1LDQuMTQxLDE1LDhzLTMuMTM5LDctNi45OTksN0M0LjE0LDE1LDEsMTEuODU5LDEsOFM0LjE0LDEsOC4wMDEsMSBNOC4wMDEsMEMzLjU4MiwwLDAsMy41ODIsMCw4czMuNTgyLDgsOC4wMDEsOEMxMi40MTgsMTYsMTYsMTIuNDE4LDE2LDhTMTIuNDE4LDAsOC4wMDEsMEw4LjAwMSwweiIvPjwvZz48cGF0aCBmaWxsPSIjRDUyQjFFIiBkPSJNNi43NDUsMTIuNTg5Yy0wLjIyNywwLjEyMi0wLjQ5NywwLjI0Ny0wLjY4NCwwLjI0N2MtMC4zMTgsMC0wLjUwMS0wLjE2NC0wLjUwMS0wLjQ1MmMwLTAuMjA3LDAuMTQtMC4zNzUsMC41OTUtMC42MjJjMS41NDktMC45MDQsMi41OTQtMi4yNzIsMi41OTQtMy43MjFjMC0wLjgyNS0wLjIyNy0xLjExOS0wLjY4MS0xLjExOWMtMC4xMzUsMC0wLjMyLDAuMjE5LTAuNjM2LDAuMjE5SDcuMTU3QzYuMTAyLDcuMTQzLDUuMzMzLDYuMjY0LDUuMzMzLDUuMjNjMC0xLjE1MiwwLjk1OC0yLjAwNiwyLjI4LTIuMDA2YzEuNzc3LDAsMy4wNTMsMS4zNzMsMy4wNTMsMy40M0MxMC42NjYsOS4yMTUsOS4yMDMsMTEuMjcsNi43NDUsMTIuNTg5Ii8+PC9nPjwvc3ZnPg\" \/><\/a>.<\/p>\n<p>Andresen, F., Schulte, B., Koller, H., Kreutzmann, A. (2016). <em>Dynamic Organizational Capabilities: Communities of Practice as a Self-organized Source of Flexible Adaptation.<\/em> Presented at the Strategic Management Society 36th Annual Conference, Berlin, DE, 17.-20. September 2016.<\/p>\n<p>Schulte, B., Koller, H., Andresen, F., &amp; Kreutzmann, A. (2016). <em>Guided by the Light: The Conjunction between Communities of Practice and their host Organization &#8211; A cultural Perspective.<\/em> Proceedings of the 16th European Academy of Management Annual Conference, Paris, France, 1.-4. June 2016. ISSN 2466-7498.<\/p>\n<p>Schulte, B., Koller, H., Andresen, F., &amp; Kreutzmann, A. (2016). <em>The Conjunction between Communities of Practice and their host Organization &#8211; A cultural Perspective.<\/em> Presented at the 76th Annual Meeting of the Academy of Management, Anaheim, CA, USA, 5.-9. August 2016.<\/p>\n<p>Schulte, B., Koller, H., Andresen, F., &amp; Kreutzmann, A. (2016). H<em>ow to Manage the Unmanageable? Leadership in Coping with Communities of Practice<\/em>. Proceedings of the 17th European Conference on Knowledge Management, Belfast, UK, 01.-02. September 2016. <abbr title=\"International Standard Book Number\">ISBN<\/abbr>\u00a0978-1-911218-02-9.<\/p>\n<p>Schulte, B., Koller, H., Andresen, F., &amp; Kreutzmann, A. (2016). <em>How to manage the unmanageable? Leadership in Coping with Communities of Practice.<\/em> Presented at the 14th Open User Innovation Conference (OUI), Boston, MA, USA, 1.- 3. August 2016.<\/p>\n<p>Kreutzmann, A., Koller, H., Andresen, F., &amp; Schulte, B. (2016). <em>Communities of Practice &#8211; Vibrant Sources of Innovative Knowledge?<\/em> Proceedings of the 23rd Innovation and Product Development Management Conference, Glasgow, UK June 12.-14., 2016. ISSN 1998-7374.<\/p>\n<p>Kreutzmann, A., Koller, H., Andresen, F., &amp; Schulte, B. (2016). <em>Communities of Practice: Enabler of Organizational Knowledge Creation?<\/em> Proceedings of the 17th European Conference on Knowledge Management, Belfast, UK, 01.-02. September 2016. <abbr title=\"International Standard Book Number\">ISBN<\/abbr> 978-1-911218-02-9.<\/p>\n<p>Kreutzmann, A., Koller, H., Andresen, F., &amp; Schulte, B. (2016). <em>Communities of Practice as an Enhancement of Dynamic Capabilities.<\/em> Proceedings of the 16th European Academy of Management Annual Conference, Paris, France, 01.-04. June 2016. ISSN 2466-7498.<\/p>\n<p>Kreutzmann, A., Koller, H., Andresen, F., &amp; Schulte, B. (2016). <em>Communities of Practice as Loci of Unrecognized Lead Users.<\/em> Presented at 14th Open and User Innovation Conference, Boston, USA, 01.-03. August 2016.<\/p>\n","protected":false},"excerpt":{"rendered":"<p>Postanschrift: Helmut-Schmidt-Universit\u00e4t &#8211; Universit\u00e4t der Bundeswehr Hamburg Professur f\u00fcr Betriebswirtschaftslehre, insbesondere Technologie- und Innovationsmanagement Holstenhofweg 85 22043 Hamburg Raum: 2223 Telefon: 040 \/ 6541-3635 E-Mail: andresen@hsu-hh.de Sprechstunde: nach Vereinbarung Forschungsinteressen: [&hellip;]<\/p>\n","protected":false},"author":165,"featured_media":0,"parent":132,"menu_order":1,"comment_status":"closed","ping_status":"closed","template":"","meta":{"footnotes":""},"categories":[4],"tags":[43,45],"class_list":["post-149","page","type-page","status-publish","hentry","category-forschung","tag-team","tag-wissenschaftliche-mitarbeiter"],"_links":{"self":[{"href":"https:\/\/www.hsu-hh.de\/tim\/wp-json\/wp\/v2\/pages\/149","targetHints":{"allow":["GET"]}}],"collection":[{"href":"https:\/\/www.hsu-hh.de\/tim\/wp-json\/wp\/v2\/pages"}],"about":[{"href":"https:\/\/www.hsu-hh.de\/tim\/wp-json\/wp\/v2\/types\/page"}],"author":[{"embeddable":true,"href":"https:\/\/www.hsu-hh.de\/tim\/wp-json\/wp\/v2\/users\/165"}],"replies":[{"embeddable":true,"href":"https:\/\/www.hsu-hh.de\/tim\/wp-json\/wp\/v2\/comments?post=149"}],"version-history":[{"count":16,"href":"https:\/\/www.hsu-hh.de\/tim\/wp-json\/wp\/v2\/pages\/149\/revisions"}],"predecessor-version":[{"id":1378,"href":"https:\/\/www.hsu-hh.de\/tim\/wp-json\/wp\/v2\/pages\/149\/revisions\/1378"}],"up":[{"embeddable":true,"href":"https:\/\/www.hsu-hh.de\/tim\/wp-json\/wp\/v2\/pages\/132"}],"wp:attachment":[{"href":"https:\/\/www.hsu-hh.de\/tim\/wp-json\/wp\/v2\/media?parent=149"}],"wp:term":[{"taxonomy":"category","embeddable":true,"href":"https:\/\/www.hsu-hh.de\/tim\/wp-json\/wp\/v2\/categories?post=149"},{"taxonomy":"post_tag","embeddable":true,"href":"https:\/\/www.hsu-hh.de\/tim\/wp-json\/wp\/v2\/tags?post=149"}],"curies":[{"name":"wp","href":"https:\/\/api.w.org\/{rel}","templated":true}]}}