{"id":1142,"date":"2019-03-13T15:29:16","date_gmt":"2019-03-13T14:29:16","guid":{"rendered":"https:\/\/www.hsu-hh.de\/tim\/?page_id=1142"},"modified":"2020-09-22T08:13:02","modified_gmt":"2020-09-22T06:13:02","slug":"dr-daniel-ehls","status":"publish","type":"page","link":"https:\/\/www.hsu-hh.de\/tim\/en\/dr-daniel-ehls","title":{"rendered":"Dr. Daniel Ehls"},"content":{"rendered":"<p><img loading=\"lazy\" decoding=\"async\" class=\"alignleft size-medium wp-image-1120\" src=\"https:\/\/www.hsu-hh.de\/tim\/wp-content\/uploads\/sites\/563\/2019\/03\/Ehls_color-200x300.jpg\" alt=\"Daniel\" width=\"200\" height=\"300\" data-credit=\"Kai-Uwe Adams\" srcset=\"https:\/\/www.hsu-hh.de\/tim\/wp-content\/uploads\/sites\/563\/2019\/03\/Ehls_color-200x300.jpg 200w, https:\/\/www.hsu-hh.de\/tim\/wp-content\/uploads\/sites\/563\/2019\/03\/Ehls_color-768x1152.jpg 768w, https:\/\/www.hsu-hh.de\/tim\/wp-content\/uploads\/sites\/563\/2019\/03\/Ehls_color-683x1024.jpg 683w\" sizes=\"auto, (max-width: 200px) 100vw, 200px\" \/><\/p>\n<p>&nbsp;<\/p>\n<p><strong>Postal adress:<\/strong><\/p>\n<p>Helmut-Schmidt-Universit\u00e4t &#8211; Universit\u00e4t der Bundeswehr Hamburg<br \/>\nProfessur f\u00fcr Betriebswirtschaftslehre, insbesondere Technologie- und Innovationsmanagement<br \/>\nHolstenhofweg 85<br \/>\n22043 Hamburg<\/p>\n<p><strong>Room:<\/strong> 2225<br \/>\n<strong>Phone:<\/strong> 040 \/ 6541-3735<br \/>\n<strong>E-Mail:<\/strong> daniel.ehls@hsu-hh.de<br \/>\nOffice\u00a0hours: by appointment<\/p>\n<p>&nbsp;<\/p>\n<p><strong>Research Interests<\/strong><\/p>\n<p>Innovation Management and Problem Solving in the Digitized Economy<\/p>\n<p>Distributed Processes such as Open- and User Innovation or External Search<\/p>\n<p>New Organizational Forms such as Communities or Crowd-based Innovation Models,<\/p>\n<p>Qualitative and Quantitative Empirical Studies, Preferred Experiments<\/p>\n<p>Interdisciplinary Work with Managerial Impact<\/p>\n<p>Exemplary two-minute animated video for digitization, openness, innovation and transformation of society: https:\/\/www.youtube.com\/watch?v=Kx4JITQaMas<\/p>\n<p>&nbsp;<\/p>\n<p><strong>Vita<\/strong><\/p>\n<p>02\/19 \u2013 today Senior Research Fellow, Institute of Technology and Innovation Management, Helmut-Schmidt-University \u2013 University of the Federal Armed Forces, Hamburg<\/p>\n<p>03\/17 \u2013 12\/18 Permanent Faculty Member for Innovation &amp; Entrepreneurship and Program Director <abbr title=\"Master of Science\">MSc.<\/abbr> \u2018Leadership for Digital Transformation\u2019, GISMA Business School, Hannover<\/p>\n<p>02\/11 \u2013 12\/18 Research Fellow, Institute for Technology and Innovation Management, Hamburg University of Technology, Hamburg<\/p>\n<p>01\/11 \u2013 03\/11 Coach for reintegration of disabled jobless persons, inab mbH des Berufsfortbildungswerkes, Hamburg<\/p>\n<p>12\/07 \u2013 12\/10 Management Consultant in Innovation Strategy and Product Development, Accenture <abbr title=\"Gesellschaft mit beschr\u00e4nkter Haftung\">GmbH<\/abbr>, Frankfurt am Main<\/p>\n<p>10\/02 \u2013 03\/08 Student in Engineering and Technology Management, University of Stuttgart, Stuttgart<\/p>\n<p>&nbsp;<\/p>\n<p><strong>Further Positions (Research, Teaching, Industry\/ Start-up)<\/strong><\/p>\n<p>Affiliated Researcher, Harvard University (Cambridge, MA, USA), Laboratory for Innovation Science at Harvard (LISH) https:\/\/lish.harvard.edu\/people\/daniel-ehls (2015 \u2013 today)<\/p>\n<p>Visiting Scholar, Tokyo Tech University (Tokyo, Japan), Domain Technology Management Strategy, Prof. Fujimura (2014)<\/p>\n<p>Lecturer: Maastricht School of Management (Maastricht, The Netherlands), University of Maastricht, University of Applied Science (Hamburg), Hamburg University of Technology (Hamburg)<\/p>\n<p>Advisory Board Member and Entrepreneurship Coach, Ideapeek, Hamburg, (2018 \u2013 today)<\/p>\n<p>&nbsp;<\/p>\n<p><strong>Grants and Awards<\/strong><\/p>\n<p>Best paper nomination Academy of Management 2020 (Ehls, D., Schorn, A., Herstatt, C. (2020): Experimental evidence on adoption bias and legitimacy strategies for pure user innovations. Academy of Management Best Paper Conference Proceedings, Vancouver, CA 2020)<\/p>\n<p>&nbsp;<\/p>\n<p>Post-doctoral Merit Scholarship of the German Academic Exchange Service for Visiting Harvard University (2015-2016)<\/p>\n<p>Grant of the Centre for Teaching and Learning, TUHH, for teaching Innovation (2016 and 2018)<\/p>\n<p>Ministry of Science and Research, Hamburg, accepted proposal of the Initiative to enable Research Excellence (together with Prof. Herstatt (TUHH), Prof. Spaeth (Hamburg University, Chair of Digital Markets), Prof. Koller (Helmut Schmidt University, Chair for Technology and Innovation Management) (2015-2017)<\/p>\n<p>Travel grant of the German Academic Exchange Service for visiting the Academy of Management conference in Philadelphia (USA) (2014)<\/p>\n<p>Promoting the Enhancement of Research Universities of Ministry of Education, Science and Technology, Japan, for visiting TokyoTech University (2014)<\/p>\n<p>&nbsp;<\/p>\n<p><strong>Publications<\/strong><\/p>\n<p>Books<\/p>\n<p>Herstatt, C., Ehls, D. (Editors): Open Source Innovation &#8211; The Phenomenon, Participant&#8217;s Behavior, Business Implication. Routeledge, 2015, 318 pages.<br \/>\nhttps:\/\/www.routledge.com\/Open-Source-Innovation-The-Phenomenon-Participants-Behaviour-Business\/Herstatt-Ehls\/p\/book\/9781138802025<\/p>\n<p>Ehls, D. (2013): Joining Decisions in Open Collaborative Innovation Communities: A Discrete Choice Study, Springer Gabler. (Doctoral dissertation)<br \/>\nhttp:\/\/www.springer.com\/us\/book\/9783658040635<\/p>\n<p>&nbsp;<\/p>\n<p><strong>Contributions with scientifc peer review (only full paper, starting from 2015)<\/strong><\/p>\n<p>Ehls, D., Polier, S., Herstatt, C. (2020): Reviewing the field of external knowledge search for innovation: theoretical underpinnings and future (re-)search directions. Journal of Product Innovation Management (early view). https:\/\/onlinelibrary.wiley.com\/doi\/full\/10.1111\/jpim.12549 (auch Academy of Management Conference, Atlanta, USA 2017, VHB Tie Tagung 2017, Innovation and Product Development Management Conference (IPDMC) Proceedings 2018)<\/p>\n<p>Ehls, D., Schorn, A., Herstatt, C. (2020): Experimental evidence on adoption bias and legitimacy strategies for pure user innovations. Academy of Management Best Paper Conference Proceedings, Vancouver, CA 2020 (also: Ehls, D., Schorn, A., Herstatt, C. (2020): Shining for investors but ugly in the general market: Experimental evidence on adoption bias and legitimacy strategies for user entrepreneurs. EGOS Conference 2020, Hamburg, Subtheme: Social Evaluations: The Good, The Bad, and The Ugly)<\/p>\n<p>Ehls, D., Stahlberg, N., Podleschny, N. (2020): Innovation Debates &#8211; Schreiben, diskutieren, lernen. Schreiblehrkonzepte an Hochschulen. LitKom 2020, Universit\u00e4t Bielefeld<\/p>\n<p>Eppinger, E., Ehls, D. (2020): A framework for analyzing technology ecosystems \u2013 adopting insight from biology. Managing Innovation in a Global and Digital World<\/p>\n<p>Ehls, D., Schorn, A., Herstatt, C. (2019): ADOPTION BIAS AND ITS MITIGATION PRACTICES FOR USER INNOVATED PRODUCTS: EXPERIMENTAL EVIDENCE FROM THE HOUSEHOLD SECTOR. VHB TIE Tagung 2019, 17th International Open and User Innovation Conference, 2019, Utrecht, The Netherlands)<\/p>\n<p>Polier, S., Ehls, D., Herstatt, C. (2018): The Field of External Search and the Search for External Knowledge: A Co-Citation Analysis. IPDMC Conference 2018 (also Academy of Management Conference Proceedings, Atlanta, USA 2017) https:\/\/journals.aom.org\/doi\/abs\/10.5465\/ambpp.2017.15127abstract<\/p>\n<p>Ehls, D. (2018), Open source project collapse \u2013 Sources and patterns of failure, VHB-Annual Meeting, TIE-Division, Hamburg<\/p>\n<p>Ehls, D., Lakhani, K. (in development): The Impact of Problem Formulation on Solving Performance and Organizational Learning (prior different version presented at Annual Meeting VHB TIE Division 2017)<\/p>\n<p>Eppinger, E., Ehls, D. (2017): Analyzing Technology Ecosystems \u2013 Adopting Insights from Biology. Annual Meeting VHB Sustainability Division (NAMA), Cologne<\/p>\n<p>Ehls, D. (2017): Open Source Project Collapse \u2013 Sources and Patterns of Failure. Proceedings of the 50th Hawaii International Conference on System Sciences (also Annual Meeting VHB TIE Division 2018) https:\/\/aisel.aisnet.org\/hicss-50\/os\/open_source\/3\/<\/p>\n<p>Ehls, D., Korreck, S., Jahn, R., Zeng, M., Heuschneider, S., Herstatt, C., Koller, H., Spaeth, S. (2016) Open Foresight: Exploiting Information from External Sources SSRN Paper ID 2764208 (prior versions IPDMC conference proceedings 2016)<\/p>\n<p>Ehls, D. (2015): Appropriating knowledge from external individuals in dyadic firm collaborations: Insights into success conditions. World Open Innovation Conference Proceedings, Santa Clara, CA<\/p>\n<p>Ehls, D. (2015): Trading-off the microfoundations of openness: Determinants of Participation Decisions in Open Innovation Initiatives. Proceedings of DRUID15. LUISS, Rome, Italy<br \/>\nhttp:\/\/druid8.sit.aau.dk\/druid\/acc_papers\/n4dd4icv1a9tygjng7aktns7rrv0.pdf<\/p>\n<p>Ehls, D. (2015): Specifying Foresight Capabilities as Driver for Organizational Change and New Product Development. IPDMC Conference Proceedings, Copenhagen, Denmark<\/p>\n<p>Further Contribution (popular press, media, symposia, <abbr title=\"et cetera\">etc.<\/abbr>)<\/p>\n<p>Ehls, D., Herstatt, C. (2019): Synergien folgen nicht automatisch. Review: Technologie- und Innovationsmanagement in Wissenschaftsmanagement 1\/2019<\/p>\n<p>Ehls, D., Gordon, A., Herstatt, C., Rohrbeck, R., (2018 Guest Editors): Strategic foresight in organisational theory and innovation management. IEEE Transactions on Engineering Management (Special Issue Call for Papers) http:\/\/www.ieee-tems.org\/call-for-papers-strategic-foresight-in-organizational-theory-and-innovation-management\/<\/p>\n<p>Ehls, D., Baer, M., Lakhani, K., Nickerson, J., Rullani, F., von Krogh, G.: Problem Formulation: Identification of the \u2018Right\u2019 Problem for Improved Innovative Performance (accepted PDW symposium at Academy of Management 2018, Chicago, USA 2018)<\/p>\n<p>Ehls, D. (2015): How does openness transform our workplace and even our life? Animated video available under: https:\/\/www.youtube.com\/watch?v=Kx4JITQaMas<\/p>\n<p>Lehnen, J., Ehls, D., Herstatt, C. (2015): Kundenorientierte Produktentwicklung \u2013 Vom qualifizierten Anwenderwissen der Lead User profitieren. Ideen- und Innovationsmanagement 41 (4), 138-141 http:\/\/www.ideenmanagementdigital.de\/Ideenmanagement.04.2015.138<\/p>\n","protected":false},"excerpt":{"rendered":"<p>&nbsp; Postal adress: Helmut-Schmidt-Universit\u00e4t &#8211; Universit\u00e4t der Bundeswehr Hamburg Professur f\u00fcr Betriebswirtschaftslehre, insbesondere Technologie- und Innovationsmanagement Holstenhofweg 85 22043 Hamburg Room: 2225 Phone: 040 \/ 6541-3735 E-Mail: daniel.ehls@hsu-hh.de Office\u00a0hours: by [&hellip;]<\/p>\n","protected":false},"author":296,"featured_media":0,"parent":0,"menu_order":0,"comment_status":"closed","ping_status":"closed","template":"","meta":{"footnotes":""},"categories":[7],"tags":[],"class_list":["post-1142","page","type-page","status-publish","hentry","category-research"],"_links":{"self":[{"href":"https:\/\/www.hsu-hh.de\/tim\/wp-json\/wp\/v2\/pages\/1142","targetHints":{"allow":["GET"]}}],"collection":[{"href":"https:\/\/www.hsu-hh.de\/tim\/wp-json\/wp\/v2\/pages"}],"about":[{"href":"https:\/\/www.hsu-hh.de\/tim\/wp-json\/wp\/v2\/types\/page"}],"author":[{"embeddable":true,"href":"https:\/\/www.hsu-hh.de\/tim\/wp-json\/wp\/v2\/users\/296"}],"replies":[{"embeddable":true,"href":"https:\/\/www.hsu-hh.de\/tim\/wp-json\/wp\/v2\/comments?post=1142"}],"version-history":[{"count":5,"href":"https:\/\/www.hsu-hh.de\/tim\/wp-json\/wp\/v2\/pages\/1142\/revisions"}],"predecessor-version":[{"id":1281,"href":"https:\/\/www.hsu-hh.de\/tim\/wp-json\/wp\/v2\/pages\/1142\/revisions\/1281"}],"wp:attachment":[{"href":"https:\/\/www.hsu-hh.de\/tim\/wp-json\/wp\/v2\/media?parent=1142"}],"wp:term":[{"taxonomy":"category","embeddable":true,"href":"https:\/\/www.hsu-hh.de\/tim\/wp-json\/wp\/v2\/categories?post=1142"},{"taxonomy":"post_tag","embeddable":true,"href":"https:\/\/www.hsu-hh.de\/tim\/wp-json\/wp\/v2\/tags?post=1142"}],"curies":[{"name":"wp","href":"https:\/\/api.w.org\/{rel}","templated":true}]}}