{"id":866,"date":"2018-01-15T12:46:36","date_gmt":"2018-01-15T11:46:36","guid":{"rendered":"https:\/\/www.hsu-hh.de\/ti\/?page_id=866"},"modified":"2018-01-15T12:46:36","modified_gmt":"2018-01-15T11:46:36","slug":"fragen-und-antworten","status":"publish","type":"page","link":"https:\/\/www.hsu-hh.de\/ti\/fragen-und-antworten","title":{"rendered":"Fragen und Antworten"},"content":{"rendered":"<p><strong>Was mu\u00df ich unternehmen, wenn ich im <abbr title=\"Personal Computer\">PC<\/abbr>-Pool arbeiten und die dortigen Ger\u00e4te nutzen m\u00f6chte?<\/strong><\/p>\n<p>Zur Nutzung des <abbr title=\"Personal Computer\">PC<\/abbr>-Pools (Geb\u00e4ude H1 Raum 1351) brauchen Sie eine g\u00fcltige Chipkarte zum \u00d6ffnen der Eingangst\u00fcr.<\/p>\n<p><strong>Wie melde ich mich an?<\/strong><\/p>\n<p>Nach dem Hochfahren des Rechners m\u00fcssen Sie sich mit Ihrem <abbr title=\"Personal Computer\">PC<\/abbr>-Pool-<abbr title=\"Elektrotechnik\">ET<\/abbr> -Account an der Dom\u00e4ne \u201e<abbr title=\"Elektrotechnik\">ET<\/abbr> -Pool\u201c anmelden. Mit der Anmeldung k\u00f6nnen Sie alle lokal und auf dem Server installierten Programme nutzen. Der Nutzername des <abbr title=\"Personal Computer\">PC<\/abbr>-Pool-<abbr title=\"Elektrotechnik\">ET<\/abbr>-Accounts ist identisch mit dem Nutzernamen des\u00a0<abbr title=\"Rechenzentrum\">RZ<\/abbr> -Accounts.<\/p>\n<p><strong>Welche Netzlaufwerke kann ich nutzen?<\/strong><\/p>\n<p>H: Ihr pers\u00f6nlicher Speicherbereich auf <abbr title=\"Rechenzentrum\">RZ<\/abbr>-Server (Filebox)<br \/>\nI: Institutsspeicherbereiche auf dem <abbr title=\"Elektrotechnik\">ET<\/abbr>-Pool-Server<\/p>\n<p><strong>Wo kann ich meine eigenen Dateien (Quelltexte, Dokumente, Bilder) speichern?<\/strong><\/p>\n<p>Ordner \u201eEigene Dateien\u201c Ihres Profils (max. 30 MB). Ihr Profil wird auf dem <abbr title=\"Elektrotechnik\">ET<\/abbr>-Pool-Server dauerhaft gespeichert und durch Backup gesichert.<br \/>\nHome-Laufwerk H: (z.Zt. Stud. 150 MB, Mitarb. 500 MB)<br \/>\nEigene Speichermedien (USB-Stick, Diskette, CD\/DVD)<br \/>\nAuf den lokalen Bereichen C:Temp und D: sollen ausschlie\u00dflich tempor\u00e4re Dateien gespeichert werden, da diese bei jedem Neustart gel\u00f6scht werden.<\/p>\n<p><strong>Was muss ich tun, wenn beim Anmelden das Netzwerk nicht verf\u00fcgbar war?<\/strong><\/p>\n<p>Wiederholen Sie den Anmeldevorgang nach ca. 1 Minute.<\/p>\n<p><strong>Wie ist es m\u00f6glich, \u00fcber das Studentennetzwerk auf die auf dem Server des Rechenzentrums gespeicherten Daten zuzugreifen?<\/strong><\/p>\n<p>Der Zugriff ist \u00fcber WEB-Pack oder die Filebox m\u00f6glich. N\u00e4heres erfahren Sie beim Rechenzentrum.<\/p>\n<p><strong>Wie komme ich ins Internet?<\/strong><\/p>\n<p>Nutzen Sie den Browser und f\u00fchren Sie die vom Rechenzentrum vorgesehene Freischaltungsprozedur durch.<\/p>\n<p><strong>Wie kann ich meine Dokumente auf dem <abbr title=\"Personal Computer\">PC<\/abbr>-Pool-Drucker ausdrucken?<\/strong><\/p>\n<p>Verwenden Sie den vorinstallierten Netzwerk-Drucker.<\/p>\n<p><strong>Wer ist der <abbr title=\"Personal Computer\">PC<\/abbr>-Pool-Beauftragte und wie erreiche ich ihn?<\/strong><\/p>\n<p>Sie k\u00f6nnen alle Mitarbeiter der Professur Technische Informatik ansprechen.<\/p>\n<p><strong>Hardware-Probleme<\/strong><\/p>\n<p>F\u00fcr die im <abbr title=\"Personal Computer\">PC<\/abbr>-Pool verwendeten Systeme sind Servicevertr\u00e4ge abgeschlossen worden. Wenn sie ein abnormales Verhalten bei der Nutzung Ihres Rechners feststellen, dann informieren Sie bitte unter Angabe des Rechnernamens (Aufkleber auf der R\u00fcckseite des Monitors) den <abbr title=\"Personal Computer\">PC<\/abbr>-Pool-Beauftragten. Merkmale f\u00fcr auff\u00e4lliges Verhalten sind <abbr title=\"unter anderem\">u.a.<\/abbr>: Starke Ger\u00e4usche, Geruchsentwicklungen, Systemabst\u00fcrze, Bildschirmverzerrungen, Probleme beim Booten, Ger\u00e4te- oder Netzwerkausfall.<\/p>\n<p><strong>Software-Probleme<\/strong><\/p>\n<p>Falls bei der Ausf\u00fchrung von Programmen Probleme auftreten, wenden Sie sich bitte an den <abbr title=\"Personal Computer\">PC<\/abbr>-Pool-Beauftragten.<\/p>\n<p><strong>Sicherheit<\/strong><\/p>\n<p>Das System ist mechanisch und elektronisch gegen Diebstahl und durch geeignete Gruppenrichtlinien gegen Fehlbedienung gesichert. Sie sind selbst daf\u00fcr verantwortlich, dass Ihre Passw\u00f6rter nicht missbr\u00e4uchlich genutzt werden k\u00f6nnen. Speichern Sie daher Ihre Passw\u00f6rter keinesfalls auf dem Rechner oder in Kennwortlisten. Autorisieren Sie sich nie auf Ihnen unbekannten und nicht zertifizierten Seiten im Netz!<\/p>\n<p><strong>Drucken<\/strong><\/p>\n<p>Der eingerichtete Druckdienst ist f\u00fcr die Nutzung im Zusammenhang mit den im <abbr title=\"Personal Computer\">PC<\/abbr>-Pool stattfindenden Lehrveranstaltungen gedacht. Nutzen Sie die Ihnen anvertrauten Ressourcen sorgsam. Falls Druckprobleme auftreten sollten (Papierstau), wenden Sie auf keinen Fall Gewalt an! Verwenden Sie nur relativ hochwertiges Papier, bedrucken Sie keine Seiten mehrfach und ber\u00fchren Sie niemals die Fixiereinheit. Die Lebensdauer des Druckers und die zuk\u00fcnftige Druckqualit\u00e4t sind ma\u00dfgeblich von Ihrem Verhalten abh\u00e4ngig. Bei auftretenden Problemen wenden Sie sich an den <abbr title=\"Personal Computer\">PC<\/abbr>-Pool-Beauftragten.<\/p>\n","protected":false},"excerpt":{"rendered":"<p>Was mu\u00df ich unternehmen, wenn ich im PC-Pool arbeiten und die dortigen Ger\u00e4te nutzen m\u00f6chte? Zur Nutzung des PC-Pools (Geb\u00e4ude H1 Raum 1351) brauchen Sie eine g\u00fcltige Chipkarte zum \u00d6ffnen [&hellip;]<\/p>\n","protected":false},"author":53,"featured_media":0,"parent":0,"menu_order":0,"comment_status":"closed","ping_status":"closed","template":"","meta":{"footnotes":""},"categories":[],"tags":[],"class_list":["post-866","page","type-page","status-publish","hentry"],"_links":{"self":[{"href":"https:\/\/www.hsu-hh.de\/ti\/wp-json\/wp\/v2\/pages\/866","targetHints":{"allow":["GET"]}}],"collection":[{"href":"https:\/\/www.hsu-hh.de\/ti\/wp-json\/wp\/v2\/pages"}],"about":[{"href":"https:\/\/www.hsu-hh.de\/ti\/wp-json\/wp\/v2\/types\/page"}],"author":[{"embeddable":true,"href":"https:\/\/www.hsu-hh.de\/ti\/wp-json\/wp\/v2\/users\/53"}],"replies":[{"embeddable":true,"href":"https:\/\/www.hsu-hh.de\/ti\/wp-json\/wp\/v2\/comments?post=866"}],"version-history":[{"count":1,"href":"https:\/\/www.hsu-hh.de\/ti\/wp-json\/wp\/v2\/pages\/866\/revisions"}],"predecessor-version":[{"id":867,"href":"https:\/\/www.hsu-hh.de\/ti\/wp-json\/wp\/v2\/pages\/866\/revisions\/867"}],"wp:attachment":[{"href":"https:\/\/www.hsu-hh.de\/ti\/wp-json\/wp\/v2\/media?parent=866"}],"wp:term":[{"taxonomy":"category","embeddable":true,"href":"https:\/\/www.hsu-hh.de\/ti\/wp-json\/wp\/v2\/categories?post=866"},{"taxonomy":"post_tag","embeddable":true,"href":"https:\/\/www.hsu-hh.de\/ti\/wp-json\/wp\/v2\/tags?post=866"}],"curies":[{"name":"wp","href":"https:\/\/api.w.org\/{rel}","templated":true}]}}