{"id":846,"date":"2018-01-15T12:31:20","date_gmt":"2018-01-15T11:31:20","guid":{"rendered":"https:\/\/www.hsu-hh.de\/ti\/?page_id=846"},"modified":"2019-02-27T08:06:25","modified_gmt":"2019-02-27T07:06:25","slug":"hptm-detlef-thomsen","status":"publish","type":"page","link":"https:\/\/www.hsu-hh.de\/ti\/en\/hptm-detlef-thomsen","title":{"rendered":"Hptm Detlef Thomsen"},"content":{"rendered":"<div class=\"ansprechparter-container\">\n<div class=\"row ansprechpartner-item ansprechparter-header\">\n<div class=\"col-xs-8 col-lg-12\" style=\"margin-bottom: 30px\">\n<div class=\"mobile-small\"><\/div>\n<\/div>\n<div class=\"col-md-4 col-lg-3 col-xs-4 ansprechpartner-item floatright img-circle center-block\" style=\"margin-bottom: 30px\">\n<div class=\"img-responsive-wrapper\"><a href=\"https:\/\/www.hsu-hh.de\/ti\/dthomsen_i2\"><img loading=\"lazy\" decoding=\"async\" class=\"alignnone wp-image-375\" src=\"https:\/\/www.hsu-hh.de\/ti\/wp-content\/uploads\/sites\/721\/2017\/02\/DThomsen_i2-210x300.jpg\" alt=\"Detlef\" width=\"172\" height=\"246\" srcset=\"https:\/\/www.hsu-hh.de\/ti\/wp-content\/uploads\/sites\/721\/2017\/02\/DThomsen_i2-210x300.jpg 210w, https:\/\/www.hsu-hh.de\/ti\/wp-content\/uploads\/sites\/721\/2017\/02\/DThomsen_i2.jpg 241w\" sizes=\"auto, (max-width: 172px) 100vw, 172px\" \/><\/a><\/div>\n<\/div>\n<div class=\"col-md-12 col-lg-3 col-xs-12 ansprechpartner-item kontakt floatright\" style=\"margin-bottom: 30px\">\n<div class=\"row\">\n<div class=\"col-xs-12 col-sm-6 col-lg-12\">\n<div class=\"row\">\n<div class=\"col-xs-12 col-lg-4 row-text bold\">Room:<\/div>\n<div class=\"col-xs-12 col-lg-8 row-text\">203<\/div>\n<\/div>\n<\/div>\n<div class=\"col-xs-12 col-sm-6 col-lg-12\">\n<div class=\"row\">\n<div class=\"col-xs-12 col-lg-4 row-text bold\">Phone:<\/div>\n<div class=\"col-xs-12 col-lg-8 row-text\">(040) 6541-2759<\/div>\n<\/div>\n<\/div>\n<div class=\"col-xs-12 col-sm-6 col-lg-12\">\n<div class=\"row\">\n<div class=\"col-xs-12 col-lg-4 row-text bold\">Fax:<\/div>\n<div class=\"col-xs-12 col-lg-8 row-text\">(040) 6541-2894<\/div>\n<\/div>\n<\/div>\n<div class=\"col-xs-12 col-sm-6 col-lg-12\">\n<div class=\"row\">\n<div class=\"col-xs-12 col-md-12 row-text\"><\/div>\n<\/div>\n<\/div>\n<\/div>\n<\/div>\n<div class=\"col-md-6 col-lg-3 col-xs-12 ansprechpartner-item anschrift floatright\">\n<div class=\"row-headline\">For Guests<\/div>\n<div class=\"row-text\">Helmut-Schmidt-Universit\u00e4t<\/div>\n<div class=\"row-text\">Geb\u00e4ude H11<\/div>\n<div class=\"row-text\">Holstenhofweg 85<\/div>\n<div class=\"row-text\">22043 Hamburg<\/div>\n<\/div>\n<div class=\"col-md-6 col-lg-3 col-xs-12 ansprechpartner-item anschrift floatright\">\n<div class=\"row-headline\">Adress<\/div>\n<div class=\"row-text\">Helmut-Schmidt-Universit\u00e4t \/<br \/>\nUniversity of the Federal<br \/>\nArmed Forces Hamburg<br \/>\nD-22039 Hamburg<\/div>\n<\/div>\n<\/div>\n<\/div>\n<div class=\"clearfix\"><\/div>\n","protected":false},"excerpt":{"rendered":"<p>Room: 203 Phone: (040) 6541-2759 Fax: (040) 6541-2894 For Guests Helmut-Schmidt-Universit\u00e4t Geb\u00e4ude H11 Holstenhofweg 85 22043 Hamburg Adress Helmut-Schmidt-Universit\u00e4t \/ University of the Federal Armed Forces Hamburg D-22039 Hamburg<\/p>\n","protected":false},"author":53,"featured_media":0,"parent":0,"menu_order":0,"comment_status":"closed","ping_status":"closed","template":"","meta":{"footnotes":""},"categories":[],"tags":[],"class_list":["post-846","page","type-page","status-publish","hentry"],"_links":{"self":[{"href":"https:\/\/www.hsu-hh.de\/ti\/wp-json\/wp\/v2\/pages\/846","targetHints":{"allow":["GET"]}}],"collection":[{"href":"https:\/\/www.hsu-hh.de\/ti\/wp-json\/wp\/v2\/pages"}],"about":[{"href":"https:\/\/www.hsu-hh.de\/ti\/wp-json\/wp\/v2\/types\/page"}],"author":[{"embeddable":true,"href":"https:\/\/www.hsu-hh.de\/ti\/wp-json\/wp\/v2\/users\/53"}],"replies":[{"embeddable":true,"href":"https:\/\/www.hsu-hh.de\/ti\/wp-json\/wp\/v2\/comments?post=846"}],"version-history":[{"count":3,"href":"https:\/\/www.hsu-hh.de\/ti\/wp-json\/wp\/v2\/pages\/846\/revisions"}],"predecessor-version":[{"id":1118,"href":"https:\/\/www.hsu-hh.de\/ti\/wp-json\/wp\/v2\/pages\/846\/revisions\/1118"}],"wp:attachment":[{"href":"https:\/\/www.hsu-hh.de\/ti\/wp-json\/wp\/v2\/media?parent=846"}],"wp:term":[{"taxonomy":"category","embeddable":true,"href":"https:\/\/www.hsu-hh.de\/ti\/wp-json\/wp\/v2\/categories?post=846"},{"taxonomy":"post_tag","embeddable":true,"href":"https:\/\/www.hsu-hh.de\/ti\/wp-json\/wp\/v2\/tags?post=846"}],"curies":[{"name":"wp","href":"https:\/\/api.w.org\/{rel}","templated":true}]}}