{"id":831,"date":"2018-01-15T12:22:33","date_gmt":"2018-01-15T11:22:33","guid":{"rendered":"https:\/\/www.hsu-hh.de\/ti\/?page_id=831"},"modified":"2018-01-15T12:22:33","modified_gmt":"2018-01-15T11:22:33","slug":"prof-dr-ing-hans-christoph-zeidler","status":"publish","type":"page","link":"https:\/\/www.hsu-hh.de\/ti\/prof-dr-ing-hans-christoph-zeidler","title":{"rendered":"Prof. Dr.-Ing. Hans-Christoph Zeidler"},"content":{"rendered":"<div class=\"content-block3\">\n<p><strong>Postanschrift<\/strong><\/p>\n<p>Helmut-Schmidt-Universit\u00e4t<br \/>\nFakult\u00e4t f\u00fcr Elektrotechnik<br \/>\nTechnische Informatik<br \/>\nPostfach 70 08 22<br \/>\n22008 Hamburg<\/p>\n<p>&nbsp;<\/p>\n<\/div>\n<div class=\"content-block3\">\n<p><a href=\"https:\/\/www.hsu-hh.de\/ti\/zeidler\"><img loading=\"lazy\" decoding=\"async\" class=\"alignnone  wp-image-533\" src=\"https:\/\/www.hsu-hh.de\/ti\/wp-content\/uploads\/sites\/721\/2017\/02\/Zeidler-200x300.jpg\" alt=\"Zeidler\" width=\"181\" height=\"272\" srcset=\"https:\/\/www.hsu-hh.de\/ti\/wp-content\/uploads\/sites\/721\/2017\/02\/Zeidler-200x300.jpg 200w, https:\/\/www.hsu-hh.de\/ti\/wp-content\/uploads\/sites\/721\/2017\/02\/Zeidler-768x1152.jpg 768w, https:\/\/www.hsu-hh.de\/ti\/wp-content\/uploads\/sites\/721\/2017\/02\/Zeidler-682x1024.jpg 682w\" sizes=\"auto, (max-width: 181px) 100vw, 181px\" \/><\/a><\/p>\n<\/div>\n","protected":false},"excerpt":{"rendered":"<p>Postanschrift Helmut-Schmidt-Universit\u00e4t Fakult\u00e4t f\u00fcr Elektrotechnik Technische Informatik Postfach 70 08 22 22008 Hamburg &nbsp;<\/p>\n","protected":false},"author":53,"featured_media":0,"parent":0,"menu_order":0,"comment_status":"closed","ping_status":"closed","template":"","meta":{"footnotes":""},"categories":[],"tags":[],"class_list":["post-831","page","type-page","status-publish","hentry"],"_links":{"self":[{"href":"https:\/\/www.hsu-hh.de\/ti\/wp-json\/wp\/v2\/pages\/831","targetHints":{"allow":["GET"]}}],"collection":[{"href":"https:\/\/www.hsu-hh.de\/ti\/wp-json\/wp\/v2\/pages"}],"about":[{"href":"https:\/\/www.hsu-hh.de\/ti\/wp-json\/wp\/v2\/types\/page"}],"author":[{"embeddable":true,"href":"https:\/\/www.hsu-hh.de\/ti\/wp-json\/wp\/v2\/users\/53"}],"replies":[{"embeddable":true,"href":"https:\/\/www.hsu-hh.de\/ti\/wp-json\/wp\/v2\/comments?post=831"}],"version-history":[{"count":1,"href":"https:\/\/www.hsu-hh.de\/ti\/wp-json\/wp\/v2\/pages\/831\/revisions"}],"predecessor-version":[{"id":832,"href":"https:\/\/www.hsu-hh.de\/ti\/wp-json\/wp\/v2\/pages\/831\/revisions\/832"}],"wp:attachment":[{"href":"https:\/\/www.hsu-hh.de\/ti\/wp-json\/wp\/v2\/media?parent=831"}],"wp:term":[{"taxonomy":"category","embeddable":true,"href":"https:\/\/www.hsu-hh.de\/ti\/wp-json\/wp\/v2\/categories?post=831"},{"taxonomy":"post_tag","embeddable":true,"href":"https:\/\/www.hsu-hh.de\/ti\/wp-json\/wp\/v2\/tags?post=831"}],"curies":[{"name":"wp","href":"https:\/\/api.w.org\/{rel}","templated":true}]}}