{"id":512,"date":"2017-10-06T09:47:53","date_gmt":"2017-10-06T07:47:53","guid":{"rendered":"https:\/\/www.hsu-hh.de\/ti\/?page_id=512"},"modified":"2017-11-09T14:22:05","modified_gmt":"2017-11-09T13:22:05","slug":"isa","status":"publish","type":"page","link":"https:\/\/www.hsu-hh.de\/ti\/isa","title":{"rendered":"ISA"},"content":{"rendered":"<p><strong>Dozent:<\/strong> Prof. <abbr title=\"Doktor\">Dr.<\/abbr> Bernd Klauer, Modulangebot (2VL) gemeinsam mit Prof. <abbr title=\"Doktor\">Dr.<\/abbr> Holger G\u00f6bel<\/p>\n<p><strong>Studiengang:<\/strong> <abbr title=\"Wirtschafts- und Organisationswissenschaften\">WOW<\/abbr> und P\u00c4D<\/p>\n<p><strong>Literatur:<\/strong><\/p>\n<p style=\"padding-left: 30px\">Ceruzi, Eine kleine Geschichte der EDV, MIT press, 2002, <abbr title=\"International Standard Book Number\">ISBN<\/abbr>: 3-8266-0953-0<\/p>\n<p><strong>Inhalt\/Beschreibung:<\/strong><\/p>\n<p style=\"padding-left: 30px\"><strong><em>Anwendungsbeispiele der modernen Elektrotechnik Teil II, Vom Abakus zum Supercomputer<\/em><\/strong><\/p>\n<p style=\"padding-left: 30px\"><strong><em>Eine Einf\u00fchrung in die moderne Rechnerarchitektur<\/em><\/strong><\/p>\n<p style=\"padding-left: 30px\">Die ersten elektronischen Rechenanlagen waren vereinzelte monolithische Gebilde, die von einer Vielzahl von Anwendern zur Berechnung von Problemen genutzt wurden. Mit dem Aufkommen der ersten Personal Computer gegen Ende der siebziger Jahre stellte sich ein ausgewogenes Verh\u00e4ltnis von Anwendern und Computern ein. Heute spricht man vom Ubiquitious Computing \u2013 Rechner sind dort, wo die zu berechnenden Probleme sind: Im Auto, im Mobiltelefon, in der digitalen Videocamera und vielen anderen technischen Ger\u00e4ten. Sie umgeben den einzelnen Anwender in einer Vielzahl.<br \/>\nDie Veranstaltung soll den Studentinnen und Studenten der gesellschaftswissenschaftlichen Studieng\u00e4nge und <abbr title=\"Wirtschafts- und Organisationswissenschaften\">WOW<\/abbr> Grundlagen der Rechnerarchitektur vermitteln. Mit den Metriken zur Leistungsbewertung soll die F\u00e4higkeit erlangt werden, den allgegenw\u00e4rtigen Rechner (ubiquitious Computer) in seinen grundlegenden Mechanismen, seiner Wirkungsweise und in seiner Leistungsf\u00e4higkeit zu verstehen. Zudem soll die F\u00e4higkeit erlangt werden Rechnerarbeitspl\u00e4tze problembezogen zu strukturieren und zu bewerten.<\/p>\n","protected":false},"excerpt":{"rendered":"<p>Dozent: Prof. Dr. Bernd Klauer, Modulangebot (2VL) gemeinsam mit Prof. Dr. Holger G\u00f6bel Studiengang: WOW und P\u00c4D Literatur: Ceruzi, Eine kleine Geschichte der EDV, MIT press, 2002, ISBN: 3-8266-0953-0 Inhalt\/Beschreibung: [&hellip;]<\/p>\n","protected":false},"author":53,"featured_media":0,"parent":0,"menu_order":0,"comment_status":"closed","ping_status":"closed","template":"","meta":{"footnotes":""},"categories":[],"tags":[],"class_list":["post-512","page","type-page","status-publish","hentry"],"_links":{"self":[{"href":"https:\/\/www.hsu-hh.de\/ti\/wp-json\/wp\/v2\/pages\/512","targetHints":{"allow":["GET"]}}],"collection":[{"href":"https:\/\/www.hsu-hh.de\/ti\/wp-json\/wp\/v2\/pages"}],"about":[{"href":"https:\/\/www.hsu-hh.de\/ti\/wp-json\/wp\/v2\/types\/page"}],"author":[{"embeddable":true,"href":"https:\/\/www.hsu-hh.de\/ti\/wp-json\/wp\/v2\/users\/53"}],"replies":[{"embeddable":true,"href":"https:\/\/www.hsu-hh.de\/ti\/wp-json\/wp\/v2\/comments?post=512"}],"version-history":[{"count":4,"href":"https:\/\/www.hsu-hh.de\/ti\/wp-json\/wp\/v2\/pages\/512\/revisions"}],"predecessor-version":[{"id":744,"href":"https:\/\/www.hsu-hh.de\/ti\/wp-json\/wp\/v2\/pages\/512\/revisions\/744"}],"wp:attachment":[{"href":"https:\/\/www.hsu-hh.de\/ti\/wp-json\/wp\/v2\/media?parent=512"}],"wp:term":[{"taxonomy":"category","embeddable":true,"href":"https:\/\/www.hsu-hh.de\/ti\/wp-json\/wp\/v2\/categories?post=512"},{"taxonomy":"post_tag","embeddable":true,"href":"https:\/\/www.hsu-hh.de\/ti\/wp-json\/wp\/v2\/tags?post=512"}],"curies":[{"name":"wp","href":"https:\/\/api.w.org\/{rel}","templated":true}]}}