{"id":485,"date":"2017-10-06T09:02:39","date_gmt":"2017-10-06T07:02:39","guid":{"rendered":"https:\/\/www.hsu-hh.de\/ti\/?page_id=485"},"modified":"2017-11-21T07:52:24","modified_gmt":"2017-11-21T06:52:24","slug":"informatik-fuer-ingenieure","status":"publish","type":"page","link":"https:\/\/www.hsu-hh.de\/ti\/informatik-fuer-ingenieure","title":{"rendered":"Lehrangebot im Bereich der Bachelorstudieng\u00e4nge"},"content":{"rendered":"<h3>Modul Informatik f\u00fcr Ingenieure A (2 Vorlesungen)&#8220; class=&#8220;<\/h3>\n<p>Der Modul Informatik f\u00fcr Ingenieure A geh\u00f6rt zu den Pflichtveranstaltungen der Bachelor-Studieng\u00e4nge in der Elektrotechnik und des Wirtschaftsingenieurwesens. Er besteht aus zwei Vorlesungen zu denen jeweils eine \u00dcbung angeboten wird. Inhaltlich werden die Bereiche aus den Grundlagen der Informatik behandelt, die f\u00fcr ein ingenieurwissenschaftliches Studium von besonderer Bedeutung sind. Im Fokus stehen dabei die folgenden Themen:<\/p>\n<ul>\n<li>Aufbau und Wirkungsweise eines Digitalrechners<\/li>\n<li>Programmierung in der Programmiersprache C<\/li>\n<li>Grundlegende Datenstrukturen und Algorithmen<\/li>\n<li>Grundlagen des digitalen Rechnens<\/li>\n<li>Aufbau und Wirkungsweise eines Betriebssystems<\/li>\n<\/ul>\n<p>&nbsp;<\/p>\n<p>Im Teil I des Moduls liegt der Schwerpunkt auf dem Verst\u00e4ndnis der Grundstrukturen eines Rechners und seiner Programmierung. In wesentlichen Teilen der Vorlesung und in der Programmier\u00fcbung wird die Programmiersprache C gelehrt und verwendet. Aus der Programmiersprache C leiten sich viele moderne Programmiersprachen, wie <abbr title=\"zum Beispiel\">z.B.<\/abbr> C++, C# und Java ab. Sie bildet zudem die Grundlage vieler Sprachen, die im Bereich ingenieurwissenschaftlicher Anwendungen wie <abbr title=\"zum Beispiel\">z.B.<\/abbr> MathLab eingesetzt werden.<\/p>\n<p>Im zweiten Teil des Moduls wird dann der Bereich Datenstrukturen und Algorithmen, der Informationstheorie und Zahlendarstellung und der Betriebssysteme vermittelt.<\/p>\n<h3>Modul Informatik f\u00fcr Ingenieure B (2 Vorlesungen)<\/h3>\n<p>Der Modul Informatik f\u00fcr Ingenieure B geh\u00f6rt zu den Pflichtveranstaltungen der Bachelor Studieng\u00e4nge in der Elektrotechnik. Er besteht aus den Veranstaltungen Informatik f\u00fcr Ingenieure B I und Informatik f\u00fcr Ingenieure B II.\u00a0 Aufbauend auf den Grundlagen, die im Modul Informatik f\u00fcr Ingenieure A vermittelt wurden, vertieft dieser Modul zun\u00e4chst in der Vorlesung Informatik f\u00fcr Ingenieure B I die Kenntnisse im Bereich der Hardware. Beginnend mit einer kurzen Wiederholung \u00fcber den Aufbau und die Wirkungsweise des von-Neumann-Rechners werden dessen Komponenten \u00fcber verschiedene Abstraktionsebenen bis zur Transistorebene vertieft. Inhalt der Vorlesung Informatik f\u00fcr Ingenieure B II sind moderne Entwurfsmethoden f\u00fcr digitale Systeme und Synthesealgorithmen. Ziel der \u00dcbung ist dann der Entwurf eines Rechners mit modernen Systhesewerkzeugen. Beginnend mit der Beschreibungssprache VHDL wird der Entwurf eines Mikroprozessors bis zu dessen Implementierung auf einer konfigurierbaren integrierten Schaltung (FPGA) durchgef\u00fchrt.<\/p>\n<p>Zum Modellieren und Ausprobieren logischer Schaltungen stellt die Technische Informatik der HSU die Dateien und Dokumentation f\u00fcr Logiflash zum Download zur Verf\u00fcgung:<\/p>\n<p><a href=\"http:\/\/tiweb.hsu-hh.de\/LogiFlash\/\" rel='nofollow'>http:\/\/tiweb.hsu-hh.de\/LogiFlash\/<\/a><\/p>\n<p>Der Editor kann auch ohne vorherigen Download unter folgendem Link aufgerufen werden:<\/p>\n<p><a href=\"http:\/\/www.ti.cs.uni-frankfurt.de\/wwr\/LogiFlash.swf\" rel='nofollow'>http:\/\/www.ti.cs.uni-frankfurt.de\/wwr\/LogiFlash.swf<\/a><\/p>\n<hr \/>\n<h3>Informationstechnisches Projekt&#8220; class=&#8220;out<\/h3>\n<p><strong>Dozent:<\/strong> Prof. <abbr title=\"Doktor\">Dr.<\/abbr> phil. nat. Bernd Klauer<\/p>\n<p><strong>Studiengang:<\/strong> <abbr title=\"Elektrotechnik\">ET<\/abbr> und <abbr title=\"Wirtschaftsingenieurwesen\">WI<\/abbr><\/p>\n<p><strong>Raum:<\/strong> <abbr title=\"Personal Computer\">PC<\/abbr> Pool<\/p>\n<p><strong>Termin:<\/strong> Fr\u00fchjahrstrimester<\/p>\n<p><strong>Literatur:<\/strong><\/p>\n<p>Die Professur Technische Informatik beteiligt sich mit einem eigenen Teil am Informationstechnischem Projekt.<\/p>\n<p>In diesem Teil programmieren die Studierenden einen unter Linux laufenden Lego Mindstorm EV3 Roboter. Dazu stellt die Professur eine C Library zur Verf\u00fcgung um von Elementen die erst im Masterstudium gelehrt werden zu abstrahieren.<\/p>\n<p>Die Beschreibung dieser Library finden sie unter: https:\/\/tiweb.hsu-hh.de\/ITPlib<\/p>\n","protected":false},"excerpt":{"rendered":"<p>Modul Informatik f\u00fcr Ingenieure A (2 Vorlesungen)&#8220; class=&#8220; Der Modul Informatik f\u00fcr Ingenieure A geh\u00f6rt zu den Pflichtveranstaltungen der Bachelor-Studieng\u00e4nge in der Elektrotechnik und des Wirtschaftsingenieurwesens. Er besteht aus zwei [&hellip;]<\/p>\n","protected":false},"author":53,"featured_media":0,"parent":0,"menu_order":0,"comment_status":"closed","ping_status":"closed","template":"","meta":{"footnotes":""},"categories":[],"tags":[],"class_list":["post-485","page","type-page","status-publish","hentry"],"_links":{"self":[{"href":"https:\/\/www.hsu-hh.de\/ti\/wp-json\/wp\/v2\/pages\/485","targetHints":{"allow":["GET"]}}],"collection":[{"href":"https:\/\/www.hsu-hh.de\/ti\/wp-json\/wp\/v2\/pages"}],"about":[{"href":"https:\/\/www.hsu-hh.de\/ti\/wp-json\/wp\/v2\/types\/page"}],"author":[{"embeddable":true,"href":"https:\/\/www.hsu-hh.de\/ti\/wp-json\/wp\/v2\/users\/53"}],"replies":[{"embeddable":true,"href":"https:\/\/www.hsu-hh.de\/ti\/wp-json\/wp\/v2\/comments?post=485"}],"version-history":[{"count":32,"href":"https:\/\/www.hsu-hh.de\/ti\/wp-json\/wp\/v2\/pages\/485\/revisions"}],"predecessor-version":[{"id":813,"href":"https:\/\/www.hsu-hh.de\/ti\/wp-json\/wp\/v2\/pages\/485\/revisions\/813"}],"wp:attachment":[{"href":"https:\/\/www.hsu-hh.de\/ti\/wp-json\/wp\/v2\/media?parent=485"}],"wp:term":[{"taxonomy":"category","embeddable":true,"href":"https:\/\/www.hsu-hh.de\/ti\/wp-json\/wp\/v2\/categories?post=485"},{"taxonomy":"post_tag","embeddable":true,"href":"https:\/\/www.hsu-hh.de\/ti\/wp-json\/wp\/v2\/tags?post=485"}],"curies":[{"name":"wp","href":"https:\/\/api.w.org\/{rel}","templated":true}]}}