{"id":338,"date":"2017-09-14T11:33:35","date_gmt":"2017-09-14T09:33:35","guid":{"rendered":"https:\/\/www.hsu-hh.de\/ti\/?page_id=338"},"modified":"2018-05-25T07:39:15","modified_gmt":"2018-05-25T05:39:15","slug":"impressium","status":"publish","type":"page","link":"https:\/\/www.hsu-hh.de\/ti\/impressium","title":{"rendered":"Impressum"},"content":{"rendered":"<p>Angaben gem. \u00a7 5 Telemediengesetz<\/p>\n<p>Herausgeber<br \/>\nHelmut-Schmidt-Universit\u00e4t<br \/>\nUniversit\u00e4t der Bundeswehr Hamburg<br \/>\nHolstenhofweg 85<br \/>\n22043 Hamburg<\/p>\n<p>Telefon<br \/>\n(040) 6541-3380<\/p>\n<p>Telefax<br \/>\n(040) 6541-2894<\/p>\n<p>E-Mail<br \/>\nbernd.klauer@hsu-hh.de<\/p>\n<p>Gesetzlicher Vertreter<br \/>\nDer Pr\u00e4sident<br \/>\n<abbr title=\"Universit\u00e4tsprofessor\">Univ.-Prof.<\/abbr> <abbr title=\"Doktor\">Dr.<\/abbr> <abbr title=\"rerum\">rer.<\/abbr> <abbr title=\"politicarum\">pol.<\/abbr> Klaus Beckmann<\/p>\n<p>Inhaltlich Verantwortliche gem\u00e4\u00df \u00a7 7 Telemediengesetz<br \/>\nsind auf den einzelnen Seiten gesondert benannt.<\/p>\n<p>Herausgeber<\/p>\n<p>Helmut-Schmidt-Universit\u00e4t<br \/>\nUniversit\u00e4t der Bundeswehr Hamburg<br \/>\nDer Pr\u00e4sident<br \/>\n<abbr title=\"Universit\u00e4tsprofessor\">Univ.-Prof.<\/abbr> <abbr title=\"Doktor\">Dr.<\/abbr> <abbr title=\"rerum\">rer.<\/abbr> <abbr title=\"politicarum\">pol.<\/abbr> Klaus Beckmann<br \/>\nTelefon (040) 6541-2700<br \/>\nTelefax (040) 6541-2702<\/p>\n<p>Umsatzsteuer-Identifikationsnummer<\/p>\n<p>DE 243036645<\/p>\n<p>Redaktion<\/p>\n<p>Pressestelle<br \/>\nDietmar Strey<br \/>\nTel.: (040) 6541-2774<br \/>\nFax: (040) 6541-2834<br \/>\nE-Mail: pressestelle@hsu-hh.de<\/p>\n<p>Haftungsausschluss<\/p>\n<p>Trotz sorgf\u00e4ltiger inhaltlicher Kontrolle \u00fcbernehmen wir keine Haftung f\u00fcr die Richtigkeit, Vollst\u00e4ndigkeit und Aktualit\u00e4t unserer Webseiten sowie f\u00fcr die Inhalte externer Links. F\u00fcr den Inhalt der verlinkten Seiten sind ausschlie\u00dflich deren Betreiber verantwortlich.<\/p>\n<p>Urheberrechtsvermerk<\/p>\n<p>Das Layout, s\u00e4mtliche Grafiken und Fotos sowie die Textbeitr\u00e4ge sind urheberrechtlich gesch\u00fctzt. Es gelten die gesetzlichen Bestimmungen. \u00c4nderungen d\u00fcrfen nicht vorgenommen werden. Bei Anfragen wenden Sie sich an den auf den jeweiligen Seiten erkenntlichen Autor.<\/p>\n","protected":false},"excerpt":{"rendered":"<p>Angaben gem. \u00a7 5 Telemediengesetz Herausgeber Helmut-Schmidt-Universit\u00e4t Universit\u00e4t der Bundeswehr Hamburg Holstenhofweg 85 22043 Hamburg Telefon (040) 6541-3380 Telefax (040) 6541-2894 E-Mail bernd.klauer@hsu-hh.de Gesetzlicher Vertreter Der Pr\u00e4sident Univ.-Prof. Dr. rer. [&hellip;]<\/p>\n","protected":false},"author":53,"featured_media":0,"parent":0,"menu_order":0,"comment_status":"closed","ping_status":"closed","template":"","meta":{"footnotes":""},"categories":[],"tags":[],"class_list":["post-338","page","type-page","status-publish","hentry"],"_links":{"self":[{"href":"https:\/\/www.hsu-hh.de\/ti\/wp-json\/wp\/v2\/pages\/338","targetHints":{"allow":["GET"]}}],"collection":[{"href":"https:\/\/www.hsu-hh.de\/ti\/wp-json\/wp\/v2\/pages"}],"about":[{"href":"https:\/\/www.hsu-hh.de\/ti\/wp-json\/wp\/v2\/types\/page"}],"author":[{"embeddable":true,"href":"https:\/\/www.hsu-hh.de\/ti\/wp-json\/wp\/v2\/users\/53"}],"replies":[{"embeddable":true,"href":"https:\/\/www.hsu-hh.de\/ti\/wp-json\/wp\/v2\/comments?post=338"}],"version-history":[{"count":6,"href":"https:\/\/www.hsu-hh.de\/ti\/wp-json\/wp\/v2\/pages\/338\/revisions"}],"predecessor-version":[{"id":906,"href":"https:\/\/www.hsu-hh.de\/ti\/wp-json\/wp\/v2\/pages\/338\/revisions\/906"}],"wp:attachment":[{"href":"https:\/\/www.hsu-hh.de\/ti\/wp-json\/wp\/v2\/media?parent=338"}],"wp:term":[{"taxonomy":"category","embeddable":true,"href":"https:\/\/www.hsu-hh.de\/ti\/wp-json\/wp\/v2\/categories?post=338"},{"taxonomy":"post_tag","embeddable":true,"href":"https:\/\/www.hsu-hh.de\/ti\/wp-json\/wp\/v2\/tags?post=338"}],"curies":[{"name":"wp","href":"https:\/\/api.w.org\/{rel}","templated":true}]}}