{"id":1308,"date":"2021-10-01T07:43:21","date_gmt":"2021-10-01T05:43:21","guid":{"rendered":"https:\/\/www.hsu-hh.de\/ti\/?page_id=1308"},"modified":"2021-10-01T07:43:58","modified_gmt":"2021-10-01T05:43:58","slug":"ehemalige-mitarbeiter","status":"publish","type":"page","link":"https:\/\/www.hsu-hh.de\/ti\/ehemalige-mitarbeiter","title":{"rendered":"Ehemalige Mitarbeiter"},"content":{"rendered":"\n<div class=\"wp-block-columns is-layout-flex wp-container-core-columns-is-layout-9d6595d7 wp-block-columns-is-layout-flex\">\n<div class=\"wp-block-column is-layout-flow wp-block-column-is-layout-flow\">\n<p><strong>Name<\/strong><\/p>\n\n\n\n<p><abbr title=\"Doktor Ingenieur\">Dr.-Ing.<\/abbr> Karl-Ragmar Riemschneider<br><abbr title=\"Doktor Ingenieur\">Dr.-Ing.<\/abbr> Peter Nowottnick<br><abbr title=\"Doktor Ingenieur\">Dr.-Ing.<\/abbr> Jens-Peter Akelbein<br>Dipl.-<abbr title=\"Ingenieur\">Ing.<\/abbr> Alexander Behnen<br><abbr title=\"Doktor Ingenieur\">Dr.-Ing.<\/abbr> R\u00fcdiger Hein<br><br><abbr title=\"Doktor Ingenieur\">Dr.-Ing.<\/abbr> Liyun Zhu<br><abbr title=\"Doktor Ingenieur\">Dr.-Ing.<\/abbr> Karsten Fangh\u00e4nel<br><br>Dipl.-<abbr title=\"Ingenieur\">Ing.<\/abbr> G\u00f6ran Eggers<br><abbr title=\"Doktor Ingenieur\">Dr.-Ing.<\/abbr> Frank Raps<br><br>Hannelore Bartels<br>Christian Dettlaff-G\u00fcnter M.A.<br>Dipl.-<abbr title=\"Ingenieur\">Ing.<\/abbr> Christian Bieschke<br><br>Ulrike Hoffmann<br><abbr title=\"Doktor Ingenieur\">Dr.-Ing.<\/abbr> Adronis Niyonkuru<br><br>Dr. rer. nat. Kuno K\u00f6llmann<br><br><br>Jennifer Behrens <br>Dr. <abbr title=\"Ingenieur\">Ing.<\/abbr> Dietmar Wippig<br><br>Malte Beneke<br>Martin Meierh\u00f6fer<br>Daniel Hallmannseder<br><br>Janina K\u00fchl<br>Klaus Hildebrandt<br>Christian Richter<br>Ren\u00e9 Schmitt<br>Dipl.-P\u00e4d. Ralf Pester<br><br>In stiller Trauer:<br>Hartmut Eckermann, Technische Mitarbeiter<\/p>\n<\/div>\n\n\n\n<div class=\"wp-block-column is-layout-flow wp-block-column-is-layout-flow\">\n<p><strong>E-Mail<\/strong><\/p>\n\n\n\n<p>riemschneider@.etech.haw-hamburg.de<br>peter.nowottnick@gmail.com<br>Akelbein@de.ibm.com<br>Alexander.Behnen@baslerweb.com<br>RuH@carus.de<br>zly@gmx.net<br><br><br><br><br><br><br>Hannelore.Bartels@gmx.de <br><br><br><br><br><br><br>Kuno.Koellmann@superkabel.de<br><br><br><br><br><br><br><br><br><br><br><br>christian.richter@hsu-hh.de<\/p>\n<\/div>\n\n\n\n<div class=\"wp-block-column is-layout-flow wp-block-column-is-layout-flow\">\n<p><strong>Arbeitsgebiet<\/strong><\/p>\n\n\n\n<p>Hardwareimplementierung Neuronaler Netze<br>Leistungsbewertung von Rechensystemen<br>Intelligente Massenspeicher<br>Leistungsbewertung von Rechensystemen<br>Einsatz Neuronaler Netze in der Signalklassifikation<br>Hardwareimplementierung Neuronaler Netze<br>Einsatz Neuronaler Netze in der Signalklassifikation<br>Leistungsbewertung von Rechensystemen<br>Einsatz Neuronaler Netze in der Signalklassifikation<br>Sekretariat<br>Wissenswerkstatt Rechensysteme<br>Rekonfigurierbare Hardware und Prozessorarchitektur<br>Sekretariat<br>Rekonfigurierbare Hardware und Prozessorarchitektur<br>Hardwareimplementierung Neuronaler Netze<br>Einsatz Neuronaler Netze in der Signalklassifikation<br>Sekretariat<br>Waveletbasierter Multiskalenansatz zur Breitbandfunkaufkl\u00e4rung<br>Technischer Mitarbeiter<br>Parallele Rechnerarchitekturen<br>Rekonfigurierbare Hardware und Prozessorarchitektur<br>Technische Mitarbeiterin<br>Wissenschaftlicher Mitarbeiter<br>Wissenschaftlicher Mitarbeiter<br>Wissenschaftlicher Mitarbeiter<br>Wissenschaftlicher Hilfskraft<\/p>\n<\/div>\n<\/div>\n\n\n\n<p><\/p>\n","protected":false},"excerpt":{"rendered":"<p>Name Dr.-Ing. Karl-Ragmar RiemschneiderDr.-Ing. Peter NowottnickDr.-Ing. Jens-Peter AkelbeinDipl.-Ing. Alexander BehnenDr.-Ing. R\u00fcdiger Hein Dr.-Ing. Liyun ZhuDr.-Ing. Karsten Fangh\u00e4nel Dipl.-Ing. G\u00f6ran EggersDr.-Ing. Frank Raps Hannelore BartelsChristian Dettlaff-G\u00fcnter M.A.Dipl.-Ing. Christian Bieschke Ulrike HoffmannDr.-Ing. [&hellip;]<\/p>\n","protected":false},"author":53,"featured_media":0,"parent":0,"menu_order":0,"comment_status":"closed","ping_status":"closed","template":"","meta":{"footnotes":""},"categories":[8],"tags":[],"class_list":["post-1308","page","type-page","status-publish","hentry","category-team"],"_links":{"self":[{"href":"https:\/\/www.hsu-hh.de\/ti\/wp-json\/wp\/v2\/pages\/1308","targetHints":{"allow":["GET"]}}],"collection":[{"href":"https:\/\/www.hsu-hh.de\/ti\/wp-json\/wp\/v2\/pages"}],"about":[{"href":"https:\/\/www.hsu-hh.de\/ti\/wp-json\/wp\/v2\/types\/page"}],"author":[{"embeddable":true,"href":"https:\/\/www.hsu-hh.de\/ti\/wp-json\/wp\/v2\/users\/53"}],"replies":[{"embeddable":true,"href":"https:\/\/www.hsu-hh.de\/ti\/wp-json\/wp\/v2\/comments?post=1308"}],"version-history":[{"count":1,"href":"https:\/\/www.hsu-hh.de\/ti\/wp-json\/wp\/v2\/pages\/1308\/revisions"}],"predecessor-version":[{"id":1309,"href":"https:\/\/www.hsu-hh.de\/ti\/wp-json\/wp\/v2\/pages\/1308\/revisions\/1309"}],"wp:attachment":[{"href":"https:\/\/www.hsu-hh.de\/ti\/wp-json\/wp\/v2\/media?parent=1308"}],"wp:term":[{"taxonomy":"category","embeddable":true,"href":"https:\/\/www.hsu-hh.de\/ti\/wp-json\/wp\/v2\/categories?post=1308"},{"taxonomy":"post_tag","embeddable":true,"href":"https:\/\/www.hsu-hh.de\/ti\/wp-json\/wp\/v2\/tags?post=1308"}],"curies":[{"name":"wp","href":"https:\/\/api.w.org\/{rel}","templated":true}]}}