{"id":1301,"date":"2021-10-01T06:29:07","date_gmt":"2021-10-01T04:29:07","guid":{"rendered":"https:\/\/www.hsu-hh.de\/ti\/?page_id=1301"},"modified":"2021-10-01T06:32:24","modified_gmt":"2021-10-01T04:32:24","slug":"intelligente-massenspeicher","status":"publish","type":"page","link":"https:\/\/www.hsu-hh.de\/ti\/intelligente-massenspeicher","title":{"rendered":"Intelligente Massenspeicher"},"content":{"rendered":"\n<h1 class=\"wp-block-heading\">Intelligente Massenspeicher: File Controller<\/h1>\n\n\n\n<p>Das exponentielle Wachstum der Speicherkapazit\u00e4ten von Massenspeichern bei gleichzeitiger Forderung nach immer schnelleren Zugriffs- und \u00dcbertragungszeiten verlangt nach einer modifizierten Schnittstelle zwischen Rechner und Massenspeicher. Diese basiert diese auf Datenbl\u00f6cken, w\u00e4hrend im Gegensatz dazu Betriebssysteme dem Anwender den Massenspeicher als Filesystem darstellen.<\/p>\n\n\n\n<p>Im Rahmen dieses Projekts wird untersucht, welche Vorteile ein Massenspeicher bietet, dessen Controller die Umsetzung von Datenbl\u00f6cken in Files selbstt\u00e4tig durchf\u00fchrt (File Controller), so da\u00df der Rechner entlastet wird und mit dem Massenspeicher auf einer h\u00f6heren Ebene kommuniziert.<\/p>\n\n\n\n<p>Von besonderem Interesse ist dabei die Integration in bestehende Systeme basierend auf der Definition eines neuen Ger\u00e4tetyps (File Controller Device) f\u00fcr die SCSI2-Schnittstelle . Um die verschiedenen m\u00f6glichen Kommandos\u00e4tze eines solchen Device zu untersuchen, wurde ein Simulationssystem entwickelt, welches die schnelle Implementierung unterschiedlicher SCSI2-Kommandos\u00e4tze erlaubt.<\/p>\n\n\n\n<p>Als Erweiterung der \u00fcblichen Operationen auf Files (wie Schreiben und Lesen von Daten) sind echtzeitf\u00e4hige oder transaktionsorientierte Zugriffe&nbsp;bzw.&nbsp;Mechanismen zum Schutz oder zur Kompression von Daten denkbar.<\/p>\n\n\n\n<p><strong>Vorteile:<\/strong><\/p>\n\n\n\n<ul class=\"wp-block-list\"><li>Modularisierung des Gesamtsystems durch Angleichung der physikalischen an die logische Schnittstelle<\/li><li>Entlastung des Rechners, indem der Massenspeicher selbst die Verwaltung des Speichermediums als Filesystem \u00fcbernimmt<\/li><li>Effektivere Ausnutzung der \u00dcbertragungsbandbreite zwischen Rechner und Massenspeicher<\/li><\/ul>\n\n\n\n<p><strong>Anwendungsgebiet:<\/strong><\/p>\n\n\n\n<ul class=\"wp-block-list\"><li>Massenspeicher f\u00fcr Rechnersysteme<\/li><\/ul>\n\n\n\n<p><strong>Stichworte:<\/strong><\/p>\n\n\n\n<ul class=\"wp-block-list\"><li>Disk Controller<\/li><li>File Controller<\/li><li>Intelligente Masssenspeicher<\/li><\/ul>\n\n\n\n<p>Der f\u00fcr dieses Projekt verantwortliche Mitarbeiter war J.-P. Akelbein. Die Ergebnisse diese Arbeit wurden in zahlreichen Artikeln ver\u00f6ffentlicht und flossen in die von ihm eingereichte Dissertation mit dem Titel &#8222;Ein Massenspeicher mit h\u00f6herer logischer Schnittstelle-Entwurf und Analyse&#8220; ein.<\/p>\n","protected":false},"excerpt":{"rendered":"<p>Intelligente Massenspeicher: File Controller Das exponentielle Wachstum der Speicherkapazit\u00e4ten von Massenspeichern bei gleichzeitiger Forderung nach immer schnelleren Zugriffs- und \u00dcbertragungszeiten verlangt nach einer modifizierten Schnittstelle zwischen Rechner und Massenspeicher. Diese [&hellip;]<\/p>\n","protected":false},"author":53,"featured_media":0,"parent":0,"menu_order":0,"comment_status":"closed","ping_status":"closed","template":"","meta":{"footnotes":""},"categories":[4],"tags":[],"class_list":["post-1301","page","type-page","status-publish","hentry","category-forschung"],"_links":{"self":[{"href":"https:\/\/www.hsu-hh.de\/ti\/wp-json\/wp\/v2\/pages\/1301","targetHints":{"allow":["GET"]}}],"collection":[{"href":"https:\/\/www.hsu-hh.de\/ti\/wp-json\/wp\/v2\/pages"}],"about":[{"href":"https:\/\/www.hsu-hh.de\/ti\/wp-json\/wp\/v2\/types\/page"}],"author":[{"embeddable":true,"href":"https:\/\/www.hsu-hh.de\/ti\/wp-json\/wp\/v2\/users\/53"}],"replies":[{"embeddable":true,"href":"https:\/\/www.hsu-hh.de\/ti\/wp-json\/wp\/v2\/comments?post=1301"}],"version-history":[{"count":3,"href":"https:\/\/www.hsu-hh.de\/ti\/wp-json\/wp\/v2\/pages\/1301\/revisions"}],"predecessor-version":[{"id":1305,"href":"https:\/\/www.hsu-hh.de\/ti\/wp-json\/wp\/v2\/pages\/1301\/revisions\/1305"}],"wp:attachment":[{"href":"https:\/\/www.hsu-hh.de\/ti\/wp-json\/wp\/v2\/media?parent=1301"}],"wp:term":[{"taxonomy":"category","embeddable":true,"href":"https:\/\/www.hsu-hh.de\/ti\/wp-json\/wp\/v2\/categories?post=1301"},{"taxonomy":"post_tag","embeddable":true,"href":"https:\/\/www.hsu-hh.de\/ti\/wp-json\/wp\/v2\/tags?post=1301"}],"curies":[{"name":"wp","href":"https:\/\/api.w.org\/{rel}","templated":true}]}}