{"id":1099,"date":"2019-02-27T07:46:10","date_gmt":"2019-02-27T06:46:10","guid":{"rendered":"https:\/\/www.hsu-hh.de\/ti\/?page_id=1099"},"modified":"2024-04-09T08:16:27","modified_gmt":"2024-04-09T06:16:27","slug":"dmeyer","status":"publish","type":"page","link":"https:\/\/www.hsu-hh.de\/ti\/dmeyer","title":{"rendered":"Dr.-Ing. Dominik Meyer"},"content":{"rendered":"<div class=\"ansprechparter-container\">\n<div class=\"row ansprechpartner-item ansprechparter-header\">\n<div class=\"col-md-4 col-lg-3 col-xs-4 ansprechpartner-item floatright img-circle center-block\" style=\"margin-bottom: 30px\">\n<div class=\"img-responsive-wrapper\"><\/div>\n<\/div>\n<div class=\"col-md-12 col-lg-3 col-xs-12 ansprechpartner-item kontakt floatright\" style=\"margin-bottom: 30px\">\n<div class=\"row\">\n<div class=\"col-xs-12 col-sm-6 col-lg-12\">\n<div class=\"row\">\n<div class=\"col-xs-12 col-lg-4 row-text bold\">Room:<\/div>\n<div class=\"col-xs-12 col-lg-8 row-text\">201<\/div>\n<\/div>\n<\/div>\n<div class=\"col-xs-12 col-sm-6 col-lg-12\">\n<div class=\"row\">\n<div class=\"col-xs-12 col-lg-4 row-text bold\">Phone:<\/div>\n<div class=\"col-xs-12 col-lg-8 row-text\">(040) 6541-2931<\/div>\n<\/div>\n<\/div>\n<div class=\"col-xs-12 col-sm-6 col-lg-12\">\n<div class=\"row\">\n<div class=\"col-xs-12 col-md-12 row-text bold\">E-Mail:<\/div>\n<div class=\"col-xs-12 col-md-12 row-text\"><a href=\"mailto:dmeyer@hsu-hh.de\" rel='nofollow'>dmeyer@hsu-hh.de<\/a><\/div>\n<\/div>\n<\/div>\n<\/div>\n<\/div>\n<div class=\"col-md-6 col-lg-3 col-xs-12 ansprechpartner-item anschrift floatright\">\n<div class=\"row-headline\">Besucheranschrift<\/div>\n<div class=\"row-text\">Helmut-Schmidt-Universit\u00e4t<\/div>\n<div class=\"row-text\">Geb\u00e4ude H11<\/div>\n<div class=\"row-text\">Holstenhofweg 85<\/div>\n<div class=\"row-text\">22043 Hamburg<\/div>\n<\/div>\n<div class=\"col-md-6 col-lg-3 col-xs-12 ansprechpartner-item anschrift floatright\">\n<div class=\"row-headline\">Postanschrift<\/div>\n<div class=\"row-text\">Helmut-Schmidt-Universit\u00e4t \/<br \/>\nUniversity of the Federal<br \/>\nArmed Forces Hamburg<br \/>\nComputer Engineering<br \/>\nD-22039 Hamburg<\/div>\n<\/div>\n<\/div>\n<\/div>\n<h2>Forschungsschwerpunkte<\/h2>\n<ul>\n<li>Verbesserung der Cybersicherheit durch Anwendungspezifische Prozessoren (ASPs)<\/li>\n<li>Hardware basierte Cybersicherheit und Angriffs-Resilienz<\/li>\n<li><abbr title=\"Informationstechnologie\">IT<\/abbr> gest\u00fctzte Entscheidungsfindung in multinationalen Schiffsverb\u00e4nden<\/li>\n<\/ul>\n<h2>Forschungsprojekte<\/h2>\n<ul>\n<li>TEWA Forschungsprojekt (Projektleiter)<\/li>\n<li><a href=\"https:\/\/sovereign-project.de\/\" rel='nofollow'>SOVEREIGN<\/a>\u00a0 (Teilprojektleiter)<\/li>\n<\/ul>\n<h2>Lehre<\/h2>\n<ul>\n<li>Secure Computer Networks<\/li>\n<li>Programming Lego Mindstorms (ITP)<\/li>\n<li>Develoment of Digital Circuits with VHDL<\/li>\n<\/ul>\n<h2>Ver\u00f6ffentlichungen<\/h2>\n<table class=\"table table-striped  text-nowrap publications\">\n<thead>\n<tr>\n<th>Year<\/th>\n<th>\n<h3>Type<\/h3>\n<\/th>\n<th>\n<h3>Publication<\/h3>\n<\/th>\n<\/tr>\n<\/thead>\n<tbody>\n<tr>\n<td class=\"year\">2020<\/td>\n<td class=\"type\">Collection<\/td>\n<td class=\"title\"><span class=\"bold\">Applying Memristor Technology in Reconfigurable Hardware<\/span><br \/>\nAuthors:<span class=\"light\"> Meyer <\/span>Paper Collection: <span class=\"light\">Eurolab4HPC Long-Term Vision on High-Performance Computing (2nd Edition)<\/span><\/td>\n<\/tr>\n<tr>\n<td class=\"year\">2019<\/td>\n<td class=\"type\">Conference<\/td>\n<td class=\"title\"><span class=\"bold\">Context Save and Restore of Partial Reconfiguration Regions for Xilinx FPGAs<\/span><br \/>\nAuthors:<span class=\"light\"> Eckert, Meyer, Klauer <\/span>Conference: <span class=\"light\">2019 14th International Symposium on Reconfigurable Communication-centric Systems-on-Chip (ReCoSoC)<\/span><\/td>\n<\/tr>\n<tr>\n<td class=\"year\">2019<\/td>\n<td class=\"type\">Conference<\/td>\n<td class=\"title\"><span class=\"bold\">HDL FSM Code Generation Using a MIPS-based Assembler<\/span><br \/>\nAuthors:<span class=\"light\"> Meyer, Eckert, Klauer, Haase <\/span>Conference: <span class=\"light\">2019 IEEE 28th International Symposium on Industrial Electronics (ISIE)<\/span><\/td>\n<\/tr>\n<tr>\n<td class=\"year\">2019<\/td>\n<td class=\"type\">Collection<\/td>\n<td class=\"title\"><span class=\"bold\">Applying Memristor Technology in Reconfigurable Hardware<\/span><br \/>\nAuthors:<span class=\"light\"> Meyer <\/span>Paper Collection: <span class=\"light\">Implications of Memristor Technologies for Future Computing Systems<\/span><\/td>\n<\/tr>\n<tr>\n<td class=\"year\">2019<\/td>\n<td class=\"type\">Collection<\/td>\n<td class=\"title\"><span class=\"bold\">Non-Volatile Processors<\/span><br \/>\nAuthors:<span class=\"light\"> Meyer <\/span>Paper Collection: <span class=\"light\">Implications of Memristor Technologies for Future Computing Systems<\/span><\/td>\n<\/tr>\n<tr>\n<td class=\"year\">2017<\/td>\n<td class=\"type\">Conference<\/td>\n<td class=\"title\"><span class=\"bold\">Comparison and evaluation of cache parameters for softcores on FPGAs<\/span><br \/>\nAuthors:<span class=\"light\"> Eckert, Meyer, Klauer, Haase <\/span>Conference: <span class=\"light\">2017 International Conference on FPGA Reconfiguration for General-Purpose Computing (FPGA4GPC)<\/span><\/td>\n<\/tr>\n<tr>\n<td class=\"year\">2017<\/td>\n<td class=\"type\">Conference<\/td>\n<td class=\"title\"><span class=\"bold\">Wireless sensor\/actuator device configuration by NFC with secure key exchange<\/span><br \/>\nAuthors:<span class=\"light\"> Klauer, Haase, Meyer, Eckert <\/span>Conference: <span class=\"light\">2017 IEEE AFRICON<\/span><\/td>\n<\/tr>\n<tr>\n<td class=\"year\">2017<\/td>\n<td class=\"type\">Conference<\/td>\n<td class=\"title\"><span class=\"bold\">New attack vectors for building automation and IoT<\/span><br \/>\nAuthors:<span class=\"light\"> Meyer, Haase, Eckert, Klauer <\/span>Conference: <span class=\"light\">IECON 2017-43rd Annual Conference of the IEEE Industrial Electronics Society<\/span><\/td>\n<\/tr>\n<tr>\n<td class=\"year\">2016<\/td>\n<td class=\"type\">Conference<\/td>\n<td class=\"title\"><span class=\"bold\">Wireless sensor\/actuator device configuration by NFC<\/span><br \/>\nAuthors:<span class=\"light\"> Haase, Meyer, Eckert, Klauer <\/span>Conference: <span class=\"light\">2016 IEEE International Conference on Industrial Technology (ICIT)<\/span><\/td>\n<\/tr>\n<tr>\n<td class=\"year\">2016<\/td>\n<td class=\"type\">Conference<\/td>\n<td class=\"title\"><span class=\"bold\">Generic operating-system support for FPGAs<\/span><br \/>\nAuthors:<span class=\"light\"> Meyer, Eckert, Haase, Klauer <\/span>Conference: <span class=\"light\">2016 International Conference on FPGA Reconfiguration for General-Purpose Computing (FPGA4GPC)<\/span><\/td>\n<\/tr>\n<tr>\n<td class=\"year\">2016<\/td>\n<td class=\"type\">Conference<\/td>\n<td class=\"title\"><span class=\"bold\">Architectural requirements for constructing hardware supported sandboxes<\/span><br \/>\nAuthors:<span class=\"light\"> Eckert, Haase, Meyer, Klauer <\/span>Conference: <span class=\"light\">2016 International Conference on FPGA Reconfiguration for General-Purpose Computing (FPGA4GPC)<\/span><\/td>\n<\/tr>\n<tr>\n<td class=\"year\">2016<\/td>\n<td class=\"type\">Conference<\/td>\n<td class=\"title\"><span class=\"bold\">Digital Hardware Synthesis as a Cloud Service<\/span><br \/>\nAuthors:<span class=\"light\"> Meyer, Haase, Eckert, Klauer <\/span>Conference: <span class=\"light\">Conference: 2016 Forum on Specification and Design Languages (FDL), At Bremen, Germany<\/span><\/td>\n<\/tr>\n<tr>\n<td class=\"year\">2016<\/td>\n<td class=\"type\">Conference<\/td>\n<td class=\"title\"><span class=\"bold\">CloudSynth &#8211; outsourcing hardware synthesis into the cloud<\/span><br \/>\nAuthors:<span class=\"light\"> Meyer, Haase, Eckert, Klauer <\/span>Conference: <span class=\"light\">42st Annual Conference of the IEEE Industrial Electronics Society, At Florence, Italy<\/span><\/td>\n<\/tr>\n<tr>\n<td class=\"year\">2016<\/td>\n<td class=\"type\">Journal<\/td>\n<td class=\"title\"><span class=\"bold\">Operating system concepts for reconfigurable computing: review and survey<\/span><br \/>\nAuthors:<span class=\"light\"> Eckert, Meyer, Haase, Klauer <\/span>Journal <span class=\"light\">International Journal of Reconfigurable Computing<\/span><\/td>\n<\/tr>\n<tr>\n<td class=\"year\">2016<\/td>\n<td class=\"type\">Journal<\/td>\n<td class=\"title\"><span class=\"bold\">New trends in building automation for offices of the future<\/span><br \/>\nAuthors:<span class=\"light\"> Haase, Meyer <\/span>Journal <span class=\"light\">Informatik 2016<\/span><\/td>\n<\/tr>\n<tr>\n<td class=\"year\">2016<\/td>\n<td class=\"type\">Conference<\/td>\n<td class=\"title\"><span class=\"bold\">A threat-model for building and home automation<\/span><br \/>\nAuthors:<span class=\"light\"> Meyer, Haase, Eckert, Klauer <\/span>Conference: <span class=\"light\">2016 IEEE 14th international conference on industrial informatics (INDIN)<\/span><\/td>\n<\/tr>\n<tr>\n<td class=\"year\">2016<\/td>\n<td class=\"type\">Journal<\/td>\n<td class=\"title\"><span class=\"bold\">Configuration of smart embedded devices in the field using NFC<\/span><br \/>\nAuthors:<span class=\"light\"> Haase, Meyer <\/span>Journal <span class=\"light\">Technische Unterst{\\&#8220;u}tzungssysteme, die die Menschen wirklich wollen<\/span><\/td>\n<\/tr>\n<tr>\n<td class=\"year\">2015<\/td>\n<td class=\"type\">PhD Thesis<\/td>\n<td class=\"title\"><span class=\"bold\">Multicore Reconfiguration Platform-A Research and Evaluation FPGA Framework for Runtime Reconfigurable Systems<\/span><br \/>\nAuthors:<span class=\"light\"> Meyer <\/span><\/td>\n<\/tr>\n<tr>\n<td class=\"year\">2015<\/td>\n<td class=\"type\">Conference<\/td>\n<td class=\"title\"><span class=\"bold\">Plazierung von unterschiedlich gro{\\ss}en Komponenten in gleich gro{\\ss}e rekonfigurierbare Fl{\\&#8220;a}chen unter Ber{\\&#8220;u}cksichtigung der Signallaufzeiten<\/span><br \/>\nAuthors:<span class=\"light\"> Meyer, Eckert, Haase, Klauer <\/span>Conference: <span class=\"light\">2. Arbeitstreffen FG Architektur Hochintegrierter Schaltungen<\/span><\/td>\n<\/tr>\n<tr>\n<td class=\"year\">2015<\/td>\n<td class=\"type\">Conference<\/td>\n<td class=\"title\"><span class=\"bold\">Clock speed optimization of runtime reconfigurable systems by signal latency measurement<\/span><br \/>\nAuthors:<span class=\"light\"> Meyer, Haase, Eckert, Klauer <\/span>Conference: <span class=\"light\">IECON 2015-41st Annual Conference of the IEEE Industrial Electronics Society<\/span><\/td>\n<\/tr>\n<tr>\n<td class=\"year\">2014<\/td>\n<td class=\"type\">Journal<\/td>\n<td class=\"title\"><span class=\"bold\">Towards Smart Building Automation for Private Homes<\/span><br \/>\nAuthors:<span class=\"light\"> Haase, Meyer, Eckert <\/span>Journal<\/td>\n<\/tr>\n<tr>\n<td class=\"year\">2014<\/td>\n<td class=\"type\">Journal<\/td>\n<td class=\"title\"><span class=\"bold\">Intelligente Automatisierung f{\\&#8220;u}r energiesparende Privathaushalte-ein Simulatorwerkzeug<\/span><br \/>\nAuthors:<span class=\"light\"> Haase, Meyer, Eckert <\/span>Journal <span class=\"light\">Technische Unterst\u00fctzungssysteme, die die Menschen wirklich wollen<\/span><\/td>\n<\/tr>\n<tr>\n<td class=\"year\">2011<\/td>\n<td class=\"type\">Journal<\/td>\n<td class=\"title\"><span class=\"bold\">Multicore reconfiguration platform an alternative to rampsoc<\/span><br \/>\nAuthors:<span class=\"light\"> Meyer, Klauer <\/span>Journal <span class=\"light\">ACM SIGARCH Computer Architecture News<\/span><br \/>\n<a href=\"https:\/\/doi.org\/10.1145\/2082156.2082185\" rel='nofollow'>https:\/\/doi.org\/10.1145\/2082156.2082185<\/a><\/td>\n<\/tr>\n<\/tbody>\n<\/table>\n","protected":false},"excerpt":{"rendered":"<p>Room: 201 Phone: (040) 6541-2931 E-Mail: dmeyer@hsu-hh.de Besucheranschrift Helmut-Schmidt-Universit\u00e4t Geb\u00e4ude H11 Holstenhofweg 85 22043 Hamburg Postanschrift Helmut-Schmidt-Universit\u00e4t \/ University of the Federal Armed Forces Hamburg Computer Engineering D-22039 Hamburg Forschungsschwerpunkte [&hellip;]<\/p>\n","protected":false},"author":58,"featured_media":0,"parent":0,"menu_order":0,"comment_status":"closed","ping_status":"closed","template":"","meta":{"footnotes":""},"categories":[4],"tags":[],"class_list":["post-1099","page","type-page","status-publish","hentry","category-forschung"],"_links":{"self":[{"href":"https:\/\/www.hsu-hh.de\/ti\/wp-json\/wp\/v2\/pages\/1099","targetHints":{"allow":["GET"]}}],"collection":[{"href":"https:\/\/www.hsu-hh.de\/ti\/wp-json\/wp\/v2\/pages"}],"about":[{"href":"https:\/\/www.hsu-hh.de\/ti\/wp-json\/wp\/v2\/types\/page"}],"author":[{"embeddable":true,"href":"https:\/\/www.hsu-hh.de\/ti\/wp-json\/wp\/v2\/users\/58"}],"replies":[{"embeddable":true,"href":"https:\/\/www.hsu-hh.de\/ti\/wp-json\/wp\/v2\/comments?post=1099"}],"version-history":[{"count":36,"href":"https:\/\/www.hsu-hh.de\/ti\/wp-json\/wp\/v2\/pages\/1099\/revisions"}],"predecessor-version":[{"id":1398,"href":"https:\/\/www.hsu-hh.de\/ti\/wp-json\/wp\/v2\/pages\/1099\/revisions\/1398"}],"wp:attachment":[{"href":"https:\/\/www.hsu-hh.de\/ti\/wp-json\/wp\/v2\/media?parent=1099"}],"wp:term":[{"taxonomy":"category","embeddable":true,"href":"https:\/\/www.hsu-hh.de\/ti\/wp-json\/wp\/v2\/categories?post=1099"},{"taxonomy":"post_tag","embeddable":true,"href":"https:\/\/www.hsu-hh.de\/ti\/wp-json\/wp\/v2\/tags?post=1099"}],"curies":[{"name":"wp","href":"https:\/\/api.w.org\/{rel}","templated":true}]}}