{"id":1083,"date":"2019-02-27T07:35:22","date_gmt":"2019-02-27T06:35:22","guid":{"rendered":"https:\/\/www.hsu-hh.de\/ti\/?page_id=1083"},"modified":"2019-02-27T07:41:15","modified_gmt":"2019-02-27T06:41:15","slug":"corina-flegel-2","status":"publish","type":"page","link":"https:\/\/www.hsu-hh.de\/ti\/en\/corina-flegel-2","title":{"rendered":"Corina Flegel"},"content":{"rendered":"<p>&nbsp;<\/p>\n<div class=\"ansprechparter-container\">\n<div class=\"row ansprechpartner-item ansprechparter-header\">\n<div class=\"col-md-4 col-lg-3 col-xs-4 ansprechpartner-item floatright img-circle center-block\" style=\"margin-bottom: 30px\">\n<div class=\"img-responsive-wrapper\"><img decoding=\"async\" class=\"img-circle img-responsive center-block\" src=\"\/wp-content\/themes\/hsu\/img\/dummy\/dummy_ansprechpartner.png\" alt=\"\" \/><\/div>\n<\/div>\n<div class=\"col-md-12 col-lg-3 col-xs-12 ansprechpartner-item kontakt floatright\" style=\"margin-bottom: 30px\">\n<div class=\"row\">\n<div class=\"col-xs-12 col-sm-6 col-lg-12\">\n<div class=\"row\">\n<div class=\"col-xs-12 col-lg-4 row-text bold\">Room:<\/div>\n<div class=\"col-xs-12 col-lg-8 row-text\">202<\/div>\n<\/div>\n<\/div>\n<div class=\"col-xs-12 col-sm-6 col-lg-12\">\n<div class=\"row\">\n<div class=\"col-xs-12 col-lg-4 row-text bold\">Phone:<\/div>\n<div class=\"col-xs-12 col-lg-8 row-text\">(040) 6541-3381<\/div>\n<\/div>\n<\/div>\n<div class=\"col-xs-12 col-sm-6 col-lg-12\">\n<div class=\"row\">\n<div class=\"col-xs-12 col-lg-4 row-text bold\">Fax:<\/div>\n<div class=\"col-xs-12 col-lg-8 row-text\">(040) 6541-2894<\/div>\n<\/div>\n<\/div>\n<div class=\"col-xs-12 col-sm-6 col-lg-12\">\n<div class=\"row\">\n<div class=\"col-xs-12 col-md-12 row-text bold\">E-Mail:<\/div>\n<div class=\"col-xs-12 col-md-12 row-text\"><a href=\"mailto:flegel@hsu-hh.de\" rel='nofollow'>flegel@hsu-hh.de<\/a><\/div>\n<\/div>\n<\/div>\n<\/div>\n<\/div>\n<div class=\"col-md-6 col-lg-3 col-xs-12 ansprechpartner-item anschrift floatright\">\n<div class=\"row-headline\">For Guests<\/div>\n<div class=\"row-text\">Helmut-Schmidt-Universit\u00e4t<\/div>\n<div class=\"row-text\">Geb\u00e4ude H11<\/div>\n<div class=\"row-text\">Holstenhofweg 85<\/div>\n<div class=\"row-text\">22043 Hamburg<\/div>\n<\/div>\n<div class=\"col-md-6 col-lg-3 col-xs-12 ansprechpartner-item anschrift floatright\">\n<div class=\"row-headline\">Adress<\/div>\n<div class=\"row-text\">Helmut-Schmidt-Universit\u00e4t \/<br \/>\nUniversity of the Federal<br \/>\nArmed Forces Hamburg<br \/>\nComputer Engineering<br \/>\nD-22039 Hamburg<\/div>\n<\/div>\n<\/div>\n<\/div>\n<p>&nbsp;<\/p>\n<p>&nbsp;<\/p>\n","protected":false},"excerpt":{"rendered":"<p>&nbsp; Room: 202 Phone: (040) 6541-3381 Fax: (040) 6541-2894 E-Mail: flegel@hsu-hh.de For Guests Helmut-Schmidt-Universit\u00e4t Geb\u00e4ude H11 Holstenhofweg 85 22043 Hamburg Adress Helmut-Schmidt-Universit\u00e4t \/ University of the Federal Armed Forces Hamburg [&hellip;]<\/p>\n","protected":false},"author":53,"featured_media":0,"parent":0,"menu_order":0,"comment_status":"closed","ping_status":"closed","template":"","meta":{"footnotes":""},"categories":[],"tags":[],"class_list":["post-1083","page","type-page","status-publish","hentry"],"_links":{"self":[{"href":"https:\/\/www.hsu-hh.de\/ti\/wp-json\/wp\/v2\/pages\/1083","targetHints":{"allow":["GET"]}}],"collection":[{"href":"https:\/\/www.hsu-hh.de\/ti\/wp-json\/wp\/v2\/pages"}],"about":[{"href":"https:\/\/www.hsu-hh.de\/ti\/wp-json\/wp\/v2\/types\/page"}],"author":[{"embeddable":true,"href":"https:\/\/www.hsu-hh.de\/ti\/wp-json\/wp\/v2\/users\/53"}],"replies":[{"embeddable":true,"href":"https:\/\/www.hsu-hh.de\/ti\/wp-json\/wp\/v2\/comments?post=1083"}],"version-history":[{"count":8,"href":"https:\/\/www.hsu-hh.de\/ti\/wp-json\/wp\/v2\/pages\/1083\/revisions"}],"predecessor-version":[{"id":1094,"href":"https:\/\/www.hsu-hh.de\/ti\/wp-json\/wp\/v2\/pages\/1083\/revisions\/1094"}],"wp:attachment":[{"href":"https:\/\/www.hsu-hh.de\/ti\/wp-json\/wp\/v2\/media?parent=1083"}],"wp:term":[{"taxonomy":"category","embeddable":true,"href":"https:\/\/www.hsu-hh.de\/ti\/wp-json\/wp\/v2\/categories?post=1083"},{"taxonomy":"post_tag","embeddable":true,"href":"https:\/\/www.hsu-hh.de\/ti\/wp-json\/wp\/v2\/tags?post=1083"}],"curies":[{"name":"wp","href":"https:\/\/api.w.org\/{rel}","templated":true}]}}