{"id":966,"date":"2017-09-15T07:37:51","date_gmt":"2017-09-15T05:37:51","guid":{"rendered":"https:\/\/www.hsu-hh.de\/thermodynamik\/?page_id=966"},"modified":"2021-06-04T10:55:08","modified_gmt":"2021-06-04T08:55:08","slug":"weitere-lehrveranstaltungen","status":"publish","type":"page","link":"https:\/\/www.hsu-hh.de\/thermodynamik\/weitere-lehrveranstaltungen","title":{"rendered":"Weitere Lehrveranstaltungen"},"content":{"rendered":"<p><br \/><h3>Naturwissenschaftlich-technisches Praktikum&#8220; class=&#8220;out<\/h3><\/p>\n<p><strong>1. Qualifikationsziele<\/strong><\/p>\n<p>Studierende dieses Moduls sollen Kernthemen verschiedener Vorlesungen in Form von Laborversuchen vertiefen und sich mit praxisrelevanten Methoden und Ger\u00e4ten vertraut machen. Sie sollen die Konzeption, Durchf\u00fchrung und Dokumentation von Experimenten kennen lernen und dadurch in die Lage versetzt werden, eigenst\u00e4ndig wissenschaftliche und technische Ger\u00e4te zu bedienen sowie Versuchsreihen zu planen und zu dokumentieren.<\/p>\n<p><strong>2. Inhalte<\/strong><\/p>\n<p><em><strong>Versuch 1:<\/strong><strong>\u00a0 pvT-Zustandsfl\u00e4che und Nassdampfgebiet<\/strong><\/em><\/p>\n<p>In diesem Versuch werden mit einer einfachen Messzelle mit variablen Volumen drei Isothermen (unterkritisch, nahekritisch und \u00fcberkritisch) der pvT-Zustandsfl\u00e4che von Schwefelhexaflourid vermessen und ausgewertet. Die Teilnehmer lernen das pvT-Verhalten und Zustandsgleichungen f\u00fcr reine Stoffe kennen.<\/p>\n<p><strong><em>Versuch 2:\u00a0 Kompressionsk\u00e4ltekreislauf<\/em><\/strong><\/p>\n<p>Am Beispiel eines einfachen Kompressionsk\u00e4ltekreislaufs greift dieser Versuch das Thema Energieumwandlungen und \u2013bilanzen aus der Grundlagenvorlesung auf. Die Teilnehmer lernen die Komponenten einer Kompressionsk\u00e4ltemaschine kennen und erarbeiten die Funktion der K\u00e4ltemaschine anhand einer Darstellung des Kreisprozesses im T,s- und lg p,h-Diagramm.<\/p>\n<p><br \/><h3>Vertiefungspraktikum&#8220; class=&#8220;out<\/h3><\/p>\n<p>Am Institut f\u00fcr Thermodynamik wird ein Vertiefungslabor an einer Phasengleichgewichtsapparatur angeboten. Interessierte sollten Grundkenntnisse auf dem Gebiet der Gemischthermodynamik vorweisen k\u00f6nnen. Das Labor wird nach Absprache durchgef\u00fchrt.<\/p>\n<p>Weitere Informationen erhalten Sie bei\u00a0<abbr title=\"Universit\u00e4tsprofessor\">Univ.-Prof.<\/abbr> <abbr title=\"Doktor Ingenieurwissenschaften\">Dr.-Ing.<\/abbr> Karsten Meier.<\/p>\n<p>\u00a0<\/p>\n<p><\/p>\n<p><\/p>\n\n\n<p><\/p>\n\n\n\n<p><\/p>\n","protected":false},"excerpt":{"rendered":"<p>Naturwissenschaftlich-technisches Praktikum&#8220; class=&#8220;out 1. Qualifikationsziele Studierende dieses Moduls sollen Kernthemen verschiedener Vorlesungen in Form von Laborversuchen vertiefen und sich mit praxisrelevanten Methoden und Ger\u00e4ten vertraut machen. Sie sollen die Konzeption, [&hellip;]<\/p>\n","protected":false},"author":53,"featured_media":0,"parent":0,"menu_order":0,"comment_status":"closed","ping_status":"closed","template":"","meta":{"footnotes":""},"categories":[6],"tags":[],"class_list":["post-966","page","type-page","status-publish","hentry","category-studium"],"_links":{"self":[{"href":"https:\/\/www.hsu-hh.de\/thermodynamik\/wp-json\/wp\/v2\/pages\/966","targetHints":{"allow":["GET"]}}],"collection":[{"href":"https:\/\/www.hsu-hh.de\/thermodynamik\/wp-json\/wp\/v2\/pages"}],"about":[{"href":"https:\/\/www.hsu-hh.de\/thermodynamik\/wp-json\/wp\/v2\/types\/page"}],"author":[{"embeddable":true,"href":"https:\/\/www.hsu-hh.de\/thermodynamik\/wp-json\/wp\/v2\/users\/53"}],"replies":[{"embeddable":true,"href":"https:\/\/www.hsu-hh.de\/thermodynamik\/wp-json\/wp\/v2\/comments?post=966"}],"version-history":[{"count":15,"href":"https:\/\/www.hsu-hh.de\/thermodynamik\/wp-json\/wp\/v2\/pages\/966\/revisions"}],"predecessor-version":[{"id":4123,"href":"https:\/\/www.hsu-hh.de\/thermodynamik\/wp-json\/wp\/v2\/pages\/966\/revisions\/4123"}],"wp:attachment":[{"href":"https:\/\/www.hsu-hh.de\/thermodynamik\/wp-json\/wp\/v2\/media?parent=966"}],"wp:term":[{"taxonomy":"category","embeddable":true,"href":"https:\/\/www.hsu-hh.de\/thermodynamik\/wp-json\/wp\/v2\/categories?post=966"},{"taxonomy":"post_tag","embeddable":true,"href":"https:\/\/www.hsu-hh.de\/thermodynamik\/wp-json\/wp\/v2\/tags?post=966"}],"curies":[{"name":"wp","href":"https:\/\/api.w.org\/{rel}","templated":true}]}}