{"id":963,"date":"2017-09-15T07:37:29","date_gmt":"2017-09-15T05:37:29","guid":{"rendered":"https:\/\/www.hsu-hh.de\/thermodynamik\/?page_id=963"},"modified":"2024-12-09T08:08:03","modified_gmt":"2024-12-09T07:08:03","slug":"master-vorlesungen","status":"publish","type":"page","link":"https:\/\/www.hsu-hh.de\/thermodynamik\/master-vorlesungen","title":{"rendered":"Master-Vorlesungen"},"content":{"rendered":"<h3>Thermodynamik III&#8220; class=&#8220;out<\/h3>\n<p>Pflichtfach in den Masterstudieng\u00e4ngen Energie- und Umwelttechnik sowie Fahrzeugtechnik<\/p>\n<p><strong>Dozent\/Betreuer:<\/strong> <abbr title=\"Doktor\">Dr.<\/abbr> <abbr title=\"rerum\">rer.<\/abbr> nat. Philipp Marienhagen, H11\/Raum 116, Tel. 3778<\/p>\n<p><strong>Modulnummer:<\/strong> MB\u00a008514<br \/>\n<strong>Zeitraum:<\/strong> Wintertrimester<br \/>\n<strong>Pr\u00fcfung:<\/strong> Klausur 1,5h, 4 LP<\/p>\n<p><a href=\"https:\/\/www.hsu-hh.de\/thermodynamik\/thermodynamik-iii\">Vorlesungsinhalt<\/a><\/p>\n<h3>H\u00f6here W\u00e4rme- und Stoff\u00fcbertragung<\/h3>\n<p>Pflichtfach im Masterstudiengang Energie- und Umwelttechnik<\/p>\n<p><strong>Dozent:<\/strong> <abbr title=\"Professor\">Prof.<\/abbr> <abbr title=\"Doktor Ingenieurwissenschaften\">Dr.-Ing.<\/abbr>\u00a0Karsten Meier, H11\/Raum 126, Tel. 2735<br \/>\n<strong>Betreuer:<\/strong> M.Eng. Ruben Harten , H11\/Raum 131, Tel. 2161<\/p>\n<p><strong>Modulnummer:<\/strong> MB 08515, 4 LP<br \/>\n<strong>Zeitraum:<\/strong> Wintertrimester, 3 TWS, 8. Trimester, 2V \/ 1\u00dc<br \/>\n<strong>Pr\u00fcfung:<\/strong> Klausur 1,5 h, 4 LP<\/p>\n<p><a href=\"https:\/\/www.hsu-hh.de\/thermodynamik\/hoehere-waerme-und-stoffuebertragung\">Vorlesungsinhalt<\/a><\/p>\n<h3>H\u00f6here Thermodynamik (Langfach)<\/h3>\n<p><strong>Dozent\/Betreuer:<\/strong> <abbr title=\"Professor\">Prof.<\/abbr> <abbr title=\"Doktor Ingenieurwissenschaften\">Dr.-Ing.<\/abbr> Karsten Meier, H11\/Raum 126, Tel. 2735<\/p>\n<p><strong>Modulnummer:<\/strong> MB 09518, 8 LP<br \/>\n<strong>Zeitraum:<\/strong> Fr\u00fchjahrs- und Herbsttrimester<br \/>\n<strong>Pr\u00fcfung:<\/strong> M\u00fcndliche Pr\u00fcfung am Ende der Vorlesung \u201eStatistische Thermodynamik\u201c (1 h)<\/p>\n<h3>Phasen- und Reaktionsgleichgewichte<\/h3>\n<p><strong>Dozent:<\/strong> <abbr title=\"Professor\">Prof.<\/abbr> <abbr title=\"Doktor Ingenieurwissenschaften\">Dr.-Ing.<\/abbr> Karsten Meier, H11\/Raum 126, Tel. 2735<br \/>\n<strong>Betreuer:<\/strong> <abbr title=\"Master of Science\">M.Sc.<\/abbr> Tobias Dietl, H11\/Raum 115, Tel. 2376<\/p>\n<p>Als erster Teil der Langf\u00e4cher &#8222;H\u00f6here Thermodynamik&#8220; oder &#8222;Technische Verbrennung&#8220; oder als Kurzfach w\u00e4hlbar.<\/p>\n<p><strong>Modulnummer:<\/strong> MB 09519, 4 LP<br \/>\n<strong>Zeitraum:<\/strong> Fr\u00fchjahrstrimester<br \/>\n<strong>Pr\u00fcfung:<\/strong> M\u00fcndliche Pr\u00fcfung am Ende der Vorlesung \u201ePhasen- und Reaktionsgleichgewichte\u201c (1 h)<\/p>\n<p><a href=\"https:\/\/www.hsu-hh.de\/thermodynamik\/phasen-und-reaktionsgleichgewichte\">Vorlesungsinhalt<\/a><\/p>\n<h3>Statistische Thermodynamik<\/h3>\n<p><strong>Dozent:<\/strong> <abbr title=\"Professor\">Prof.<\/abbr> <abbr title=\"Doktor Ingenieurwissenschaften\">Dr.-Ing.<\/abbr> Karsten Meier, H11\/Raum 126, Tel. 2735<br \/>\n<strong>Betreuer:<\/strong> <abbr title=\"Doktor\">Dr.<\/abbr> <abbr title=\"rerum\">rer.<\/abbr> nat. Philipp Marienhagen, H11\/Raum 116, Tel. 3778<\/p>\n<p>Als zweiter Teil des Langfachs &#8222;H\u00f6here Thermodynamik&#8220; oder als Kurzfach w\u00e4hlbar.<\/p>\n<p><strong>Modulnummer:<\/strong> MB 10518<br \/>\n<strong>Zeitraum:<\/strong> Herbsttrimester<br \/>\n<strong>Pr\u00fcfung:<\/strong> M\u00fcndliche Pr\u00fcfung am Ende der Vorlesung \u201eStatistische Thermodynamik\u201c (1 h)<\/p>\n<p><a href=\"https:\/\/www.hsu-hh.de\/thermodynamik\/statistische-thermodynamik\">Vorlesungsinhalt<\/a><\/p>\n<h3>K\u00e4ltetechnik und W\u00e4rmepumpen<\/h3>\n<p><strong>Dozent:<\/strong> <abbr title=\"Doktor Ingenieurwissenschaften\">Dr.-Ing.<\/abbr> Sebastian Herrmann (Lehrbeauftragter von der Hochschule Zittau\/G\u00f6rlitz, Fakult\u00e4t Maschinenwesen, Thermodynamik)<\/p>\n<p><strong>Modulnummer:<\/strong>\u00a0MB 21517<br \/>\n<strong>Zeitraum:<\/strong>\u00a0Fr\u00fchjahrstrimester<br \/>\n<strong>Pr\u00fcfung:<\/strong>\u00a0M\u00fcndliche Pr\u00fcfung am Ende der Vorlesung<\/p>\n","protected":false},"excerpt":{"rendered":"<p>Thermodynamik III&#8220; class=&#8220;out Pflichtfach in den Masterstudieng\u00e4ngen Energie- und Umwelttechnik sowie Fahrzeugtechnik Dozent\/Betreuer: Dr. rer. nat. Philipp Marienhagen, H11\/Raum 116, Tel. 3778 Modulnummer: MB\u00a008514 Zeitraum: Wintertrimester Pr\u00fcfung: Klausur 1,5h, 4 [&hellip;]<\/p>\n","protected":false},"author":53,"featured_media":0,"parent":0,"menu_order":0,"comment_status":"closed","ping_status":"closed","template":"","meta":{"footnotes":""},"categories":[6],"tags":[],"class_list":["post-963","page","type-page","status-publish","hentry","category-studium"],"_links":{"self":[{"href":"https:\/\/www.hsu-hh.de\/thermodynamik\/wp-json\/wp\/v2\/pages\/963","targetHints":{"allow":["GET"]}}],"collection":[{"href":"https:\/\/www.hsu-hh.de\/thermodynamik\/wp-json\/wp\/v2\/pages"}],"about":[{"href":"https:\/\/www.hsu-hh.de\/thermodynamik\/wp-json\/wp\/v2\/types\/page"}],"author":[{"embeddable":true,"href":"https:\/\/www.hsu-hh.de\/thermodynamik\/wp-json\/wp\/v2\/users\/53"}],"replies":[{"embeddable":true,"href":"https:\/\/www.hsu-hh.de\/thermodynamik\/wp-json\/wp\/v2\/comments?post=963"}],"version-history":[{"count":38,"href":"https:\/\/www.hsu-hh.de\/thermodynamik\/wp-json\/wp\/v2\/pages\/963\/revisions"}],"predecessor-version":[{"id":5060,"href":"https:\/\/www.hsu-hh.de\/thermodynamik\/wp-json\/wp\/v2\/pages\/963\/revisions\/5060"}],"wp:attachment":[{"href":"https:\/\/www.hsu-hh.de\/thermodynamik\/wp-json\/wp\/v2\/media?parent=963"}],"wp:term":[{"taxonomy":"category","embeddable":true,"href":"https:\/\/www.hsu-hh.de\/thermodynamik\/wp-json\/wp\/v2\/categories?post=963"},{"taxonomy":"post_tag","embeddable":true,"href":"https:\/\/www.hsu-hh.de\/thermodynamik\/wp-json\/wp\/v2\/tags?post=963"}],"curies":[{"name":"wp","href":"https:\/\/api.w.org\/{rel}","templated":true}]}}