{"id":929,"date":"2017-09-15T07:09:21","date_gmt":"2017-09-15T05:09:21","guid":{"rendered":"https:\/\/www.hsu-hh.de\/thermodynamik\/?page_id=929"},"modified":"2021-03-22T12:42:36","modified_gmt":"2021-03-22T11:42:36","slug":"dissertationen-professor-baehr","status":"publish","type":"page","link":"https:\/\/www.hsu-hh.de\/thermodynamik\/dissertationen-professor-baehr","title":{"rendered":"Dissertationen Prof. H. D. Baehr"},"content":{"rendered":"<p><strong>Auslegung von Sorptionsw\u00e4rmepumpen<\/strong><br \/>\n<strong> Autor: J\u00fcrgen Zimmermann<\/strong><br \/>\nDissertation, Fachbereich Maschinenbau, Universit\u00e4t der Bundeswehr Hamburg, 1986.<\/p>\n<p><strong>Berechnung der freien Konvektion in Hohlr\u00e4umen mit quadratischem Querschnitt unter Ber\u00fccksichtigung temperaturabh\u00e4ngiger Stoffwerte<\/strong><br \/>\n<strong>Autor: Michael Thielemann<\/strong><br \/>\nDissertation, Fachbereich Maschinenbau, Universit\u00e4t der Bundeswehr Hamburg, 1985.<\/p>\n<p><strong>Thermodynamische Modellierung von Prozessen ein- und zweistufiger Sorptionsw\u00e4rmepumpen<br \/>\nAutor: Kurt Molt<br \/>\n<\/strong>Dissertation, Fachbereich Maschinenbau, Universit\u00e4t der Bundeswehr Hamburg, 1984.<\/p>\n","protected":false},"excerpt":{"rendered":"<p>Auslegung von Sorptionsw\u00e4rmepumpen Autor: J\u00fcrgen Zimmermann Dissertation, Fachbereich Maschinenbau, Universit\u00e4t der Bundeswehr Hamburg, 1986. Berechnung der freien Konvektion in Hohlr\u00e4umen mit quadratischem Querschnitt unter Ber\u00fccksichtigung temperaturabh\u00e4ngiger Stoffwerte Autor: Michael Thielemann [&hellip;]<\/p>\n","protected":false},"author":53,"featured_media":0,"parent":0,"menu_order":0,"comment_status":"closed","ping_status":"closed","template":"","meta":{"footnotes":""},"categories":[39],"tags":[],"class_list":["post-929","page","type-page","status-publish","hentry","category-publikationen"],"_links":{"self":[{"href":"https:\/\/www.hsu-hh.de\/thermodynamik\/wp-json\/wp\/v2\/pages\/929","targetHints":{"allow":["GET"]}}],"collection":[{"href":"https:\/\/www.hsu-hh.de\/thermodynamik\/wp-json\/wp\/v2\/pages"}],"about":[{"href":"https:\/\/www.hsu-hh.de\/thermodynamik\/wp-json\/wp\/v2\/types\/page"}],"author":[{"embeddable":true,"href":"https:\/\/www.hsu-hh.de\/thermodynamik\/wp-json\/wp\/v2\/users\/53"}],"replies":[{"embeddable":true,"href":"https:\/\/www.hsu-hh.de\/thermodynamik\/wp-json\/wp\/v2\/comments?post=929"}],"version-history":[{"count":8,"href":"https:\/\/www.hsu-hh.de\/thermodynamik\/wp-json\/wp\/v2\/pages\/929\/revisions"}],"predecessor-version":[{"id":3123,"href":"https:\/\/www.hsu-hh.de\/thermodynamik\/wp-json\/wp\/v2\/pages\/929\/revisions\/3123"}],"wp:attachment":[{"href":"https:\/\/www.hsu-hh.de\/thermodynamik\/wp-json\/wp\/v2\/media?parent=929"}],"wp:term":[{"taxonomy":"category","embeddable":true,"href":"https:\/\/www.hsu-hh.de\/thermodynamik\/wp-json\/wp\/v2\/categories?post=929"},{"taxonomy":"post_tag","embeddable":true,"href":"https:\/\/www.hsu-hh.de\/thermodynamik\/wp-json\/wp\/v2\/tags?post=929"}],"curies":[{"name":"wp","href":"https:\/\/api.w.org\/{rel}","templated":true}]}}