{"id":922,"date":"2017-09-15T07:04:33","date_gmt":"2017-09-15T05:04:33","guid":{"rendered":"https:\/\/www.hsu-hh.de\/thermodynamik\/?page_id=922"},"modified":"2021-03-22T12:42:16","modified_gmt":"2021-03-22T11:42:16","slug":"dissertationen-und-habilitationen-prof-kabelac","status":"publish","type":"page","link":"https:\/\/www.hsu-hh.de\/thermodynamik\/dissertationen-und-habilitationen-prof-kabelac","title":{"rendered":"Dissertationen\/Habilitationen Prof. S. Kabelac"},"content":{"rendered":"<p><a href=\"https:\/\/www.hsu-hh.de\/thermodynamik\/dissertationen-und-habilitationen-prof-kabelac\/dissertation-oehme\" rel=\"attachment wp-att-1031\">Modellierung und experimentelle Untersuchung der thermischen Abluftentfeuchtung multifunktionaler Brennstoffzellensysteme<\/a><br \/>\n<strong>Autor: Felix Frederik Oehme<\/strong><br \/>\nDissertation, Fakult\u00e4t f\u00fcr Maschinenbau, Helmut-Schmidt-Universit\u00e4t \/ Universit\u00e4t der Bundeswehr Hamburg, 2015.<\/p>\n<p><a href=\"https:\/\/www.hsu-hh.de\/thermodynamik\/dissertationen-und-habilitationen-prof-kabelac\/dissertation-m-freund\" rel=\"attachment wp-att-1020\">Holistic Analysis of Onboard Consumption and Efficiency of the Energy Systems of Ships<\/a><br \/>\n<strong>Autor: Malte Freund<\/strong><br \/>\nVerlag Dr. Hut, ISBN 978-3-8439-0815-3, 2012.<\/p>\n<p><a href=\"https:\/\/www.hsu-hh.de\/thermodynamik\/dissertationen-und-habilitationen-prof-kabelac\/dissertation-hashmi\" rel=\"attachment wp-att-1016\">Cooling Strategies for PEM FC Stacks Konzepte zur K\u00fchlung von PEM-Brennstoffzellen<\/a><br \/>\n<strong>Autor: Syed Mushahid Hussain Hashmi<\/strong><br \/>\nDissertation, Fakult\u00e4t f\u00fcr Maschinenbau, Helmut-Schmidt-Universit\u00e4t \/ Universit\u00e4t der Bundeswehr Hamburg, 2010.<\/p>\n<p><a href=\"https:\/\/www.hsu-hh.de\/thermodynamik\/dissertationen-und-habilitationen-prof-kabelac\/dissertation-s-freund\" rel=\"attachment wp-att-1021\">Local Heat Transfer Coefficients Measured with Temperature Oscillation IR Thermography<\/a><br \/>\n<strong>Autor: Sebastian Freund<\/strong><br \/>\nDissertation, Fakult\u00e4t f\u00fcr Maschinenbau, Helmut-Schmidt-Universit\u00e4t \/ Universit\u00e4t der Bundeswehr Hamburg, 2008.<\/p>\n<p><a href=\"https:\/\/www.hsu-hh.de\/thermodynamik\/dissertationen-und-habilitationen-prof-kabelac\/dissertation-siemer\" rel=\"attachment wp-att-1022\">Lokale Entropieproduktionsraten in der Polymerelektrolyt-Membran-Brennstoffzelle<\/a><br \/>\n<strong>Autor: Marc Siemer<\/strong><br \/>\nDissertation, Fakult\u00e4t f\u00fcr Maschinenbau, Helmut-Schmidt-Universit\u00e4t \/ Universit\u00e4t der Bundeswehr Hamburg, 2008.<\/p>\n<p><a href=\"https:\/\/www.hsu-hh.de\/thermodynamik\/dissertationen-und-habilitationen-prof-kabelac\/dissertation-gengenbach\" rel=\"attachment wp-att-1015\">REM-Berechnung und Messung des Emissionsgrades mikrostrukturierter Oberfl\u00e4chen<\/a><br \/>\n<strong>Autor: Jens Gengenbach<\/strong><br \/>\nIn: Dissertation, Fakult\u00e4t f\u00fcr Maschinenbau, Helmut-Schmidt-Universit\u00e4t \/ Universit\u00e4t der Bundeswehr Hamburg, 2007.<\/p>\n<p><a href=\"https:\/\/www.hsu-hh.de\/thermodynamik\/buecher-buchbetraege-und-monographien\/habilitationsschrift-meier\" rel=\"attachment wp-att-881\">The pulse-echo methode for high-precision measurements of the speed of sound in fluids<\/a><br \/>\n<strong>Autor: Karsten Meier<\/strong><br \/>\nHabilitationsschrift, Fakult\u00e4t f\u00fcr Maschinenbau, Helmut-Schmidt-Universit\u00e4t \/ Universit\u00e4t der Bundeswehr Hamburg, 2006.<\/p>\n<p><a href=\"https:\/\/www.hsu-hh.de\/thermodynamik\/dissertationen-und-habilitationen-prof-kabelac\/dissertation-holzknecht\" rel=\"attachment wp-att-1017\">Berechnungen zu fluiden Phasengrenzen mit Ans\u00e4tzen f\u00fcr die freie Energie im Vergleich mit molekulardynamischen Simulationen<\/a><br \/>\n<strong>Autor: Christopher Holzknecht<\/strong><br \/>\nShaker Verlag, Aachen, ISBN 3-8322-5570-2, 2006.<\/p>\n<p><a href=\"https:\/\/www.hsu-hh.de\/thermodynamik\/dissertationen-und-habilitationen-prof-kabelac\/dissertation-koirala-2\" rel=\"attachment wp-att-1019\">FTIR-Spectroscopic Measurement of Directional Spectral Emissivities of Microstructured Surfaces<\/a> (in englischer Sprache)<br \/>\n<strong>Autor: Lila Raj Koirala<\/strong><br \/>\nDissertation, Fakult\u00e4t f\u00fcr Maschinenbau, Helmut-Schmidt-Universit\u00e4t \/ Universit\u00e4t der Bundeswehr Hamburg, 2004.<\/p>\n<p><a href=\"https:\/\/www.hsu-hh.de\/thermodynamik\/buecher-buchbetraege-und-monographien\/dissertation-meier\" rel=\"attachment wp-att-681\">Computer simulation and interpretation of the transport coefficients of the Lennard-Jones model fluid<\/a><br \/>\n<strong>Autor: Karsten Meier<\/strong><br \/>\nShaker Verlag, Aachen, ISBN 3-8322-0968-922, 2002.<\/p>\n<p>&nbsp;<\/p>\n<p>&nbsp;<\/p>\n","protected":false},"excerpt":{"rendered":"<p>Modellierung und experimentelle Untersuchung der thermischen Abluftentfeuchtung multifunktionaler Brennstoffzellensysteme Autor: Felix Frederik Oehme Dissertation, Fakult\u00e4t f\u00fcr Maschinenbau, Helmut-Schmidt-Universit\u00e4t \/ Universit\u00e4t der Bundeswehr Hamburg, 2015. Holistic Analysis of Onboard Consumption and [&hellip;]<\/p>\n","protected":false},"author":53,"featured_media":0,"parent":0,"menu_order":0,"comment_status":"closed","ping_status":"closed","template":"","meta":{"footnotes":""},"categories":[39],"tags":[],"class_list":["post-922","page","type-page","status-publish","hentry","category-publikationen"],"_links":{"self":[{"href":"https:\/\/www.hsu-hh.de\/thermodynamik\/wp-json\/wp\/v2\/pages\/922","targetHints":{"allow":["GET"]}}],"collection":[{"href":"https:\/\/www.hsu-hh.de\/thermodynamik\/wp-json\/wp\/v2\/pages"}],"about":[{"href":"https:\/\/www.hsu-hh.de\/thermodynamik\/wp-json\/wp\/v2\/types\/page"}],"author":[{"embeddable":true,"href":"https:\/\/www.hsu-hh.de\/thermodynamik\/wp-json\/wp\/v2\/users\/53"}],"replies":[{"embeddable":true,"href":"https:\/\/www.hsu-hh.de\/thermodynamik\/wp-json\/wp\/v2\/comments?post=922"}],"version-history":[{"count":92,"href":"https:\/\/www.hsu-hh.de\/thermodynamik\/wp-json\/wp\/v2\/pages\/922\/revisions"}],"predecessor-version":[{"id":3598,"href":"https:\/\/www.hsu-hh.de\/thermodynamik\/wp-json\/wp\/v2\/pages\/922\/revisions\/3598"}],"wp:attachment":[{"href":"https:\/\/www.hsu-hh.de\/thermodynamik\/wp-json\/wp\/v2\/media?parent=922"}],"wp:term":[{"taxonomy":"category","embeddable":true,"href":"https:\/\/www.hsu-hh.de\/thermodynamik\/wp-json\/wp\/v2\/categories?post=922"},{"taxonomy":"post_tag","embeddable":true,"href":"https:\/\/www.hsu-hh.de\/thermodynamik\/wp-json\/wp\/v2\/tags?post=922"}],"curies":[{"name":"wp","href":"https:\/\/api.w.org\/{rel}","templated":true}]}}