{"id":73,"date":"2017-07-03T15:52:08","date_gmt":"2017-07-03T13:52:08","guid":{"rendered":"https:\/\/www.hsu-hh.de\/vorlage\/?page_id=73"},"modified":"2021-06-03T10:20:06","modified_gmt":"2021-06-03T08:20:06","slug":"startseite","status":"publish","type":"page","link":"https:\/\/www.hsu-hh.de\/thermodynamik\/","title":{"rendered":"Willkommen in der Professur f\u00fcr Thermodynamik"},"content":{"rendered":"<div class=\"clearfix\">\n<p>Die Professur f\u00fcr Thermodynamik vertritt die Thermodynamik und W\u00e4rme\u00fcbertragung im Bachelor- und Masterstudium. Im Masterstudium werden unter anderem Vorlesungen zu Phasen- und Reaktionsgleichgewichten und zur statistischen Thermodynamik sowie Vertiefungslabore zur Schallgeschwindigkeits- und Phasengleichgewichtsmessung angeboten.<\/p>\n<p>In der Forschung besch\u00e4ftigt sich die Professur mit der hochgenauen experimentellen Bestimmung und ab initio-Modellierung thermophysikalischer Eigenschaften von Fluiden. Das Wechselspiel von Experiment und Theorie ist dabei ein Grundpfeiler der Forschungst\u00e4tigkeiten.<\/p>\n<p>Zur Laborausstattung geh\u00f6ren unter anderem eine Apparatur f\u00fcr Pr\u00e4zisionsmessungen der Schallgeschwindigkeit in Fluiden unter hohem Druck, ein automatisierter Biegeschwinger zur Bestimmung von Fl\u00fcssigkeitsdichten, ein Schwingdrahtviskosimeter f\u00fcr Gase mit integrierter Dichtemessanlage, ein Schwingquarzviskosimeter f\u00fcr Fl\u00fcssigkeiten, ein Kapillarviskosimeter f\u00fcr Fl\u00fcssigkeiten sowie mehrere leistungsstarke Rechenserver f\u00fcr die ab initio-Modellierung.<\/p>\n<p style=\"text-align: center\"><a href=\"https:\/\/www.hsu-hh.de\/thermodynamik\/so-finden-sie-uns\/lageplan-grossraum\" rel=\"attachment wp-att-1467\">Lageplan Gro\u00dfraum<\/a> \u2666 <a href=\"https:\/\/www.hsu-hh.de\/thermodynamik\/so-finden-sie-uns\/lageplan\" rel=\"attachment wp-att-1449\">Lageplan<\/a> \u2666 <a href=\"https:\/\/www.hsu-hh.de\/thermodynamik\/so-finden-sie-uns\/wegbeschreibung\" rel=\"attachment wp-att-1598\">Wegbeschreibung<\/a><\/p>\n<\/div>\n","protected":false},"excerpt":{"rendered":"<p>Die Professur f\u00fcr Thermodynamik vertritt die Thermodynamik und W\u00e4rme\u00fcbertragung im Bachelor- und Masterstudium. Im Masterstudium werden unter anderem Vorlesungen zu Phasen- und Reaktionsgleichgewichten und zur statistischen Thermodynamik sowie Vertiefungslabore zur [&hellip;]<\/p>\n","protected":false},"author":1,"featured_media":0,"parent":0,"menu_order":0,"comment_status":"closed","ping_status":"closed","template":"","meta":{"footnotes":""},"categories":[35],"tags":[],"class_list":["post-73","page","type-page","status-publish","hentry","category-startseite"],"_links":{"self":[{"href":"https:\/\/www.hsu-hh.de\/thermodynamik\/wp-json\/wp\/v2\/pages\/73","targetHints":{"allow":["GET"]}}],"collection":[{"href":"https:\/\/www.hsu-hh.de\/thermodynamik\/wp-json\/wp\/v2\/pages"}],"about":[{"href":"https:\/\/www.hsu-hh.de\/thermodynamik\/wp-json\/wp\/v2\/types\/page"}],"author":[{"embeddable":true,"href":"https:\/\/www.hsu-hh.de\/thermodynamik\/wp-json\/wp\/v2\/users\/1"}],"replies":[{"embeddable":true,"href":"https:\/\/www.hsu-hh.de\/thermodynamik\/wp-json\/wp\/v2\/comments?post=73"}],"version-history":[{"count":55,"href":"https:\/\/www.hsu-hh.de\/thermodynamik\/wp-json\/wp\/v2\/pages\/73\/revisions"}],"predecessor-version":[{"id":3515,"href":"https:\/\/www.hsu-hh.de\/thermodynamik\/wp-json\/wp\/v2\/pages\/73\/revisions\/3515"}],"wp:attachment":[{"href":"https:\/\/www.hsu-hh.de\/thermodynamik\/wp-json\/wp\/v2\/media?parent=73"}],"wp:term":[{"taxonomy":"category","embeddable":true,"href":"https:\/\/www.hsu-hh.de\/thermodynamik\/wp-json\/wp\/v2\/categories?post=73"},{"taxonomy":"post_tag","embeddable":true,"href":"https:\/\/www.hsu-hh.de\/thermodynamik\/wp-json\/wp\/v2\/tags?post=73"}],"curies":[{"name":"wp","href":"https:\/\/api.w.org\/{rel}","templated":true}]}}